{"id":265,"date":"2020-03-03T10:58:25","date_gmt":"2020-03-03T10:58:25","guid":{"rendered":"https:\/\/merzougafantastic.com\/wp\/?page_id=265"},"modified":"2020-04-23T19:02:38","modified_gmt":"2020-04-23T19:02:38","slug":"excursion-a-essaouira","status":"publish","type":"page","link":"https:\/\/merzougafantastic.com\/es\/excursion-a-essaouira\/","title":{"rendered":"Excursi\u00f3n a Essaouira"},"content":{"rendered":"<p>La perla del Atl\u00e1ntico &#8220;Essaouira&#8221;, donde la pesca es el principal trabajo para la gente de all\u00ed y donde la simpat\u00eda es su principal virtud.<\/p>\n<p>Recogida en el hotel o lugar indicado a las 8.30 \/ 9.00.<\/p>\n<p>En este viaje, primero visitar\u00e1 la ciudad pesquera &#8220;Essaouira&#8221; y conocer\u00e1 c\u00f3mo vive la gente en ella, fue declarada Patrimonio de la Humanidad por la UNESCO en 2001 junto con la Kasbah y la Mellah (barrio jud\u00edo), formando parte de la antigua ciudad amurallada<\/p>\n<p>En la ciudad, encontrar\u00e1s vistas asc\u00e9ticas, caminando por calles estrechas y podr\u00e1s ver las casas, la mayor\u00eda de ellas con puertas azules, caf\u00e9s incre\u00edbles, tiendas para casi todo, especialmente artesan\u00edas.<\/p>\n<p>La plaza Orson Welles, es tambi\u00e9n un bonito lugar dentro de la medina, donde &#8220;Otelo&#8221; fue filmado aqu\u00ed en la ciudad.<\/p>\n<p>Cuando est\u00e9s en esta ciudad, nunca te pierdas de probar su sabroso pescado y puedes probar casi todo tipo de mariscos, recuerda elegirlos frescos.<\/p>\n<p>Al volver de la gira, ya no se preguntar\u00e1 por qu\u00e9 Essaouira se ha enamorado de personajes como Orson Welles o Jimi Hendrix.<\/p>\n<p><strong>Lo que se incluye<\/strong><\/p>\n<ul>\n<li>Recoja en su alojamiento.<\/li>\n<li>Transporte privado : 4\u00d74 , Mini bus , bus, \/ veh\u00edculos con aire acondicionado<\/li>\n<li>Conductor\/Gu\u00eda (Multiling\u00fce)<\/li>\n<li>Combustible de coche<\/li>\n<\/ul>\n<p><strong>Lo que no est\u00e1 incluido:<\/strong><\/p>\n<ul>\n<li>Entrada a los monumentos<\/li>\n<li>Bebidas<\/li>\n<li>Almuerzos<\/li>\n<li>Gastos personales<\/li>\n<\/ul>\n","protected":false},"excerpt":{"rendered":"<p>La perla del Atl\u00e1ntico &#8220;Essaouira&#8221;, donde la pesca es el principal trabajo para la gente de all\u00ed y donde la simpat\u00eda es su principal virtud. Recogida<span class=\"excerpt-hellip\"> [\u2026]<\/span><\/p>\n","protected":false},"author":1,"featured_media":0,"parent":0,"menu_order":0,"comment_status":"closed","ping_status":"closed","template":"","meta":{"ngg_post_thumbnail":0},"yoast_head":"<!-- This site is optimized with the Yoast SEO plugin v17.3 - https:\/\/yoast.com\/wordpress\/plugins\/seo\/ -->\n<title>Excursi\u00f3n a Essaouira - Merzouga Fantastic<\/title>\n<meta name=\"robots\" content=\"index, follow, max-snippet:-1, max-image-preview:large, max-video-preview:-1\" \/>\n<link rel=\"canonical\" href=\"https:\/\/merzougafantastic.com\/es\/excursion-a-essaouira\/\" \/>\n<meta property=\"og:locale\" content=\"en_US\" \/>\n<meta property=\"og:type\" content=\"article\" \/>\n<meta property=\"og:title\" content=\"Excursi\u00f3n a Essaouira - Merzouga Fantastic\" \/>\n<meta property=\"og:description\" content=\"La perla del Atl\u00e1ntico &#8220;Essaouira&#8221;, donde la pesca es el principal trabajo para la gente de all\u00ed y donde la simpat\u00eda es su principal virtud. Recogida [\u2026]\" \/>\n<meta property=\"og:url\" content=\"https:\/\/merzougafantastic.com\/es\/excursion-a-essaouira\/\" \/>\n<meta property=\"og:site_name\" content=\"Merzouga Fantastic\" \/>\n<meta property=\"article:modified_time\" content=\"2020-04-23T19:02:38+00:00\" \/>\n<meta name=\"twitter:card\" content=\"summary_large_image\" \/>\n<meta name=\"twitter:label1\" content=\"Est. reading time\" \/>\n\t<meta name=\"twitter:data1\" content=\"1 minute\" \/>\n<script type=\"application\/ld+json\" class=\"yoast-schema-graph\">{\"@context\":\"https:\/\/schema.org\",\"@graph\":[{\"@type\":\"WebSite\",\"@id\":\"https:\/\/merzougafantastic.com\/es\/#website\",\"url\":\"https:\/\/merzougafantastic.com\/es\/\",\"name\":\"Merzouga Fantastic\",\"description\":\"Morocco Private Desert Tours\",\"potentialAction\":[{\"@type\":\"SearchAction\",\"target\":{\"@type\":\"EntryPoint\",\"urlTemplate\":\"https:\/\/merzougafantastic.com\/es\/?s={search_term_string}\"},\"query-input\":\"required name=search_term_string\"}],\"inLanguage\":\"en-US\"},{\"@type\":\"WebPage\",\"@id\":\"https:\/\/merzougafantastic.com\/es\/excursion-a-essaouira\/#webpage\",\"url\":\"https:\/\/merzougafantastic.com\/es\/excursion-a-essaouira\/\",\"name\":\"Excursi\\u00f3n a Essaouira - Merzouga Fantastic\",\"isPartOf\":{\"@id\":\"https:\/\/merzougafantastic.com\/es\/#website\"},\"datePublished\":\"2020-03-03T10:58:25+00:00\",\"dateModified\":\"2020-04-23T19:02:38+00:00\",\"breadcrumb\":{\"@id\":\"https:\/\/merzougafantastic.com\/es\/excursion-a-essaouira\/#breadcrumb\"},\"inLanguage\":\"en-US\",\"potentialAction\":[{\"@type\":\"ReadAction\",\"target\":[\"https:\/\/merzougafantastic.com\/es\/excursion-a-essaouira\/\"]}]},{\"@type\":\"BreadcrumbList\",\"@id\":\"https:\/\/merzougafantastic.com\/es\/excursion-a-essaouira\/#breadcrumb\",\"itemListElement\":[{\"@type\":\"ListItem\",\"position\":1,\"name\":\"Home\",\"item\":\"https:\/\/merzougafantastic.com\/es\/\"},{\"@type\":\"ListItem\",\"position\":2,\"name\":\"Excursi\\u00f3n a Essaouira\"}]}]}<\/script>\n<!-- \/ Yoast SEO plugin. -->","yoast_head_json":{"title":"Excursi\u00f3n a Essaouira - Merzouga Fantastic","robots":{"index":"index","follow":"follow","max-snippet":"max-snippet:-1","max-image-preview":"max-image-preview:large","max-video-preview":"max-video-preview:-1"},"canonical":"https:\/\/merzougafantastic.com\/es\/excursion-a-essaouira\/","og_locale":"en_US","og_type":"article","og_title":"Excursi\u00f3n a Essaouira - Merzouga Fantastic","og_description":"La perla del Atl\u00e1ntico &#8220;Essaouira&#8221;, donde la pesca es el principal trabajo para la gente de all\u00ed y donde la simpat\u00eda es su principal virtud. Recogida [\u2026]","og_url":"https:\/\/merzougafantastic.com\/es\/excursion-a-essaouira\/","og_site_name":"Merzouga Fantastic","article_modified_time":"2020-04-23T19:02:38+00:00","twitter_card":"summary_large_image","twitter_misc":{"Est. reading time":"1 minute"},"schema":{"@context":"https:\/\/schema.org","@graph":[{"@type":"WebSite","@id":"https:\/\/merzougafantastic.com\/es\/#website","url":"https:\/\/merzougafantastic.com\/es\/","name":"Merzouga Fantastic","description":"Morocco Private Desert Tours","potentialAction":[{"@type":"SearchAction","target":{"@type":"EntryPoint","urlTemplate":"https:\/\/merzougafantastic.com\/es\/?s={search_term_string}"},"query-input":"required name=search_term_string"}],"inLanguage":"en-US"},{"@type":"WebPage","@id":"https:\/\/merzougafantastic.com\/es\/excursion-a-essaouira\/#webpage","url":"https:\/\/merzougafantastic.com\/es\/excursion-a-essaouira\/","name":"Excursi\u00f3n a Essaouira - Merzouga Fantastic","isPartOf":{"@id":"https:\/\/merzougafantastic.com\/es\/#website"},"datePublished":"2020-03-03T10:58:25+00:00","dateModified":"2020-04-23T19:02:38+00:00","breadcrumb":{"@id":"https:\/\/merzougafantastic.com\/es\/excursion-a-essaouira\/#breadcrumb"},"inLanguage":"en-US","potentialAction":[{"@type":"ReadAction","target":["https:\/\/merzougafantastic.com\/es\/excursion-a-essaouira\/"]}]},{"@type":"BreadcrumbList","@id":"https:\/\/merzougafantastic.com\/es\/excursion-a-essaouira\/#breadcrumb","itemListElement":[{"@type":"ListItem","position":1,"name":"Home","item":"https:\/\/merzougafantastic.com\/es\/"},{"@type":"ListItem","position":2,"name":"Excursi\u00f3n a Essaouira"}]}]}},"_links":{"self":[{"href":"https:\/\/merzougafantastic.com\/es\/wp-json\/wp\/v2\/pages\/265"}],"collection":[{"href":"https:\/\/merzougafantastic.com\/es\/wp-json\/wp\/v2\/pages"}],"about":[{"href":"https:\/\/merzougafantastic.com\/es\/wp-json\/wp\/v2\/types\/page"}],"author":[{"embeddable":true,"href":"https:\/\/merzougafantastic.com\/es\/wp-json\/wp\/v2\/users\/1"}],"replies":[{"embeddable":true,"href":"https:\/\/merzougafantastic.com\/es\/wp-json\/wp\/v2\/comments?post=265"}],"version-history":[{"count":4,"href":"https:\/\/merzougafantastic.com\/es\/wp-json\/wp\/v2\/pages\/265\/revisions"}],"predecessor-version":[{"id":519,"href":"https:\/\/merzougafantastic.com\/es\/wp-json\/wp\/v2\/pages\/265\/revisions\/519"}],"wp:attachment":[{"href":"https:\/\/merzougafantastic.com\/es\/wp-json\/wp\/v2\/media?parent=265"}],"curies":[{"name":"wp","href":"https:\/\/api.w.org\/{rel}","templated":true}]}}