{"id":263,"date":"2020-03-03T10:58:02","date_gmt":"2020-03-03T10:58:02","guid":{"rendered":"https:\/\/merzougafantastic.com\/wp\/?page_id=263"},"modified":"2020-04-23T19:02:28","modified_gmt":"2020-04-23T19:02:28","slug":"excursion-a-la-kasbah-ait-benhaddou-y-telouet","status":"publish","type":"page","link":"https:\/\/merzougafantastic.com\/es\/excursion-a-la-kasbah-ait-benhaddou-y-telouet\/","title":{"rendered":"Excursi\u00f3n a la Kasbah Ait Benhaddou y Telouet"},"content":{"rendered":"<p>La Kasbah es la m\u00e1s antigua y m\u00e1s grande de los Ksars de Marruecos, donde puedes encontrar muchas casas bonitas, una plaza p\u00fablica llena de jardines, una mezquita y una escuela cor\u00e1nica.<\/p>\n<p>Recogida en el hotel o lugar indicado a las 8.30 \/ 9.00.<\/p>\n<p>A trav\u00e9s de las monta\u00f1as del alto Atlas, mientras que usted est\u00e1 cruzando por un camino sinuoso, se encontrar\u00e1 con el pueblo de Ait Ben Haddou y su pintoresca Kasbah (declarada Patrimonio de la Humanidad por la UNESCO en 1987), y esta ciudadela fue el hogar de muchas pel\u00edculas famosas como: (Gladiador, Sahara, Indiana Jones, Babel)<\/p>\n<p>El viaje contin\u00faa hasta llegar al \u00fanico e impresionante Telout, es una obra de arte, 300 trabajadores construyeron este castillo durante 3 a\u00f1os, las vistas all\u00ed son ex\u00f3ticas y no te aburrir\u00e1s.<\/p>\n<p>En un principio bereber, podr\u00e1 disfrutar de una deliciosa comida antes de volver a Marrakech, cruzando el puerto de Tizi en Tichka (2.260 m de altitud). Una carretera especialmente sinuosa que ofrece un panorama espectacular con multitud de colores hace la ascensi\u00f3n del puerto.<\/p>\n<p><strong>Lo que incluye<\/strong><\/p>\n<ul>\n<li>Recoja en su alojamiento.<\/li>\n<li>Transporte privado : 4\u00d74 , Mini bus , bus, \/ veh\u00edculos con aire acondicionado<\/li>\n<li>Conductor\/Gu\u00eda (Multiling\u00fce)<\/li>\n<li>Combustible de coche<\/li>\n<\/ul>\n<p><strong>Lo que no est\u00e1 incluido:<\/strong><\/p>\n<ul>\n<li>Entrada a los monumentos<\/li>\n<li>Bebidas<\/li>\n<li>Almuerzos<\/li>\n<li>Gastos personales<\/li>\n<\/ul>\n","protected":false},"excerpt":{"rendered":"<p>La Kasbah es la m\u00e1s antigua y m\u00e1s grande de los Ksars de Marruecos, donde puedes encontrar muchas casas bonitas, una plaza p\u00fablica llena de jardines,<span class=\"excerpt-hellip\"> [\u2026]<\/span><\/p>\n","protected":false},"author":1,"featured_media":0,"parent":0,"menu_order":0,"comment_status":"closed","ping_status":"closed","template":"","meta":{"ngg_post_thumbnail":0},"yoast_head":"<!-- This site is optimized with the Yoast SEO plugin v17.3 - https:\/\/yoast.com\/wordpress\/plugins\/seo\/ -->\n<title>Excursi\u00f3n a la Kasbah Ait Benhaddou y Telouet - Merzouga Fantastic<\/title>\n<meta name=\"robots\" content=\"index, follow, max-snippet:-1, max-image-preview:large, max-video-preview:-1\" \/>\n<link rel=\"canonical\" href=\"https:\/\/merzougafantastic.com\/es\/excursion-a-la-kasbah-ait-benhaddou-y-telouet\/\" \/>\n<meta property=\"og:locale\" content=\"en_US\" \/>\n<meta property=\"og:type\" content=\"article\" \/>\n<meta property=\"og:title\" content=\"Excursi\u00f3n a la Kasbah Ait Benhaddou y Telouet - Merzouga Fantastic\" \/>\n<meta property=\"og:description\" content=\"La Kasbah es la m\u00e1s antigua y m\u00e1s grande de los Ksars de Marruecos, donde puedes encontrar muchas casas bonitas, una plaza p\u00fablica llena de jardines, [\u2026]\" \/>\n<meta property=\"og:url\" content=\"https:\/\/merzougafantastic.com\/es\/excursion-a-la-kasbah-ait-benhaddou-y-telouet\/\" \/>\n<meta property=\"og:site_name\" content=\"Merzouga Fantastic\" \/>\n<meta property=\"article:modified_time\" content=\"2020-04-23T19:02:28+00:00\" \/>\n<meta name=\"twitter:card\" content=\"summary_large_image\" \/>\n<meta name=\"twitter:label1\" content=\"Est. reading time\" \/>\n\t<meta name=\"twitter:data1\" content=\"1 minute\" \/>\n<script type=\"application\/ld+json\" class=\"yoast-schema-graph\">{\"@context\":\"https:\/\/schema.org\",\"@graph\":[{\"@type\":\"WebSite\",\"@id\":\"https:\/\/merzougafantastic.com\/es\/#website\",\"url\":\"https:\/\/merzougafantastic.com\/es\/\",\"name\":\"Merzouga Fantastic\",\"description\":\"Morocco Private Desert Tours\",\"potentialAction\":[{\"@type\":\"SearchAction\",\"target\":{\"@type\":\"EntryPoint\",\"urlTemplate\":\"https:\/\/merzougafantastic.com\/es\/?s={search_term_string}\"},\"query-input\":\"required name=search_term_string\"}],\"inLanguage\":\"en-US\"},{\"@type\":\"WebPage\",\"@id\":\"https:\/\/merzougafantastic.com\/es\/excursion-a-la-kasbah-ait-benhaddou-y-telouet\/#webpage\",\"url\":\"https:\/\/merzougafantastic.com\/es\/excursion-a-la-kasbah-ait-benhaddou-y-telouet\/\",\"name\":\"Excursi\\u00f3n a la Kasbah Ait Benhaddou y Telouet - Merzouga Fantastic\",\"isPartOf\":{\"@id\":\"https:\/\/merzougafantastic.com\/es\/#website\"},\"datePublished\":\"2020-03-03T10:58:02+00:00\",\"dateModified\":\"2020-04-23T19:02:28+00:00\",\"breadcrumb\":{\"@id\":\"https:\/\/merzougafantastic.com\/es\/excursion-a-la-kasbah-ait-benhaddou-y-telouet\/#breadcrumb\"},\"inLanguage\":\"en-US\",\"potentialAction\":[{\"@type\":\"ReadAction\",\"target\":[\"https:\/\/merzougafantastic.com\/es\/excursion-a-la-kasbah-ait-benhaddou-y-telouet\/\"]}]},{\"@type\":\"BreadcrumbList\",\"@id\":\"https:\/\/merzougafantastic.com\/es\/excursion-a-la-kasbah-ait-benhaddou-y-telouet\/#breadcrumb\",\"itemListElement\":[{\"@type\":\"ListItem\",\"position\":1,\"name\":\"Home\",\"item\":\"https:\/\/merzougafantastic.com\/es\/\"},{\"@type\":\"ListItem\",\"position\":2,\"name\":\"Excursi\\u00f3n a la Kasbah Ait Benhaddou y Telouet\"}]}]}<\/script>\n<!-- \/ Yoast SEO plugin. -->","yoast_head_json":{"title":"Excursi\u00f3n a la Kasbah Ait Benhaddou y Telouet - Merzouga Fantastic","robots":{"index":"index","follow":"follow","max-snippet":"max-snippet:-1","max-image-preview":"max-image-preview:large","max-video-preview":"max-video-preview:-1"},"canonical":"https:\/\/merzougafantastic.com\/es\/excursion-a-la-kasbah-ait-benhaddou-y-telouet\/","og_locale":"en_US","og_type":"article","og_title":"Excursi\u00f3n a la Kasbah Ait Benhaddou y Telouet - Merzouga Fantastic","og_description":"La Kasbah es la m\u00e1s antigua y m\u00e1s grande de los Ksars de Marruecos, donde puedes encontrar muchas casas bonitas, una plaza p\u00fablica llena de jardines, [\u2026]","og_url":"https:\/\/merzougafantastic.com\/es\/excursion-a-la-kasbah-ait-benhaddou-y-telouet\/","og_site_name":"Merzouga Fantastic","article_modified_time":"2020-04-23T19:02:28+00:00","twitter_card":"summary_large_image","twitter_misc":{"Est. reading time":"1 minute"},"schema":{"@context":"https:\/\/schema.org","@graph":[{"@type":"WebSite","@id":"https:\/\/merzougafantastic.com\/es\/#website","url":"https:\/\/merzougafantastic.com\/es\/","name":"Merzouga Fantastic","description":"Morocco Private Desert Tours","potentialAction":[{"@type":"SearchAction","target":{"@type":"EntryPoint","urlTemplate":"https:\/\/merzougafantastic.com\/es\/?s={search_term_string}"},"query-input":"required name=search_term_string"}],"inLanguage":"en-US"},{"@type":"WebPage","@id":"https:\/\/merzougafantastic.com\/es\/excursion-a-la-kasbah-ait-benhaddou-y-telouet\/#webpage","url":"https:\/\/merzougafantastic.com\/es\/excursion-a-la-kasbah-ait-benhaddou-y-telouet\/","name":"Excursi\u00f3n a la Kasbah Ait Benhaddou y Telouet - Merzouga Fantastic","isPartOf":{"@id":"https:\/\/merzougafantastic.com\/es\/#website"},"datePublished":"2020-03-03T10:58:02+00:00","dateModified":"2020-04-23T19:02:28+00:00","breadcrumb":{"@id":"https:\/\/merzougafantastic.com\/es\/excursion-a-la-kasbah-ait-benhaddou-y-telouet\/#breadcrumb"},"inLanguage":"en-US","potentialAction":[{"@type":"ReadAction","target":["https:\/\/merzougafantastic.com\/es\/excursion-a-la-kasbah-ait-benhaddou-y-telouet\/"]}]},{"@type":"BreadcrumbList","@id":"https:\/\/merzougafantastic.com\/es\/excursion-a-la-kasbah-ait-benhaddou-y-telouet\/#breadcrumb","itemListElement":[{"@type":"ListItem","position":1,"name":"Home","item":"https:\/\/merzougafantastic.com\/es\/"},{"@type":"ListItem","position":2,"name":"Excursi\u00f3n a la Kasbah Ait Benhaddou y Telouet"}]}]}},"_links":{"self":[{"href":"https:\/\/merzougafantastic.com\/es\/wp-json\/wp\/v2\/pages\/263"}],"collection":[{"href":"https:\/\/merzougafantastic.com\/es\/wp-json\/wp\/v2\/pages"}],"about":[{"href":"https:\/\/merzougafantastic.com\/es\/wp-json\/wp\/v2\/types\/page"}],"author":[{"embeddable":true,"href":"https:\/\/merzougafantastic.com\/es\/wp-json\/wp\/v2\/users\/1"}],"replies":[{"embeddable":true,"href":"https:\/\/merzougafantastic.com\/es\/wp-json\/wp\/v2\/comments?post=263"}],"version-history":[{"count":5,"href":"https:\/\/merzougafantastic.com\/es\/wp-json\/wp\/v2\/pages\/263\/revisions"}],"predecessor-version":[{"id":518,"href":"https:\/\/merzougafantastic.com\/es\/wp-json\/wp\/v2\/pages\/263\/revisions\/518"}],"wp:attachment":[{"href":"https:\/\/merzougafantastic.com\/es\/wp-json\/wp\/v2\/media?parent=263"}],"curies":[{"name":"wp","href":"https:\/\/api.w.org\/{rel}","templated":true}]}}