{"id":260,"date":"2020-03-03T10:57:34","date_gmt":"2020-03-03T10:57:34","guid":{"rendered":"https:\/\/merzougafantastic.com\/wp\/?page_id=260"},"modified":"2020-04-23T19:02:12","modified_gmt":"2020-04-23T19:02:12","slug":"excursion-al-valle-de-ourika-2","status":"publish","type":"page","link":"https:\/\/merzougafantastic.com\/es\/excursion-al-valle-de-ourika-2\/","title":{"rendered":"Excursi\u00f3n al Valle de Ourika"},"content":{"rendered":"<p>El valle de Ourika es un valle adorable que cuelga de las monta\u00f1as.<\/p>\n<p>Recogida en el hotel o lugar indicado a las 8.30 \/ 9.00 am<\/p>\n<p>A 30 km de Marrakech, tiene muchos pueblos, que est\u00e1n en pie, entre las monta\u00f1as.<\/p>\n<p>All\u00ed se puede disfrutar del sabor del t\u00e9 bereber con hierbas de los jardines, y se pueden encontrar algunas plantas medicinales.<\/p>\n<p>A trav\u00e9s de las monta\u00f1as del Atlas, puedes descubrir el modo de vida de los habitantes, en uno de los restaurantes tradicionales puedes disfrutar de una comida y pasar un rato para visitar las cascadas de Ourika, los lunes o jueves puedes encontrar uno de los mercados o (zocos) m\u00e1s populares, el lunes el Ourika y el jueves el Aghbalou y los martes y s\u00e1bados tambi\u00e9n puedes visitar los mercados de Asni o Tahanaout.<\/p>\n<p><strong>\u00bfQu\u00e9 incluye?<\/strong><\/p>\n<ul>\n<li>Recoja en su alojamiento.<\/li>\n<li>Transporte privado : 4\u00d74 , Mini bus , bus, \/ veh\u00edculos con aire acondicionado<\/li>\n<li>Conductor\/Gu\u00eda (Multiling\u00fce)<\/li>\n<li>Combustible de coche<\/li>\n<\/ul>\n<p><strong>Lo que no est\u00e1 incluido:<\/strong><\/p>\n<ul>\n<li>Entrada a los monumentos<\/li>\n<li>Bebidas<\/li>\n<li>Almuerzos<\/li>\n<li>Gastos personales<\/li>\n<\/ul>\n","protected":false},"excerpt":{"rendered":"<p>El valle de Ourika es un valle adorable que cuelga de las monta\u00f1as. Recogida en el hotel o lugar indicado a las 8.30 \/ 9.00 am<span class=\"excerpt-hellip\"> [\u2026]<\/span><\/p>\n","protected":false},"author":1,"featured_media":0,"parent":0,"menu_order":0,"comment_status":"closed","ping_status":"closed","template":"","meta":{"ngg_post_thumbnail":0},"yoast_head":"<!-- This site is optimized with the Yoast SEO plugin v17.3 - https:\/\/yoast.com\/wordpress\/plugins\/seo\/ -->\n<title>Excursi\u00f3n al Valle de Ourika - Merzouga Fantastic<\/title>\n<meta name=\"robots\" content=\"index, follow, max-snippet:-1, max-image-preview:large, max-video-preview:-1\" \/>\n<link rel=\"canonical\" href=\"https:\/\/merzougafantastic.com\/es\/excursion-al-valle-de-ourika-2\/\" \/>\n<meta property=\"og:locale\" content=\"en_US\" \/>\n<meta property=\"og:type\" content=\"article\" \/>\n<meta property=\"og:title\" content=\"Excursi\u00f3n al Valle de Ourika - Merzouga Fantastic\" \/>\n<meta property=\"og:description\" content=\"El valle de Ourika es un valle adorable que cuelga de las monta\u00f1as. Recogida en el hotel o lugar indicado a las 8.30 \/ 9.00 am [\u2026]\" \/>\n<meta property=\"og:url\" content=\"https:\/\/merzougafantastic.com\/es\/excursion-al-valle-de-ourika-2\/\" \/>\n<meta property=\"og:site_name\" content=\"Merzouga Fantastic\" \/>\n<meta property=\"article:modified_time\" content=\"2020-04-23T19:02:12+00:00\" \/>\n<meta name=\"twitter:card\" content=\"summary_large_image\" \/>\n<meta name=\"twitter:label1\" content=\"Est. reading time\" \/>\n\t<meta name=\"twitter:data1\" content=\"1 minute\" \/>\n<script type=\"application\/ld+json\" class=\"yoast-schema-graph\">{\"@context\":\"https:\/\/schema.org\",\"@graph\":[{\"@type\":\"WebSite\",\"@id\":\"https:\/\/merzougafantastic.com\/es\/#website\",\"url\":\"https:\/\/merzougafantastic.com\/es\/\",\"name\":\"Merzouga Fantastic\",\"description\":\"Morocco Private Desert Tours\",\"potentialAction\":[{\"@type\":\"SearchAction\",\"target\":{\"@type\":\"EntryPoint\",\"urlTemplate\":\"https:\/\/merzougafantastic.com\/es\/?s={search_term_string}\"},\"query-input\":\"required name=search_term_string\"}],\"inLanguage\":\"en-US\"},{\"@type\":\"WebPage\",\"@id\":\"https:\/\/merzougafantastic.com\/es\/excursion-al-valle-de-ourika-2\/#webpage\",\"url\":\"https:\/\/merzougafantastic.com\/es\/excursion-al-valle-de-ourika-2\/\",\"name\":\"Excursi\\u00f3n al Valle de Ourika - Merzouga Fantastic\",\"isPartOf\":{\"@id\":\"https:\/\/merzougafantastic.com\/es\/#website\"},\"datePublished\":\"2020-03-03T10:57:34+00:00\",\"dateModified\":\"2020-04-23T19:02:12+00:00\",\"breadcrumb\":{\"@id\":\"https:\/\/merzougafantastic.com\/es\/excursion-al-valle-de-ourika-2\/#breadcrumb\"},\"inLanguage\":\"en-US\",\"potentialAction\":[{\"@type\":\"ReadAction\",\"target\":[\"https:\/\/merzougafantastic.com\/es\/excursion-al-valle-de-ourika-2\/\"]}]},{\"@type\":\"BreadcrumbList\",\"@id\":\"https:\/\/merzougafantastic.com\/es\/excursion-al-valle-de-ourika-2\/#breadcrumb\",\"itemListElement\":[{\"@type\":\"ListItem\",\"position\":1,\"name\":\"Home\",\"item\":\"https:\/\/merzougafantastic.com\/es\/\"},{\"@type\":\"ListItem\",\"position\":2,\"name\":\"Excursi\\u00f3n al Valle de Ourika\"}]}]}<\/script>\n<!-- \/ Yoast SEO plugin. -->","yoast_head_json":{"title":"Excursi\u00f3n al Valle de Ourika - Merzouga Fantastic","robots":{"index":"index","follow":"follow","max-snippet":"max-snippet:-1","max-image-preview":"max-image-preview:large","max-video-preview":"max-video-preview:-1"},"canonical":"https:\/\/merzougafantastic.com\/es\/excursion-al-valle-de-ourika-2\/","og_locale":"en_US","og_type":"article","og_title":"Excursi\u00f3n al Valle de Ourika - Merzouga Fantastic","og_description":"El valle de Ourika es un valle adorable que cuelga de las monta\u00f1as. Recogida en el hotel o lugar indicado a las 8.30 \/ 9.00 am [\u2026]","og_url":"https:\/\/merzougafantastic.com\/es\/excursion-al-valle-de-ourika-2\/","og_site_name":"Merzouga Fantastic","article_modified_time":"2020-04-23T19:02:12+00:00","twitter_card":"summary_large_image","twitter_misc":{"Est. reading time":"1 minute"},"schema":{"@context":"https:\/\/schema.org","@graph":[{"@type":"WebSite","@id":"https:\/\/merzougafantastic.com\/es\/#website","url":"https:\/\/merzougafantastic.com\/es\/","name":"Merzouga Fantastic","description":"Morocco Private Desert Tours","potentialAction":[{"@type":"SearchAction","target":{"@type":"EntryPoint","urlTemplate":"https:\/\/merzougafantastic.com\/es\/?s={search_term_string}"},"query-input":"required name=search_term_string"}],"inLanguage":"en-US"},{"@type":"WebPage","@id":"https:\/\/merzougafantastic.com\/es\/excursion-al-valle-de-ourika-2\/#webpage","url":"https:\/\/merzougafantastic.com\/es\/excursion-al-valle-de-ourika-2\/","name":"Excursi\u00f3n al Valle de Ourika - Merzouga Fantastic","isPartOf":{"@id":"https:\/\/merzougafantastic.com\/es\/#website"},"datePublished":"2020-03-03T10:57:34+00:00","dateModified":"2020-04-23T19:02:12+00:00","breadcrumb":{"@id":"https:\/\/merzougafantastic.com\/es\/excursion-al-valle-de-ourika-2\/#breadcrumb"},"inLanguage":"en-US","potentialAction":[{"@type":"ReadAction","target":["https:\/\/merzougafantastic.com\/es\/excursion-al-valle-de-ourika-2\/"]}]},{"@type":"BreadcrumbList","@id":"https:\/\/merzougafantastic.com\/es\/excursion-al-valle-de-ourika-2\/#breadcrumb","itemListElement":[{"@type":"ListItem","position":1,"name":"Home","item":"https:\/\/merzougafantastic.com\/es\/"},{"@type":"ListItem","position":2,"name":"Excursi\u00f3n al Valle de Ourika"}]}]}},"_links":{"self":[{"href":"https:\/\/merzougafantastic.com\/es\/wp-json\/wp\/v2\/pages\/260"}],"collection":[{"href":"https:\/\/merzougafantastic.com\/es\/wp-json\/wp\/v2\/pages"}],"about":[{"href":"https:\/\/merzougafantastic.com\/es\/wp-json\/wp\/v2\/types\/page"}],"author":[{"embeddable":true,"href":"https:\/\/merzougafantastic.com\/es\/wp-json\/wp\/v2\/users\/1"}],"replies":[{"embeddable":true,"href":"https:\/\/merzougafantastic.com\/es\/wp-json\/wp\/v2\/comments?post=260"}],"version-history":[{"count":5,"href":"https:\/\/merzougafantastic.com\/es\/wp-json\/wp\/v2\/pages\/260\/revisions"}],"predecessor-version":[{"id":523,"href":"https:\/\/merzougafantastic.com\/es\/wp-json\/wp\/v2\/pages\/260\/revisions\/523"}],"wp:attachment":[{"href":"https:\/\/merzougafantastic.com\/es\/wp-json\/wp\/v2\/media?parent=260"}],"curies":[{"name":"wp","href":"https:\/\/api.w.org\/{rel}","templated":true}]}}