{"id":258,"date":"2020-03-03T10:57:16","date_gmt":"2020-03-03T10:57:16","guid":{"rendered":"https:\/\/merzougafantastic.com\/wp\/?page_id=258"},"modified":"2020-04-23T19:02:23","modified_gmt":"2020-04-23T19:02:23","slug":"excursion-al-valle-de-ourika","status":"publish","type":"page","link":"https:\/\/merzougafantastic.com\/es\/excursion-al-valle-de-ourika\/","title":{"rendered":"Excursi\u00f3n a las cascadas de Ouzoud"},"content":{"rendered":"<p>A unos 150 km de Marrakech, el viaje es largo, pero vale la pena al mismo tiempo comprobar las cascadas de Ouazoud, las m\u00e1s famosas de Marruecos.<\/p>\n<p>Recogida en el hotel o lugar indicado a las 8.30 \/ 9.00.<\/p>\n<p>Despu\u00e9s del pueblo de Ouazoud y sus numerosas tabernas, el descenso comienza siguiendo un camino en buen estado y salpicado de olivos antes de llegar al pie de las cascadas.<\/p>\n<p>Con 110 metros de altura, las cascadas rebotan en los escalones, formando un arco iris permanente; se puede tomar un ba\u00f1o de placer y observar el cortejo de los Rhesus Macaques (monos del Atlas).<\/p>\n<p>En esta visita se puede disfrutar de la flora y la fauna local (es habitual encontrar peque\u00f1os monos) y comer en hermosos chiringuitos con vistas a las cascadas.<\/p>\n<p><strong>Lo que est\u00e1 incluido:<\/strong><\/p>\n<ul>\n<li>Recogida en su alojamiento.<\/li>\n<li>Transporte privado: 4\u00d74, Minib\u00fas, autob\u00fas, \/ veh\u00edculos con aire acondicionado<\/li>\n<li>Conductor\/Gu\u00eda (Multiling\u00fce)<\/li>\n<li>Combustible de coche<\/li>\n<\/ul>\n<p><strong>Lo que no est\u00e1 incluido:<\/strong><\/p>\n<ul>\n<li>Entrada a los monumentos<\/li>\n<li>Bebidas<\/li>\n<li>Almuerzos<\/li>\n<li>Gastos personales<\/li>\n<\/ul>\n","protected":false},"excerpt":{"rendered":"<p>A unos 150 km de Marrakech, el viaje es largo, pero vale la pena al mismo tiempo comprobar las cascadas de Ouazoud, las m\u00e1s famosas de<span class=\"excerpt-hellip\"> [\u2026]<\/span><\/p>\n","protected":false},"author":1,"featured_media":0,"parent":0,"menu_order":0,"comment_status":"closed","ping_status":"closed","template":"","meta":{"ngg_post_thumbnail":0},"yoast_head":"<!-- This site is optimized with the Yoast SEO plugin v17.3 - https:\/\/yoast.com\/wordpress\/plugins\/seo\/ -->\n<title>Excursi\u00f3n a las cascadas de Ouzoud - Merzouga Fantastic<\/title>\n<meta name=\"robots\" content=\"index, follow, max-snippet:-1, max-image-preview:large, max-video-preview:-1\" \/>\n<link rel=\"canonical\" href=\"https:\/\/merzougafantastic.com\/es\/excursion-al-valle-de-ourika\/\" \/>\n<meta property=\"og:locale\" content=\"en_US\" \/>\n<meta property=\"og:type\" content=\"article\" \/>\n<meta property=\"og:title\" content=\"Excursi\u00f3n a las cascadas de Ouzoud - Merzouga Fantastic\" \/>\n<meta property=\"og:description\" content=\"A unos 150 km de Marrakech, el viaje es largo, pero vale la pena al mismo tiempo comprobar las cascadas de Ouazoud, las m\u00e1s famosas de [\u2026]\" \/>\n<meta property=\"og:url\" content=\"https:\/\/merzougafantastic.com\/es\/excursion-al-valle-de-ourika\/\" \/>\n<meta property=\"og:site_name\" content=\"Merzouga Fantastic\" \/>\n<meta property=\"article:modified_time\" content=\"2020-04-23T19:02:23+00:00\" \/>\n<meta name=\"twitter:card\" content=\"summary_large_image\" \/>\n<meta name=\"twitter:label1\" content=\"Est. reading time\" \/>\n\t<meta name=\"twitter:data1\" content=\"1 minute\" \/>\n<script type=\"application\/ld+json\" class=\"yoast-schema-graph\">{\"@context\":\"https:\/\/schema.org\",\"@graph\":[{\"@type\":\"WebSite\",\"@id\":\"https:\/\/merzougafantastic.com\/es\/#website\",\"url\":\"https:\/\/merzougafantastic.com\/es\/\",\"name\":\"Merzouga Fantastic\",\"description\":\"Morocco Private Desert Tours\",\"potentialAction\":[{\"@type\":\"SearchAction\",\"target\":{\"@type\":\"EntryPoint\",\"urlTemplate\":\"https:\/\/merzougafantastic.com\/es\/?s={search_term_string}\"},\"query-input\":\"required name=search_term_string\"}],\"inLanguage\":\"en-US\"},{\"@type\":\"WebPage\",\"@id\":\"https:\/\/merzougafantastic.com\/es\/excursion-al-valle-de-ourika\/#webpage\",\"url\":\"https:\/\/merzougafantastic.com\/es\/excursion-al-valle-de-ourika\/\",\"name\":\"Excursi\\u00f3n a las cascadas de Ouzoud - Merzouga Fantastic\",\"isPartOf\":{\"@id\":\"https:\/\/merzougafantastic.com\/es\/#website\"},\"datePublished\":\"2020-03-03T10:57:16+00:00\",\"dateModified\":\"2020-04-23T19:02:23+00:00\",\"breadcrumb\":{\"@id\":\"https:\/\/merzougafantastic.com\/es\/excursion-al-valle-de-ourika\/#breadcrumb\"},\"inLanguage\":\"en-US\",\"potentialAction\":[{\"@type\":\"ReadAction\",\"target\":[\"https:\/\/merzougafantastic.com\/es\/excursion-al-valle-de-ourika\/\"]}]},{\"@type\":\"BreadcrumbList\",\"@id\":\"https:\/\/merzougafantastic.com\/es\/excursion-al-valle-de-ourika\/#breadcrumb\",\"itemListElement\":[{\"@type\":\"ListItem\",\"position\":1,\"name\":\"Home\",\"item\":\"https:\/\/merzougafantastic.com\/es\/\"},{\"@type\":\"ListItem\",\"position\":2,\"name\":\"Excursi\\u00f3n a las cascadas de Ouzoud\"}]}]}<\/script>\n<!-- \/ Yoast SEO plugin. -->","yoast_head_json":{"title":"Excursi\u00f3n a las cascadas de Ouzoud - Merzouga Fantastic","robots":{"index":"index","follow":"follow","max-snippet":"max-snippet:-1","max-image-preview":"max-image-preview:large","max-video-preview":"max-video-preview:-1"},"canonical":"https:\/\/merzougafantastic.com\/es\/excursion-al-valle-de-ourika\/","og_locale":"en_US","og_type":"article","og_title":"Excursi\u00f3n a las cascadas de Ouzoud - Merzouga Fantastic","og_description":"A unos 150 km de Marrakech, el viaje es largo, pero vale la pena al mismo tiempo comprobar las cascadas de Ouazoud, las m\u00e1s famosas de [\u2026]","og_url":"https:\/\/merzougafantastic.com\/es\/excursion-al-valle-de-ourika\/","og_site_name":"Merzouga Fantastic","article_modified_time":"2020-04-23T19:02:23+00:00","twitter_card":"summary_large_image","twitter_misc":{"Est. reading time":"1 minute"},"schema":{"@context":"https:\/\/schema.org","@graph":[{"@type":"WebSite","@id":"https:\/\/merzougafantastic.com\/es\/#website","url":"https:\/\/merzougafantastic.com\/es\/","name":"Merzouga Fantastic","description":"Morocco Private Desert Tours","potentialAction":[{"@type":"SearchAction","target":{"@type":"EntryPoint","urlTemplate":"https:\/\/merzougafantastic.com\/es\/?s={search_term_string}"},"query-input":"required name=search_term_string"}],"inLanguage":"en-US"},{"@type":"WebPage","@id":"https:\/\/merzougafantastic.com\/es\/excursion-al-valle-de-ourika\/#webpage","url":"https:\/\/merzougafantastic.com\/es\/excursion-al-valle-de-ourika\/","name":"Excursi\u00f3n a las cascadas de Ouzoud - Merzouga Fantastic","isPartOf":{"@id":"https:\/\/merzougafantastic.com\/es\/#website"},"datePublished":"2020-03-03T10:57:16+00:00","dateModified":"2020-04-23T19:02:23+00:00","breadcrumb":{"@id":"https:\/\/merzougafantastic.com\/es\/excursion-al-valle-de-ourika\/#breadcrumb"},"inLanguage":"en-US","potentialAction":[{"@type":"ReadAction","target":["https:\/\/merzougafantastic.com\/es\/excursion-al-valle-de-ourika\/"]}]},{"@type":"BreadcrumbList","@id":"https:\/\/merzougafantastic.com\/es\/excursion-al-valle-de-ourika\/#breadcrumb","itemListElement":[{"@type":"ListItem","position":1,"name":"Home","item":"https:\/\/merzougafantastic.com\/es\/"},{"@type":"ListItem","position":2,"name":"Excursi\u00f3n a las cascadas de Ouzoud"}]}]}},"_links":{"self":[{"href":"https:\/\/merzougafantastic.com\/es\/wp-json\/wp\/v2\/pages\/258"}],"collection":[{"href":"https:\/\/merzougafantastic.com\/es\/wp-json\/wp\/v2\/pages"}],"about":[{"href":"https:\/\/merzougafantastic.com\/es\/wp-json\/wp\/v2\/types\/page"}],"author":[{"embeddable":true,"href":"https:\/\/merzougafantastic.com\/es\/wp-json\/wp\/v2\/users\/1"}],"replies":[{"embeddable":true,"href":"https:\/\/merzougafantastic.com\/es\/wp-json\/wp\/v2\/comments?post=258"}],"version-history":[{"count":6,"href":"https:\/\/merzougafantastic.com\/es\/wp-json\/wp\/v2\/pages\/258\/revisions"}],"predecessor-version":[{"id":517,"href":"https:\/\/merzougafantastic.com\/es\/wp-json\/wp\/v2\/pages\/258\/revisions\/517"}],"wp:attachment":[{"href":"https:\/\/merzougafantastic.com\/es\/wp-json\/wp\/v2\/media?parent=258"}],"curies":[{"name":"wp","href":"https:\/\/api.w.org\/{rel}","templated":true}]}}