{"id":256,"date":"2020-03-03T10:56:19","date_gmt":"2020-03-03T10:56:19","guid":{"rendered":"https:\/\/merzougafantastic.com\/wp\/?page_id=256"},"modified":"2020-05-03T20:57:57","modified_gmt":"2020-05-03T20:57:57","slug":"8-dias-de-viaje-de-errachidia-a-ait-ben-haddou-y-de-vuelta-a-errachidia","status":"publish","type":"page","link":"https:\/\/merzougafantastic.com\/es\/8-dias-de-viaje-de-errachidia-a-ait-ben-haddou-y-de-vuelta-a-errachidia\/","title":{"rendered":"8 d\u00edas de viaje de Errachidia a Ait Ben Haddou y de vuelta a Ouarzazate"},"content":{"rendered":"<h2 style=\"text-align: center;\"><span style=\"color: #993300;\"><strong>8 dias y 7 noches tour desde Errachidia explorando sahara Merzouga y noches en el desierto \/Marruecos completo en 8 dias y 7 noche tour por el desierto y la magia del sur<\/strong><\/span><\/h2>\n<h4>1 d\u00eda: Errachidia &#8211; Tinghir &#8211; Gargantas de Boumalne Dades.<\/h4>\n<p>Salida del aeropuerto de Errachidia, v\u00eda Gulmima, Tinjdad, Tinghir, gargantas del Todra y gargantas de Boumalne Dades, durante la noche en Riad\/hotel.<\/p>\n<h4>2 d\u00edas: Gargantas de Boumlane Dades &#8211; Ait Ben Haddou.<\/h4>\n<p>Gargantas de Boumalne Dades, Valle de las Rosas, kasbah Amridil. Ouarzazate para visitar la kasbah taourirt, los estudios Atlas, la kasbah de Ait Ben Haddou.<br \/>\nDespu\u00e9s del desayuno en el hotel, atravesaremos el valle del Dades o Asif N&#8217;dades en Tamazight (bereber), hacia Kalaat Mgouna y Ouarzazate. La ruta a trav\u00e9s del Valle del Dades es el camino de las mil kasbahs &#8211; proporcionando numerosas oportunidades para tomar algunas de las mejores fotograf\u00edas del viaje. Nos detendremos en Kalaat Mgouna, &#8220;la ciudad de las rosas&#8221;, para comprar agua de rosas, que har\u00e1 que su ropa huela bien mucho tiempo despu\u00e9s de que termine su viaje. Continuaremos hacia Ouarzazate a trav\u00e9s de la Kasbah de Amridil, uno de los \u00faltimos caciques bereberes durante el siglo XVIII, ahora la Kasbah es una casa de muchas personas de Glaoui. Pase la noche en Ouarzazate o en Ait Ben Haddou.<\/p>\n<h4>3 d\u00edas: Ait Ben Haddou &#8211; Zagora.<\/h4>\n<p>De Ouarzazate a Zagora, a trav\u00e9s de Ait Saoune, Agdez, el Valle del Draa, la cer\u00e1mica Tamegroute durante la noche en Riad \/ hotel.<\/p>\n<h4>4 d\u00edas: Zagora &#8211; Tafraoute Sidi Ali.<\/h4>\n<p>Salida de Zagora a Tafraoute Sidi Ali, pasando por Mejran, Kem -Kem, alguna parada con familias n\u00f3madas, luego llegar a Tafraoute Sidi Ali para pasar la noche en el campamento del desierto o en Riad\/hotel.<\/p>\n<h4>5 d\u00edas: Todo el d\u00eda en Tafraoute Sidi Ali<\/h4>\n<p>Despu\u00e9s de la ducha y el desayuno, comenzamos nuestro recorrido, visitando diferentes lugares geol\u00f3gicos y a trav\u00e9s de diferentes vistas panor\u00e1micas: Jebel Zireg , Jebel Ras Khemmouna, Ksar Ba Hallou Jebel otfal y Jebel Mrakib:<\/p>\n<p>a) Jebel Zireg, Jebel Ras Khemmouna es una cresta de monta\u00f1a en el borde sur de la cuenca del Mader, lugares de vista geol\u00f3gica y panor\u00e1mica, varias formaciones de la parte baja y media del Dev\u00f3nico son accesibles, y muchas capas son minas excavadas comercialmente, m\u00e1s que nuestros abuelos que trabajan en peque\u00f1as minas de mineral de plomo, mineral de barita y mineral de cobre.<\/p>\n<h4>D\u00eda 6: Tafraoute Sidi Ali &#8211; M&#8217;hamid :<\/h4>\n<p>Nuestro 7\u00ba d\u00eda nos llevar\u00e1 de nuevo al desierto del Sahara mientras nos dirigimos al sur, a M&#8217;hamid.<\/p>\n<h4>D\u00eda 7 : M&#8217;hamid &#8211; Dunas de Chegaga:<\/h4>\n<p>Desde la ciudad sahariana de M&#8217;hamid, nuestro s\u00e9ptimo d\u00eda de viaje nos llevar\u00e1 a las dunas de Chegaga donde dormir\u00e1n en un t\u00edpico campamento n\u00f3mada.<\/p>\n<h4>D\u00eda 8: Dunas de Chegaga &#8211; Ouarzazate:<\/h4>\n<p>El 8\u00ba y \u00faltimo d\u00eda conduciremos hacia el norte, de vuelta a Ouarzazate.<\/p>\n","protected":false},"excerpt":{"rendered":"<p>8 dias y 7 noches tour desde Errachidia explorando sahara Merzouga y noches en el desierto \/Marruecos completo en 8 dias y 7 noche tour por<span class=\"excerpt-hellip\"> [\u2026]<\/span><\/p>\n","protected":false},"author":1,"featured_media":0,"parent":0,"menu_order":0,"comment_status":"closed","ping_status":"closed","template":"","meta":{"ngg_post_thumbnail":0},"yoast_head":"<!-- This site is optimized with the Yoast SEO plugin v17.3 - https:\/\/yoast.com\/wordpress\/plugins\/seo\/ -->\n<title>8 d\u00edas de viaje de Errachidia a Ait Ben Haddou y de vuelta a Ouarzazate - Merzouga Fantastic<\/title>\n<meta name=\"robots\" content=\"index, follow, max-snippet:-1, max-image-preview:large, max-video-preview:-1\" \/>\n<link rel=\"canonical\" href=\"https:\/\/merzougafantastic.com\/es\/8-dias-de-viaje-de-errachidia-a-ait-ben-haddou-y-de-vuelta-a-errachidia\/\" \/>\n<meta property=\"og:locale\" content=\"en_US\" \/>\n<meta property=\"og:type\" content=\"article\" \/>\n<meta property=\"og:title\" content=\"8 d\u00edas de viaje de Errachidia a Ait Ben Haddou y de vuelta a Ouarzazate - Merzouga Fantastic\" \/>\n<meta property=\"og:description\" content=\"8 dias y 7 noches tour desde Errachidia explorando sahara Merzouga y noches en el desierto \/Marruecos completo en 8 dias y 7 noche tour por [\u2026]\" \/>\n<meta property=\"og:url\" content=\"https:\/\/merzougafantastic.com\/es\/8-dias-de-viaje-de-errachidia-a-ait-ben-haddou-y-de-vuelta-a-errachidia\/\" \/>\n<meta property=\"og:site_name\" content=\"Merzouga Fantastic\" \/>\n<meta property=\"article:modified_time\" content=\"2020-05-03T20:57:57+00:00\" \/>\n<meta name=\"twitter:card\" content=\"summary_large_image\" \/>\n<meta name=\"twitter:label1\" content=\"Est. reading time\" \/>\n\t<meta name=\"twitter:data1\" content=\"3 minutes\" \/>\n<script type=\"application\/ld+json\" class=\"yoast-schema-graph\">{\"@context\":\"https:\/\/schema.org\",\"@graph\":[{\"@type\":\"WebSite\",\"@id\":\"https:\/\/merzougafantastic.com\/es\/#website\",\"url\":\"https:\/\/merzougafantastic.com\/es\/\",\"name\":\"Merzouga Fantastic\",\"description\":\"Morocco Private Desert Tours\",\"potentialAction\":[{\"@type\":\"SearchAction\",\"target\":{\"@type\":\"EntryPoint\",\"urlTemplate\":\"https:\/\/merzougafantastic.com\/es\/?s={search_term_string}\"},\"query-input\":\"required name=search_term_string\"}],\"inLanguage\":\"en-US\"},{\"@type\":\"WebPage\",\"@id\":\"https:\/\/merzougafantastic.com\/es\/8-dias-de-viaje-de-errachidia-a-ait-ben-haddou-y-de-vuelta-a-errachidia\/#webpage\",\"url\":\"https:\/\/merzougafantastic.com\/es\/8-dias-de-viaje-de-errachidia-a-ait-ben-haddou-y-de-vuelta-a-errachidia\/\",\"name\":\"8 d\\u00edas de viaje de Errachidia a Ait Ben Haddou y de vuelta a Ouarzazate - Merzouga Fantastic\",\"isPartOf\":{\"@id\":\"https:\/\/merzougafantastic.com\/es\/#website\"},\"datePublished\":\"2020-03-03T10:56:19+00:00\",\"dateModified\":\"2020-05-03T20:57:57+00:00\",\"breadcrumb\":{\"@id\":\"https:\/\/merzougafantastic.com\/es\/8-dias-de-viaje-de-errachidia-a-ait-ben-haddou-y-de-vuelta-a-errachidia\/#breadcrumb\"},\"inLanguage\":\"en-US\",\"potentialAction\":[{\"@type\":\"ReadAction\",\"target\":[\"https:\/\/merzougafantastic.com\/es\/8-dias-de-viaje-de-errachidia-a-ait-ben-haddou-y-de-vuelta-a-errachidia\/\"]}]},{\"@type\":\"BreadcrumbList\",\"@id\":\"https:\/\/merzougafantastic.com\/es\/8-dias-de-viaje-de-errachidia-a-ait-ben-haddou-y-de-vuelta-a-errachidia\/#breadcrumb\",\"itemListElement\":[{\"@type\":\"ListItem\",\"position\":1,\"name\":\"Home\",\"item\":\"https:\/\/merzougafantastic.com\/es\/\"},{\"@type\":\"ListItem\",\"position\":2,\"name\":\"8 d\\u00edas de viaje de Errachidia a Ait Ben Haddou y de vuelta a Ouarzazate\"}]}]}<\/script>\n<!-- \/ Yoast SEO plugin. -->","yoast_head_json":{"title":"8 d\u00edas de viaje de Errachidia a Ait Ben Haddou y de vuelta a Ouarzazate - Merzouga Fantastic","robots":{"index":"index","follow":"follow","max-snippet":"max-snippet:-1","max-image-preview":"max-image-preview:large","max-video-preview":"max-video-preview:-1"},"canonical":"https:\/\/merzougafantastic.com\/es\/8-dias-de-viaje-de-errachidia-a-ait-ben-haddou-y-de-vuelta-a-errachidia\/","og_locale":"en_US","og_type":"article","og_title":"8 d\u00edas de viaje de Errachidia a Ait Ben Haddou y de vuelta a Ouarzazate - Merzouga Fantastic","og_description":"8 dias y 7 noches tour desde Errachidia explorando sahara Merzouga y noches en el desierto \/Marruecos completo en 8 dias y 7 noche tour por [\u2026]","og_url":"https:\/\/merzougafantastic.com\/es\/8-dias-de-viaje-de-errachidia-a-ait-ben-haddou-y-de-vuelta-a-errachidia\/","og_site_name":"Merzouga Fantastic","article_modified_time":"2020-05-03T20:57:57+00:00","twitter_card":"summary_large_image","twitter_misc":{"Est. reading time":"3 minutes"},"schema":{"@context":"https:\/\/schema.org","@graph":[{"@type":"WebSite","@id":"https:\/\/merzougafantastic.com\/es\/#website","url":"https:\/\/merzougafantastic.com\/es\/","name":"Merzouga Fantastic","description":"Morocco Private Desert Tours","potentialAction":[{"@type":"SearchAction","target":{"@type":"EntryPoint","urlTemplate":"https:\/\/merzougafantastic.com\/es\/?s={search_term_string}"},"query-input":"required name=search_term_string"}],"inLanguage":"en-US"},{"@type":"WebPage","@id":"https:\/\/merzougafantastic.com\/es\/8-dias-de-viaje-de-errachidia-a-ait-ben-haddou-y-de-vuelta-a-errachidia\/#webpage","url":"https:\/\/merzougafantastic.com\/es\/8-dias-de-viaje-de-errachidia-a-ait-ben-haddou-y-de-vuelta-a-errachidia\/","name":"8 d\u00edas de viaje de Errachidia a Ait Ben Haddou y de vuelta a Ouarzazate - Merzouga Fantastic","isPartOf":{"@id":"https:\/\/merzougafantastic.com\/es\/#website"},"datePublished":"2020-03-03T10:56:19+00:00","dateModified":"2020-05-03T20:57:57+00:00","breadcrumb":{"@id":"https:\/\/merzougafantastic.com\/es\/8-dias-de-viaje-de-errachidia-a-ait-ben-haddou-y-de-vuelta-a-errachidia\/#breadcrumb"},"inLanguage":"en-US","potentialAction":[{"@type":"ReadAction","target":["https:\/\/merzougafantastic.com\/es\/8-dias-de-viaje-de-errachidia-a-ait-ben-haddou-y-de-vuelta-a-errachidia\/"]}]},{"@type":"BreadcrumbList","@id":"https:\/\/merzougafantastic.com\/es\/8-dias-de-viaje-de-errachidia-a-ait-ben-haddou-y-de-vuelta-a-errachidia\/#breadcrumb","itemListElement":[{"@type":"ListItem","position":1,"name":"Home","item":"https:\/\/merzougafantastic.com\/es\/"},{"@type":"ListItem","position":2,"name":"8 d\u00edas de viaje de Errachidia a Ait Ben Haddou y de vuelta a Ouarzazate"}]}]}},"_links":{"self":[{"href":"https:\/\/merzougafantastic.com\/es\/wp-json\/wp\/v2\/pages\/256"}],"collection":[{"href":"https:\/\/merzougafantastic.com\/es\/wp-json\/wp\/v2\/pages"}],"about":[{"href":"https:\/\/merzougafantastic.com\/es\/wp-json\/wp\/v2\/types\/page"}],"author":[{"embeddable":true,"href":"https:\/\/merzougafantastic.com\/es\/wp-json\/wp\/v2\/users\/1"}],"replies":[{"embeddable":true,"href":"https:\/\/merzougafantastic.com\/es\/wp-json\/wp\/v2\/comments?post=256"}],"version-history":[{"count":8,"href":"https:\/\/merzougafantastic.com\/es\/wp-json\/wp\/v2\/pages\/256\/revisions"}],"predecessor-version":[{"id":575,"href":"https:\/\/merzougafantastic.com\/es\/wp-json\/wp\/v2\/pages\/256\/revisions\/575"}],"wp:attachment":[{"href":"https:\/\/merzougafantastic.com\/es\/wp-json\/wp\/v2\/media?parent=256"}],"curies":[{"name":"wp","href":"https:\/\/api.w.org\/{rel}","templated":true}]}}