{"id":253,"date":"2020-03-03T10:54:58","date_gmt":"2020-03-03T10:54:58","guid":{"rendered":"https:\/\/merzougafantastic.com\/wp\/?page_id=253"},"modified":"2020-04-23T18:53:45","modified_gmt":"2020-04-23T18:53:45","slug":"7-dias-6-noches-desde-errachidia-a-merzouga","status":"publish","type":"page","link":"https:\/\/merzougafantastic.com\/es\/7-dias-6-noches-desde-errachidia-a-merzouga\/","title":{"rendered":"7 d\u00edas \/ 6 noches desde Errachidia a Merzouga"},"content":{"rendered":"<h2 style=\"text-align: center;\"><span style=\"color: #993300;\"><strong>7 dias y 6 noches tour en Marruecos desde Errachidia al desierto Merzouga \/ Conoce vida nomada del desierto en tour de 7 dias y 6 noches<\/strong><\/span><\/h2>\n<h4>1 d\u00eda: Errachidia &#8211; Gargantas de Dades.<\/h4>\n<p>Salida desde el aeropuerto de Errachidia, a trav\u00e9s de las gargantas del Todra y las gargantas del Dades. Alojamiento en el hotel\/Riad.<\/p>\n<h4>2 d\u00edas: Gargantas del Dades &#8211; Ait Ben Haddou.<\/h4>\n<p>Gargantas del Dades, Valle de las Rosas, kasbah Amridil. Ouarzazate para visitar la kasbah taourirt, los estudios Atlas, la kasbah de Ait Ben Haddou o Ouarzazate, noche en hotel\/Riad.<\/p>\n<h4>3 d\u00edas: Ait Ben Haddou &#8211; Zagora.<\/h4>\n<p>De Ouarzazate a Zagora, v\u00eda Ait Saoune, Agdez, Valle del Draa, cer\u00e1mica Tamegroute, noche en hotel\/Riad.<\/p>\n<h4>4 d\u00edas: Zagora &#8211; Tafraoute Sidi Ali.<\/h4>\n<p>Salida de Zagora a Tafraoute Sidi Ali, pasando por Mejran, Kem Kem, alguna parada con familias n\u00f3madas, luego llegar a Tafraoute Sidi Ali para pasar la noche en el hotel\/Riad.<\/p>\n<h4>5 d\u00edas: Tafraoute Sidi Ali &#8211; Merzouga.<\/h4>\n<p>Despu\u00e9s del desayuno, continuaremos nuestro viaje a Merzouga, v\u00eda Ramlia. Parada en las inscripciones de piedra de hace siglos, finalmente llegaremos a Merzouga, donde pasaremos la noche en el hotel\/Riad o en el campamento.<\/p>\n<h4>6 d\u00edas: Explorar el desierto del Sahara.<\/h4>\n<p>Despu\u00e9s del desayuno, primero visitar\u00e1n la zona con su conductor. Merzouga, es un peque\u00f1o pueblo en el sureste de Marruecos. A unos 35 Km. al sureste de Rissani, a unos 55 Km. de Erfoud. Y a unos 50 kil\u00f3metros de la frontera con Argelia. El pueblo, es conocido por su proximidad a Erg Chebbi. Un Erg, es por esta raz\u00f3n parte de los itinerarios de muchos turistas que visitan Marruecos. Merzouga, tiene el mayor cuerpo subterr\u00e1neo natural, de agua en Marruecos. En 2006, Merzouga sufri\u00f3 devastadoras inundaciones repentinas. Las familias n\u00f3madas visitantes viven cerca de las dunas bajo tiendas de campa\u00f1a, disfrutan con la m\u00fasica Gnawa. Por \u00faltimo, vuelva a su hotel para prepararse para el paseo en camello, saque fotos para la puesta de sol y pase la noche en el campamento del desierto.<\/p>\n<h4>7 d\u00edas: Merzouga &#8211; Aeropuerto de Errachidia.<\/h4>\n<p>Temprano en la ma\u00f1ana, tomaremos fotos para el amanecer, luego montaremos en camello de vuelta al hotel para ducharnos y desayunar. Despu\u00e9s volver\u00e1s a Errachidia a trav\u00e9s del mercado tradicional (Rissani), la ciudad de los f\u00f3siles de Erfoud, el valle del Ziz, el aeropuerto de Errachidia, y el final de nuestro tour de servicio.<\/p>\n","protected":false},"excerpt":{"rendered":"<p>7 dias y 6 noches tour en Marruecos desde Errachidia al desierto Merzouga \/ Conoce vida nomada del desierto en tour de 7 dias y 6<span class=\"excerpt-hellip\"> [\u2026]<\/span><\/p>\n","protected":false},"author":1,"featured_media":0,"parent":0,"menu_order":0,"comment_status":"closed","ping_status":"closed","template":"","meta":{"ngg_post_thumbnail":0},"yoast_head":"<!-- This site is optimized with the Yoast SEO plugin v17.3 - https:\/\/yoast.com\/wordpress\/plugins\/seo\/ -->\n<title>7 d\u00edas \/ 6 noches desde Errachidia a Merzouga - Merzouga Fantastic<\/title>\n<meta name=\"robots\" content=\"index, follow, max-snippet:-1, max-image-preview:large, max-video-preview:-1\" \/>\n<link rel=\"canonical\" href=\"https:\/\/merzougafantastic.com\/es\/7-dias-6-noches-desde-errachidia-a-merzouga\/\" \/>\n<meta property=\"og:locale\" content=\"en_US\" \/>\n<meta property=\"og:type\" content=\"article\" \/>\n<meta property=\"og:title\" content=\"7 d\u00edas \/ 6 noches desde Errachidia a Merzouga - Merzouga Fantastic\" \/>\n<meta property=\"og:description\" content=\"7 dias y 6 noches tour en Marruecos desde Errachidia al desierto Merzouga \/ Conoce vida nomada del desierto en tour de 7 dias y 6 [\u2026]\" \/>\n<meta property=\"og:url\" content=\"https:\/\/merzougafantastic.com\/es\/7-dias-6-noches-desde-errachidia-a-merzouga\/\" \/>\n<meta property=\"og:site_name\" content=\"Merzouga Fantastic\" \/>\n<meta property=\"article:modified_time\" content=\"2020-04-23T18:53:45+00:00\" \/>\n<meta name=\"twitter:card\" content=\"summary_large_image\" \/>\n<meta name=\"twitter:label1\" content=\"Est. reading time\" \/>\n\t<meta name=\"twitter:data1\" content=\"2 minutes\" \/>\n<script type=\"application\/ld+json\" class=\"yoast-schema-graph\">{\"@context\":\"https:\/\/schema.org\",\"@graph\":[{\"@type\":\"WebSite\",\"@id\":\"https:\/\/merzougafantastic.com\/es\/#website\",\"url\":\"https:\/\/merzougafantastic.com\/es\/\",\"name\":\"Merzouga Fantastic\",\"description\":\"Morocco Private Desert Tours\",\"potentialAction\":[{\"@type\":\"SearchAction\",\"target\":{\"@type\":\"EntryPoint\",\"urlTemplate\":\"https:\/\/merzougafantastic.com\/es\/?s={search_term_string}\"},\"query-input\":\"required name=search_term_string\"}],\"inLanguage\":\"en-US\"},{\"@type\":\"WebPage\",\"@id\":\"https:\/\/merzougafantastic.com\/es\/7-dias-6-noches-desde-errachidia-a-merzouga\/#webpage\",\"url\":\"https:\/\/merzougafantastic.com\/es\/7-dias-6-noches-desde-errachidia-a-merzouga\/\",\"name\":\"7 d\\u00edas \/ 6 noches desde Errachidia a Merzouga - Merzouga Fantastic\",\"isPartOf\":{\"@id\":\"https:\/\/merzougafantastic.com\/es\/#website\"},\"datePublished\":\"2020-03-03T10:54:58+00:00\",\"dateModified\":\"2020-04-23T18:53:45+00:00\",\"breadcrumb\":{\"@id\":\"https:\/\/merzougafantastic.com\/es\/7-dias-6-noches-desde-errachidia-a-merzouga\/#breadcrumb\"},\"inLanguage\":\"en-US\",\"potentialAction\":[{\"@type\":\"ReadAction\",\"target\":[\"https:\/\/merzougafantastic.com\/es\/7-dias-6-noches-desde-errachidia-a-merzouga\/\"]}]},{\"@type\":\"BreadcrumbList\",\"@id\":\"https:\/\/merzougafantastic.com\/es\/7-dias-6-noches-desde-errachidia-a-merzouga\/#breadcrumb\",\"itemListElement\":[{\"@type\":\"ListItem\",\"position\":1,\"name\":\"Home\",\"item\":\"https:\/\/merzougafantastic.com\/es\/\"},{\"@type\":\"ListItem\",\"position\":2,\"name\":\"7 d\\u00edas \/ 6 noches desde Errachidia a Merzouga\"}]}]}<\/script>\n<!-- \/ Yoast SEO plugin. -->","yoast_head_json":{"title":"7 d\u00edas \/ 6 noches desde Errachidia a Merzouga - Merzouga Fantastic","robots":{"index":"index","follow":"follow","max-snippet":"max-snippet:-1","max-image-preview":"max-image-preview:large","max-video-preview":"max-video-preview:-1"},"canonical":"https:\/\/merzougafantastic.com\/es\/7-dias-6-noches-desde-errachidia-a-merzouga\/","og_locale":"en_US","og_type":"article","og_title":"7 d\u00edas \/ 6 noches desde Errachidia a Merzouga - Merzouga Fantastic","og_description":"7 dias y 6 noches tour en Marruecos desde Errachidia al desierto Merzouga \/ Conoce vida nomada del desierto en tour de 7 dias y 6 [\u2026]","og_url":"https:\/\/merzougafantastic.com\/es\/7-dias-6-noches-desde-errachidia-a-merzouga\/","og_site_name":"Merzouga Fantastic","article_modified_time":"2020-04-23T18:53:45+00:00","twitter_card":"summary_large_image","twitter_misc":{"Est. reading time":"2 minutes"},"schema":{"@context":"https:\/\/schema.org","@graph":[{"@type":"WebSite","@id":"https:\/\/merzougafantastic.com\/es\/#website","url":"https:\/\/merzougafantastic.com\/es\/","name":"Merzouga Fantastic","description":"Morocco Private Desert Tours","potentialAction":[{"@type":"SearchAction","target":{"@type":"EntryPoint","urlTemplate":"https:\/\/merzougafantastic.com\/es\/?s={search_term_string}"},"query-input":"required name=search_term_string"}],"inLanguage":"en-US"},{"@type":"WebPage","@id":"https:\/\/merzougafantastic.com\/es\/7-dias-6-noches-desde-errachidia-a-merzouga\/#webpage","url":"https:\/\/merzougafantastic.com\/es\/7-dias-6-noches-desde-errachidia-a-merzouga\/","name":"7 d\u00edas \/ 6 noches desde Errachidia a Merzouga - Merzouga Fantastic","isPartOf":{"@id":"https:\/\/merzougafantastic.com\/es\/#website"},"datePublished":"2020-03-03T10:54:58+00:00","dateModified":"2020-04-23T18:53:45+00:00","breadcrumb":{"@id":"https:\/\/merzougafantastic.com\/es\/7-dias-6-noches-desde-errachidia-a-merzouga\/#breadcrumb"},"inLanguage":"en-US","potentialAction":[{"@type":"ReadAction","target":["https:\/\/merzougafantastic.com\/es\/7-dias-6-noches-desde-errachidia-a-merzouga\/"]}]},{"@type":"BreadcrumbList","@id":"https:\/\/merzougafantastic.com\/es\/7-dias-6-noches-desde-errachidia-a-merzouga\/#breadcrumb","itemListElement":[{"@type":"ListItem","position":1,"name":"Home","item":"https:\/\/merzougafantastic.com\/es\/"},{"@type":"ListItem","position":2,"name":"7 d\u00edas \/ 6 noches desde Errachidia a Merzouga"}]}]}},"_links":{"self":[{"href":"https:\/\/merzougafantastic.com\/es\/wp-json\/wp\/v2\/pages\/253"}],"collection":[{"href":"https:\/\/merzougafantastic.com\/es\/wp-json\/wp\/v2\/pages"}],"about":[{"href":"https:\/\/merzougafantastic.com\/es\/wp-json\/wp\/v2\/types\/page"}],"author":[{"embeddable":true,"href":"https:\/\/merzougafantastic.com\/es\/wp-json\/wp\/v2\/users\/1"}],"replies":[{"embeddable":true,"href":"https:\/\/merzougafantastic.com\/es\/wp-json\/wp\/v2\/comments?post=253"}],"version-history":[{"count":5,"href":"https:\/\/merzougafantastic.com\/es\/wp-json\/wp\/v2\/pages\/253\/revisions"}],"predecessor-version":[{"id":562,"href":"https:\/\/merzougafantastic.com\/es\/wp-json\/wp\/v2\/pages\/253\/revisions\/562"}],"wp:attachment":[{"href":"https:\/\/merzougafantastic.com\/es\/wp-json\/wp\/v2\/media?parent=253"}],"curies":[{"name":"wp","href":"https:\/\/api.w.org\/{rel}","templated":true}]}}