{"id":251,"date":"2020-03-03T10:54:29","date_gmt":"2020-03-03T10:54:29","guid":{"rendered":"https:\/\/merzougafantastic.com\/wp\/?page_id=251"},"modified":"2020-04-23T18:40:21","modified_gmt":"2020-04-23T18:40:21","slug":"3-dias-2-noches-desde-errachidia-a-merzouga","status":"publish","type":"page","link":"https:\/\/merzougafantastic.com\/es\/3-dias-2-noches-desde-errachidia-a-merzouga\/","title":{"rendered":"3 d\u00edas \/ 2 noches desde Errachidia a Merzouga"},"content":{"rendered":"<h2 style=\"text-align: center;\"><strong><span style=\"color: #993300;\">Tour privado en 3 dias y 2 noche desde Errachidia al desierto sahara Merzouga \/ 3 dias y 2 noches desde Errachidia tour por el desierto Merzouga<\/span><\/strong><\/h2>\n<h4>D\u00eda 1: De Errachidia a Merzouga v\u00eda Tinghir<\/h4>\n<p>Por la ma\u00f1ana, a las 9, partimos de Errachidia (Ksar Souk) hacia el desierto (Erg Chebbi) a trav\u00e9s del gran oasis de Goulmima, las gargantas del Todra en Tinghir que es el destino de los escaladores de roca m\u00e1s popular de Marruecos. Despu\u00e9s del almuerzo continuaremos hacia Erfoud para visitar el museo arqueol\u00f3gico de m\u00e1rmol y f\u00f3siles. Luego a trav\u00e9s del vasto palmeral de Ziz para visitar la kasbah Abdel Halim. Llegada a las dunas de Erg Chebbi para disfrutar de la puesta de sol en las dunas de Merzouga y luego pasaremos la noche en un hotel o en una kasbah.<\/p>\n<h4>D\u00eda 2: Merzouga &#8211; Excursi\u00f3n por el desierto &#8211; Paseos en camello<\/h4>\n<p>Despu\u00e9s del desayuno, comenzamos la excursi\u00f3n en 4\u00d74 alrededor de las dunas de Erg Chebbi para explorar la vida sahariana, los paisajes, los n\u00f3madas locales, las minas Mifis y los peque\u00f1os pueblos llamados Khamlia Gnawas (negros de Sud\u00e1n). Despu\u00e9s del almuerzo regresaremos al hotel para descansar un poco y prepararnos para el paseo en camello, luego una noche tranquila en el coraz\u00f3n del desierto bajo tiendas n\u00f3madas y estrellas fugaces y luego pasaremos la noche en esta zona bereber.<\/p>\n<h4>D\u00eda 3: De Merzouga a Errachidia por el valle del Ziz<\/h4>\n<p>Despu\u00e9s del amanecer en el campamento, los camellos regresan al albergue para desayunar y ducharse, luego nos dirigimos a Errachidia en otra direcci\u00f3n, pasando de nuevo por el maravilloso Valle del Ziz y la fuente de Meski Azul para llegar a Errachidia por la tarde. Los hu\u00e9spedes pueden visitar la presa alta y los desfiladeros de Ziz por la tarde y el final del tour.<\/p>\n","protected":false},"excerpt":{"rendered":"<p>Tour privado en 3 dias y 2 noche desde Errachidia al desierto sahara Merzouga \/ 3 dias y 2 noches desde Errachidia tour por el desierto<span class=\"excerpt-hellip\"> [\u2026]<\/span><\/p>\n","protected":false},"author":1,"featured_media":0,"parent":0,"menu_order":0,"comment_status":"closed","ping_status":"closed","template":"","meta":{"ngg_post_thumbnail":0},"yoast_head":"<!-- This site is optimized with the Yoast SEO plugin v17.3 - https:\/\/yoast.com\/wordpress\/plugins\/seo\/ -->\n<title>3 d\u00edas \/ 2 noches desde Errachidia a Merzouga - Merzouga Fantastic<\/title>\n<meta name=\"robots\" content=\"index, follow, max-snippet:-1, max-image-preview:large, max-video-preview:-1\" \/>\n<link rel=\"canonical\" href=\"https:\/\/merzougafantastic.com\/es\/3-dias-2-noches-desde-errachidia-a-merzouga\/\" \/>\n<meta property=\"og:locale\" content=\"en_US\" \/>\n<meta property=\"og:type\" content=\"article\" \/>\n<meta property=\"og:title\" content=\"3 d\u00edas \/ 2 noches desde Errachidia a Merzouga - Merzouga Fantastic\" \/>\n<meta property=\"og:description\" content=\"Tour privado en 3 dias y 2 noche desde Errachidia al desierto sahara Merzouga \/ 3 dias y 2 noches desde Errachidia tour por el desierto [\u2026]\" \/>\n<meta property=\"og:url\" content=\"https:\/\/merzougafantastic.com\/es\/3-dias-2-noches-desde-errachidia-a-merzouga\/\" \/>\n<meta property=\"og:site_name\" content=\"Merzouga Fantastic\" \/>\n<meta property=\"article:modified_time\" content=\"2020-04-23T18:40:21+00:00\" \/>\n<meta name=\"twitter:card\" content=\"summary_large_image\" \/>\n<meta name=\"twitter:label1\" content=\"Est. reading time\" \/>\n\t<meta name=\"twitter:data1\" content=\"2 minutes\" \/>\n<script type=\"application\/ld+json\" class=\"yoast-schema-graph\">{\"@context\":\"https:\/\/schema.org\",\"@graph\":[{\"@type\":\"WebSite\",\"@id\":\"https:\/\/merzougafantastic.com\/es\/#website\",\"url\":\"https:\/\/merzougafantastic.com\/es\/\",\"name\":\"Merzouga Fantastic\",\"description\":\"Morocco Private Desert Tours\",\"potentialAction\":[{\"@type\":\"SearchAction\",\"target\":{\"@type\":\"EntryPoint\",\"urlTemplate\":\"https:\/\/merzougafantastic.com\/es\/?s={search_term_string}\"},\"query-input\":\"required name=search_term_string\"}],\"inLanguage\":\"en-US\"},{\"@type\":\"WebPage\",\"@id\":\"https:\/\/merzougafantastic.com\/es\/3-dias-2-noches-desde-errachidia-a-merzouga\/#webpage\",\"url\":\"https:\/\/merzougafantastic.com\/es\/3-dias-2-noches-desde-errachidia-a-merzouga\/\",\"name\":\"3 d\\u00edas \/ 2 noches desde Errachidia a Merzouga - Merzouga Fantastic\",\"isPartOf\":{\"@id\":\"https:\/\/merzougafantastic.com\/es\/#website\"},\"datePublished\":\"2020-03-03T10:54:29+00:00\",\"dateModified\":\"2020-04-23T18:40:21+00:00\",\"breadcrumb\":{\"@id\":\"https:\/\/merzougafantastic.com\/es\/3-dias-2-noches-desde-errachidia-a-merzouga\/#breadcrumb\"},\"inLanguage\":\"en-US\",\"potentialAction\":[{\"@type\":\"ReadAction\",\"target\":[\"https:\/\/merzougafantastic.com\/es\/3-dias-2-noches-desde-errachidia-a-merzouga\/\"]}]},{\"@type\":\"BreadcrumbList\",\"@id\":\"https:\/\/merzougafantastic.com\/es\/3-dias-2-noches-desde-errachidia-a-merzouga\/#breadcrumb\",\"itemListElement\":[{\"@type\":\"ListItem\",\"position\":1,\"name\":\"Home\",\"item\":\"https:\/\/merzougafantastic.com\/es\/\"},{\"@type\":\"ListItem\",\"position\":2,\"name\":\"3 d\\u00edas \/ 2 noches desde Errachidia a Merzouga\"}]}]}<\/script>\n<!-- \/ Yoast SEO plugin. -->","yoast_head_json":{"title":"3 d\u00edas \/ 2 noches desde Errachidia a Merzouga - Merzouga Fantastic","robots":{"index":"index","follow":"follow","max-snippet":"max-snippet:-1","max-image-preview":"max-image-preview:large","max-video-preview":"max-video-preview:-1"},"canonical":"https:\/\/merzougafantastic.com\/es\/3-dias-2-noches-desde-errachidia-a-merzouga\/","og_locale":"en_US","og_type":"article","og_title":"3 d\u00edas \/ 2 noches desde Errachidia a Merzouga - Merzouga Fantastic","og_description":"Tour privado en 3 dias y 2 noche desde Errachidia al desierto sahara Merzouga \/ 3 dias y 2 noches desde Errachidia tour por el desierto [\u2026]","og_url":"https:\/\/merzougafantastic.com\/es\/3-dias-2-noches-desde-errachidia-a-merzouga\/","og_site_name":"Merzouga Fantastic","article_modified_time":"2020-04-23T18:40:21+00:00","twitter_card":"summary_large_image","twitter_misc":{"Est. reading time":"2 minutes"},"schema":{"@context":"https:\/\/schema.org","@graph":[{"@type":"WebSite","@id":"https:\/\/merzougafantastic.com\/es\/#website","url":"https:\/\/merzougafantastic.com\/es\/","name":"Merzouga Fantastic","description":"Morocco Private Desert Tours","potentialAction":[{"@type":"SearchAction","target":{"@type":"EntryPoint","urlTemplate":"https:\/\/merzougafantastic.com\/es\/?s={search_term_string}"},"query-input":"required name=search_term_string"}],"inLanguage":"en-US"},{"@type":"WebPage","@id":"https:\/\/merzougafantastic.com\/es\/3-dias-2-noches-desde-errachidia-a-merzouga\/#webpage","url":"https:\/\/merzougafantastic.com\/es\/3-dias-2-noches-desde-errachidia-a-merzouga\/","name":"3 d\u00edas \/ 2 noches desde Errachidia a Merzouga - Merzouga Fantastic","isPartOf":{"@id":"https:\/\/merzougafantastic.com\/es\/#website"},"datePublished":"2020-03-03T10:54:29+00:00","dateModified":"2020-04-23T18:40:21+00:00","breadcrumb":{"@id":"https:\/\/merzougafantastic.com\/es\/3-dias-2-noches-desde-errachidia-a-merzouga\/#breadcrumb"},"inLanguage":"en-US","potentialAction":[{"@type":"ReadAction","target":["https:\/\/merzougafantastic.com\/es\/3-dias-2-noches-desde-errachidia-a-merzouga\/"]}]},{"@type":"BreadcrumbList","@id":"https:\/\/merzougafantastic.com\/es\/3-dias-2-noches-desde-errachidia-a-merzouga\/#breadcrumb","itemListElement":[{"@type":"ListItem","position":1,"name":"Home","item":"https:\/\/merzougafantastic.com\/es\/"},{"@type":"ListItem","position":2,"name":"3 d\u00edas \/ 2 noches desde Errachidia a Merzouga"}]}]}},"_links":{"self":[{"href":"https:\/\/merzougafantastic.com\/es\/wp-json\/wp\/v2\/pages\/251"}],"collection":[{"href":"https:\/\/merzougafantastic.com\/es\/wp-json\/wp\/v2\/pages"}],"about":[{"href":"https:\/\/merzougafantastic.com\/es\/wp-json\/wp\/v2\/types\/page"}],"author":[{"embeddable":true,"href":"https:\/\/merzougafantastic.com\/es\/wp-json\/wp\/v2\/users\/1"}],"replies":[{"embeddable":true,"href":"https:\/\/merzougafantastic.com\/es\/wp-json\/wp\/v2\/comments?post=251"}],"version-history":[{"count":5,"href":"https:\/\/merzougafantastic.com\/es\/wp-json\/wp\/v2\/pages\/251\/revisions"}],"predecessor-version":[{"id":561,"href":"https:\/\/merzougafantastic.com\/es\/wp-json\/wp\/v2\/pages\/251\/revisions\/561"}],"wp:attachment":[{"href":"https:\/\/merzougafantastic.com\/es\/wp-json\/wp\/v2\/media?parent=251"}],"curies":[{"name":"wp","href":"https:\/\/api.w.org\/{rel}","templated":true}]}}