{"id":248,"date":"2020-03-03T10:53:27","date_gmt":"2020-03-03T10:53:27","guid":{"rendered":"https:\/\/merzougafantastic.com\/wp\/?page_id=248"},"modified":"2020-04-23T18:53:32","modified_gmt":"2020-04-23T18:53:32","slug":"7-dias-desde-ouarzazate-a-merzouga-y-essaouira","status":"publish","type":"page","link":"https:\/\/merzougafantastic.com\/es\/7-dias-desde-ouarzazate-a-merzouga-y-essaouira\/","title":{"rendered":"7 d\u00edas desde Ouarzazate a Merzouga y Essaouira"},"content":{"rendered":"<h2 style=\"text-align: center;\"><span style=\"color: #993300;\"><strong>7 dias y 6 noche viaje por la zona del desierto comenzando desde Ouarzazate \/ Conoce Marruecos en tour de 7 dias desde Ouarzazate<\/strong><\/span><\/h2>\n<h4>D\u00cdA 1: OUARZAZATE &#8211; VALLE DEL DRAA &#8211; DESIERTO DE MERZOUGA &#8211; NOCHE EN HAIMAS N\u00d3MADAS<\/h4>\n<p>Llegada al aeropuerto de Ouarzazate donde se realizar\u00e1 nuestra salida hacia el Valle del Draa, donde veremos uno de los r\u00edos m\u00e1s largos de Marruecos. Haremos varias paradas para contemplar las hermosas kasbahs de adobe y los pueblos bereberes que salpican la ruta y las maravillas del valle del Draa. Despu\u00e9s de comer en Nkob o Alnif, seguiremos una ruta de 2 horas hasta llegar a las impresionantes dunas de Merzouga &#8221;Desierto de dunas de arena fina&#8221; donde cambiaremos el coche por otro de tracci\u00f3n animal &#8221;Dromedarios&#8221; para adentrarnos en el coraz\u00f3n de las dunas y contemplar una inolvidable puesta de sol. Llegaremos con los dromedarios al campamento donde nos alojaremos en Haimas, tiendas de campa\u00f1a hechas de pelo de dromedario como las que usan los n\u00f3madas del desierto. Cena y alojamiento en Haimas en el coraz\u00f3n del desierto bajo un espectacular manto de estrellas.<\/p>\n<h4>DIA 2: DESIERTO DE MERZOUGA &#8211; FAMILIAS N\u00d3MADAS &#8211; PUEBLO DE KHAMLIA &#8211; REGRESO DE ERG CHEBBI<\/h4>\n<p>Hoy ser\u00e1 un d\u00eda de Desierto Total. Nos levantaremos antes del amanecer para ver el amanecer desde la Gran Duna. Regreso en camellos a la aldea de Merzouga. Despu\u00e9s de un copioso y rico desayuno, rodearemos las dunas de Erg Chebbi, un tramo de desierto de arena donde se encuentra la Gran Duna de Marruecos, de m\u00e1s de 250 metros de altura, y conectaremos por pista con parte de la ruta seguida por el antiguo Par\u00eds-Dakar y con las monta\u00f1as que limitan con Argelia al fondo. Nos detendremos en el oasis de Tissardmine donde podemos encontrar razas f\u00f3siles que a\u00fan se encuentran en esta regi\u00f3n y seguiremos la ruta hacia un asentamiento n\u00f3mada donde aprenderemos algunos de sus secretos y costumbres. M\u00e1s tarde nos detendremos en un punto panor\u00e1mico donde podremos contemplar el Erg Chebbi en su conjunto. Llegaremos al pueblo de Khamlia, originario de Mali, donde nos relajaremos con una taza de t\u00e9 mientras disfrutamos de un peque\u00f1o concierto de m\u00fasica espiritual de los Gnawa. Regreso al hotel y tarde libre para pasear por el pueblo o subir a las dunas cercanas para disfrutar de la puesta de sol. Cena y alojamiento en el hotel.<\/p>\n<h4>D\u00cdA 3: DESIERTO DE MERZOUGA &#8211; MERCADO DE RISSANI &#8211; GARGANTAS DEL TODRA &#8211; VALLE DEL DADES<\/h4>\n<p>Despu\u00e9s de un delicioso desayuno, nos despediremos del desierto y saldremos hacia Rissani donde visitaremos su mercado (si tenemos suerte y ser\u00e1 uno de los d\u00edas de mercado: martes, jueves o domingo), seguiremos el camino hacia Erfoud donde tendr\u00e1n la posibilidad de visitar la f\u00e1brica de m\u00e1rmol fosilizado antes de continuar hacia los palmerales de Touroug y Tinjdad. Una hora m\u00e1s tarde llegaremos a uno de los puntos m\u00e1s fuertes del Alto Atlas: Las Gargantas del Todra. El cauce del r\u00edo Todra ha formado un desfiladero con paredes verticales de enormes proporciones y de gran belleza, es un para\u00edso para los escaladores y un lugar \u00fanico. Se recomienda un almuerzo en el lugar y una caminata de media hora para ver y disfrutar de las Gargantas en detalle. Por la tarde continuaremos hacia el Valle del Dades, tambi\u00e9n conocido como el Valle de las Higos por las numerosas higueras que se encuentran en este valle. Pasando por Boumalne Dades nos detendremos en las &#8221;patas de mono&#8221; Cena y noche en las Gargantas del Dades.<\/p>\n<h4>D\u00cdA 4: VALLE DEL DADES &#8211; VALLE DE LAS ROSAS &#8211; PALMERAL DE SKOURA &#8211; ALTO ATLAS &#8211; MARRAKECH<\/h4>\n<p>Despu\u00e9s del desayuno, podemos disfrutar de una de las mejores vistas del Valle de Dad\u00e9s. Lo haremos desde uno de los lugares m\u00e1s estrat\u00e9gicos que nos ofrecen las monta\u00f1as. Desde all\u00ed podremos observar la cantidad de kasbahs que hay y lo pintoresco de cada una de ellas. Despu\u00e9s de varias paradas para disfrutar de la ruta de las Mil Kasbahs, el Valle de las Rosas y el gran palmeral de Skoura, llegaremos a Ouarzazate y visitaremos la Kasbah de Taourirt, antigua residencia del Glaoui o Pasha de Marrakech, Estudios del Cine y Museo del Cine si est\u00e1n interesados. Almuerzo en el pueblo y por la tarde saldremos de nuevo a Marrakech cruzando el puerto de monta\u00f1a de Tizi N&#8217;Tichka con paradas para tomar fotos. Aqu\u00ed dejaremos atr\u00e1s el paisaje lunar que dar\u00e1 paso a los colores verdes, ocres, etc. predominantes. Llegada a Marrakech, fin de nuestros servicios.<\/p>\n<h4>D\u00cdA 5: MARRAKECH<\/h4>\n<p>Un d\u00eda en Marrakech con un gu\u00eda local. D\u00e9jese llevar por el carisma de la ciudad roja, es una de las ciudades m\u00e1s importantes de Marruecos. La ciudad cuenta con el mercado tradicional m\u00e1s grande del pa\u00eds y una de las plazas m\u00e1s concurridas de \u00c1frica y del mundo, Jema el Fna, []disfrute de sus sentidos dej\u00e1ndose llevar por una amalgama irrepetible de aromas, sonidos y sensaciones. La ciudad tambi\u00e9n tiene muchos lugares por los que pasear y disfrutar: los Jardines Majorelle, la Menara, las Tumbas Saadies, los paseos por la medina o la Mellah (el antiguo barrio jud\u00edo), el recorrido de las murallas. Tarde libre en Marrakech para disfrutar de su Medina. Cena y alojamiento en el Riad<\/p>\n<h4>D\u00cdA 6: MARRAKECH &#8211; ESSAUOIRA &#8211; MARRAKECH<\/h4>\n<p>Salida a las 8 a.m. del Riad seleccionado. Despu\u00e9s de unas 3 horas, llegamos a Essaouira, nos dirigimos al antiguo puerto de Mogador, construido por los portugueses en una estrecha pen\u00ednsula junto a una enorme media luna de arena fina. Perfectamente resguardada por sus impresionantes murallas de construcci\u00f3n francesa del siglo XVIII, la ciudad es en gran parte peatonal y est\u00e1 dividida en diferentes barrios por su patr\u00f3n de cuadr\u00edcula. Desde lo alto de la Skala se puede ver el colorido puerto pesquero, las fortalezas y los ca\u00f1ones espa\u00f1oles.<br \/>\nEssaouira tambi\u00e9n es famosa por su refinada artesan\u00eda, especialmente los objetos hechos de madera de lim\u00f3n, \u00e9bano, n\u00e1car o alambre de cobre o plata. Si le gusta el pescado, disfrutar\u00e1 de una sabrosa comida en el puerto. Por la tarde regreso a Marrakech, cena y alojamiento en el Riad<\/p>\n<h4>D\u00cdA 7: MARRAKECH &#8211; AEROPUERTO<\/h4>\n<p>Desayuno y ma\u00f1ana libre hasta la hora acordada, traslado al aeropuerto donde le acompa\u00f1aremos a facturar su equipaje y le mostraremos la puerta de embarque, aqu\u00ed terminan nuestros servicios y termina el viaje.<\/p>\n","protected":false},"excerpt":{"rendered":"<p>7 dias y 6 noche viaje por la zona del desierto comenzando desde Ouarzazate \/ Conoce Marruecos en tour de 7 dias desde Ouarzazate D\u00cdA 1:<span class=\"excerpt-hellip\"> [\u2026]<\/span><\/p>\n","protected":false},"author":1,"featured_media":0,"parent":0,"menu_order":0,"comment_status":"closed","ping_status":"closed","template":"","meta":{"ngg_post_thumbnail":0},"yoast_head":"<!-- This site is optimized with the Yoast SEO plugin v17.3 - https:\/\/yoast.com\/wordpress\/plugins\/seo\/ -->\n<title>7 d\u00edas desde Ouarzazate a Merzouga y Essaouira - Merzouga Fantastic<\/title>\n<meta name=\"robots\" content=\"index, follow, max-snippet:-1, max-image-preview:large, max-video-preview:-1\" \/>\n<link rel=\"canonical\" href=\"https:\/\/merzougafantastic.com\/es\/7-dias-desde-ouarzazate-a-merzouga-y-essaouira\/\" \/>\n<meta property=\"og:locale\" content=\"en_US\" \/>\n<meta property=\"og:type\" content=\"article\" \/>\n<meta property=\"og:title\" content=\"7 d\u00edas desde Ouarzazate a Merzouga y Essaouira - Merzouga Fantastic\" \/>\n<meta property=\"og:description\" content=\"7 dias y 6 noche viaje por la zona del desierto comenzando desde Ouarzazate \/ Conoce Marruecos en tour de 7 dias desde Ouarzazate D\u00cdA 1: [\u2026]\" \/>\n<meta property=\"og:url\" content=\"https:\/\/merzougafantastic.com\/es\/7-dias-desde-ouarzazate-a-merzouga-y-essaouira\/\" \/>\n<meta property=\"og:site_name\" content=\"Merzouga Fantastic\" \/>\n<meta property=\"article:modified_time\" content=\"2020-04-23T18:53:32+00:00\" \/>\n<meta name=\"twitter:card\" content=\"summary_large_image\" \/>\n<meta name=\"twitter:label1\" content=\"Est. reading time\" \/>\n\t<meta name=\"twitter:data1\" content=\"6 minutes\" \/>\n<script type=\"application\/ld+json\" class=\"yoast-schema-graph\">{\"@context\":\"https:\/\/schema.org\",\"@graph\":[{\"@type\":\"WebSite\",\"@id\":\"https:\/\/merzougafantastic.com\/es\/#website\",\"url\":\"https:\/\/merzougafantastic.com\/es\/\",\"name\":\"Merzouga Fantastic\",\"description\":\"Morocco Private Desert Tours\",\"potentialAction\":[{\"@type\":\"SearchAction\",\"target\":{\"@type\":\"EntryPoint\",\"urlTemplate\":\"https:\/\/merzougafantastic.com\/es\/?s={search_term_string}\"},\"query-input\":\"required name=search_term_string\"}],\"inLanguage\":\"en-US\"},{\"@type\":\"WebPage\",\"@id\":\"https:\/\/merzougafantastic.com\/es\/7-dias-desde-ouarzazate-a-merzouga-y-essaouira\/#webpage\",\"url\":\"https:\/\/merzougafantastic.com\/es\/7-dias-desde-ouarzazate-a-merzouga-y-essaouira\/\",\"name\":\"7 d\\u00edas desde Ouarzazate a Merzouga y Essaouira - Merzouga Fantastic\",\"isPartOf\":{\"@id\":\"https:\/\/merzougafantastic.com\/es\/#website\"},\"datePublished\":\"2020-03-03T10:53:27+00:00\",\"dateModified\":\"2020-04-23T18:53:32+00:00\",\"breadcrumb\":{\"@id\":\"https:\/\/merzougafantastic.com\/es\/7-dias-desde-ouarzazate-a-merzouga-y-essaouira\/#breadcrumb\"},\"inLanguage\":\"en-US\",\"potentialAction\":[{\"@type\":\"ReadAction\",\"target\":[\"https:\/\/merzougafantastic.com\/es\/7-dias-desde-ouarzazate-a-merzouga-y-essaouira\/\"]}]},{\"@type\":\"BreadcrumbList\",\"@id\":\"https:\/\/merzougafantastic.com\/es\/7-dias-desde-ouarzazate-a-merzouga-y-essaouira\/#breadcrumb\",\"itemListElement\":[{\"@type\":\"ListItem\",\"position\":1,\"name\":\"Home\",\"item\":\"https:\/\/merzougafantastic.com\/es\/\"},{\"@type\":\"ListItem\",\"position\":2,\"name\":\"7 d\\u00edas desde Ouarzazate a Merzouga y Essaouira\"}]}]}<\/script>\n<!-- \/ Yoast SEO plugin. -->","yoast_head_json":{"title":"7 d\u00edas desde Ouarzazate a Merzouga y Essaouira - Merzouga Fantastic","robots":{"index":"index","follow":"follow","max-snippet":"max-snippet:-1","max-image-preview":"max-image-preview:large","max-video-preview":"max-video-preview:-1"},"canonical":"https:\/\/merzougafantastic.com\/es\/7-dias-desde-ouarzazate-a-merzouga-y-essaouira\/","og_locale":"en_US","og_type":"article","og_title":"7 d\u00edas desde Ouarzazate a Merzouga y Essaouira - Merzouga Fantastic","og_description":"7 dias y 6 noche viaje por la zona del desierto comenzando desde Ouarzazate \/ Conoce Marruecos en tour de 7 dias desde Ouarzazate D\u00cdA 1: [\u2026]","og_url":"https:\/\/merzougafantastic.com\/es\/7-dias-desde-ouarzazate-a-merzouga-y-essaouira\/","og_site_name":"Merzouga Fantastic","article_modified_time":"2020-04-23T18:53:32+00:00","twitter_card":"summary_large_image","twitter_misc":{"Est. reading time":"6 minutes"},"schema":{"@context":"https:\/\/schema.org","@graph":[{"@type":"WebSite","@id":"https:\/\/merzougafantastic.com\/es\/#website","url":"https:\/\/merzougafantastic.com\/es\/","name":"Merzouga Fantastic","description":"Morocco Private Desert Tours","potentialAction":[{"@type":"SearchAction","target":{"@type":"EntryPoint","urlTemplate":"https:\/\/merzougafantastic.com\/es\/?s={search_term_string}"},"query-input":"required name=search_term_string"}],"inLanguage":"en-US"},{"@type":"WebPage","@id":"https:\/\/merzougafantastic.com\/es\/7-dias-desde-ouarzazate-a-merzouga-y-essaouira\/#webpage","url":"https:\/\/merzougafantastic.com\/es\/7-dias-desde-ouarzazate-a-merzouga-y-essaouira\/","name":"7 d\u00edas desde Ouarzazate a Merzouga y Essaouira - Merzouga Fantastic","isPartOf":{"@id":"https:\/\/merzougafantastic.com\/es\/#website"},"datePublished":"2020-03-03T10:53:27+00:00","dateModified":"2020-04-23T18:53:32+00:00","breadcrumb":{"@id":"https:\/\/merzougafantastic.com\/es\/7-dias-desde-ouarzazate-a-merzouga-y-essaouira\/#breadcrumb"},"inLanguage":"en-US","potentialAction":[{"@type":"ReadAction","target":["https:\/\/merzougafantastic.com\/es\/7-dias-desde-ouarzazate-a-merzouga-y-essaouira\/"]}]},{"@type":"BreadcrumbList","@id":"https:\/\/merzougafantastic.com\/es\/7-dias-desde-ouarzazate-a-merzouga-y-essaouira\/#breadcrumb","itemListElement":[{"@type":"ListItem","position":1,"name":"Home","item":"https:\/\/merzougafantastic.com\/es\/"},{"@type":"ListItem","position":2,"name":"7 d\u00edas desde Ouarzazate a Merzouga y Essaouira"}]}]}},"_links":{"self":[{"href":"https:\/\/merzougafantastic.com\/es\/wp-json\/wp\/v2\/pages\/248"}],"collection":[{"href":"https:\/\/merzougafantastic.com\/es\/wp-json\/wp\/v2\/pages"}],"about":[{"href":"https:\/\/merzougafantastic.com\/es\/wp-json\/wp\/v2\/types\/page"}],"author":[{"embeddable":true,"href":"https:\/\/merzougafantastic.com\/es\/wp-json\/wp\/v2\/users\/1"}],"replies":[{"embeddable":true,"href":"https:\/\/merzougafantastic.com\/es\/wp-json\/wp\/v2\/comments?post=248"}],"version-history":[{"count":6,"href":"https:\/\/merzougafantastic.com\/es\/wp-json\/wp\/v2\/pages\/248\/revisions"}],"predecessor-version":[{"id":560,"href":"https:\/\/merzougafantastic.com\/es\/wp-json\/wp\/v2\/pages\/248\/revisions\/560"}],"wp:attachment":[{"href":"https:\/\/merzougafantastic.com\/es\/wp-json\/wp\/v2\/media?parent=248"}],"curies":[{"name":"wp","href":"https:\/\/api.w.org\/{rel}","templated":true}]}}