{"id":245,"date":"2020-03-03T10:52:30","date_gmt":"2020-03-03T10:52:30","guid":{"rendered":"https:\/\/merzougafantastic.com\/wp\/?page_id=245"},"modified":"2020-04-23T18:48:05","modified_gmt":"2020-04-23T18:48:05","slug":"4-dias-desde-ouarzazate-visita-a-las-kasbahs","status":"publish","type":"page","link":"https:\/\/merzougafantastic.com\/es\/4-dias-desde-ouarzazate-visita-a-las-kasbahs\/","title":{"rendered":"4 d\u00edas desde Ouarzazate, visita a las kasbahs"},"content":{"rendered":"<h2 style=\"text-align: center;\"><span style=\"color: #993300;\"><strong>4 dias sahara tours 4&#215;4 desde Ouarzazate al desierto sahara Merzouga \/ Excursion por la zona del desierto y noche en campamento lujo<\/strong><\/span><\/h2>\n<h4>D\u00eda 1: Ouarzazate &#8211; Valle del Draa &#8211; Zagora<\/h4>\n<p>Despu\u00e9s del desayuno, salida hacia Agdez a trav\u00e9s del Anti-Atlas (con una altitud de 1660m) y luego continuar hacia Zagora por el valle del Draa, con sus procesiones de palmeras pasando por muchos pueblos t\u00edpicos bereberes antes de llegar a Zagora donde almorzaremos. Por la tarde, visitaremos una antigua biblioteca cor\u00e1nica, los artesanos de la cer\u00e1mica y las dunas de Tinfou para ver la puesta de sol antes de regresar a Zagora para cenar y pasar la noche en el hotel.<\/p>\n<h4>D\u00eda 2: Zagora &#8211; M&#8217;harech<\/h4>\n<p>Despu\u00e9s del desayuno, continuaremos nuestro recorrido por la carretera Par\u00eds-Dakar, que conduce al pueblo de M&#8217;harech donde nos detendremos a almorzar antes de pasar por el paso de Tizi-N-Tifilalet, las hamadas y la meseta des\u00e9rtica que bordea Argelia. Cena y noche en una sencilla pero aceptable posada.<\/p>\n<h4>D\u00eda 3: M&#8217;harech &#8211; Ramlia &#8211; Ouzina &#8211; Taouz &#8211; Khamlia &#8211; Merzouga<\/h4>\n<p>Despu\u00e9s del desayuno, salimos hacia la arena del Oued Ghris, pasando por los pueblos que se pierden en el desierto de Ramlia y Ouzina (almuerzo en el camino). Luego saldremos hacia Taouz con su roca grabada al pueblo de Gnaoua llamado Khamlia antes de seguir el camino de las incre\u00edbles dunas de Erg Chebbi en Merzouga.<br \/>\nCambiaremos nuestro veh\u00edculo de camellos para admirar la puesta de sol y pasar la noche entre las dunas. Cena y noche en tiendas de campa\u00f1a.<\/p>\n<h4>D\u00eda 4: Merzouga &#8211; Rissani &#8211; Erfoud &#8211; Tinghir &#8211; gargantas del Todra &#8211; Boumalne &#8211; Kalaat Mgouna &#8211; Skoura &#8211; Ouarzazate.<\/h4>\n<p>Nos levantaremos temprano por la ma\u00f1ana para ver el amanecer detr\u00e1s de las dunas antes de volver en camello para el desayuno. Nuestro recorrido contin\u00faa a trav\u00e9s del enorme palmeral de Tafilalet pasando por la ciudad de Rissani (antigua capital de los sultanes alauitas y el gran zoco del sur) pasando por el pueblo de Erfoud para tomar la carretera de las gargantas del Todra donde almorzaremos. Luego iremos a trav\u00e9s de los palmerales de Tinjdad a Boumalne v\u00eda Kalaat M&#8217;gouna y Skoura que incluye una visita a la kasbah de Amredhyle antes de conducir a Ouarzazate donde termina nuestro viaje.<\/p>\n","protected":false},"excerpt":{"rendered":"<p>4 dias sahara tours 4&#215;4 desde Ouarzazate al desierto sahara Merzouga \/ Excursion por la zona del desierto y noche en campamento lujo D\u00eda 1: Ouarzazate<span class=\"excerpt-hellip\"> [\u2026]<\/span><\/p>\n","protected":false},"author":1,"featured_media":0,"parent":0,"menu_order":0,"comment_status":"closed","ping_status":"closed","template":"","meta":{"ngg_post_thumbnail":0},"yoast_head":"<!-- This site is optimized with the Yoast SEO plugin v17.3 - https:\/\/yoast.com\/wordpress\/plugins\/seo\/ -->\n<title>4 d\u00edas desde Ouarzazate, visita a las kasbahs - Merzouga Fantastic<\/title>\n<meta name=\"robots\" content=\"index, follow, max-snippet:-1, max-image-preview:large, max-video-preview:-1\" \/>\n<link rel=\"canonical\" href=\"https:\/\/merzougafantastic.com\/es\/4-dias-desde-ouarzazate-visita-a-las-kasbahs\/\" \/>\n<meta property=\"og:locale\" content=\"en_US\" \/>\n<meta property=\"og:type\" content=\"article\" \/>\n<meta property=\"og:title\" content=\"4 d\u00edas desde Ouarzazate, visita a las kasbahs - Merzouga Fantastic\" \/>\n<meta property=\"og:description\" content=\"4 dias sahara tours 4&#215;4 desde Ouarzazate al desierto sahara Merzouga \/ Excursion por la zona del desierto y noche en campamento lujo D\u00eda 1: Ouarzazate [\u2026]\" \/>\n<meta property=\"og:url\" content=\"https:\/\/merzougafantastic.com\/es\/4-dias-desde-ouarzazate-visita-a-las-kasbahs\/\" \/>\n<meta property=\"og:site_name\" content=\"Merzouga Fantastic\" \/>\n<meta property=\"article:modified_time\" content=\"2020-04-23T18:48:05+00:00\" \/>\n<meta name=\"twitter:card\" content=\"summary_large_image\" \/>\n<meta name=\"twitter:label1\" content=\"Est. reading time\" \/>\n\t<meta name=\"twitter:data1\" content=\"2 minutes\" \/>\n<script type=\"application\/ld+json\" class=\"yoast-schema-graph\">{\"@context\":\"https:\/\/schema.org\",\"@graph\":[{\"@type\":\"WebSite\",\"@id\":\"https:\/\/merzougafantastic.com\/es\/#website\",\"url\":\"https:\/\/merzougafantastic.com\/es\/\",\"name\":\"Merzouga Fantastic\",\"description\":\"Morocco Private Desert Tours\",\"potentialAction\":[{\"@type\":\"SearchAction\",\"target\":{\"@type\":\"EntryPoint\",\"urlTemplate\":\"https:\/\/merzougafantastic.com\/es\/?s={search_term_string}\"},\"query-input\":\"required name=search_term_string\"}],\"inLanguage\":\"en-US\"},{\"@type\":\"WebPage\",\"@id\":\"https:\/\/merzougafantastic.com\/es\/4-dias-desde-ouarzazate-visita-a-las-kasbahs\/#webpage\",\"url\":\"https:\/\/merzougafantastic.com\/es\/4-dias-desde-ouarzazate-visita-a-las-kasbahs\/\",\"name\":\"4 d\\u00edas desde Ouarzazate, visita a las kasbahs - Merzouga Fantastic\",\"isPartOf\":{\"@id\":\"https:\/\/merzougafantastic.com\/es\/#website\"},\"datePublished\":\"2020-03-03T10:52:30+00:00\",\"dateModified\":\"2020-04-23T18:48:05+00:00\",\"breadcrumb\":{\"@id\":\"https:\/\/merzougafantastic.com\/es\/4-dias-desde-ouarzazate-visita-a-las-kasbahs\/#breadcrumb\"},\"inLanguage\":\"en-US\",\"potentialAction\":[{\"@type\":\"ReadAction\",\"target\":[\"https:\/\/merzougafantastic.com\/es\/4-dias-desde-ouarzazate-visita-a-las-kasbahs\/\"]}]},{\"@type\":\"BreadcrumbList\",\"@id\":\"https:\/\/merzougafantastic.com\/es\/4-dias-desde-ouarzazate-visita-a-las-kasbahs\/#breadcrumb\",\"itemListElement\":[{\"@type\":\"ListItem\",\"position\":1,\"name\":\"Home\",\"item\":\"https:\/\/merzougafantastic.com\/es\/\"},{\"@type\":\"ListItem\",\"position\":2,\"name\":\"4 d\\u00edas desde Ouarzazate, visita a las kasbahs\"}]}]}<\/script>\n<!-- \/ Yoast SEO plugin. -->","yoast_head_json":{"title":"4 d\u00edas desde Ouarzazate, visita a las kasbahs - Merzouga Fantastic","robots":{"index":"index","follow":"follow","max-snippet":"max-snippet:-1","max-image-preview":"max-image-preview:large","max-video-preview":"max-video-preview:-1"},"canonical":"https:\/\/merzougafantastic.com\/es\/4-dias-desde-ouarzazate-visita-a-las-kasbahs\/","og_locale":"en_US","og_type":"article","og_title":"4 d\u00edas desde Ouarzazate, visita a las kasbahs - Merzouga Fantastic","og_description":"4 dias sahara tours 4&#215;4 desde Ouarzazate al desierto sahara Merzouga \/ Excursion por la zona del desierto y noche en campamento lujo D\u00eda 1: Ouarzazate [\u2026]","og_url":"https:\/\/merzougafantastic.com\/es\/4-dias-desde-ouarzazate-visita-a-las-kasbahs\/","og_site_name":"Merzouga Fantastic","article_modified_time":"2020-04-23T18:48:05+00:00","twitter_card":"summary_large_image","twitter_misc":{"Est. reading time":"2 minutes"},"schema":{"@context":"https:\/\/schema.org","@graph":[{"@type":"WebSite","@id":"https:\/\/merzougafantastic.com\/es\/#website","url":"https:\/\/merzougafantastic.com\/es\/","name":"Merzouga Fantastic","description":"Morocco Private Desert Tours","potentialAction":[{"@type":"SearchAction","target":{"@type":"EntryPoint","urlTemplate":"https:\/\/merzougafantastic.com\/es\/?s={search_term_string}"},"query-input":"required name=search_term_string"}],"inLanguage":"en-US"},{"@type":"WebPage","@id":"https:\/\/merzougafantastic.com\/es\/4-dias-desde-ouarzazate-visita-a-las-kasbahs\/#webpage","url":"https:\/\/merzougafantastic.com\/es\/4-dias-desde-ouarzazate-visita-a-las-kasbahs\/","name":"4 d\u00edas desde Ouarzazate, visita a las kasbahs - Merzouga Fantastic","isPartOf":{"@id":"https:\/\/merzougafantastic.com\/es\/#website"},"datePublished":"2020-03-03T10:52:30+00:00","dateModified":"2020-04-23T18:48:05+00:00","breadcrumb":{"@id":"https:\/\/merzougafantastic.com\/es\/4-dias-desde-ouarzazate-visita-a-las-kasbahs\/#breadcrumb"},"inLanguage":"en-US","potentialAction":[{"@type":"ReadAction","target":["https:\/\/merzougafantastic.com\/es\/4-dias-desde-ouarzazate-visita-a-las-kasbahs\/"]}]},{"@type":"BreadcrumbList","@id":"https:\/\/merzougafantastic.com\/es\/4-dias-desde-ouarzazate-visita-a-las-kasbahs\/#breadcrumb","itemListElement":[{"@type":"ListItem","position":1,"name":"Home","item":"https:\/\/merzougafantastic.com\/es\/"},{"@type":"ListItem","position":2,"name":"4 d\u00edas desde Ouarzazate, visita a las kasbahs"}]}]}},"_links":{"self":[{"href":"https:\/\/merzougafantastic.com\/es\/wp-json\/wp\/v2\/pages\/245"}],"collection":[{"href":"https:\/\/merzougafantastic.com\/es\/wp-json\/wp\/v2\/pages"}],"about":[{"href":"https:\/\/merzougafantastic.com\/es\/wp-json\/wp\/v2\/types\/page"}],"author":[{"embeddable":true,"href":"https:\/\/merzougafantastic.com\/es\/wp-json\/wp\/v2\/users\/1"}],"replies":[{"embeddable":true,"href":"https:\/\/merzougafantastic.com\/es\/wp-json\/wp\/v2\/comments?post=245"}],"version-history":[{"count":6,"href":"https:\/\/merzougafantastic.com\/es\/wp-json\/wp\/v2\/pages\/245\/revisions"}],"predecessor-version":[{"id":558,"href":"https:\/\/merzougafantastic.com\/es\/wp-json\/wp\/v2\/pages\/245\/revisions\/558"}],"wp:attachment":[{"href":"https:\/\/merzougafantastic.com\/es\/wp-json\/wp\/v2\/media?parent=245"}],"curies":[{"name":"wp","href":"https:\/\/api.w.org\/{rel}","templated":true}]}}