{"id":243,"date":"2020-03-03T10:51:28","date_gmt":"2020-03-03T10:51:28","guid":{"rendered":"https:\/\/merzougafantastic.com\/wp\/?page_id=243"},"modified":"2020-04-23T18:39:24","modified_gmt":"2020-04-23T18:39:24","slug":"3-dias-desde-ouarzazate-a-ouarzazate-y-merzouga","status":"publish","type":"page","link":"https:\/\/merzougafantastic.com\/es\/3-dias-desde-ouarzazate-a-ouarzazate-y-merzouga\/","title":{"rendered":"3 d\u00edas desde Ouarzazate a Ouarzazate y Merzouga"},"content":{"rendered":"<h2 style=\"text-align: center;\"><span style=\"color: #993300;\"><strong>Tour de 3 dias y 2 noches desde Ouarzazate al desierto sahara Merzouga \/ Viaje al desierto erg chebi desde Ouarzazate<\/strong><\/span><\/h2>\n<h4>D\u00eda 1: Ouarzazate &#8211; Skoura &#8211; Kellat M&#8217;Gouna &#8211; Valle de las Rosas &#8211; Gargantas del Dades &#8211; Boulmane &#8211; Gargantas del Todra<\/h4>\n<p>El viaje a Marruecos comienza en Ouarzazate alrededor de las 7:30 de la ma\u00f1ana hasta Skoura donde haremos una r\u00e1pida visita de 20 minutos a la Kasbah de Amredhyle, una de las maravillas del sur de la &#8220;Ruta de las mil kasbahs&#8221;. Continuaremos nuestro viaje a trav\u00e9s del Valle de las Rosas, donde cruzaremos 50 km de pistas off-road en el Valle. Visita a la Kasbah de Ait Youl. Antes de dirigirnos a Boulmane, almorzaremos en la cima de las Gargantas del Dades, llegando a Tinghir y, 20 km despu\u00e9s, a sus fabulosas vistas, y a las Gargantas del Ca\u00f1\u00f3n del Todra.<\/p>\n<h4>D\u00eda 2 : Gargantas de Toudra &#8211; Tinjdad &#8211; Touroug &#8211; Erfoud &#8211; Merzouga<\/h4>\n<p>Caminata matutina por las plantaciones de palmeras de Tinerghir. Nos dirigimos a Tinjedad para almorzar y visitar las plantaciones de palma de Touroug llegando al pueblo de Erfoud para visitar un taller de artesan\u00eda de f\u00f3siles locales. Continuamos hacia las fascinantes dunas de Erg Chebbi, las dunas de Merzouga. Ahora pasamos de nuestro 4\u00d74 a los dromedarios, donde le llevar\u00e1n a dar un paseo en camello por el desierto para disfrutar de la puesta de sol en las dunas y pasar la noche en un aut\u00e9ntico vivac n\u00f3mada. Cena y alojamiento en un vivac en tiendas n\u00f3madas bereberes en medio de las dunas de Merzouga.<\/p>\n<h4>D\u00eda 3 : Merzouga &#8211; Rissani &#8211; Alnif &#8211; Tazarine &#8211; Valle del Draa &#8211; Agdz &#8211; Ouarzazate<\/h4>\n<p>Salida temprano en la ma\u00f1ana para disfrutar del amanecer en el desierto del Sahara, paseo en camello de vuelta al hotel donde est\u00e1n estacionados los 4\u00d74. Desayuno y salida hacia la plantaci\u00f3n de palmeras de Tafilalet pasando por Rissani, la antigua capital alau\u00ed del Sahara por los antiguos sultanes alau\u00edes. Camino a Alnif donde el almuerzo est\u00e1 esperando. Visita a Tazzarine, Tansihkt y el oasis de Nkob. Camino a Ouarzazate a trav\u00e9s del valle del Draa y el pueblo bereber de Agdz en el paso de Ait Saoun a 1660m de altitud. Llegada a Ouarzazate.<\/p>\n","protected":false},"excerpt":{"rendered":"<p>Tour de 3 dias y 2 noches desde Ouarzazate al desierto sahara Merzouga \/ Viaje al desierto erg chebi desde Ouarzazate D\u00eda 1: Ouarzazate &#8211; Skoura<span class=\"excerpt-hellip\"> [\u2026]<\/span><\/p>\n","protected":false},"author":1,"featured_media":0,"parent":0,"menu_order":0,"comment_status":"closed","ping_status":"closed","template":"","meta":{"ngg_post_thumbnail":0},"yoast_head":"<!-- This site is optimized with the Yoast SEO plugin v17.3 - https:\/\/yoast.com\/wordpress\/plugins\/seo\/ -->\n<title>3 d\u00edas desde Ouarzazate a Ouarzazate y Merzouga - Merzouga Fantastic<\/title>\n<meta name=\"robots\" content=\"index, follow, max-snippet:-1, max-image-preview:large, max-video-preview:-1\" \/>\n<link rel=\"canonical\" href=\"https:\/\/merzougafantastic.com\/es\/3-dias-desde-ouarzazate-a-ouarzazate-y-merzouga\/\" \/>\n<meta property=\"og:locale\" content=\"en_US\" \/>\n<meta property=\"og:type\" content=\"article\" \/>\n<meta property=\"og:title\" content=\"3 d\u00edas desde Ouarzazate a Ouarzazate y Merzouga - Merzouga Fantastic\" \/>\n<meta property=\"og:description\" content=\"Tour de 3 dias y 2 noches desde Ouarzazate al desierto sahara Merzouga \/ Viaje al desierto erg chebi desde Ouarzazate D\u00eda 1: Ouarzazate &#8211; Skoura [\u2026]\" \/>\n<meta property=\"og:url\" content=\"https:\/\/merzougafantastic.com\/es\/3-dias-desde-ouarzazate-a-ouarzazate-y-merzouga\/\" \/>\n<meta property=\"og:site_name\" content=\"Merzouga Fantastic\" \/>\n<meta property=\"article:modified_time\" content=\"2020-04-23T18:39:24+00:00\" \/>\n<meta name=\"twitter:card\" content=\"summary_large_image\" \/>\n<meta name=\"twitter:label1\" content=\"Est. reading time\" \/>\n\t<meta name=\"twitter:data1\" content=\"2 minutes\" \/>\n<script type=\"application\/ld+json\" class=\"yoast-schema-graph\">{\"@context\":\"https:\/\/schema.org\",\"@graph\":[{\"@type\":\"WebSite\",\"@id\":\"https:\/\/merzougafantastic.com\/es\/#website\",\"url\":\"https:\/\/merzougafantastic.com\/es\/\",\"name\":\"Merzouga Fantastic\",\"description\":\"Morocco Private Desert Tours\",\"potentialAction\":[{\"@type\":\"SearchAction\",\"target\":{\"@type\":\"EntryPoint\",\"urlTemplate\":\"https:\/\/merzougafantastic.com\/es\/?s={search_term_string}\"},\"query-input\":\"required name=search_term_string\"}],\"inLanguage\":\"en-US\"},{\"@type\":\"WebPage\",\"@id\":\"https:\/\/merzougafantastic.com\/es\/3-dias-desde-ouarzazate-a-ouarzazate-y-merzouga\/#webpage\",\"url\":\"https:\/\/merzougafantastic.com\/es\/3-dias-desde-ouarzazate-a-ouarzazate-y-merzouga\/\",\"name\":\"3 d\\u00edas desde Ouarzazate a Ouarzazate y Merzouga - Merzouga Fantastic\",\"isPartOf\":{\"@id\":\"https:\/\/merzougafantastic.com\/es\/#website\"},\"datePublished\":\"2020-03-03T10:51:28+00:00\",\"dateModified\":\"2020-04-23T18:39:24+00:00\",\"breadcrumb\":{\"@id\":\"https:\/\/merzougafantastic.com\/es\/3-dias-desde-ouarzazate-a-ouarzazate-y-merzouga\/#breadcrumb\"},\"inLanguage\":\"en-US\",\"potentialAction\":[{\"@type\":\"ReadAction\",\"target\":[\"https:\/\/merzougafantastic.com\/es\/3-dias-desde-ouarzazate-a-ouarzazate-y-merzouga\/\"]}]},{\"@type\":\"BreadcrumbList\",\"@id\":\"https:\/\/merzougafantastic.com\/es\/3-dias-desde-ouarzazate-a-ouarzazate-y-merzouga\/#breadcrumb\",\"itemListElement\":[{\"@type\":\"ListItem\",\"position\":1,\"name\":\"Home\",\"item\":\"https:\/\/merzougafantastic.com\/es\/\"},{\"@type\":\"ListItem\",\"position\":2,\"name\":\"3 d\\u00edas desde Ouarzazate a Ouarzazate y Merzouga\"}]}]}<\/script>\n<!-- \/ Yoast SEO plugin. -->","yoast_head_json":{"title":"3 d\u00edas desde Ouarzazate a Ouarzazate y Merzouga - Merzouga Fantastic","robots":{"index":"index","follow":"follow","max-snippet":"max-snippet:-1","max-image-preview":"max-image-preview:large","max-video-preview":"max-video-preview:-1"},"canonical":"https:\/\/merzougafantastic.com\/es\/3-dias-desde-ouarzazate-a-ouarzazate-y-merzouga\/","og_locale":"en_US","og_type":"article","og_title":"3 d\u00edas desde Ouarzazate a Ouarzazate y Merzouga - Merzouga Fantastic","og_description":"Tour de 3 dias y 2 noches desde Ouarzazate al desierto sahara Merzouga \/ Viaje al desierto erg chebi desde Ouarzazate D\u00eda 1: Ouarzazate &#8211; Skoura [\u2026]","og_url":"https:\/\/merzougafantastic.com\/es\/3-dias-desde-ouarzazate-a-ouarzazate-y-merzouga\/","og_site_name":"Merzouga Fantastic","article_modified_time":"2020-04-23T18:39:24+00:00","twitter_card":"summary_large_image","twitter_misc":{"Est. reading time":"2 minutes"},"schema":{"@context":"https:\/\/schema.org","@graph":[{"@type":"WebSite","@id":"https:\/\/merzougafantastic.com\/es\/#website","url":"https:\/\/merzougafantastic.com\/es\/","name":"Merzouga Fantastic","description":"Morocco Private Desert Tours","potentialAction":[{"@type":"SearchAction","target":{"@type":"EntryPoint","urlTemplate":"https:\/\/merzougafantastic.com\/es\/?s={search_term_string}"},"query-input":"required name=search_term_string"}],"inLanguage":"en-US"},{"@type":"WebPage","@id":"https:\/\/merzougafantastic.com\/es\/3-dias-desde-ouarzazate-a-ouarzazate-y-merzouga\/#webpage","url":"https:\/\/merzougafantastic.com\/es\/3-dias-desde-ouarzazate-a-ouarzazate-y-merzouga\/","name":"3 d\u00edas desde Ouarzazate a Ouarzazate y Merzouga - Merzouga Fantastic","isPartOf":{"@id":"https:\/\/merzougafantastic.com\/es\/#website"},"datePublished":"2020-03-03T10:51:28+00:00","dateModified":"2020-04-23T18:39:24+00:00","breadcrumb":{"@id":"https:\/\/merzougafantastic.com\/es\/3-dias-desde-ouarzazate-a-ouarzazate-y-merzouga\/#breadcrumb"},"inLanguage":"en-US","potentialAction":[{"@type":"ReadAction","target":["https:\/\/merzougafantastic.com\/es\/3-dias-desde-ouarzazate-a-ouarzazate-y-merzouga\/"]}]},{"@type":"BreadcrumbList","@id":"https:\/\/merzougafantastic.com\/es\/3-dias-desde-ouarzazate-a-ouarzazate-y-merzouga\/#breadcrumb","itemListElement":[{"@type":"ListItem","position":1,"name":"Home","item":"https:\/\/merzougafantastic.com\/es\/"},{"@type":"ListItem","position":2,"name":"3 d\u00edas desde Ouarzazate a Ouarzazate y Merzouga"}]}]}},"_links":{"self":[{"href":"https:\/\/merzougafantastic.com\/es\/wp-json\/wp\/v2\/pages\/243"}],"collection":[{"href":"https:\/\/merzougafantastic.com\/es\/wp-json\/wp\/v2\/pages"}],"about":[{"href":"https:\/\/merzougafantastic.com\/es\/wp-json\/wp\/v2\/types\/page"}],"author":[{"embeddable":true,"href":"https:\/\/merzougafantastic.com\/es\/wp-json\/wp\/v2\/users\/1"}],"replies":[{"embeddable":true,"href":"https:\/\/merzougafantastic.com\/es\/wp-json\/wp\/v2\/comments?post=243"}],"version-history":[{"count":7,"href":"https:\/\/merzougafantastic.com\/es\/wp-json\/wp\/v2\/pages\/243\/revisions"}],"predecessor-version":[{"id":570,"href":"https:\/\/merzougafantastic.com\/es\/wp-json\/wp\/v2\/pages\/243\/revisions\/570"}],"wp:attachment":[{"href":"https:\/\/merzougafantastic.com\/es\/wp-json\/wp\/v2\/media?parent=243"}],"curies":[{"name":"wp","href":"https:\/\/api.w.org\/{rel}","templated":true}]}}