{"id":241,"date":"2020-03-03T10:49:12","date_gmt":"2020-03-03T10:49:12","guid":{"rendered":"https:\/\/merzougafantastic.com\/wp\/?page_id=241"},"modified":"2020-04-23T18:43:24","modified_gmt":"2020-04-23T18:43:24","slug":"12-dias-desde-tanger-norte-sur-marruecos-tour-del-desierto","status":"publish","type":"page","link":"https:\/\/merzougafantastic.com\/es\/12-dias-desde-tanger-norte-sur-marruecos-tour-del-desierto\/","title":{"rendered":"12 d\u00edas desde T\u00e1nger Norte Sur Marruecos Tour del desierto"},"content":{"rendered":"<h2 style=\"text-align: center;\"><span style=\"color: #993300;\"><strong>Magia de Marruecos en tour privado de 12 dias \/ Classico Marruecos en viaje de 12 dias y 11 noches desde Tanger a atraves del desierto Merzouga<\/strong><\/span><\/h2>\n<h4>D\u00eda 1: T\u00e1nger Chefchaouen :<\/h4>\n<p>Llegada a T\u00e1nger y recogida en el puerto o aeropuerto de la misma ciudad y el viaje comenzar\u00e1 entrando en el Rif y llegando a Chefchaouen,ciudad bereber que significa &#8220;cuerno&#8221;, hermoso lugar, donde el contraste de las casas blancas dispuestas en diferentes planos sobre la resaltada zona verde regada por el r\u00edo.<\/p>\n<p>Cena y alojamiento en el hotel o en el riad.<\/p>\n<h4>D\u00eda 2: Chefchaouen Volubilis Meknes Fes<\/h4>\n<p>Despu\u00e9s del desayuno, salida hacia Fes. Visita a las ruinas romanas de Volubilis y continuaci\u00f3n hacia Meknes para visitar la antigua Medina de esta ciudad imperial rodeada de murallas. Luego continuar a visitar la Medina de Meknes, rodeada tambi\u00e9n por murallas, para luego continuar a su alojamiento en el hotel o riad en Fes.<\/p>\n<h4>D\u00eda 3: Fes Fes :<\/h4>\n<p>Todo el d\u00eda dedicado a Fes, la ciudad imperial m\u00e1s antigua de Marruecos, fundada en el siglo VIII por Moulay Idriss II. Visitar\u00e1s la Medina, M\u00e9dersas Attarine, Fontaine Ennajarine, el Mausoleo de Moulay Idriss y la Mezquita Karawiyin y la nueva medina de Fez Jdid. Por la tarde te registrar\u00e1s en el hotel o en el riad.<\/p>\n<h4>D\u00eda 4: Fes Merzouga :<\/h4>\n<p>Por la ma\u00f1ana, salida hacia el pueblo des\u00e9rtico de Merzouga a trav\u00e9s de Azrou, los bosques de cedros y el desfiladero de Ziz. Esta es una ruta interesante y puede detenerse a almorzar en Midelt. Al final de la tarde llegar\u00e1 al borde de las dunas de Erg Chebbi y se registrar\u00e1 en un hotel del desierto Inn donde podr\u00e1 pasear con seguridad por el desierto inmediato para ver la puesta de sol.<\/p>\n<h4>D\u00eda 5: Merzouga Erg Chebbi Merzouga :<\/h4>\n<p>Hoy aprovechar\u00e1 para descubrir la regi\u00f3n de Merzouga: comenzar\u00e1 por el pueblo de gente de piel oscura y tomar\u00e1 una taza de t\u00e9 de menta y disfrutar\u00e1 de la m\u00fasica Gnawa en vivo que toca esa gente. Luego explorar\u00e1 el lago del desierto con sus diferentes tipos de p\u00e1jaros. Continuar\u00e1 hacia la gran palmera de Tafilalet, visitando la ciudad de Rissani (el origen de la dinast\u00eda Alaouite y la antigua capital de los Sultanes Alaouite) con sus pueblos fortificados y sus zocos. Paseo en camello al atardecer y estancia en una tienda bereber en el coraz\u00f3n de las dunas. Un d\u00eda lleno de aventura y cultura<\/p>\n<h4>D\u00eda 6: Gargantas de Merzouga Todra Gargantas de Dades :<\/h4>\n<p>Despertar temprano en la ma\u00f1ana para montar en camello y un extraordinario amanecer. Llegada al hotel para refrescarse y desayunar. Salida hacia las Gargantas del Dades a trav\u00e9s de varios pueblos bereberes. Visita y almuerzo en las Gargantas del Todra. Por la tarde continuaremos hacia el Valle del Dades.<\/p>\n<h4>D\u00eda 7: Gargantas del Dades, Ouarzazate:<\/h4>\n<p>Despu\u00e9s del desayuno continuaremos hacia la ciudad de Ouarzazate a trav\u00e9s de la carretera de las mil kasbahs y el desv\u00edo hacia el valle de las rosas, donde tendremos tiempo para visitar a los n\u00f3madas que viven en las cuevas. Continuaremos hacia las palmeras de Skoura (visita de la Kasbah de Aridhyl), visitaremos la Kasbah de Taourirt en Ouarzazate y pasaremos la noche en el Riad\/Kasbah de Ouarzazate.<\/p>\n<h4>D\u00eda 8: Ait Ben-Haddou Marrakech Essaouira :<\/h4>\n<p>Despu\u00e9s del desayuno, viaje desde Ouarzazate a la Kasbah de Ait Ben Haddou. Visita de este antiguo pueblo bereber, donde se filmaron muchas pel\u00edculas como Obelix, Gladiator y otras. Continuamos por la carretera hacia Marrakech cruzando las monta\u00f1as del Alto Atlas a trav\u00e9s del paso de T&#8217;ichka de 2.260 m.alt, parando en lugares con magn\u00edficas vistas panor\u00e1micas para tomar fotos, almorzar en Marrakech, y seguir el camino hasta Essaouirra,<\/p>\n<p>Pase la noche en el hotel o en un riad.<\/p>\n<h4>D\u00eda 9: Essaouira Marrakech :<\/h4>\n<p>Despu\u00e9s del desayuno, visite la ciudad vieja de Essaouira acompa\u00f1ado por un gu\u00eda local o por usted mismo. Resto del tiempo en la playa Alrededor de las 3 de la tarde regreso a Marrakech, noche en un hotel o riad.<\/p>\n<h4>D\u00eda 10: Marrakech Marrakech :<\/h4>\n<p>Despu\u00e9s del desayuno, el grupo tendr\u00e1 una visita guiada a Marrakech, la perla del sur de Marruecos. Descubrir\u00e1n los palacios de la Bah\u00eda y del Badi, las tumbas de Saadian, la cuenca de la Menara y muchos otros tesoros escondidos. El almuerzo ser\u00e1 en uno de los mejores restaurantes tradicionales de Marrakech.<\/p>\n<p>Despu\u00e9s del almuerzo, continuar\u00e1 con la visita a la magn\u00edfica Mezquita de la Koutoubia y la famosa Djemaa el Fna, una de las atracciones del centro de Marrakech. La plaza, que cobra vida por la noche con los narradores de historias locales, los animadores y la deliciosa barbacoa, bien merece una visita.<\/p>\n<h4>D\u00eda 11: Marrakech Casablanca Rabat Asilah :<\/h4>\n<p>Salida temprano en la ma\u00f1ana hacia Casablanca. Visita a la mezquita de Hassan II, y luego contin\u00faa hacia Asilah por la carretera de la costa a trav\u00e9s de Rabat y Larach. Noche en el hotel de Asilah.<\/p>\n<h4>D\u00eda 12: Asilah T\u00e1nger :<\/h4>\n<p>Pase la ma\u00f1ana en la playa y visitando la medina de Asilah y luego al puerto para tomar el ferry de vuelta.<\/p>\n","protected":false},"excerpt":{"rendered":"<p>Magia de Marruecos en tour privado de 12 dias \/ Classico Marruecos en viaje de 12 dias y 11 noches desde Tanger a atraves del desierto<span class=\"excerpt-hellip\"> [\u2026]<\/span><\/p>\n","protected":false},"author":1,"featured_media":0,"parent":0,"menu_order":0,"comment_status":"closed","ping_status":"closed","template":"","meta":{"ngg_post_thumbnail":0},"yoast_head":"<!-- This site is optimized with the Yoast SEO plugin v17.3 - https:\/\/yoast.com\/wordpress\/plugins\/seo\/ -->\n<title>12 d\u00edas desde T\u00e1nger Norte Sur Marruecos Tour del desierto - Merzouga Fantastic<\/title>\n<meta name=\"robots\" content=\"index, follow, max-snippet:-1, max-image-preview:large, max-video-preview:-1\" \/>\n<link rel=\"canonical\" href=\"https:\/\/merzougafantastic.com\/es\/12-dias-desde-tanger-norte-sur-marruecos-tour-del-desierto\/\" \/>\n<meta property=\"og:locale\" content=\"en_US\" \/>\n<meta property=\"og:type\" content=\"article\" \/>\n<meta property=\"og:title\" content=\"12 d\u00edas desde T\u00e1nger Norte Sur Marruecos Tour del desierto - Merzouga Fantastic\" \/>\n<meta property=\"og:description\" content=\"Magia de Marruecos en tour privado de 12 dias \/ Classico Marruecos en viaje de 12 dias y 11 noches desde Tanger a atraves del desierto [\u2026]\" \/>\n<meta property=\"og:url\" content=\"https:\/\/merzougafantastic.com\/es\/12-dias-desde-tanger-norte-sur-marruecos-tour-del-desierto\/\" \/>\n<meta property=\"og:site_name\" content=\"Merzouga Fantastic\" \/>\n<meta property=\"article:modified_time\" content=\"2020-04-23T18:43:24+00:00\" \/>\n<meta name=\"twitter:card\" content=\"summary_large_image\" \/>\n<meta name=\"twitter:label1\" content=\"Est. reading time\" \/>\n\t<meta name=\"twitter:data1\" content=\"4 minutes\" \/>\n<script type=\"application\/ld+json\" class=\"yoast-schema-graph\">{\"@context\":\"https:\/\/schema.org\",\"@graph\":[{\"@type\":\"WebSite\",\"@id\":\"https:\/\/merzougafantastic.com\/es\/#website\",\"url\":\"https:\/\/merzougafantastic.com\/es\/\",\"name\":\"Merzouga Fantastic\",\"description\":\"Morocco Private Desert Tours\",\"potentialAction\":[{\"@type\":\"SearchAction\",\"target\":{\"@type\":\"EntryPoint\",\"urlTemplate\":\"https:\/\/merzougafantastic.com\/es\/?s={search_term_string}\"},\"query-input\":\"required name=search_term_string\"}],\"inLanguage\":\"en-US\"},{\"@type\":\"WebPage\",\"@id\":\"https:\/\/merzougafantastic.com\/es\/12-dias-desde-tanger-norte-sur-marruecos-tour-del-desierto\/#webpage\",\"url\":\"https:\/\/merzougafantastic.com\/es\/12-dias-desde-tanger-norte-sur-marruecos-tour-del-desierto\/\",\"name\":\"12 d\\u00edas desde T\\u00e1nger Norte Sur Marruecos Tour del desierto - Merzouga Fantastic\",\"isPartOf\":{\"@id\":\"https:\/\/merzougafantastic.com\/es\/#website\"},\"datePublished\":\"2020-03-03T10:49:12+00:00\",\"dateModified\":\"2020-04-23T18:43:24+00:00\",\"breadcrumb\":{\"@id\":\"https:\/\/merzougafantastic.com\/es\/12-dias-desde-tanger-norte-sur-marruecos-tour-del-desierto\/#breadcrumb\"},\"inLanguage\":\"en-US\",\"potentialAction\":[{\"@type\":\"ReadAction\",\"target\":[\"https:\/\/merzougafantastic.com\/es\/12-dias-desde-tanger-norte-sur-marruecos-tour-del-desierto\/\"]}]},{\"@type\":\"BreadcrumbList\",\"@id\":\"https:\/\/merzougafantastic.com\/es\/12-dias-desde-tanger-norte-sur-marruecos-tour-del-desierto\/#breadcrumb\",\"itemListElement\":[{\"@type\":\"ListItem\",\"position\":1,\"name\":\"Home\",\"item\":\"https:\/\/merzougafantastic.com\/es\/\"},{\"@type\":\"ListItem\",\"position\":2,\"name\":\"12 d\\u00edas desde T\\u00e1nger Norte Sur Marruecos Tour del desierto\"}]}]}<\/script>\n<!-- \/ Yoast SEO plugin. -->","yoast_head_json":{"title":"12 d\u00edas desde T\u00e1nger Norte Sur Marruecos Tour del desierto - Merzouga Fantastic","robots":{"index":"index","follow":"follow","max-snippet":"max-snippet:-1","max-image-preview":"max-image-preview:large","max-video-preview":"max-video-preview:-1"},"canonical":"https:\/\/merzougafantastic.com\/es\/12-dias-desde-tanger-norte-sur-marruecos-tour-del-desierto\/","og_locale":"en_US","og_type":"article","og_title":"12 d\u00edas desde T\u00e1nger Norte Sur Marruecos Tour del desierto - Merzouga Fantastic","og_description":"Magia de Marruecos en tour privado de 12 dias \/ Classico Marruecos en viaje de 12 dias y 11 noches desde Tanger a atraves del desierto [\u2026]","og_url":"https:\/\/merzougafantastic.com\/es\/12-dias-desde-tanger-norte-sur-marruecos-tour-del-desierto\/","og_site_name":"Merzouga Fantastic","article_modified_time":"2020-04-23T18:43:24+00:00","twitter_card":"summary_large_image","twitter_misc":{"Est. reading time":"4 minutes"},"schema":{"@context":"https:\/\/schema.org","@graph":[{"@type":"WebSite","@id":"https:\/\/merzougafantastic.com\/es\/#website","url":"https:\/\/merzougafantastic.com\/es\/","name":"Merzouga Fantastic","description":"Morocco Private Desert Tours","potentialAction":[{"@type":"SearchAction","target":{"@type":"EntryPoint","urlTemplate":"https:\/\/merzougafantastic.com\/es\/?s={search_term_string}"},"query-input":"required name=search_term_string"}],"inLanguage":"en-US"},{"@type":"WebPage","@id":"https:\/\/merzougafantastic.com\/es\/12-dias-desde-tanger-norte-sur-marruecos-tour-del-desierto\/#webpage","url":"https:\/\/merzougafantastic.com\/es\/12-dias-desde-tanger-norte-sur-marruecos-tour-del-desierto\/","name":"12 d\u00edas desde T\u00e1nger Norte Sur Marruecos Tour del desierto - Merzouga Fantastic","isPartOf":{"@id":"https:\/\/merzougafantastic.com\/es\/#website"},"datePublished":"2020-03-03T10:49:12+00:00","dateModified":"2020-04-23T18:43:24+00:00","breadcrumb":{"@id":"https:\/\/merzougafantastic.com\/es\/12-dias-desde-tanger-norte-sur-marruecos-tour-del-desierto\/#breadcrumb"},"inLanguage":"en-US","potentialAction":[{"@type":"ReadAction","target":["https:\/\/merzougafantastic.com\/es\/12-dias-desde-tanger-norte-sur-marruecos-tour-del-desierto\/"]}]},{"@type":"BreadcrumbList","@id":"https:\/\/merzougafantastic.com\/es\/12-dias-desde-tanger-norte-sur-marruecos-tour-del-desierto\/#breadcrumb","itemListElement":[{"@type":"ListItem","position":1,"name":"Home","item":"https:\/\/merzougafantastic.com\/es\/"},{"@type":"ListItem","position":2,"name":"12 d\u00edas desde T\u00e1nger Norte Sur Marruecos Tour del desierto"}]}]}},"_links":{"self":[{"href":"https:\/\/merzougafantastic.com\/es\/wp-json\/wp\/v2\/pages\/241"}],"collection":[{"href":"https:\/\/merzougafantastic.com\/es\/wp-json\/wp\/v2\/pages"}],"about":[{"href":"https:\/\/merzougafantastic.com\/es\/wp-json\/wp\/v2\/types\/page"}],"author":[{"embeddable":true,"href":"https:\/\/merzougafantastic.com\/es\/wp-json\/wp\/v2\/users\/1"}],"replies":[{"embeddable":true,"href":"https:\/\/merzougafantastic.com\/es\/wp-json\/wp\/v2\/comments?post=241"}],"version-history":[{"count":6,"href":"https:\/\/merzougafantastic.com\/es\/wp-json\/wp\/v2\/pages\/241\/revisions"}],"predecessor-version":[{"id":554,"href":"https:\/\/merzougafantastic.com\/es\/wp-json\/wp\/v2\/pages\/241\/revisions\/554"}],"wp:attachment":[{"href":"https:\/\/merzougafantastic.com\/es\/wp-json\/wp\/v2\/media?parent=241"}],"curies":[{"name":"wp","href":"https:\/\/api.w.org\/{rel}","templated":true}]}}