{"id":239,"date":"2020-03-03T10:48:32","date_gmt":"2020-03-03T10:48:32","guid":{"rendered":"https:\/\/merzougafantastic.com\/wp\/?page_id=239"},"modified":"2020-04-23T18:52:52","modified_gmt":"2020-04-23T18:52:52","slug":"9-dias-desde-tanger-aventura-del-norte","status":"publish","type":"page","link":"https:\/\/merzougafantastic.com\/es\/9-dias-desde-tanger-aventura-del-norte\/","title":{"rendered":"9 d\u00edas desde T\u00e1nger Aventura del Norte"},"content":{"rendered":"<h2 style=\"text-align: center;\"><span style=\"color: #993300;\"><strong>Aventura en Marruecos crusando desde norte al sur tour por el desierto sahara \/ 9 dias viaje privado en Marruecos desde Tanger al desierto Merzouga tour 4&#215;4 por las dunas<\/strong><\/span><\/h2>\n<h4>D\u00eda 1: T\u00e1nger<\/h4>\n<p>Bienvenidos a Marruecos, lleguen a T\u00e1nger en barco o en avi\u00f3n y sean trasladados a su hotel en T\u00e1nger. T\u00e1nger es un antiguo puerto empapado de historia, ya que se utiliza para proteger la entrada al Mediterr\u00e1neo. Tiene una Medina muy concurrida y la ciudad nueva.<\/p>\n<h4>D\u00eda 2: Cap Spartel<\/h4>\n<p>Pasa la ma\u00f1ana explorando T\u00e1nger. Esta tarde la cabeza justo al oeste de T\u00e1nger a Cap Spartel a trav\u00e9s de la Monta\u00f1a. Aqu\u00ed es posible ver \u00e1guilas y aves migratorias para dirigirse, a trav\u00e9s de Espa\u00f1a o regresar para el invierno. Visite las Grutas de H\u00e9rcules a s\u00f3lo 5 km al sur del Faro Cap Spartel. Seg\u00fan la leyenda, H\u00e9rcules descans\u00f3 en las cuevas despu\u00e9s de haber cavado l\u00edneas rectas entre Europa y \u00c1frica.<\/p>\n<h4>D\u00eda 3: Tetu\u00e1n<\/h4>\n<p>Saliendo hacia T\u00e1nger, dir\u00edjase al oeste por la carretera de la costa y la monta\u00f1a hacia Ceuta (Ceuta para los locales). Hay buenas vistas del mar y es posible subir a Jebel Musa, frente al Pe\u00f1\u00f3n de Gibraltar (Jebel Tarik). Despu\u00e9s de almorzar en Tetu\u00e1n, contin\u00faan su viaje a lo largo de la costa, pasando por el peque\u00f1o puerto pesquero de Cabo Negro y luego se dirigen a las monta\u00f1as hacia Chefchaouen. Esta ciudad, fundada en 1471, estuvo muy aislada hasta principios del siglo XX. En lo alto de las monta\u00f1as del Rif, Chefchaouen est\u00e1 pintada en tonos de azul, precioso legado de la poblaci\u00f3n jud\u00eda que viv\u00eda all\u00ed.<\/p>\n<h4>D\u00eda 4: Chefchaouen<\/h4>\n<p>Disfruta de un d\u00eda de ocio en Chefchaouen, un remanso de paz y tranquilidad. Descubra la medina de Chefchaouen, el barrio de la seda y la lana, la plaza principal con sus caf\u00e9s y los zocos. Tal vez el trueque por un kilim en el mercado, donde se pueden conseguir buenas ofertas.<\/p>\n<h4>D\u00eda 5: Las monta\u00f1as del Rif<\/h4>\n<p>Hoy viaja a trav\u00e9s de las monta\u00f1as del Rif hasta Fez. Las monta\u00f1as del Rif todav\u00eda est\u00e1n relativamente inexploradas por los visitantes, en parte porque son muy remotas y en parte porque el hach\u00eds crec\u00eda en campos en los valles escondidos. Sin embargo, con su gu\u00eda y conductor, podr\u00e1 relajarse y disfrutar de las v\u00edrgenes de Marruecos.<\/p>\n<h4>D\u00eda 6: Fes<\/h4>\n<p>La ciudad medieval m\u00e1s antigua y grande del mundo, la FES es un hervidero de actividad bulliciosa y verdaderamente fascinante. Pase el d\u00eda explorando esta ciudad hist\u00f3rica, los zocos, los palacios y las vistas desde el museo y la antigua Kasbah justo fuera de los muros de la ciudad.<\/p>\n<h4>D\u00eda 7: Ciudad romana de Volubilis<\/h4>\n<p>Saliendo de la ciudad esta ma\u00f1ana, visita de la antigua ciudad romana de Volubilis, en las faldas de las monta\u00f1as del Medio Atlas. Incre\u00edbles mosiacos, puertas, villas y los restos del Foro &#8211; la ciudad es tan grande que no todo ha sido excavado todav\u00eda. Por la tarde, visita la ciudad de Moulay Idriss, s\u00f3lo abierta a los no musulmanes en la historia reciente y que lleva el nombre del fundador de Fez. Pase la noche en la ciudad imperial de Meknes.<\/p>\n<h4>D\u00eda 8: Vistas de las monta\u00f1as del Rif<\/h4>\n<p>Salir de Meknes, pasar por las monta\u00f1as del Rif y la ciudad de Ksar el-Kbir, volver a T\u00e1nger. Su \u00faltima noche en el ocio, tiempo para algunas compras de recuerdos de \u00faltima hora o una agradable comida en uno de los numerosos y deliciosos restaurantes.<\/p>\n<h4>D\u00eda 9: T\u00e1nger<\/h4>\n<p>Traslado de salida al aeropuerto o a los transbordadores del puerto.<\/p>\n","protected":false},"excerpt":{"rendered":"<p>Aventura en Marruecos crusando desde norte al sur tour por el desierto sahara \/ 9 dias viaje privado en Marruecos desde Tanger al desierto Merzouga tour<span class=\"excerpt-hellip\"> [\u2026]<\/span><\/p>\n","protected":false},"author":1,"featured_media":0,"parent":0,"menu_order":0,"comment_status":"closed","ping_status":"closed","template":"","meta":{"ngg_post_thumbnail":0},"yoast_head":"<!-- This site is optimized with the Yoast SEO plugin v17.3 - https:\/\/yoast.com\/wordpress\/plugins\/seo\/ -->\n<title>9 d\u00edas desde T\u00e1nger Aventura del Norte - Merzouga Fantastic<\/title>\n<meta name=\"robots\" content=\"index, follow, max-snippet:-1, max-image-preview:large, max-video-preview:-1\" \/>\n<link rel=\"canonical\" href=\"https:\/\/merzougafantastic.com\/es\/9-dias-desde-tanger-aventura-del-norte\/\" \/>\n<meta property=\"og:locale\" content=\"en_US\" \/>\n<meta property=\"og:type\" content=\"article\" \/>\n<meta property=\"og:title\" content=\"9 d\u00edas desde T\u00e1nger Aventura del Norte - Merzouga Fantastic\" \/>\n<meta property=\"og:description\" content=\"Aventura en Marruecos crusando desde norte al sur tour por el desierto sahara \/ 9 dias viaje privado en Marruecos desde Tanger al desierto Merzouga tour [\u2026]\" \/>\n<meta property=\"og:url\" content=\"https:\/\/merzougafantastic.com\/es\/9-dias-desde-tanger-aventura-del-norte\/\" \/>\n<meta property=\"og:site_name\" content=\"Merzouga Fantastic\" \/>\n<meta property=\"article:modified_time\" content=\"2020-04-23T18:52:52+00:00\" \/>\n<meta name=\"twitter:card\" content=\"summary_large_image\" \/>\n<meta name=\"twitter:label1\" content=\"Est. reading time\" \/>\n\t<meta name=\"twitter:data1\" content=\"3 minutes\" \/>\n<script type=\"application\/ld+json\" class=\"yoast-schema-graph\">{\"@context\":\"https:\/\/schema.org\",\"@graph\":[{\"@type\":\"WebSite\",\"@id\":\"https:\/\/merzougafantastic.com\/es\/#website\",\"url\":\"https:\/\/merzougafantastic.com\/es\/\",\"name\":\"Merzouga Fantastic\",\"description\":\"Morocco Private Desert Tours\",\"potentialAction\":[{\"@type\":\"SearchAction\",\"target\":{\"@type\":\"EntryPoint\",\"urlTemplate\":\"https:\/\/merzougafantastic.com\/es\/?s={search_term_string}\"},\"query-input\":\"required name=search_term_string\"}],\"inLanguage\":\"en-US\"},{\"@type\":\"WebPage\",\"@id\":\"https:\/\/merzougafantastic.com\/es\/9-dias-desde-tanger-aventura-del-norte\/#webpage\",\"url\":\"https:\/\/merzougafantastic.com\/es\/9-dias-desde-tanger-aventura-del-norte\/\",\"name\":\"9 d\\u00edas desde T\\u00e1nger Aventura del Norte - Merzouga Fantastic\",\"isPartOf\":{\"@id\":\"https:\/\/merzougafantastic.com\/es\/#website\"},\"datePublished\":\"2020-03-03T10:48:32+00:00\",\"dateModified\":\"2020-04-23T18:52:52+00:00\",\"breadcrumb\":{\"@id\":\"https:\/\/merzougafantastic.com\/es\/9-dias-desde-tanger-aventura-del-norte\/#breadcrumb\"},\"inLanguage\":\"en-US\",\"potentialAction\":[{\"@type\":\"ReadAction\",\"target\":[\"https:\/\/merzougafantastic.com\/es\/9-dias-desde-tanger-aventura-del-norte\/\"]}]},{\"@type\":\"BreadcrumbList\",\"@id\":\"https:\/\/merzougafantastic.com\/es\/9-dias-desde-tanger-aventura-del-norte\/#breadcrumb\",\"itemListElement\":[{\"@type\":\"ListItem\",\"position\":1,\"name\":\"Home\",\"item\":\"https:\/\/merzougafantastic.com\/es\/\"},{\"@type\":\"ListItem\",\"position\":2,\"name\":\"9 d\\u00edas desde T\\u00e1nger Aventura del Norte\"}]}]}<\/script>\n<!-- \/ Yoast SEO plugin. -->","yoast_head_json":{"title":"9 d\u00edas desde T\u00e1nger Aventura del Norte - Merzouga Fantastic","robots":{"index":"index","follow":"follow","max-snippet":"max-snippet:-1","max-image-preview":"max-image-preview:large","max-video-preview":"max-video-preview:-1"},"canonical":"https:\/\/merzougafantastic.com\/es\/9-dias-desde-tanger-aventura-del-norte\/","og_locale":"en_US","og_type":"article","og_title":"9 d\u00edas desde T\u00e1nger Aventura del Norte - Merzouga Fantastic","og_description":"Aventura en Marruecos crusando desde norte al sur tour por el desierto sahara \/ 9 dias viaje privado en Marruecos desde Tanger al desierto Merzouga tour [\u2026]","og_url":"https:\/\/merzougafantastic.com\/es\/9-dias-desde-tanger-aventura-del-norte\/","og_site_name":"Merzouga Fantastic","article_modified_time":"2020-04-23T18:52:52+00:00","twitter_card":"summary_large_image","twitter_misc":{"Est. reading time":"3 minutes"},"schema":{"@context":"https:\/\/schema.org","@graph":[{"@type":"WebSite","@id":"https:\/\/merzougafantastic.com\/es\/#website","url":"https:\/\/merzougafantastic.com\/es\/","name":"Merzouga Fantastic","description":"Morocco Private Desert Tours","potentialAction":[{"@type":"SearchAction","target":{"@type":"EntryPoint","urlTemplate":"https:\/\/merzougafantastic.com\/es\/?s={search_term_string}"},"query-input":"required name=search_term_string"}],"inLanguage":"en-US"},{"@type":"WebPage","@id":"https:\/\/merzougafantastic.com\/es\/9-dias-desde-tanger-aventura-del-norte\/#webpage","url":"https:\/\/merzougafantastic.com\/es\/9-dias-desde-tanger-aventura-del-norte\/","name":"9 d\u00edas desde T\u00e1nger Aventura del Norte - Merzouga Fantastic","isPartOf":{"@id":"https:\/\/merzougafantastic.com\/es\/#website"},"datePublished":"2020-03-03T10:48:32+00:00","dateModified":"2020-04-23T18:52:52+00:00","breadcrumb":{"@id":"https:\/\/merzougafantastic.com\/es\/9-dias-desde-tanger-aventura-del-norte\/#breadcrumb"},"inLanguage":"en-US","potentialAction":[{"@type":"ReadAction","target":["https:\/\/merzougafantastic.com\/es\/9-dias-desde-tanger-aventura-del-norte\/"]}]},{"@type":"BreadcrumbList","@id":"https:\/\/merzougafantastic.com\/es\/9-dias-desde-tanger-aventura-del-norte\/#breadcrumb","itemListElement":[{"@type":"ListItem","position":1,"name":"Home","item":"https:\/\/merzougafantastic.com\/es\/"},{"@type":"ListItem","position":2,"name":"9 d\u00edas desde T\u00e1nger Aventura del Norte"}]}]}},"_links":{"self":[{"href":"https:\/\/merzougafantastic.com\/es\/wp-json\/wp\/v2\/pages\/239"}],"collection":[{"href":"https:\/\/merzougafantastic.com\/es\/wp-json\/wp\/v2\/pages"}],"about":[{"href":"https:\/\/merzougafantastic.com\/es\/wp-json\/wp\/v2\/types\/page"}],"author":[{"embeddable":true,"href":"https:\/\/merzougafantastic.com\/es\/wp-json\/wp\/v2\/users\/1"}],"replies":[{"embeddable":true,"href":"https:\/\/merzougafantastic.com\/es\/wp-json\/wp\/v2\/comments?post=239"}],"version-history":[{"count":6,"href":"https:\/\/merzougafantastic.com\/es\/wp-json\/wp\/v2\/pages\/239\/revisions"}],"predecessor-version":[{"id":412,"href":"https:\/\/merzougafantastic.com\/es\/wp-json\/wp\/v2\/pages\/239\/revisions\/412"}],"wp:attachment":[{"href":"https:\/\/merzougafantastic.com\/es\/wp-json\/wp\/v2\/media?parent=239"}],"curies":[{"name":"wp","href":"https:\/\/api.w.org\/{rel}","templated":true}]}}