{"id":237,"date":"2020-03-03T10:48:00","date_gmt":"2020-03-03T10:48:00","guid":{"rendered":"https:\/\/merzougafantastic.com\/wp\/?page_id=237"},"modified":"2020-04-23T18:53:03","modified_gmt":"2020-04-23T18:53:03","slug":"8-dias-desde-tanger-fes-marrakech-casablanca-tanger","status":"publish","type":"page","link":"https:\/\/merzougafantastic.com\/es\/8-dias-desde-tanger-fes-marrakech-casablanca-tanger\/","title":{"rendered":"8 d\u00edas desde T\u00e1nger Fes Marrakech Casablanca T\u00e1nger"},"content":{"rendered":"<h2 style=\"text-align: center;\"><span style=\"color: #993300;\"><strong>Explora Marruecos en viaje de 8 dias desde Tanger al desierto sahara \/ Tour Marruecos completo descubriendo mejores lugares de Tanger en 8 dias desde Tanger<\/strong><\/span><\/h2>\n<h4>D\u00eda 1: Tanger<\/h4>\n<p>Traslado del aeropuerto o de la terminal del ferry a su hotel. Tendr\u00e1 tiempo para explorar esta bulliciosa ciudad portuaria que fue una vez el patio de recreo de la sociedad internacional, incluyendo escritores, artistas, m\u00fasicos y pol\u00edticos. (Paul Bowles). La ciudad es un Mediterr\u00e1neo animado, cosmopolita e hist\u00f3rico donde podr\u00e1 explorar numerosos museos y lugares. Pase la noche en el Hotel.<\/p>\n<h4>D\u00eda 2 : Fes Chefchaouen<\/h4>\n<p>Hoy nos dirigimos a Chefchaouen, una hermosa ciudad andaluza azul y blanca enclavada en las monta\u00f1as del Rif. Es un pueblo relajado, con peque\u00f1os callejones sinuosos y plazas de mercado, donde las mujeres de los alrededores del Rif vienen a vender sus productos hechos a mano. La cena es en el hotel.<\/p>\n<h4>D\u00eda 3: Chefchaouen Fes<\/h4>\n<p>Fes-Medina-Marruecos Viajamos a la ciudad m\u00e1s fascinante de Marruecos y a la \u00faltima ciudad medieval superviviente del mundo. Recorrer\u00e1 la medina con sus &#8220;zocos&#8221; (mercados) deteni\u00e9ndose en la puerta del Palacio Real, la Mezquita y la Universidad de Karouine del siglo IX. Visitar\u00e1n la tumba del fundador de la ciudad, Moulay Idris II. El almuerzo ser\u00e1 en uno de los restaurantes tradicionales de la antigua medina. Despu\u00e9s de la comida continuar\u00e1 explorando la Fuente de Najarine, la puerta de Bab Bojloud, los jardines del antiguo har\u00e9n y el Museo Batha. De regreso al hotel, nos detendremos para disfrutar de una vista panor\u00e1mica de la ciudad. Mausoleo y una famosa curtidur\u00eda donde se curan y ti\u00f1en las pieles en enormes cubas.<\/p>\n<h4>D\u00eda 4: Fez Beni Mellal Marrakech<\/h4>\n<p>Salida hacia Marrakech pasando por las monta\u00f1as del Medio Atlas y el pueblo bereber de Ifrane y Azrou, tiempo libre para una pausa opcional para el almuerzo y un momento de relajaci\u00f3n en Beni Mellal uno de los centros agr\u00edcolas de Marruecos. Llegada a Marrakech al final de la tarde. Alojamiento en el hotel. Cena y alojamiento en el hotel.<\/p>\n<h4>D\u00eda 5: Marrakech<\/h4>\n<p>Visita de la Marrakech hist\u00f3rica: el jard\u00edn de la Menara, las tumbas de Saadian, el Palacio de la Bah\u00eda, el minarete de la Koutoubia y los jardines de Majorelle, llamados as\u00ed por el famoso pintor franc\u00e9s, que construy\u00f3 aqu\u00ed su villa art dec\u00f3 y puso en marcha los jardines bot\u00e1nicos. En 1980 se convirti\u00f3 en la residencia de Yves Saint Laurent. Por la tarde visite la famosa plaza Djemaa El Fna con sus zocos y barrios de artesan\u00eda. El t\u00e9 marroqu\u00ed se sirve en la &#8220;Maison de la photographie&#8221;, un riad en el casco antiguo, donde se puede admirar una asombrosa colecci\u00f3n de fotos de &#8220;Paisajes y rostros de Marruecos&#8221; realizadas entre 1870 y 1950. Esta noche hay una opci\u00f3n para asistir al espect\u00e1culo de Fantas\u00eda con cena. Noche con cena en el hotel.<\/p>\n<h4>D\u00eda 6: Marrakech Casablanca<\/h4>\n<p>Tenemos esta ma\u00f1ana libre para hacer compras de \u00faltima hora o para relajarnos. Esta tarde partimos hacia Casablanca. Pasaremos la noche con una cena en el hotel.<\/p>\n<h4>D\u00eda 7: Casablanca Tanger<\/h4>\n<p>Despu\u00e9s del desayuno en el hotel, disfrutar\u00e1 de la hermosa y preciosa mezquita de Hassan II. Luego, saldr\u00e1 hacia el norte. Se detendr\u00e1n a lo largo del camino para tomar fotos, relajarse y disfrutar de la seguridad de la regi\u00f3n. Llegada a T\u00e1nger al final de la tarde. Cena y noche en el hotel.<\/p>\n<h4>D\u00eda 8 : T\u00e1nger Regreso al aeropuerto<\/h4>\n<p>Traslado matutino al aeropuerto para su vuelo de salida<\/p>\n","protected":false},"excerpt":{"rendered":"<p>Explora Marruecos en viaje de 8 dias desde Tanger al desierto sahara \/ Tour Marruecos completo descubriendo mejores lugares de Tanger en 8 dias desde Tanger<span class=\"excerpt-hellip\"> [\u2026]<\/span><\/p>\n","protected":false},"author":1,"featured_media":0,"parent":0,"menu_order":0,"comment_status":"closed","ping_status":"closed","template":"","meta":{"ngg_post_thumbnail":0},"yoast_head":"<!-- This site is optimized with the Yoast SEO plugin v17.3 - https:\/\/yoast.com\/wordpress\/plugins\/seo\/ -->\n<title>8 d\u00edas desde T\u00e1nger Fes Marrakech Casablanca T\u00e1nger - Merzouga Fantastic<\/title>\n<meta name=\"robots\" content=\"index, follow, max-snippet:-1, max-image-preview:large, max-video-preview:-1\" \/>\n<link rel=\"canonical\" href=\"https:\/\/merzougafantastic.com\/es\/8-dias-desde-tanger-fes-marrakech-casablanca-tanger\/\" \/>\n<meta property=\"og:locale\" content=\"en_US\" \/>\n<meta property=\"og:type\" content=\"article\" \/>\n<meta property=\"og:title\" content=\"8 d\u00edas desde T\u00e1nger Fes Marrakech Casablanca T\u00e1nger - Merzouga Fantastic\" \/>\n<meta property=\"og:description\" content=\"Explora Marruecos en viaje de 8 dias desde Tanger al desierto sahara \/ Tour Marruecos completo descubriendo mejores lugares de Tanger en 8 dias desde Tanger [\u2026]\" \/>\n<meta property=\"og:url\" content=\"https:\/\/merzougafantastic.com\/es\/8-dias-desde-tanger-fes-marrakech-casablanca-tanger\/\" \/>\n<meta property=\"og:site_name\" content=\"Merzouga Fantastic\" \/>\n<meta property=\"article:modified_time\" content=\"2020-04-23T18:53:03+00:00\" \/>\n<meta name=\"twitter:card\" content=\"summary_large_image\" \/>\n<meta name=\"twitter:label1\" content=\"Est. reading time\" \/>\n\t<meta name=\"twitter:data1\" content=\"3 minutes\" \/>\n<script type=\"application\/ld+json\" class=\"yoast-schema-graph\">{\"@context\":\"https:\/\/schema.org\",\"@graph\":[{\"@type\":\"WebSite\",\"@id\":\"https:\/\/merzougafantastic.com\/es\/#website\",\"url\":\"https:\/\/merzougafantastic.com\/es\/\",\"name\":\"Merzouga Fantastic\",\"description\":\"Morocco Private Desert Tours\",\"potentialAction\":[{\"@type\":\"SearchAction\",\"target\":{\"@type\":\"EntryPoint\",\"urlTemplate\":\"https:\/\/merzougafantastic.com\/es\/?s={search_term_string}\"},\"query-input\":\"required name=search_term_string\"}],\"inLanguage\":\"en-US\"},{\"@type\":\"WebPage\",\"@id\":\"https:\/\/merzougafantastic.com\/es\/8-dias-desde-tanger-fes-marrakech-casablanca-tanger\/#webpage\",\"url\":\"https:\/\/merzougafantastic.com\/es\/8-dias-desde-tanger-fes-marrakech-casablanca-tanger\/\",\"name\":\"8 d\\u00edas desde T\\u00e1nger Fes Marrakech Casablanca T\\u00e1nger - Merzouga Fantastic\",\"isPartOf\":{\"@id\":\"https:\/\/merzougafantastic.com\/es\/#website\"},\"datePublished\":\"2020-03-03T10:48:00+00:00\",\"dateModified\":\"2020-04-23T18:53:03+00:00\",\"breadcrumb\":{\"@id\":\"https:\/\/merzougafantastic.com\/es\/8-dias-desde-tanger-fes-marrakech-casablanca-tanger\/#breadcrumb\"},\"inLanguage\":\"en-US\",\"potentialAction\":[{\"@type\":\"ReadAction\",\"target\":[\"https:\/\/merzougafantastic.com\/es\/8-dias-desde-tanger-fes-marrakech-casablanca-tanger\/\"]}]},{\"@type\":\"BreadcrumbList\",\"@id\":\"https:\/\/merzougafantastic.com\/es\/8-dias-desde-tanger-fes-marrakech-casablanca-tanger\/#breadcrumb\",\"itemListElement\":[{\"@type\":\"ListItem\",\"position\":1,\"name\":\"Home\",\"item\":\"https:\/\/merzougafantastic.com\/es\/\"},{\"@type\":\"ListItem\",\"position\":2,\"name\":\"8 d\\u00edas desde T\\u00e1nger Fes Marrakech Casablanca T\\u00e1nger\"}]}]}<\/script>\n<!-- \/ Yoast SEO plugin. -->","yoast_head_json":{"title":"8 d\u00edas desde T\u00e1nger Fes Marrakech Casablanca T\u00e1nger - Merzouga Fantastic","robots":{"index":"index","follow":"follow","max-snippet":"max-snippet:-1","max-image-preview":"max-image-preview:large","max-video-preview":"max-video-preview:-1"},"canonical":"https:\/\/merzougafantastic.com\/es\/8-dias-desde-tanger-fes-marrakech-casablanca-tanger\/","og_locale":"en_US","og_type":"article","og_title":"8 d\u00edas desde T\u00e1nger Fes Marrakech Casablanca T\u00e1nger - Merzouga Fantastic","og_description":"Explora Marruecos en viaje de 8 dias desde Tanger al desierto sahara \/ Tour Marruecos completo descubriendo mejores lugares de Tanger en 8 dias desde Tanger [\u2026]","og_url":"https:\/\/merzougafantastic.com\/es\/8-dias-desde-tanger-fes-marrakech-casablanca-tanger\/","og_site_name":"Merzouga Fantastic","article_modified_time":"2020-04-23T18:53:03+00:00","twitter_card":"summary_large_image","twitter_misc":{"Est. reading time":"3 minutes"},"schema":{"@context":"https:\/\/schema.org","@graph":[{"@type":"WebSite","@id":"https:\/\/merzougafantastic.com\/es\/#website","url":"https:\/\/merzougafantastic.com\/es\/","name":"Merzouga Fantastic","description":"Morocco Private Desert Tours","potentialAction":[{"@type":"SearchAction","target":{"@type":"EntryPoint","urlTemplate":"https:\/\/merzougafantastic.com\/es\/?s={search_term_string}"},"query-input":"required name=search_term_string"}],"inLanguage":"en-US"},{"@type":"WebPage","@id":"https:\/\/merzougafantastic.com\/es\/8-dias-desde-tanger-fes-marrakech-casablanca-tanger\/#webpage","url":"https:\/\/merzougafantastic.com\/es\/8-dias-desde-tanger-fes-marrakech-casablanca-tanger\/","name":"8 d\u00edas desde T\u00e1nger Fes Marrakech Casablanca T\u00e1nger - Merzouga Fantastic","isPartOf":{"@id":"https:\/\/merzougafantastic.com\/es\/#website"},"datePublished":"2020-03-03T10:48:00+00:00","dateModified":"2020-04-23T18:53:03+00:00","breadcrumb":{"@id":"https:\/\/merzougafantastic.com\/es\/8-dias-desde-tanger-fes-marrakech-casablanca-tanger\/#breadcrumb"},"inLanguage":"en-US","potentialAction":[{"@type":"ReadAction","target":["https:\/\/merzougafantastic.com\/es\/8-dias-desde-tanger-fes-marrakech-casablanca-tanger\/"]}]},{"@type":"BreadcrumbList","@id":"https:\/\/merzougafantastic.com\/es\/8-dias-desde-tanger-fes-marrakech-casablanca-tanger\/#breadcrumb","itemListElement":[{"@type":"ListItem","position":1,"name":"Home","item":"https:\/\/merzougafantastic.com\/es\/"},{"@type":"ListItem","position":2,"name":"8 d\u00edas desde T\u00e1nger Fes Marrakech Casablanca T\u00e1nger"}]}]}},"_links":{"self":[{"href":"https:\/\/merzougafantastic.com\/es\/wp-json\/wp\/v2\/pages\/237"}],"collection":[{"href":"https:\/\/merzougafantastic.com\/es\/wp-json\/wp\/v2\/pages"}],"about":[{"href":"https:\/\/merzougafantastic.com\/es\/wp-json\/wp\/v2\/types\/page"}],"author":[{"embeddable":true,"href":"https:\/\/merzougafantastic.com\/es\/wp-json\/wp\/v2\/users\/1"}],"replies":[{"embeddable":true,"href":"https:\/\/merzougafantastic.com\/es\/wp-json\/wp\/v2\/comments?post=237"}],"version-history":[{"count":6,"href":"https:\/\/merzougafantastic.com\/es\/wp-json\/wp\/v2\/pages\/237\/revisions"}],"predecessor-version":[{"id":556,"href":"https:\/\/merzougafantastic.com\/es\/wp-json\/wp\/v2\/pages\/237\/revisions\/556"}],"wp:attachment":[{"href":"https:\/\/merzougafantastic.com\/es\/wp-json\/wp\/v2\/media?parent=237"}],"curies":[{"name":"wp","href":"https:\/\/api.w.org\/{rel}","templated":true}]}}