{"id":235,"date":"2020-03-03T10:46:41","date_gmt":"2020-03-03T10:46:41","guid":{"rendered":"https:\/\/merzougafantastic.com\/wp\/?page_id=235"},"modified":"2020-04-23T18:47:41","modified_gmt":"2020-04-23T18:47:41","slug":"5-dias-desde-tanger-a-marrakech-a-traves-del-desierto","status":"publish","type":"page","link":"https:\/\/merzougafantastic.com\/es\/5-dias-desde-tanger-a-marrakech-a-traves-del-desierto\/","title":{"rendered":"5 d\u00edas desde T\u00e1nger a Marrakech a trav\u00e9s del desierto"},"content":{"rendered":"<h2 style=\"text-align: center;\"><span style=\"color: #993300;\"><strong>5 dias y 4 noches desde Tanger a Marrakech tour por el desierto Merzouga \/ Marruecos tour desde norte a sur desde Tanger al desierto erg chebbi y fin en Marrakech<\/strong><\/span><\/h2>\n<h4>D\u00eda 01 : T\u00e1nger &#8211; Chefchaouen<\/h4>\n<p>Nos reuniremos con usted en el puerto o en su hotel y viajaremos a un peque\u00f1o pueblo azul llamado Chefchaouen &#8220;la joya azul&#8221;. Sus edificios y casas est\u00e1n pintados de azul y blanco y es una de las ciudades m\u00e1s hermosas de las monta\u00f1as del Rif. Tendr\u00e1 tiempo libre para explorarla por su cuenta. Pasaremos la noche en el hotel.<\/p>\n<h4>D\u00eda 02 : Chefchouen &#8211; Volubilis &#8211; Meknes &#8211; Fes<\/h4>\n<p>Despu\u00e9s del desayuno, el tour contin\u00faa hacia el digno sitio arqueol\u00f3gico romano de Volubilis. Luego nos dirigimos a Meknes para visitar la antigua ciudad imperial y sus monumentos m\u00e1s interesantes. Al final de la tarde, llegaremos a Fez para registrarnos en un riad local para pasar la noche.<\/p>\n<h4>D\u00eda 03 : Fes &#8211; Ifrane &#8211; Azrou &#8211; Midelt &#8211; Valle del Ziz &#8211; Merzouga<\/h4>\n<p>Te recogeremos de tu riad a las 08:00 am, luego iremos al sur a Ifrane y Azrou a trav\u00e9s de las monta\u00f1as del Medio Atlas. En el camino, nos detendremos en los bosques de cedros para ver a los simios b\u00e1rbaros en su h\u00e1bitat natural. Viajando a trav\u00e9s del paso de Tizi Ntalghamt a Midelt y a lo largo de las magn\u00edficas Gargantas de Ziz talladas en la roca volc\u00e1nica, ver\u00e1 vistas de la meseta del Atlas Medio y el paisaje cambiando para revelar indicios del desierto al acercarse a la ciudad de Errachidia. Despu\u00e9s del almuerzo, continuaremos nuestro viaje a trav\u00e9s del Valle del Ziz hasta Erfoud y Merzouga. Despu\u00e9s de un vaso de t\u00e9 de menta, dejaremos nuestro equipaje en una habitaci\u00f3n segura, y luego daremos un paseo en camello hasta un campamento bereber en medio de las dunas de arena de Erg Chebbi, que son las dunas de arena m\u00e1s altas del norte de \u00c1frica. El paseo en camello dura aproximadamente 1hr 30 min. desde el campamento, donde nos instalaremos en las tiendas bereberes para nuestra noche en el desierto. Las tiendas est\u00e1n bien equipadas con colchones, mantas y cojines. Despu\u00e9s de la cena, nos reuniremos alrededor del fuego y disfrutaremos del sonido de los tradicionales tambores bereberes bajo las estrellas.<\/p>\n<h4>D\u00eda 04 : Merzouga &#8211; Rissani &#8211; Touroug &#8211; Gargantas del Todra &#8211; Gargantas del Dades<\/h4>\n<p>Despierta temprano en la ma\u00f1ana para disfrutar del amanecer en la cima de las dunas del desierto del Sahara, y luego desayuna. Despu\u00e9s de estos hermosos momentos, montar\u00e1s en tu camello de vuelta al hotel donde podr\u00e1s ducharte. Salimos hacia Tinghir pasando por Erfoud y Tinejdad. Haga un descanso para el almuerzo. Por la tarde, continuaremos hacia las gargantas del Todra pasando por Tinghir. Pararemos en el camino para sacar fotos y admirar las vistas. Llegada a las Gargantas del Todra para disfrutar de sus maravillosas vistas de los Ca\u00f1ones mientras hacemos senderismo a pie, y finalmente, llegaremos al Valle del Dades donde cenaremos y pasaremos la noche.<\/p>\n<h4>D\u00eda 05 : Gargantas del Dades &#8211; Ouarzazate &#8211; Ait Ben Haddou &#8211; Alto Atlas &#8211; Marrakech<\/h4>\n<p>Despu\u00e9s del desayuno, atravesaremos el valle del Dades hacia Kelaat Mgouna y Ouarzazate. La ruta a trav\u00e9s del Valle del Dades, el camino de las mil kasbahs, ofrece numerosas oportunidades para tomar fotos. Visitaremos el valle de las Rosas y el pueblo de Skoura, y luego continuaremos hacia Ouarzazat, &#8220;el Hollywood de \u00c1frica&#8221;. El almuerzo es en la famosa kasbah de Ait Ben Haddou, la mayor kasbah de Marruecos. Despu\u00e9s de recorrer este lugar declarado Patrimonio de la Humanidad por la UNESCO, nuestro viaje continuar\u00e1 a trav\u00e9s del majestuoso paso de Tizi n&#8217;Tichka, alcanzando una altitud de 2260m, sobre las monta\u00f1as del Alto Atlas. Nos detendremos para disfrutar de las impresionantes vistas y visitar la cooperativa de aceite de arg\u00e1n. Llegaremos a Marrakech al final de la tarde. Dejaremos en su riad\/hotel de Marrakech alrededor de las 17:30\/18:00 pm aproximadamente, donde termina el tour.<\/p>\n","protected":false},"excerpt":{"rendered":"<p>5 dias y 4 noches desde Tanger a Marrakech tour por el desierto Merzouga \/ Marruecos tour desde norte a sur desde Tanger al desierto erg<span class=\"excerpt-hellip\"> [\u2026]<\/span><\/p>\n","protected":false},"author":1,"featured_media":0,"parent":0,"menu_order":0,"comment_status":"closed","ping_status":"closed","template":"","meta":{"ngg_post_thumbnail":0},"yoast_head":"<!-- This site is optimized with the Yoast SEO plugin v17.3 - https:\/\/yoast.com\/wordpress\/plugins\/seo\/ -->\n<title>5 d\u00edas desde T\u00e1nger a Marrakech a trav\u00e9s del desierto - Merzouga Fantastic<\/title>\n<meta name=\"robots\" content=\"index, follow, max-snippet:-1, max-image-preview:large, max-video-preview:-1\" \/>\n<link rel=\"canonical\" href=\"https:\/\/merzougafantastic.com\/es\/5-dias-desde-tanger-a-marrakech-a-traves-del-desierto\/\" \/>\n<meta property=\"og:locale\" content=\"en_US\" \/>\n<meta property=\"og:type\" content=\"article\" \/>\n<meta property=\"og:title\" content=\"5 d\u00edas desde T\u00e1nger a Marrakech a trav\u00e9s del desierto - Merzouga Fantastic\" \/>\n<meta property=\"og:description\" content=\"5 dias y 4 noches desde Tanger a Marrakech tour por el desierto Merzouga \/ Marruecos tour desde norte a sur desde Tanger al desierto erg [\u2026]\" \/>\n<meta property=\"og:url\" content=\"https:\/\/merzougafantastic.com\/es\/5-dias-desde-tanger-a-marrakech-a-traves-del-desierto\/\" \/>\n<meta property=\"og:site_name\" content=\"Merzouga Fantastic\" \/>\n<meta property=\"article:modified_time\" content=\"2020-04-23T18:47:41+00:00\" \/>\n<meta name=\"twitter:card\" content=\"summary_large_image\" \/>\n<meta name=\"twitter:label1\" content=\"Est. reading time\" \/>\n\t<meta name=\"twitter:data1\" content=\"3 minutes\" \/>\n<script type=\"application\/ld+json\" class=\"yoast-schema-graph\">{\"@context\":\"https:\/\/schema.org\",\"@graph\":[{\"@type\":\"WebSite\",\"@id\":\"https:\/\/merzougafantastic.com\/es\/#website\",\"url\":\"https:\/\/merzougafantastic.com\/es\/\",\"name\":\"Merzouga Fantastic\",\"description\":\"Morocco Private Desert Tours\",\"potentialAction\":[{\"@type\":\"SearchAction\",\"target\":{\"@type\":\"EntryPoint\",\"urlTemplate\":\"https:\/\/merzougafantastic.com\/es\/?s={search_term_string}\"},\"query-input\":\"required name=search_term_string\"}],\"inLanguage\":\"en-US\"},{\"@type\":\"WebPage\",\"@id\":\"https:\/\/merzougafantastic.com\/es\/5-dias-desde-tanger-a-marrakech-a-traves-del-desierto\/#webpage\",\"url\":\"https:\/\/merzougafantastic.com\/es\/5-dias-desde-tanger-a-marrakech-a-traves-del-desierto\/\",\"name\":\"5 d\\u00edas desde T\\u00e1nger a Marrakech a trav\\u00e9s del desierto - Merzouga Fantastic\",\"isPartOf\":{\"@id\":\"https:\/\/merzougafantastic.com\/es\/#website\"},\"datePublished\":\"2020-03-03T10:46:41+00:00\",\"dateModified\":\"2020-04-23T18:47:41+00:00\",\"breadcrumb\":{\"@id\":\"https:\/\/merzougafantastic.com\/es\/5-dias-desde-tanger-a-marrakech-a-traves-del-desierto\/#breadcrumb\"},\"inLanguage\":\"en-US\",\"potentialAction\":[{\"@type\":\"ReadAction\",\"target\":[\"https:\/\/merzougafantastic.com\/es\/5-dias-desde-tanger-a-marrakech-a-traves-del-desierto\/\"]}]},{\"@type\":\"BreadcrumbList\",\"@id\":\"https:\/\/merzougafantastic.com\/es\/5-dias-desde-tanger-a-marrakech-a-traves-del-desierto\/#breadcrumb\",\"itemListElement\":[{\"@type\":\"ListItem\",\"position\":1,\"name\":\"Home\",\"item\":\"https:\/\/merzougafantastic.com\/es\/\"},{\"@type\":\"ListItem\",\"position\":2,\"name\":\"5 d\\u00edas desde T\\u00e1nger a Marrakech a trav\\u00e9s del desierto\"}]}]}<\/script>\n<!-- \/ Yoast SEO plugin. -->","yoast_head_json":{"title":"5 d\u00edas desde T\u00e1nger a Marrakech a trav\u00e9s del desierto - Merzouga Fantastic","robots":{"index":"index","follow":"follow","max-snippet":"max-snippet:-1","max-image-preview":"max-image-preview:large","max-video-preview":"max-video-preview:-1"},"canonical":"https:\/\/merzougafantastic.com\/es\/5-dias-desde-tanger-a-marrakech-a-traves-del-desierto\/","og_locale":"en_US","og_type":"article","og_title":"5 d\u00edas desde T\u00e1nger a Marrakech a trav\u00e9s del desierto - Merzouga Fantastic","og_description":"5 dias y 4 noches desde Tanger a Marrakech tour por el desierto Merzouga \/ Marruecos tour desde norte a sur desde Tanger al desierto erg [\u2026]","og_url":"https:\/\/merzougafantastic.com\/es\/5-dias-desde-tanger-a-marrakech-a-traves-del-desierto\/","og_site_name":"Merzouga Fantastic","article_modified_time":"2020-04-23T18:47:41+00:00","twitter_card":"summary_large_image","twitter_misc":{"Est. reading time":"3 minutes"},"schema":{"@context":"https:\/\/schema.org","@graph":[{"@type":"WebSite","@id":"https:\/\/merzougafantastic.com\/es\/#website","url":"https:\/\/merzougafantastic.com\/es\/","name":"Merzouga Fantastic","description":"Morocco Private Desert Tours","potentialAction":[{"@type":"SearchAction","target":{"@type":"EntryPoint","urlTemplate":"https:\/\/merzougafantastic.com\/es\/?s={search_term_string}"},"query-input":"required name=search_term_string"}],"inLanguage":"en-US"},{"@type":"WebPage","@id":"https:\/\/merzougafantastic.com\/es\/5-dias-desde-tanger-a-marrakech-a-traves-del-desierto\/#webpage","url":"https:\/\/merzougafantastic.com\/es\/5-dias-desde-tanger-a-marrakech-a-traves-del-desierto\/","name":"5 d\u00edas desde T\u00e1nger a Marrakech a trav\u00e9s del desierto - Merzouga Fantastic","isPartOf":{"@id":"https:\/\/merzougafantastic.com\/es\/#website"},"datePublished":"2020-03-03T10:46:41+00:00","dateModified":"2020-04-23T18:47:41+00:00","breadcrumb":{"@id":"https:\/\/merzougafantastic.com\/es\/5-dias-desde-tanger-a-marrakech-a-traves-del-desierto\/#breadcrumb"},"inLanguage":"en-US","potentialAction":[{"@type":"ReadAction","target":["https:\/\/merzougafantastic.com\/es\/5-dias-desde-tanger-a-marrakech-a-traves-del-desierto\/"]}]},{"@type":"BreadcrumbList","@id":"https:\/\/merzougafantastic.com\/es\/5-dias-desde-tanger-a-marrakech-a-traves-del-desierto\/#breadcrumb","itemListElement":[{"@type":"ListItem","position":1,"name":"Home","item":"https:\/\/merzougafantastic.com\/es\/"},{"@type":"ListItem","position":2,"name":"5 d\u00edas desde T\u00e1nger a Marrakech a trav\u00e9s del desierto"}]}]}},"_links":{"self":[{"href":"https:\/\/merzougafantastic.com\/es\/wp-json\/wp\/v2\/pages\/235"}],"collection":[{"href":"https:\/\/merzougafantastic.com\/es\/wp-json\/wp\/v2\/pages"}],"about":[{"href":"https:\/\/merzougafantastic.com\/es\/wp-json\/wp\/v2\/types\/page"}],"author":[{"embeddable":true,"href":"https:\/\/merzougafantastic.com\/es\/wp-json\/wp\/v2\/users\/1"}],"replies":[{"embeddable":true,"href":"https:\/\/merzougafantastic.com\/es\/wp-json\/wp\/v2\/comments?post=235"}],"version-history":[{"count":6,"href":"https:\/\/merzougafantastic.com\/es\/wp-json\/wp\/v2\/pages\/235\/revisions"}],"predecessor-version":[{"id":557,"href":"https:\/\/merzougafantastic.com\/es\/wp-json\/wp\/v2\/pages\/235\/revisions\/557"}],"wp:attachment":[{"href":"https:\/\/merzougafantastic.com\/es\/wp-json\/wp\/v2\/media?parent=235"}],"curies":[{"name":"wp","href":"https:\/\/api.w.org\/{rel}","templated":true}]}}