{"id":233,"date":"2020-03-03T10:43:11","date_gmt":"2020-03-03T10:43:11","guid":{"rendered":"https:\/\/merzougafantastic.com\/wp\/?page_id=233"},"modified":"2020-04-23T18:43:34","modified_gmt":"2020-04-23T18:43:34","slug":"12-dias-desde-casablanca-hasta-el-desierto-de-marruecos-tours","status":"publish","type":"page","link":"https:\/\/merzougafantastic.com\/es\/12-dias-desde-casablanca-hasta-el-desierto-de-marruecos-tours\/","title":{"rendered":"12 d\u00edas desde Casablanca hasta el desierto de Marruecos Tours"},"content":{"rendered":"<h2 style=\"text-align: center;\"><span style=\"color: #993300;\"><strong>Marruecos turismo en viaje de 12 dias y 11 noches por cuidades imperiales y las zonas saharianas\u00a0<\/strong><\/span><\/h2>\n<h4>D\u00eda 1: Casablanca<\/h4>\n<p>Llega al aeropuerto de Casablanca. Su gu\u00eda tur\u00edstico local le recibir\u00e1 y le acompa\u00f1ar\u00e1 a su hotel (dependiendo de la hora de llegada). Cena y alojamiento.<\/p>\n<h4>D\u00eda 2: Casablanca &#8211; Rabat.<\/h4>\n<p>Hoy Despu\u00e9s del desayuno en el hotel, tendr\u00e1 una breve visita a la ciudad de Casablanca, la ciudad m\u00e1s grande de Marruecos, es el coraz\u00f3n del comercio y la industria, visitar\u00e1 la mezquita de Hassan II construida sobre el agua junto al Oc\u00e9ano Atl\u00e1ntico. M\u00e1s tarde, saldr\u00e1 hacia Rabat. Pararemos para almorzar y luego haremos un recorrido tur\u00edstico por la capital administrativa de Marruecos. Visitar\u00e1n el Palacio Real, el Mausoleo de Mohamed V y la Torre Hassan, el minarete de la mezquita incompleta iniciado por el gobernante almohade, Yaacoub al-Mansour. Tambi\u00e9n podr\u00e1 visitar la Kasbah des Oudaias, casas blancas con parapetos pintados de azul situadas cerca de la costa atl\u00e1ntica. Cena y alojamiento en el hotel.<\/p>\n<h4>D\u00eda 3: Rabat &#8211; Meknes &#8211; Fes.<\/h4>\n<p>Hoy, despu\u00e9s del desayuno en el hotel, viajar\u00e1 a Meknes y luego a la cercana ciudad de Fes. Meknes es la tercera ciudad imperial de Marruecos con su famosa puerta, es conocida como &#8220;El Versalles de Marruecos&#8221;. Usted explorar\u00e1 Bab El Mansour, una de las m\u00e1s bellas puertas. Contin\u00fae su recorrido tur\u00edstico visitando el Mausoleo de Moulay Ismail. Tendr\u00e1 tiempo para almorzar y luego visitar\u00e1 la antigua y la nueva Medina. M\u00e1s tarde visitar\u00e1 el pueblo de Moulay Idriss Zerhoun, uno de los sitios m\u00e1s sagrados y lugar de peregrinaci\u00f3n de los marroqu\u00edes. Despu\u00e9s descubrir\u00e1 las antiguas ruinas romanas de Volubulis. Por \u00faltimo, iremos a Fez y disfrutaremos de una cena tradicional marroqu\u00ed. Pasaremos la noche en un Riad o un hotel.<\/p>\n<h4>D\u00eda 4: Fez.<\/h4>\n<p>Hoy, despu\u00e9s del desayuno, tendr\u00e1 una visita tur\u00edstica para explorar la ciudad real de Fez. Pasar\u00e1 la ma\u00f1ana visitando la Medina medieval (ciudad vieja) con sus murallas y calles estrechas que fue declarada Patrimonio de la Humanidad por la UNESCO en 1981. Ver\u00e1 las ruinas de las tumbas merin\u00edes del siglo XVI. Visitar\u00e1 la Bouanania y las Medersas Attarine construidas a principios del siglo XIV por los merin\u00edes, la Mezquita Karaouine (el antiguo centro educativo del aprendizaje isl\u00e1mico) y la Fuente de M\u00e1rmol Nejjarine. Tendr\u00e1n una pausa para almorzar en un restaurante t\u00edpico marroqu\u00ed. Continuando con su visita, podr\u00e1 ver la puerta decorada de Bab Boujeloud, las curtidur\u00edas medievales, el Palacio Real y, a continuaci\u00f3n, la visita de los zocos (mercados locales) donde los comerciantes y artesanos venden sus joyas hechas a mano, art\u00edculos de cuero, cobre y cer\u00e1mica. Cena y alojamiento en un hotel.<\/p>\n<h4>D\u00eda 5: Fes &#8211; Ifran &#8211; Azrou &#8211; Midelt &#8211; Er-Rachidia &#8211; Erfoud &#8211; Merzouga<\/h4>\n<p>Hoy temprano en la ma\u00f1ana, viajar\u00e1n a trav\u00e9s del Atlas medio por Ifran, la Suiza marroqu\u00ed, y Azrou. Har\u00e1n una parada en el bosque de cedros para visitar el Cedre Goraud, donde ver\u00e1n simios berberiscos. Desde aqu\u00ed nos dirigiremos m\u00e1s al sur pasando por varias ciudades y tendr\u00e1 la oportunidad de ver a los n\u00f3madas que viven en tiendas de campa\u00f1a a lo largo del camino. Tambi\u00e9n ver\u00e1 las rocas volc\u00e1nicas. Nuestra siguiente parada es en Midelt donde disfrutar\u00e1 de su almuerzo. M\u00e1s tarde, continuaremos nuestro viaje cruzando el paso de Tizi N&#8217;Talghomt (1907m) mientras disfrutamos de las vistas panor\u00e1micas. Tambi\u00e9n cruzar\u00e1n el desfiladero de Ziz y el t\u00fanel. Cerca de Errachidia, ver\u00e1 la presa Hassan Al-Dakhil que tiene un agua azul turquesa. Contin\u00fae nuestro viaje a Erfoud, tendr\u00e1 una parada para una vista panor\u00e1mica de la palmeraie Aoufous a lo largo del r\u00edo Ziz. Llegando a Erfoud y cruzando la carretera para llegar al hotel situado al pie de las dunas. Experimentar\u00e1n un paseo en camello para llegar al campamento del desierto en medio de las dunas donde pasar\u00e1n la noche, disfrutar\u00e1n de su velada, cenar\u00e1n bajo las estrellas y dormir\u00e1n en una tienda n\u00f3mada bereber.<\/p>\n<h4>D\u00eda 6: Merzouga &#8211; Rissani &#8211; Erfoud &#8211; Tinejdad &#8211; Tineghir &#8211; Gargantas del Todra.<\/h4>\n<p>Despertaremos por la llamada de su gu\u00eda muy temprano para ver el amanecer y disfrutar del desayuno. Regresar\u00e1n a su hotel donde podr\u00e1n tomar una ducha caliente y prepararse para el nuevo viaje. Partiremos hacia Rissani, visitaremos Zawiya Moulay Ali ash-Sharif y tambi\u00e9n podr\u00e1s investigar el Souk (mercado local) con la oportunidad de ver los Fondouks donde se re\u00fanen los burros. Continuando nuestro viaje hacia Tinjdad pasando por Erfoud &#8220;la capital del f\u00f3sil de m\u00e1rmol&#8221;. Ver\u00e1n el Khatarat (sistema de irrigaci\u00f3n del canal) en nuestra ruta. Nuestra siguiente parada es en Tinjdad donde almorzar\u00e1n. M\u00e1s tarde, tendr\u00e1n la oportunidad de detenerse para tener una vista panor\u00e1mica del r\u00edo. Continuaremos por la carretera a lo largo del r\u00edo para llegar a las gargantas donde caminar\u00e1s a pie por este impresionante lugar mientras disfrutas de las vistas de las altas paredes de roca (hasta 300 metros). Cena y alojamiento en un hotel.<\/p>\n<h4>D\u00eda 7: Gargantas del Todra &#8211; Boumalne &#8211; Gargantas del Dades &#8211; Boutghrar &#8211; El-Kel\u00e2a M&#8217;Gouna &#8211; Ouarzazate.<\/h4>\n<p>Hoy viajar\u00e1 a Ouarzazate a trav\u00e9s de Boumalne du Dad\u00e8s, El-Kela\u00e2 M&#8217;Gouna y Skoura. Tendr\u00e1 poco tiempo para explorar las gargantas del Dades y ver sus formaciones rocosas &#8220;cuerpos humanos, dedos de monos&#8221; y caminar a pie por este impresionante lugar mientras disfruta de las vistas de las rocas. Desde aqu\u00ed, cruzaremos el Boutghrar fuera de la carretera. Parando para visitar una de las familias n\u00f3madas que viven en cuevas, se le presentar\u00e1 a los miembros de la familia y conocer\u00e1 su forma de vida mientras disfruta del sabor de una buena taza de t\u00e9. Despu\u00e9s de esto, continuaremos nuestro camino para llegar a El-Kela\u00e2 M&#8217;Gouna donde disfrutar\u00e1n de su almuerzo. M\u00e1s tarde, continuaremos nuestro viaje hacia Ouarzazate mientras disfrutamos de las vistas del Valle de las Rosas, el valle de las mil Kasbahs y la palmera de Skoura. Finalmente llegar\u00e1n a Ouarzazate, admirar\u00e1n la vista de la Kasbah de Taourirt que fue construida por la dinast\u00eda Glaoui. Cenar\u00e1n y pasar\u00e1n la noche en el Hotel o Riad.<\/p>\n<h4>D\u00eda 8 : Ouarzazate &#8211; A\u00eft BenHaddou &#8211; Telouet &#8211; Paso de Tizi N&#8217;Tichka &#8211; Marrakech.<\/h4>\n<p>Esta ma\u00f1ana despu\u00e9s del desayuno podr\u00e1 visitar los estudios de cine Atlas antes de dirigirnos al pueblo de A\u00eft Benhaddou, Patrimonio de la Humanidad de la UNESCO, donde visitar\u00e1 la ex\u00f3tica Kasbah que lleva su nombre. Esta Kasbah est\u00e1 situada en una colina a lo largo del f\u00e9rtil r\u00edo Ounila; se hace famosa debido a su papel como anfitriona de numerosas pel\u00edculas como: El hombre que ser\u00eda rey, Joya del Nilo, Jes\u00fas de Nazaret, El Mensaje, Lawrence de Arabia, La momia y Gladiador. M\u00e1s tarde, continuando nuestro viaje fuera de la carretera, nos dirigimos a Telouet. Tendr\u00e1n un descanso para almorzar y luego visitar\u00e1n la incre\u00edble Kasbah de Telouet. Despu\u00e9s continuaremos a trav\u00e9s del paso de Tizi-n-Tichka (2260m). Pararemos en el camino para sacar fotos y disfrutar de las vistas panor\u00e1micas de las monta\u00f1as del Alto Atlas junto con los pueblos bereberes situados a lo largo de la carretera. Llegada a Marrakech. Cena y alojamiento en un hotel o en un Riad.<\/p>\n<h4>D\u00eda 9: Marrakech.<\/h4>\n<p>El d\u00eda de hoy puede dedicarse a hacer turismo en Marrakech, la ciudad imperial del Sur. Visitar\u00e1n la Mezquita de la Koutoubia y admirar\u00e1n su torre, el Jard\u00edn Majorelle; un jard\u00edn bot\u00e1nico con sus variadas plantas, las Tumbas Saadianas del siglo XVI; todo ello decorado con coloridos mosaicos, el Palacio de la Bah\u00eda del siglo XIX con su bella arquitectura oriental. Tendr\u00e1s un descanso para el almuerzo. Por la tarde, tendr\u00e1s tiempo para explorar los fascinantes zocos (mercados locales) y los estrechos callejones que rodean la plaza Djem\u00e2a El-Fna. Por la noche, le encantar\u00e1n los encantadores de serpientes, cantantes, acr\u00f3batas, bailarines, narradores y narradores de cuentos, pasando de un grupo a otro. Disfrute de su cena y pase la noche en un hotel o en un Riad.<\/p>\n<h4>D\u00eda 10: Marrakech &#8211; Essaouira.<\/h4>\n<p>Esta ma\u00f1ana despu\u00e9s del desayuno, dejaremos Marrakech &#8220;la ciudad roja&#8221; hacia Essaouira, la antigua ciudad portuguesa. Podr\u00e1n visitar una f\u00e1brica de Argan dirigida por mujeres y conocer el proceso de fabricaci\u00f3n del aceite de Argan. Explorar\u00e1n el puerto de la ciudad tur\u00edstica costera de Essaouira. Disfrute de un almuerzo de mariscos frescos en la medina. La tarde es libre para una exploraci\u00f3n personal; podr\u00e1 nadar y relajarse en la playa. Disfrute de su cena y pase la noche en un Riad u hotel.<\/p>\n<h4>D\u00eda 11: Essaouira &#8211; Safi &#8211; Oualidia &#8211; El Jadida &#8211; Casablanca<\/h4>\n<p>Hoy saldremos de Essaouira hacia Casablanca &#8220;el centro comercial de Marruecos&#8221; por la carretera de la costa mientras admiramos las vistas. Pasaremos por Safi y luego a Oualida donde disfrutar\u00e1n de deliciosos mariscos en este maravilloso lugar. Despu\u00e9s del almuerzo continuaremos hacia Casablanca pasando por El Jadida (era conocido con Mazagan); esta antigua medina fue establecida en 1513 por los portugueses. Llegaremos a Casablanca a primera hora de la noche, disfrutaremos de la cena y pasaremos la noche en un hotel.<\/p>\n<h4>D\u00eda 12: Casablanca.<\/h4>\n<p>Despu\u00e9s del desayuno en el hotel, traslado al aeropuerto seg\u00fan la hora de salida de su vuelo.<\/p>\n","protected":false},"excerpt":{"rendered":"<p>Marruecos turismo en viaje de 12 dias y 11 noches por cuidades imperiales y las zonas saharianas\u00a0 D\u00eda 1: Casablanca Llega al aeropuerto de Casablanca. Su<span class=\"excerpt-hellip\"> [\u2026]<\/span><\/p>\n","protected":false},"author":1,"featured_media":0,"parent":0,"menu_order":0,"comment_status":"closed","ping_status":"closed","template":"","meta":{"ngg_post_thumbnail":0},"yoast_head":"<!-- This site is optimized with the Yoast SEO plugin v17.3 - https:\/\/yoast.com\/wordpress\/plugins\/seo\/ -->\n<title>12 d\u00edas desde Casablanca hasta el desierto de Marruecos Tours - Merzouga Fantastic<\/title>\n<meta name=\"robots\" content=\"index, follow, max-snippet:-1, max-image-preview:large, max-video-preview:-1\" \/>\n<link rel=\"canonical\" href=\"https:\/\/merzougafantastic.com\/es\/12-dias-desde-casablanca-hasta-el-desierto-de-marruecos-tours\/\" \/>\n<meta property=\"og:locale\" content=\"en_US\" \/>\n<meta property=\"og:type\" content=\"article\" \/>\n<meta property=\"og:title\" content=\"12 d\u00edas desde Casablanca hasta el desierto de Marruecos Tours - Merzouga Fantastic\" \/>\n<meta property=\"og:description\" content=\"Marruecos turismo en viaje de 12 dias y 11 noches por cuidades imperiales y las zonas saharianas\u00a0 D\u00eda 1: Casablanca Llega al aeropuerto de Casablanca. Su [\u2026]\" \/>\n<meta property=\"og:url\" content=\"https:\/\/merzougafantastic.com\/es\/12-dias-desde-casablanca-hasta-el-desierto-de-marruecos-tours\/\" \/>\n<meta property=\"og:site_name\" content=\"Merzouga Fantastic\" \/>\n<meta property=\"article:modified_time\" content=\"2020-04-23T18:43:34+00:00\" \/>\n<meta name=\"twitter:card\" content=\"summary_large_image\" \/>\n<meta name=\"twitter:label1\" content=\"Est. reading time\" \/>\n\t<meta name=\"twitter:data1\" content=\"8 minutes\" \/>\n<script type=\"application\/ld+json\" class=\"yoast-schema-graph\">{\"@context\":\"https:\/\/schema.org\",\"@graph\":[{\"@type\":\"WebSite\",\"@id\":\"https:\/\/merzougafantastic.com\/es\/#website\",\"url\":\"https:\/\/merzougafantastic.com\/es\/\",\"name\":\"Merzouga Fantastic\",\"description\":\"Morocco Private Desert Tours\",\"potentialAction\":[{\"@type\":\"SearchAction\",\"target\":{\"@type\":\"EntryPoint\",\"urlTemplate\":\"https:\/\/merzougafantastic.com\/es\/?s={search_term_string}\"},\"query-input\":\"required name=search_term_string\"}],\"inLanguage\":\"en-US\"},{\"@type\":\"WebPage\",\"@id\":\"https:\/\/merzougafantastic.com\/es\/12-dias-desde-casablanca-hasta-el-desierto-de-marruecos-tours\/#webpage\",\"url\":\"https:\/\/merzougafantastic.com\/es\/12-dias-desde-casablanca-hasta-el-desierto-de-marruecos-tours\/\",\"name\":\"12 d\\u00edas desde Casablanca hasta el desierto de Marruecos Tours - Merzouga Fantastic\",\"isPartOf\":{\"@id\":\"https:\/\/merzougafantastic.com\/es\/#website\"},\"datePublished\":\"2020-03-03T10:43:11+00:00\",\"dateModified\":\"2020-04-23T18:43:34+00:00\",\"breadcrumb\":{\"@id\":\"https:\/\/merzougafantastic.com\/es\/12-dias-desde-casablanca-hasta-el-desierto-de-marruecos-tours\/#breadcrumb\"},\"inLanguage\":\"en-US\",\"potentialAction\":[{\"@type\":\"ReadAction\",\"target\":[\"https:\/\/merzougafantastic.com\/es\/12-dias-desde-casablanca-hasta-el-desierto-de-marruecos-tours\/\"]}]},{\"@type\":\"BreadcrumbList\",\"@id\":\"https:\/\/merzougafantastic.com\/es\/12-dias-desde-casablanca-hasta-el-desierto-de-marruecos-tours\/#breadcrumb\",\"itemListElement\":[{\"@type\":\"ListItem\",\"position\":1,\"name\":\"Home\",\"item\":\"https:\/\/merzougafantastic.com\/es\/\"},{\"@type\":\"ListItem\",\"position\":2,\"name\":\"12 d\\u00edas desde Casablanca hasta el desierto de Marruecos Tours\"}]}]}<\/script>\n<!-- \/ Yoast SEO plugin. -->","yoast_head_json":{"title":"12 d\u00edas desde Casablanca hasta el desierto de Marruecos Tours - Merzouga Fantastic","robots":{"index":"index","follow":"follow","max-snippet":"max-snippet:-1","max-image-preview":"max-image-preview:large","max-video-preview":"max-video-preview:-1"},"canonical":"https:\/\/merzougafantastic.com\/es\/12-dias-desde-casablanca-hasta-el-desierto-de-marruecos-tours\/","og_locale":"en_US","og_type":"article","og_title":"12 d\u00edas desde Casablanca hasta el desierto de Marruecos Tours - Merzouga Fantastic","og_description":"Marruecos turismo en viaje de 12 dias y 11 noches por cuidades imperiales y las zonas saharianas\u00a0 D\u00eda 1: Casablanca Llega al aeropuerto de Casablanca. Su [\u2026]","og_url":"https:\/\/merzougafantastic.com\/es\/12-dias-desde-casablanca-hasta-el-desierto-de-marruecos-tours\/","og_site_name":"Merzouga Fantastic","article_modified_time":"2020-04-23T18:43:34+00:00","twitter_card":"summary_large_image","twitter_misc":{"Est. reading time":"8 minutes"},"schema":{"@context":"https:\/\/schema.org","@graph":[{"@type":"WebSite","@id":"https:\/\/merzougafantastic.com\/es\/#website","url":"https:\/\/merzougafantastic.com\/es\/","name":"Merzouga Fantastic","description":"Morocco Private Desert Tours","potentialAction":[{"@type":"SearchAction","target":{"@type":"EntryPoint","urlTemplate":"https:\/\/merzougafantastic.com\/es\/?s={search_term_string}"},"query-input":"required name=search_term_string"}],"inLanguage":"en-US"},{"@type":"WebPage","@id":"https:\/\/merzougafantastic.com\/es\/12-dias-desde-casablanca-hasta-el-desierto-de-marruecos-tours\/#webpage","url":"https:\/\/merzougafantastic.com\/es\/12-dias-desde-casablanca-hasta-el-desierto-de-marruecos-tours\/","name":"12 d\u00edas desde Casablanca hasta el desierto de Marruecos Tours - Merzouga Fantastic","isPartOf":{"@id":"https:\/\/merzougafantastic.com\/es\/#website"},"datePublished":"2020-03-03T10:43:11+00:00","dateModified":"2020-04-23T18:43:34+00:00","breadcrumb":{"@id":"https:\/\/merzougafantastic.com\/es\/12-dias-desde-casablanca-hasta-el-desierto-de-marruecos-tours\/#breadcrumb"},"inLanguage":"en-US","potentialAction":[{"@type":"ReadAction","target":["https:\/\/merzougafantastic.com\/es\/12-dias-desde-casablanca-hasta-el-desierto-de-marruecos-tours\/"]}]},{"@type":"BreadcrumbList","@id":"https:\/\/merzougafantastic.com\/es\/12-dias-desde-casablanca-hasta-el-desierto-de-marruecos-tours\/#breadcrumb","itemListElement":[{"@type":"ListItem","position":1,"name":"Home","item":"https:\/\/merzougafantastic.com\/es\/"},{"@type":"ListItem","position":2,"name":"12 d\u00edas desde Casablanca hasta el desierto de Marruecos Tours"}]}]}},"_links":{"self":[{"href":"https:\/\/merzougafantastic.com\/es\/wp-json\/wp\/v2\/pages\/233"}],"collection":[{"href":"https:\/\/merzougafantastic.com\/es\/wp-json\/wp\/v2\/pages"}],"about":[{"href":"https:\/\/merzougafantastic.com\/es\/wp-json\/wp\/v2\/types\/page"}],"author":[{"embeddable":true,"href":"https:\/\/merzougafantastic.com\/es\/wp-json\/wp\/v2\/users\/1"}],"replies":[{"embeddable":true,"href":"https:\/\/merzougafantastic.com\/es\/wp-json\/wp\/v2\/comments?post=233"}],"version-history":[{"count":6,"href":"https:\/\/merzougafantastic.com\/es\/wp-json\/wp\/v2\/pages\/233\/revisions"}],"predecessor-version":[{"id":550,"href":"https:\/\/merzougafantastic.com\/es\/wp-json\/wp\/v2\/pages\/233\/revisions\/550"}],"wp:attachment":[{"href":"https:\/\/merzougafantastic.com\/es\/wp-json\/wp\/v2\/media?parent=233"}],"curies":[{"name":"wp","href":"https:\/\/api.w.org\/{rel}","templated":true}]}}