{"id":231,"date":"2020-03-03T10:42:24","date_gmt":"2020-03-03T10:42:24","guid":{"rendered":"https:\/\/merzougafantastic.com\/wp\/?page_id=231"},"modified":"2020-04-23T18:43:45","modified_gmt":"2020-04-23T18:43:45","slug":"10-dias-desde-casablanca-a-merzouga-desierto-del-sahara","status":"publish","type":"page","link":"https:\/\/merzougafantastic.com\/es\/10-dias-desde-casablanca-a-merzouga-desierto-del-sahara\/","title":{"rendered":"10 d\u00edas desde Casablanca a Merzouga Desierto del Sahara"},"content":{"rendered":"<h2 style=\"text-align: center;\"><span style=\"color: #993300;\"><strong>Viaje al sur de Marruecos crusando Marruecos total en 10 dias y 9 noches \/ Circuito cuidades imperiales y el desierto sahara en 10 dias desde Casablanca viajes organizados<\/strong><\/span><\/h2>\n<h4>D\u00eda 1 Casablanca &#8211; Rabat &#8211; Chefchaouen<\/h4>\n<p>Le recibiremos en el aeropuerto de Mohammed V y luego iremos al centro de Casablanca donde ver\u00e1 la Mezquita Hassan II, la m\u00e1s grande fuera de la Meca y conocer\u00e1 la costa de &#8220;Cornualles&#8221;. Despu\u00e9s, saldremos hacia Chefchaouen &#8220;la ciudad azul&#8221;, donde pasar\u00e1 la noche en un Riad.<\/p>\n<h4>D\u00eda 2 Chefchaouen- Fes.<\/h4>\n<p>Tendr\u00e1n la ma\u00f1ana libre para explorar la magia y las calles azules de Chefchaouen. Tambi\u00e9n, su Kasbah, que se encuentra en el coraz\u00f3n de la ciudad y ver toda la ciudad desde una de sus torres. Adem\u00e1s, un lugar llamado Rass el Maa, donde la gente se re\u00fane y se divierte disfrutando de la naturaleza. Despu\u00e9s de almorzar en un restaurante local, nos dirigiremos a Fes, que es la ciudad cultural de Marruecos. La noche transcurrir\u00e1 en un Riad dentro de las murallas de la antigua Medina.<\/p>\n<h4>D\u00eda 3 D\u00eda completo explorando Fez.<\/h4>\n<p>Desayuno en su riad, luego comenzar\u00e1 a explorar la antigua medina de Fes donde visitar\u00e1 los tesoros escondidos que s\u00f3lo los habitantes del lugar conocen. Tendr\u00e1 la oportunidad de visitar la universidad de Alkarawyine, que es la universidad espiritual m\u00e1s antigua del mundo, el mausoleo de Molay Idriss, las fuentes de Nejjarine y las curtidur\u00edas. Despu\u00e9s de la comida podr\u00e1 ver el exterior de la Puerta del Palacio Real y pasear por el famoso barrio jud\u00edo &#8220;la Mellah&#8221;. Su visita a Fes tambi\u00e9n incluye una breve visita a la famosa f\u00e1brica de cer\u00e1mica, para luego disfrutar de una maravillosa vista panor\u00e1mica de toda la Medina de Fes. Pase la noche en su riad.<\/p>\n<h4>D\u00eda 4 Fes &#8211; Merzouga<\/h4>\n<p>Por la ma\u00f1ana iremos a las monta\u00f1as a una regi\u00f3n conocida como Imouzzer, que est\u00e1 cubierta por bosques de cedro, enebro y alcornoque. La zona es conocida por tener una abundante vida salvaje y podemos ver muchos tipos de aves, jabal\u00edes y monos de Berber\u00eda en nuestro viaje panor\u00e1mico. Luego el camino comenzar\u00e1 a subir hacia las monta\u00f1as del Medio Atlas donde podremos ver las laderas salpicadas por las tiendas y reba\u00f1os de cabras de los bereberes n\u00f3madas que llaman hogar a esta escarpada regi\u00f3n. Despu\u00e9s de almorzar en Midelt, continuamos por caminos de monta\u00f1a con vistas al Oued Ziz. Pasando por las Kasbahs y los palmerales pasamos por la ciudad de adobe de Er-Rachidia y llegamos al final de la tarde a Merzouga, ciudad en las afueras del desierto del Sahara donde pasaremos la noche.<\/p>\n<h4>D\u00eda 5 Fes- Azrou- Midelt- Valle del Ziz- Desierto de Merzouga.<\/h4>\n<p>Despu\u00e9s de desayunar en su riad, saldremos hacia el sureste de Marruecos. Durante este viaje tendr\u00e1 la oportunidad de parar en Ifrane que es &#8220;La tierra suiza de Marruecos&#8221; y luego continuar hasta el bosque de cedros m\u00e1s grande de \u00c1frica, donde ver\u00e1 simios b\u00e1rbaros. Despu\u00e9s de almorzar en Midelt, nos dirigiremos hacia el desierto del Sahara cruzando las monta\u00f1as del Alto Atlas. Despu\u00e9s, llegaremos al valle del Ziz, famoso por el cultivo de d\u00e1tiles. Finalmente, llegaremos a su hotel en Merzouga.<\/p>\n<h4>D\u00eda 6 Oasis &#8211; N\u00f3madas &#8211; M\u00fasica de Gnawa &#8211; Paseo en camello y noche en tienda bereber.<\/h4>\n<p>Despu\u00e9s del desayuno, nos dirigiremos a un Oasis, donde descubriremos un sistema de irrigaci\u00f3n subterr\u00e1nea y luego conduciremos a lo largo de las dunas de arena hasta llegar a los n\u00f3madas, donde compartiremos una taza de t\u00e9 con ellos y descubriremos c\u00f3mo viven en el desierto del Sahara. Despu\u00e9s, visitaremos algunas minas de barita, cobalto y plomo. Tambi\u00e9n tendremos la oportunidad de probar la pizza bereber en el pueblo de Khamlia y escuchar la m\u00fasica gnawa. Finalmente, montaremos en camellos hasta un campamento en el desierto, donde cenaremos y pasaremos una noche encantadora bajo un cielo estrellado.<\/p>\n<h4>D\u00eda 7 Desierto de Merzouga- Erfoud- Valle y desfiladero del Todra- Valle del Dades.<\/h4>\n<p>Temprano en la ma\u00f1ana, su gu\u00eda de camellos lo despertar\u00e1 para ver el mejor amanecer de su vida y luego montar\u00e1 en los camellos de regreso al pueblo de Merzouga donde se duchar\u00e1 y desayunar\u00e1. Despu\u00e9s, saldremos hacia Erfoud (que es la capital de los f\u00f3siles), luego hacia Tinghir donde disfrutaremos de uno de los magn\u00edficos valles del sudeste de Marruecos que es el valle del Todra y conduciremos a lo largo de \u00e9l hasta llegar al desfiladero del Todra donde caminar\u00e1s por el interior de los acantilados de 300 m. Finalmente, nos dirigiremos al valle del Dades donde se encuentra nuestro hotel.<\/p>\n<h4>D\u00eda 8 Marrakech<\/h4>\n<p>Despu\u00e9s del desayuno, tomaremos el camino de las &#8220;Mil kasbahs&#8221; hacia el Valle de las Rosas y el gran palmeral de Skoura. M\u00e1s tarde, llegaremos a Ouarzazate, que es el &#8220;Hollywood de \u00c1frica&#8221;, donde nos detendremos en el centro para disfrutar de la Kasbah de Taourirt desde fuera. A media hora de Ouarzazate, estaremos en el ksar (pueblo fortificado) de Ait Ben Haddou, donde visitaremos las famosas Kasbahs (declaradas Patrimonio de la Humanidad por la UNESCO desde 1987). En este espectacular escenario se han rodado pel\u00edculas famosas, como Gladiador , Obelix, La momia, La joya del Nilo, Sahara con Pen\u00e9lope Cruz&#8230;etc. Tiempo libre para almorzar en la ciudad. Despu\u00e9s, cruzaremos las monta\u00f1as del Alto Atlas con paradas para ver pueblos bereberes y diferentes paisajes hasta llegar a Marrakech.<\/p>\n<h4>D\u00eda 9 Explorando Marrakech.<\/h4>\n<p>Despu\u00e9s del desayuno en el riad, puede empezar a explorar Marrakech con un gu\u00eda local, &#8220;la ciudad roja de Marruecos&#8221;. Nos aseguraremos de que vea los lugares de inter\u00e9s hist\u00f3rico y cultural m\u00e1s importantes, incluyendo los Jardines Majorelle, la Torre de la Koutoubia, la madraza Ben Youssef, las tumbas Saadian, el Palacel de la Bah\u00eda. Despu\u00e9s de almorzar en un restaurante cerca de la plaza, caminar\u00e1 por los zocos y ver\u00e1 cientos de artesan\u00edas. Por la tarde, tendr\u00e1 tiempo libre para conocer por s\u00ed mismo las otras partes de la ciudad.<\/p>\n<h4>D\u00eda 10 Traslado al aeropuerto.<\/h4>\n","protected":false},"excerpt":{"rendered":"<p>Viaje al sur de Marruecos crusando Marruecos total en 10 dias y 9 noches \/ Circuito cuidades imperiales y el desierto sahara en 10 dias desde<span class=\"excerpt-hellip\"> [\u2026]<\/span><\/p>\n","protected":false},"author":1,"featured_media":0,"parent":0,"menu_order":0,"comment_status":"closed","ping_status":"closed","template":"","meta":{"ngg_post_thumbnail":0},"yoast_head":"<!-- This site is optimized with the Yoast SEO plugin v17.3 - https:\/\/yoast.com\/wordpress\/plugins\/seo\/ -->\n<title>10 d\u00edas desde Casablanca a Merzouga Desierto del Sahara - Merzouga Fantastic<\/title>\n<meta name=\"robots\" content=\"index, follow, max-snippet:-1, max-image-preview:large, max-video-preview:-1\" \/>\n<link rel=\"canonical\" href=\"https:\/\/merzougafantastic.com\/es\/10-dias-desde-casablanca-a-merzouga-desierto-del-sahara\/\" \/>\n<meta property=\"og:locale\" content=\"en_US\" \/>\n<meta property=\"og:type\" content=\"article\" \/>\n<meta property=\"og:title\" content=\"10 d\u00edas desde Casablanca a Merzouga Desierto del Sahara - Merzouga Fantastic\" \/>\n<meta property=\"og:description\" content=\"Viaje al sur de Marruecos crusando Marruecos total en 10 dias y 9 noches \/ Circuito cuidades imperiales y el desierto sahara en 10 dias desde [\u2026]\" \/>\n<meta property=\"og:url\" content=\"https:\/\/merzougafantastic.com\/es\/10-dias-desde-casablanca-a-merzouga-desierto-del-sahara\/\" \/>\n<meta property=\"og:site_name\" content=\"Merzouga Fantastic\" \/>\n<meta property=\"article:modified_time\" content=\"2020-04-23T18:43:45+00:00\" \/>\n<meta name=\"twitter:card\" content=\"summary_large_image\" \/>\n<meta name=\"twitter:label1\" content=\"Est. reading time\" \/>\n\t<meta name=\"twitter:data1\" content=\"5 minutes\" \/>\n<script type=\"application\/ld+json\" class=\"yoast-schema-graph\">{\"@context\":\"https:\/\/schema.org\",\"@graph\":[{\"@type\":\"WebSite\",\"@id\":\"https:\/\/merzougafantastic.com\/es\/#website\",\"url\":\"https:\/\/merzougafantastic.com\/es\/\",\"name\":\"Merzouga Fantastic\",\"description\":\"Morocco Private Desert Tours\",\"potentialAction\":[{\"@type\":\"SearchAction\",\"target\":{\"@type\":\"EntryPoint\",\"urlTemplate\":\"https:\/\/merzougafantastic.com\/es\/?s={search_term_string}\"},\"query-input\":\"required name=search_term_string\"}],\"inLanguage\":\"en-US\"},{\"@type\":\"WebPage\",\"@id\":\"https:\/\/merzougafantastic.com\/es\/10-dias-desde-casablanca-a-merzouga-desierto-del-sahara\/#webpage\",\"url\":\"https:\/\/merzougafantastic.com\/es\/10-dias-desde-casablanca-a-merzouga-desierto-del-sahara\/\",\"name\":\"10 d\\u00edas desde Casablanca a Merzouga Desierto del Sahara - Merzouga Fantastic\",\"isPartOf\":{\"@id\":\"https:\/\/merzougafantastic.com\/es\/#website\"},\"datePublished\":\"2020-03-03T10:42:24+00:00\",\"dateModified\":\"2020-04-23T18:43:45+00:00\",\"breadcrumb\":{\"@id\":\"https:\/\/merzougafantastic.com\/es\/10-dias-desde-casablanca-a-merzouga-desierto-del-sahara\/#breadcrumb\"},\"inLanguage\":\"en-US\",\"potentialAction\":[{\"@type\":\"ReadAction\",\"target\":[\"https:\/\/merzougafantastic.com\/es\/10-dias-desde-casablanca-a-merzouga-desierto-del-sahara\/\"]}]},{\"@type\":\"BreadcrumbList\",\"@id\":\"https:\/\/merzougafantastic.com\/es\/10-dias-desde-casablanca-a-merzouga-desierto-del-sahara\/#breadcrumb\",\"itemListElement\":[{\"@type\":\"ListItem\",\"position\":1,\"name\":\"Home\",\"item\":\"https:\/\/merzougafantastic.com\/es\/\"},{\"@type\":\"ListItem\",\"position\":2,\"name\":\"10 d\\u00edas desde Casablanca a Merzouga Desierto del Sahara\"}]}]}<\/script>\n<!-- \/ Yoast SEO plugin. -->","yoast_head_json":{"title":"10 d\u00edas desde Casablanca a Merzouga Desierto del Sahara - Merzouga Fantastic","robots":{"index":"index","follow":"follow","max-snippet":"max-snippet:-1","max-image-preview":"max-image-preview:large","max-video-preview":"max-video-preview:-1"},"canonical":"https:\/\/merzougafantastic.com\/es\/10-dias-desde-casablanca-a-merzouga-desierto-del-sahara\/","og_locale":"en_US","og_type":"article","og_title":"10 d\u00edas desde Casablanca a Merzouga Desierto del Sahara - Merzouga Fantastic","og_description":"Viaje al sur de Marruecos crusando Marruecos total en 10 dias y 9 noches \/ Circuito cuidades imperiales y el desierto sahara en 10 dias desde [\u2026]","og_url":"https:\/\/merzougafantastic.com\/es\/10-dias-desde-casablanca-a-merzouga-desierto-del-sahara\/","og_site_name":"Merzouga Fantastic","article_modified_time":"2020-04-23T18:43:45+00:00","twitter_card":"summary_large_image","twitter_misc":{"Est. reading time":"5 minutes"},"schema":{"@context":"https:\/\/schema.org","@graph":[{"@type":"WebSite","@id":"https:\/\/merzougafantastic.com\/es\/#website","url":"https:\/\/merzougafantastic.com\/es\/","name":"Merzouga Fantastic","description":"Morocco Private Desert Tours","potentialAction":[{"@type":"SearchAction","target":{"@type":"EntryPoint","urlTemplate":"https:\/\/merzougafantastic.com\/es\/?s={search_term_string}"},"query-input":"required name=search_term_string"}],"inLanguage":"en-US"},{"@type":"WebPage","@id":"https:\/\/merzougafantastic.com\/es\/10-dias-desde-casablanca-a-merzouga-desierto-del-sahara\/#webpage","url":"https:\/\/merzougafantastic.com\/es\/10-dias-desde-casablanca-a-merzouga-desierto-del-sahara\/","name":"10 d\u00edas desde Casablanca a Merzouga Desierto del Sahara - Merzouga Fantastic","isPartOf":{"@id":"https:\/\/merzougafantastic.com\/es\/#website"},"datePublished":"2020-03-03T10:42:24+00:00","dateModified":"2020-04-23T18:43:45+00:00","breadcrumb":{"@id":"https:\/\/merzougafantastic.com\/es\/10-dias-desde-casablanca-a-merzouga-desierto-del-sahara\/#breadcrumb"},"inLanguage":"en-US","potentialAction":[{"@type":"ReadAction","target":["https:\/\/merzougafantastic.com\/es\/10-dias-desde-casablanca-a-merzouga-desierto-del-sahara\/"]}]},{"@type":"BreadcrumbList","@id":"https:\/\/merzougafantastic.com\/es\/10-dias-desde-casablanca-a-merzouga-desierto-del-sahara\/#breadcrumb","itemListElement":[{"@type":"ListItem","position":1,"name":"Home","item":"https:\/\/merzougafantastic.com\/es\/"},{"@type":"ListItem","position":2,"name":"10 d\u00edas desde Casablanca a Merzouga Desierto del Sahara"}]}]}},"_links":{"self":[{"href":"https:\/\/merzougafantastic.com\/es\/wp-json\/wp\/v2\/pages\/231"}],"collection":[{"href":"https:\/\/merzougafantastic.com\/es\/wp-json\/wp\/v2\/pages"}],"about":[{"href":"https:\/\/merzougafantastic.com\/es\/wp-json\/wp\/v2\/types\/page"}],"author":[{"embeddable":true,"href":"https:\/\/merzougafantastic.com\/es\/wp-json\/wp\/v2\/users\/1"}],"replies":[{"embeddable":true,"href":"https:\/\/merzougafantastic.com\/es\/wp-json\/wp\/v2\/comments?post=231"}],"version-history":[{"count":6,"href":"https:\/\/merzougafantastic.com\/es\/wp-json\/wp\/v2\/pages\/231\/revisions"}],"predecessor-version":[{"id":551,"href":"https:\/\/merzougafantastic.com\/es\/wp-json\/wp\/v2\/pages\/231\/revisions\/551"}],"wp:attachment":[{"href":"https:\/\/merzougafantastic.com\/es\/wp-json\/wp\/v2\/media?parent=231"}],"curies":[{"name":"wp","href":"https:\/\/api.w.org\/{rel}","templated":true}]}}