{"id":227,"date":"2020-03-03T10:40:49","date_gmt":"2020-03-03T10:40:49","guid":{"rendered":"https:\/\/merzougafantastic.com\/wp\/?page_id=227"},"modified":"2020-04-23T18:54:04","modified_gmt":"2020-04-23T18:54:04","slug":"6-dias-desde-casablanca-a-merzouga-y-marrakech","status":"publish","type":"page","link":"https:\/\/merzougafantastic.com\/es\/6-dias-desde-casablanca-a-merzouga-y-marrakech\/","title":{"rendered":"6 d\u00edas desde Casablanca a Merzouga y Marrakech"},"content":{"rendered":"<h2 style=\"text-align: center;\"><span style=\"color: #993300;\"><strong>Viaje en Marruecos explorando Marruecos completo desde Casablanca a Marrakech \/ 6 dias y 5 noches desde Casablanca tour por el desierto sahara Merzouga y por ciudades imperiales<\/strong><\/span><\/h2>\n<h4>D\u00eda 1 CASABLANCA &#8211; FES<\/h4>\n<p>Nos reuniremos con usted en el aeropuerto o en su hotel en Casablanca y conduciremos a Fez pasando por Rabat y Meknes. Si el tiempo nos lo permite, podemos hacer peque\u00f1as paradas para visitar los lugares importantes de esas ciudades, as\u00ed como las ruinas romanas, y luego iremos a Fez donde llegar\u00e1n por la tarde y aqu\u00ed pasar\u00e1n la noche en una casa tradicional marroqu\u00ed (riad).<\/p>\n<h4>D\u00eda 2 EXPLORANDO FES :<\/h4>\n<p>La mayor parte de la ma\u00f1ana la pasaremos visitando la medina (la ciudad vieja) y sus callejones. Su visita comienza con la visita al Barrio Jud\u00edo (la Mellah) y el Palacio Real (patio), que es el m\u00e1s grande del pa\u00eds. Visitar\u00e1n las famosas curtidur\u00edas y la mezquita de Quaraouine, considerada la primera universidad del mundo. Despu\u00e9s del almuerzo, en un restaurante t\u00edpico marroqu\u00ed de la Medina, tendr\u00e1 una maravillosa vista panor\u00e1mica de la ciudad. El alojamiento durante la noche ser\u00e1 en el mismo riad.<\/p>\n<h4>D\u00eda 3 FES &#8211; AZROU &#8211; MIDELT &#8211; VALLE DE ZIZ &#8211; MERZOUGA<\/h4>\n<p>Despu\u00e9s del desayuno dejaremos a Fez viajando hacia Ifrane, conocida como &#8220;la Suiza de Marruecos&#8221;. Durante este viaje ver\u00e1n visiones de las monta\u00f1as del Medio y Alto Atlas. Pararemos en Azrou, un pueblo bereber en medio del famoso bosque de cedros, el m\u00e1s grande de Marruecos, donde es muy posible que veas monos b\u00e1rbaros. El almuerzo ser\u00e1 en Midelt en un restaurante tradicional marroqu\u00ed, y despu\u00e9s viajaremos a trav\u00e9s del paso de Tizi Ntalghamt y a lo largo de las magn\u00edficas gargantas del Ziz talladas en la roca volc\u00e1nica y a lo largo del espectacular Valle del Ziz, deteni\u00e9ndonos para disfrutar de vistas panor\u00e1micas a lo largo del camino. Conduciremos a trav\u00e9s de acogedoras aldeas bereberes hasta Erfoud y luego Rissani, antes de llegar a Merzouga. Aqu\u00ed ser\u00e1 recibido con un vaso de t\u00e9 de menta antes de registrarse en nuestra casa de hu\u00e9spedes al lado de las dunas de arena . cena y desayuno.<\/p>\n<h4>D\u00eda 4 ZONA DE MERZOUGA &#8211; LA CAMPANA DE CAMELOS Y NOCHE EN EL CAMPAMENTO<\/h4>\n<p>Despu\u00e9s de un lujoso desayuno comenzar\u00e1s a explorar la zona. Visitar\u00e1s al pueblo Gnawa en su aldea Khamlia, donde aprender\u00e1s sobre la m\u00fasica Gnawa y su estilo de vida. . Despu\u00e9s, conduciremos por la zona del desierto del Sahara donde podremos conocer a las familias n\u00f3madas que a\u00fan viven bajo tiendas bereberes hechas con la lana de sus animales. Hoy nuestro almuerzo ser\u00e1 una comida local (pizza bereber) con una familia bereber. Tambi\u00e9n tienes la opci\u00f3n de visitar la antigua ciudad de Rissani, la fundaci\u00f3n de la dinast\u00eda Alaouite &#8211; la actual familia real gobernante en Marruecos. Rissani est\u00e1 rodeada por unos 360 ksar (un pueblo fortificado con muchas torres) y tiene un gran zoco (un mercado abierto), que se celebra tres veces a la semana. Antes llamado Sijilmassa, era el lugar de reuni\u00f3n de las caravanas de la sal, que ven\u00edan de Timbuctou en Mal\u00ed. Aqu\u00ed caminar\u00e1s por el zoco, lleno de especias, verduras y telas. M\u00e1s tarde regresaremos a la aldea de Merzouga, donde te esperar\u00e1 tu camello, guiado por un experimentado camellero. El paseo en camello dura aproximadamente una hora para llegar al campamento -donde pasar\u00e1s la noche- en medio de las dunas de arena m\u00e1s altas para disfrutar de la puesta de sol y observar las estrellas. la cena se servir\u00e1 en el campamento.<\/p>\n<h4>D\u00eda 5 MERZOUGA &#8211; TODGHA GORGES &#8211; VALLE DE LOS DADOS<\/h4>\n<p>Su gu\u00eda de camellos lo despertar\u00e1 temprano en la ma\u00f1ana para ver lo que bien puede ser el mejor amanecer de su vida, entonces usted tranquilamente caminar\u00e1 en camello de regreso a la aldea. En la ruta no dejar\u00e1s de apreciar la belleza \u00fanica de las espectaculares dunas de Erg Chebbi, que cambian con la luz a medida que avanza el d\u00eda. Despu\u00e9s de desayunar y ducharse en el Riad, saldr\u00e1 hacia los desfiladeros de Rissani, Tinghir y Todgha, los m\u00e1s altos y estrechos de Marruecos. Despu\u00e9s de comer en el coraz\u00f3n del desfiladero, atravesaremos el Valle del Dades, donde ver\u00e1 los majestuosos castillos de arena y las incre\u00edbles formaciones rocosas conocidas como &#8220;dedos de mono&#8221;. Pasaremos la noche en nuestra tradicional casa de hu\u00e9spedes con cena y desayuno.<\/p>\n<h4>D\u00eda 6 VALLE DEL DADES &#8211; OUARZAZATE -AIT BENHADDOU &#8211; MARRAKECH :<\/h4>\n<p>Despu\u00e9s del desayuno conduciremos a trav\u00e9s del Valle del Dades hacia Kalaat M&#8217;Gouna y Ouarzazate. La ruta a trav\u00e9s del Valle del Dades es el camino de las mil Kasbahs &#8211; proporcionando numerosas oportunidades para tomar algunas de sus mejores fotos del viaje. Nos detendremos en Kalaat M&#8217;Gouna, &#8220;la ciudad de las rosas&#8221;, para comprar el agua de rosas, que har\u00e1 que su ropa huela bien mucho tiempo despu\u00e9s de que termine su viajeJ Su viaje continuar\u00e1 hacia Marrakech pasando por la Kasbah de Ait Benhaddou, la m\u00e1s grande de Marruecos. La Kasbah fue construida por Et Hami El Glaoui, uno de los \u00faltimos caciques bereberes durante el siglo XVIII, ahora es una casa de muchos Glaoui. Su viaje continuar\u00e1 a trav\u00e9s del majestuoso paso de Tizi n&#8217;Tichka (2260m) sobre las monta\u00f1as del Alto Atlas, donde podremos detenernos para descubrir el camino y el proceso de elaboraci\u00f3n del aceite de argain por parte de las mujeres bereberes sus cooperativas antes de llegar a su alojamiento en Marrakech.<\/p>\n","protected":false},"excerpt":{"rendered":"<p>Viaje en Marruecos explorando Marruecos completo desde Casablanca a Marrakech \/ 6 dias y 5 noches desde Casablanca tour por el desierto sahara Merzouga y por<span class=\"excerpt-hellip\"> [\u2026]<\/span><\/p>\n","protected":false},"author":1,"featured_media":0,"parent":0,"menu_order":0,"comment_status":"closed","ping_status":"closed","template":"","meta":{"ngg_post_thumbnail":0},"yoast_head":"<!-- This site is optimized with the Yoast SEO plugin v17.3 - https:\/\/yoast.com\/wordpress\/plugins\/seo\/ -->\n<title>6 d\u00edas desde Casablanca a Merzouga y Marrakech - Merzouga Fantastic<\/title>\n<meta name=\"robots\" content=\"index, follow, max-snippet:-1, max-image-preview:large, max-video-preview:-1\" \/>\n<link rel=\"canonical\" href=\"https:\/\/merzougafantastic.com\/es\/6-dias-desde-casablanca-a-merzouga-y-marrakech\/\" \/>\n<meta property=\"og:locale\" content=\"en_US\" \/>\n<meta property=\"og:type\" content=\"article\" \/>\n<meta property=\"og:title\" content=\"6 d\u00edas desde Casablanca a Merzouga y Marrakech - Merzouga Fantastic\" \/>\n<meta property=\"og:description\" content=\"Viaje en Marruecos explorando Marruecos completo desde Casablanca a Marrakech \/ 6 dias y 5 noches desde Casablanca tour por el desierto sahara Merzouga y por [\u2026]\" \/>\n<meta property=\"og:url\" content=\"https:\/\/merzougafantastic.com\/es\/6-dias-desde-casablanca-a-merzouga-y-marrakech\/\" \/>\n<meta property=\"og:site_name\" content=\"Merzouga Fantastic\" \/>\n<meta property=\"article:modified_time\" content=\"2020-04-23T18:54:04+00:00\" \/>\n<meta name=\"twitter:card\" content=\"summary_large_image\" \/>\n<meta name=\"twitter:label1\" content=\"Est. reading time\" \/>\n\t<meta name=\"twitter:data1\" content=\"5 minutes\" \/>\n<script type=\"application\/ld+json\" class=\"yoast-schema-graph\">{\"@context\":\"https:\/\/schema.org\",\"@graph\":[{\"@type\":\"WebSite\",\"@id\":\"https:\/\/merzougafantastic.com\/es\/#website\",\"url\":\"https:\/\/merzougafantastic.com\/es\/\",\"name\":\"Merzouga Fantastic\",\"description\":\"Morocco Private Desert Tours\",\"potentialAction\":[{\"@type\":\"SearchAction\",\"target\":{\"@type\":\"EntryPoint\",\"urlTemplate\":\"https:\/\/merzougafantastic.com\/es\/?s={search_term_string}\"},\"query-input\":\"required name=search_term_string\"}],\"inLanguage\":\"en-US\"},{\"@type\":\"WebPage\",\"@id\":\"https:\/\/merzougafantastic.com\/es\/6-dias-desde-casablanca-a-merzouga-y-marrakech\/#webpage\",\"url\":\"https:\/\/merzougafantastic.com\/es\/6-dias-desde-casablanca-a-merzouga-y-marrakech\/\",\"name\":\"6 d\\u00edas desde Casablanca a Merzouga y Marrakech - Merzouga Fantastic\",\"isPartOf\":{\"@id\":\"https:\/\/merzougafantastic.com\/es\/#website\"},\"datePublished\":\"2020-03-03T10:40:49+00:00\",\"dateModified\":\"2020-04-23T18:54:04+00:00\",\"breadcrumb\":{\"@id\":\"https:\/\/merzougafantastic.com\/es\/6-dias-desde-casablanca-a-merzouga-y-marrakech\/#breadcrumb\"},\"inLanguage\":\"en-US\",\"potentialAction\":[{\"@type\":\"ReadAction\",\"target\":[\"https:\/\/merzougafantastic.com\/es\/6-dias-desde-casablanca-a-merzouga-y-marrakech\/\"]}]},{\"@type\":\"BreadcrumbList\",\"@id\":\"https:\/\/merzougafantastic.com\/es\/6-dias-desde-casablanca-a-merzouga-y-marrakech\/#breadcrumb\",\"itemListElement\":[{\"@type\":\"ListItem\",\"position\":1,\"name\":\"Home\",\"item\":\"https:\/\/merzougafantastic.com\/es\/\"},{\"@type\":\"ListItem\",\"position\":2,\"name\":\"6 d\\u00edas desde Casablanca a Merzouga y Marrakech\"}]}]}<\/script>\n<!-- \/ Yoast SEO plugin. -->","yoast_head_json":{"title":"6 d\u00edas desde Casablanca a Merzouga y Marrakech - Merzouga Fantastic","robots":{"index":"index","follow":"follow","max-snippet":"max-snippet:-1","max-image-preview":"max-image-preview:large","max-video-preview":"max-video-preview:-1"},"canonical":"https:\/\/merzougafantastic.com\/es\/6-dias-desde-casablanca-a-merzouga-y-marrakech\/","og_locale":"en_US","og_type":"article","og_title":"6 d\u00edas desde Casablanca a Merzouga y Marrakech - Merzouga Fantastic","og_description":"Viaje en Marruecos explorando Marruecos completo desde Casablanca a Marrakech \/ 6 dias y 5 noches desde Casablanca tour por el desierto sahara Merzouga y por [\u2026]","og_url":"https:\/\/merzougafantastic.com\/es\/6-dias-desde-casablanca-a-merzouga-y-marrakech\/","og_site_name":"Merzouga Fantastic","article_modified_time":"2020-04-23T18:54:04+00:00","twitter_card":"summary_large_image","twitter_misc":{"Est. reading time":"5 minutes"},"schema":{"@context":"https:\/\/schema.org","@graph":[{"@type":"WebSite","@id":"https:\/\/merzougafantastic.com\/es\/#website","url":"https:\/\/merzougafantastic.com\/es\/","name":"Merzouga Fantastic","description":"Morocco Private Desert Tours","potentialAction":[{"@type":"SearchAction","target":{"@type":"EntryPoint","urlTemplate":"https:\/\/merzougafantastic.com\/es\/?s={search_term_string}"},"query-input":"required name=search_term_string"}],"inLanguage":"en-US"},{"@type":"WebPage","@id":"https:\/\/merzougafantastic.com\/es\/6-dias-desde-casablanca-a-merzouga-y-marrakech\/#webpage","url":"https:\/\/merzougafantastic.com\/es\/6-dias-desde-casablanca-a-merzouga-y-marrakech\/","name":"6 d\u00edas desde Casablanca a Merzouga y Marrakech - Merzouga Fantastic","isPartOf":{"@id":"https:\/\/merzougafantastic.com\/es\/#website"},"datePublished":"2020-03-03T10:40:49+00:00","dateModified":"2020-04-23T18:54:04+00:00","breadcrumb":{"@id":"https:\/\/merzougafantastic.com\/es\/6-dias-desde-casablanca-a-merzouga-y-marrakech\/#breadcrumb"},"inLanguage":"en-US","potentialAction":[{"@type":"ReadAction","target":["https:\/\/merzougafantastic.com\/es\/6-dias-desde-casablanca-a-merzouga-y-marrakech\/"]}]},{"@type":"BreadcrumbList","@id":"https:\/\/merzougafantastic.com\/es\/6-dias-desde-casablanca-a-merzouga-y-marrakech\/#breadcrumb","itemListElement":[{"@type":"ListItem","position":1,"name":"Home","item":"https:\/\/merzougafantastic.com\/es\/"},{"@type":"ListItem","position":2,"name":"6 d\u00edas desde Casablanca a Merzouga y Marrakech"}]}]}},"_links":{"self":[{"href":"https:\/\/merzougafantastic.com\/es\/wp-json\/wp\/v2\/pages\/227"}],"collection":[{"href":"https:\/\/merzougafantastic.com\/es\/wp-json\/wp\/v2\/pages"}],"about":[{"href":"https:\/\/merzougafantastic.com\/es\/wp-json\/wp\/v2\/types\/page"}],"author":[{"embeddable":true,"href":"https:\/\/merzougafantastic.com\/es\/wp-json\/wp\/v2\/users\/1"}],"replies":[{"embeddable":true,"href":"https:\/\/merzougafantastic.com\/es\/wp-json\/wp\/v2\/comments?post=227"}],"version-history":[{"count":6,"href":"https:\/\/merzougafantastic.com\/es\/wp-json\/wp\/v2\/pages\/227\/revisions"}],"predecessor-version":[{"id":553,"href":"https:\/\/merzougafantastic.com\/es\/wp-json\/wp\/v2\/pages\/227\/revisions\/553"}],"wp:attachment":[{"href":"https:\/\/merzougafantastic.com\/es\/wp-json\/wp\/v2\/media?parent=227"}],"curies":[{"name":"wp","href":"https:\/\/api.w.org\/{rel}","templated":true}]}}