{"id":225,"date":"2020-03-03T10:38:06","date_gmt":"2020-03-03T10:38:06","guid":{"rendered":"https:\/\/merzougafantastic.com\/wp\/?page_id=225"},"modified":"2020-04-23T18:47:56","modified_gmt":"2020-04-23T18:47:56","slug":"5-dias-desde-fes-a-marrakech-via-merzouga","status":"publish","type":"page","link":"https:\/\/merzougafantastic.com\/es\/5-dias-desde-fes-a-marrakech-via-merzouga\/","title":{"rendered":"5 d\u00edas desde Fes a Marrakech v\u00eda Merzouga"},"content":{"rendered":"<h2 style=\"text-align: center;\"><span style=\"color: #993300;\"><strong>Siente Marruecos en tour de 5 d\u00edas y 4 noches viviendo experiencia \u00fanica en el desierto visitando familias n\u00f3madas \/ Tour 4&#215;4 por el desierto Merzouga m\u00e1gica del s\u00e1hara<\/strong><\/span><\/h2>\n<h4>D\u00eda 1 Fes &#8211; Ifrane &#8211; Azrou &#8211; Midelt &#8211; Valle del Ziz &#8211; Dunas de Erg Chebbi.<\/h4>\n<p>En el primer d\u00eda de 5 d\u00edas de viaje al desierto de Marrakech Con nuestro conductor, le recogeremos de su hotel en Fes temprano por la ma\u00f1ana y procederemos al sur de Marruecos. En Ifrane, o la Suiza de Marruecos, nos detendremos para disfrutar de su belleza y tener fotos memorables. Despu\u00e9s, nos dirigiremos hacia Azrou para ver los monos en el bosque de cedros antes de continuar hacia Midelt para una comida local en un restaurante. Por la tarde, cruzaremos el paso de Tizi-Ntalghamt para llegar a Er-Rachidia mientras admiramos las vistas de los desfiladeros de Ziz. M\u00e1s tarde, haremos una parada para una vista panor\u00e1mica del valle del Ziz. El conductor contin\u00faa hacia las dunas de Erg Chebbi pasando por Aoufous y Erfoud donde quiz\u00e1s queramos visitar un taller de artesan\u00eda de f\u00f3siles local. Despu\u00e9s de eso, continuaremos hacia las cautivadoras dunas de Erg Chebbi o las dunas de Merzouga. Pasaremos la noche en el hotel.<\/p>\n<h4>D\u00eda 2 Merzouga &#8211; Hassi Labied &#8211; Khamlia &#8211; Familia n\u00f3mada &#8211; Sitio f\u00f3sil &#8211; Tour de las dunas<\/h4>\n<p>Por la ma\u00f1ana, despu\u00e9s de desayunar en el hotel, haremos un tour por las dunas en 4\u00d74 que nos permitir\u00e1 visitar las rocas volc\u00e1nicas negras de los f\u00f3siles. Luego visitaremos a una familia n\u00f3mada que vive en una tienda de campa\u00f1a para captar algunos momentos de su estilo de vida nativo. Despu\u00e9s en el pueblo de Khamlia, iremos a nuestra cita con el Desierto Espiritual, tipo de m\u00fasica Gnawa originada en las civilizaciones subsaharianas. M\u00e1s tarde, visitaremos el lago Dayte Sarji que se forma en primavera. Este lago atrae a los flamencos rosados y a la vida salvaje. Haremos una pausa para almorzar en Merzouga o Hassi Labied. Despu\u00e9s del almuerzo, veremos el sistema de irrigaci\u00f3n del canal, o las venas del desierto, para dar un paseo por el oasis situado en los pies de las dunas. En nuestro hotel, descansaremos un poco y tal vez daremos algunos saltos en la piscina transparente. Pocas horas despu\u00e9s, estaremos en un amistoso camello siguiendo a su amigo humano para apreciar el colorido atardecer. Llegaremos al campamento para pasar la noche en una tienda n\u00f3mada tradicional. Bajo las estrellas de la V\u00eda L\u00e1ctea y el Polo y en medio de las dunas tendremos una cena.<\/p>\n<h4>D\u00eda 3 Erg Chebbi Dune-Erfoud-Tinejdad-Todra Gorges-Boumalne Dades<\/h4>\n<p>Nos levantaremos temprano por la ma\u00f1ana para disfrutar del amanecer en la cima de la duna en el desierto del Sahara y luego tomaremos nuestro desayuno preparado localmente. Despu\u00e9s de estos hermosos momentos, montaremos nuestro camello de vuelta al hotel para una ducha caliente. Saldremos hacia Tinghir pasando por Erfoud y Tinejdad para tener un descanso para el almuerzo. Por la tarde, continuaremos hacia las gargantas del Todra pasando por Tinghir. Deteni\u00e9ndonos en el camino para tomar fotos y admirar las vistas, nuestra llegada ser\u00e1 a las Gargantas del Todra donde caminaremos a pie para disfrutar de sus maravillosas vistas de los ca\u00f1ones. M\u00e1s tarde, iremos a Boumalne Dades y nos detendremos para tener una vista panor\u00e1mica del valle del Dades. Cena y alojamiento en el hotel.<\/p>\n<h4>D\u00eda 4 Boumalne Dades-Boutghrar-Valle de las Rosas-Kelaa M&#8217;gouna-Ouarzazate.<\/h4>\n<p>Esta ma\u00f1ana, despu\u00e9s del desayuno en el hotel, saldremos hacia Ouarzazate a trav\u00e9s de Boutaghrar, Kalaat M&#8217;gouna y Skoura. Visitaremos las Gargantas del Dades con sus hermosas formaciones rocosas. M\u00e1s tarde, tomaremos el camino que lleva a las familias n\u00f3madas que viven en cuevas. Nuestro descanso ser\u00e1 con una familia n\u00f3mada para tomar una taza de t\u00e9 en su refugio. M\u00e1s tarde, seguiremos nuestro camino y conduciremos a lo largo del Valle de las Rosas para llegar a Kalaat M&#8217;gouna donde disfrutaremos de nuestro almuerzo. Por la tarde, iremos a Skoura y visitaremos la Kasbah del siglo XVII de Ameridil. El viaje termina en Ouarzazate. Cena y alojamiento en un hotel&#8230;<\/p>\n<h4>D\u00eda 5 Ouarzazate-Ait benhaddou -Paso de Tizi N&#8217;tichka- Monta\u00f1as del Alto Atlas-Marrakech.<\/h4>\n<p>Por la ma\u00f1ana, despu\u00e9s del desayuno en el hotel, tendremos tiempo para ver la Kasbah de Taourirt y luego otra parada fotogr\u00e1fica cerca de los Estudios de Cine del Atlas: un estudio de clase mundial que alberg\u00f3 la filmaci\u00f3n de muchas pel\u00edculas famosas como Lawrence Arabia. Despu\u00e9s de eso, visitaremos la Kasbah de Ait Benhaddou y nos detendremos a almorzar en un restaurante local del pueblo. Por la tarde, continuaremos hacia la ciudad de Marrakech, de color marr\u00f3n amarillento, la ciudad arrodillada ante las monta\u00f1as del Alto Atlas. Para llegar a esta m\u00edstica ciudad tendremos que pasar por el paso de Tizi Ntichka (2260 m de altitud). A nuestra llegada a Marrakech, le dejaremos en la direcci\u00f3n que nos ha dado antes.<\/p>\n","protected":false},"excerpt":{"rendered":"<p>Siente Marruecos en tour de 5 d\u00edas y 4 noches viviendo experiencia \u00fanica en el desierto visitando familias n\u00f3madas \/ Tour 4&#215;4 por el desierto Merzouga<span class=\"excerpt-hellip\"> [\u2026]<\/span><\/p>\n","protected":false},"author":1,"featured_media":0,"parent":0,"menu_order":0,"comment_status":"closed","ping_status":"closed","template":"","meta":{"ngg_post_thumbnail":0},"yoast_head":"<!-- This site is optimized with the Yoast SEO plugin v17.3 - https:\/\/yoast.com\/wordpress\/plugins\/seo\/ -->\n<title>5 d\u00edas desde Fes a Marrakech v\u00eda Merzouga - Merzouga Fantastic<\/title>\n<meta name=\"robots\" content=\"index, follow, max-snippet:-1, max-image-preview:large, max-video-preview:-1\" \/>\n<link rel=\"canonical\" href=\"https:\/\/merzougafantastic.com\/es\/5-dias-desde-fes-a-marrakech-via-merzouga\/\" \/>\n<meta property=\"og:locale\" content=\"en_US\" \/>\n<meta property=\"og:type\" content=\"article\" \/>\n<meta property=\"og:title\" content=\"5 d\u00edas desde Fes a Marrakech v\u00eda Merzouga - Merzouga Fantastic\" \/>\n<meta property=\"og:description\" content=\"Siente Marruecos en tour de 5 d\u00edas y 4 noches viviendo experiencia \u00fanica en el desierto visitando familias n\u00f3madas \/ Tour 4&#215;4 por el desierto Merzouga [\u2026]\" \/>\n<meta property=\"og:url\" content=\"https:\/\/merzougafantastic.com\/es\/5-dias-desde-fes-a-marrakech-via-merzouga\/\" \/>\n<meta property=\"og:site_name\" content=\"Merzouga Fantastic\" \/>\n<meta property=\"article:modified_time\" content=\"2020-04-23T18:47:56+00:00\" \/>\n<meta name=\"twitter:card\" content=\"summary_large_image\" \/>\n<meta name=\"twitter:label1\" content=\"Est. reading time\" \/>\n\t<meta name=\"twitter:data1\" content=\"4 minutes\" \/>\n<script type=\"application\/ld+json\" class=\"yoast-schema-graph\">{\"@context\":\"https:\/\/schema.org\",\"@graph\":[{\"@type\":\"WebSite\",\"@id\":\"https:\/\/merzougafantastic.com\/es\/#website\",\"url\":\"https:\/\/merzougafantastic.com\/es\/\",\"name\":\"Merzouga Fantastic\",\"description\":\"Morocco Private Desert Tours\",\"potentialAction\":[{\"@type\":\"SearchAction\",\"target\":{\"@type\":\"EntryPoint\",\"urlTemplate\":\"https:\/\/merzougafantastic.com\/es\/?s={search_term_string}\"},\"query-input\":\"required name=search_term_string\"}],\"inLanguage\":\"en-US\"},{\"@type\":\"WebPage\",\"@id\":\"https:\/\/merzougafantastic.com\/es\/5-dias-desde-fes-a-marrakech-via-merzouga\/#webpage\",\"url\":\"https:\/\/merzougafantastic.com\/es\/5-dias-desde-fes-a-marrakech-via-merzouga\/\",\"name\":\"5 d\\u00edas desde Fes a Marrakech v\\u00eda Merzouga - Merzouga Fantastic\",\"isPartOf\":{\"@id\":\"https:\/\/merzougafantastic.com\/es\/#website\"},\"datePublished\":\"2020-03-03T10:38:06+00:00\",\"dateModified\":\"2020-04-23T18:47:56+00:00\",\"breadcrumb\":{\"@id\":\"https:\/\/merzougafantastic.com\/es\/5-dias-desde-fes-a-marrakech-via-merzouga\/#breadcrumb\"},\"inLanguage\":\"en-US\",\"potentialAction\":[{\"@type\":\"ReadAction\",\"target\":[\"https:\/\/merzougafantastic.com\/es\/5-dias-desde-fes-a-marrakech-via-merzouga\/\"]}]},{\"@type\":\"BreadcrumbList\",\"@id\":\"https:\/\/merzougafantastic.com\/es\/5-dias-desde-fes-a-marrakech-via-merzouga\/#breadcrumb\",\"itemListElement\":[{\"@type\":\"ListItem\",\"position\":1,\"name\":\"Home\",\"item\":\"https:\/\/merzougafantastic.com\/es\/\"},{\"@type\":\"ListItem\",\"position\":2,\"name\":\"5 d\\u00edas desde Fes a Marrakech v\\u00eda Merzouga\"}]}]}<\/script>\n<!-- \/ Yoast SEO plugin. -->","yoast_head_json":{"title":"5 d\u00edas desde Fes a Marrakech v\u00eda Merzouga - Merzouga Fantastic","robots":{"index":"index","follow":"follow","max-snippet":"max-snippet:-1","max-image-preview":"max-image-preview:large","max-video-preview":"max-video-preview:-1"},"canonical":"https:\/\/merzougafantastic.com\/es\/5-dias-desde-fes-a-marrakech-via-merzouga\/","og_locale":"en_US","og_type":"article","og_title":"5 d\u00edas desde Fes a Marrakech v\u00eda Merzouga - Merzouga Fantastic","og_description":"Siente Marruecos en tour de 5 d\u00edas y 4 noches viviendo experiencia \u00fanica en el desierto visitando familias n\u00f3madas \/ Tour 4&#215;4 por el desierto Merzouga [\u2026]","og_url":"https:\/\/merzougafantastic.com\/es\/5-dias-desde-fes-a-marrakech-via-merzouga\/","og_site_name":"Merzouga Fantastic","article_modified_time":"2020-04-23T18:47:56+00:00","twitter_card":"summary_large_image","twitter_misc":{"Est. reading time":"4 minutes"},"schema":{"@context":"https:\/\/schema.org","@graph":[{"@type":"WebSite","@id":"https:\/\/merzougafantastic.com\/es\/#website","url":"https:\/\/merzougafantastic.com\/es\/","name":"Merzouga Fantastic","description":"Morocco Private Desert Tours","potentialAction":[{"@type":"SearchAction","target":{"@type":"EntryPoint","urlTemplate":"https:\/\/merzougafantastic.com\/es\/?s={search_term_string}"},"query-input":"required name=search_term_string"}],"inLanguage":"en-US"},{"@type":"WebPage","@id":"https:\/\/merzougafantastic.com\/es\/5-dias-desde-fes-a-marrakech-via-merzouga\/#webpage","url":"https:\/\/merzougafantastic.com\/es\/5-dias-desde-fes-a-marrakech-via-merzouga\/","name":"5 d\u00edas desde Fes a Marrakech v\u00eda Merzouga - Merzouga Fantastic","isPartOf":{"@id":"https:\/\/merzougafantastic.com\/es\/#website"},"datePublished":"2020-03-03T10:38:06+00:00","dateModified":"2020-04-23T18:47:56+00:00","breadcrumb":{"@id":"https:\/\/merzougafantastic.com\/es\/5-dias-desde-fes-a-marrakech-via-merzouga\/#breadcrumb"},"inLanguage":"en-US","potentialAction":[{"@type":"ReadAction","target":["https:\/\/merzougafantastic.com\/es\/5-dias-desde-fes-a-marrakech-via-merzouga\/"]}]},{"@type":"BreadcrumbList","@id":"https:\/\/merzougafantastic.com\/es\/5-dias-desde-fes-a-marrakech-via-merzouga\/#breadcrumb","itemListElement":[{"@type":"ListItem","position":1,"name":"Home","item":"https:\/\/merzougafantastic.com\/es\/"},{"@type":"ListItem","position":2,"name":"5 d\u00edas desde Fes a Marrakech v\u00eda Merzouga"}]}]}},"_links":{"self":[{"href":"https:\/\/merzougafantastic.com\/es\/wp-json\/wp\/v2\/pages\/225"}],"collection":[{"href":"https:\/\/merzougafantastic.com\/es\/wp-json\/wp\/v2\/pages"}],"about":[{"href":"https:\/\/merzougafantastic.com\/es\/wp-json\/wp\/v2\/types\/page"}],"author":[{"embeddable":true,"href":"https:\/\/merzougafantastic.com\/es\/wp-json\/wp\/v2\/users\/1"}],"replies":[{"embeddable":true,"href":"https:\/\/merzougafantastic.com\/es\/wp-json\/wp\/v2\/comments?post=225"}],"version-history":[{"count":6,"href":"https:\/\/merzougafantastic.com\/es\/wp-json\/wp\/v2\/pages\/225\/revisions"}],"predecessor-version":[{"id":543,"href":"https:\/\/merzougafantastic.com\/es\/wp-json\/wp\/v2\/pages\/225\/revisions\/543"}],"wp:attachment":[{"href":"https:\/\/merzougafantastic.com\/es\/wp-json\/wp\/v2\/media?parent=225"}],"curies":[{"name":"wp","href":"https:\/\/api.w.org\/{rel}","templated":true}]}}