{"id":223,"date":"2020-03-03T10:37:20","date_gmt":"2020-03-03T10:37:20","guid":{"rendered":"https:\/\/merzougafantastic.com\/wp\/?page_id=223"},"modified":"2020-04-23T18:48:36","modified_gmt":"2020-04-23T18:48:36","slug":"4-dias-desde-fes-a-fes-via-el-desierto-de-merzouga","status":"publish","type":"page","link":"https:\/\/merzougafantastic.com\/es\/4-dias-desde-fes-a-fes-via-el-desierto-de-merzouga\/","title":{"rendered":"4 d\u00edas desde Fes a Fes v\u00eda el desierto de Merzouga"},"content":{"rendered":"<h2 style=\"text-align: center;\"><span style=\"color: #993300;\"><strong>Descubre Marruecos en 4 d\u00edas y 3 noches desde Fez a las dunas del desierto \/ Fez a Merzouga en viaje de 4 d\u00edas m\u00e1gicas noches en las dunas del desierto erg chebbi Merzouga<\/strong><\/span><\/h2>\n<h4>D\u00cdA 1: FES &#8211; IFRANE &#8211; AZROU &#8211; MONTA\u00d1AS DEL ATLAS MEDIO &#8211; GARGANTAS DE TODRA :<\/h4>\n<p>Desde Fes nuestro maravilloso tour va a comenzar desde su alojamiento, hacia algunos de los destinos \u00fanicos de Marruecos y, nuestro primero va a ser las Gargantas del Todra, pasando por la Suiza de Marruecos &#8220;Ifrane&#8221; para llegar a los bosques de cedros de Azrou, donde se encuentran los monos salvajes. Ser\u00e1 una buena oportunidad para tomar fotos de la naturaleza en Marruecos. Disfrutar\u00e1n del almuerzo en un peque\u00f1o pueblo bereber de Zaida. Luego continuaremos nuestro camino a trav\u00e9s de las monta\u00f1as del Atlas disfrutando de algunas vistas deslumbrantes en la carretera de Midelt, para llegar al peque\u00f1o pueblo de Rich. Desde all\u00ed pasaremos por el famoso pueblo de Imilchil antes de llegar a las gargantas de Toudra por la noche.<br \/>\nPernoctaremos y cenaremos en el Riad.<\/p>\n<h4>DIA 2: GARGANTAS DE TODRA &#8211; JORF &#8211; ERFOUD &#8211; MERZOUGA (PASEO EN CAMELLO Y NOCHE EN EL DESIERTO) :<\/h4>\n<p>Despu\u00e9s de disfrutar del desayuno frente a los bellos paisajes de Todra, retomaremos nuestro viaje hacia el \u00fanico Merzouga. Pasando por algunos peque\u00f1os pueblos bereberes que se encuentran dispersos a lo largo del camino, y a trav\u00e9s de Tinjdad, Jorf y la ciudad de las palmeras &#8220;Erfoud&#8221;, en la que sentiremos el comienzo del oasis sahariano de Tafilalet. Disfrutar\u00e1n de un almuerzo tradicional en Erfoud, antes de continuar hacia Merzouga.<br \/>\nAl llegar a Merzouga, ser\u00e1n recibidos por los camellos, que les llevar\u00e1n a trav\u00e9s del magn\u00edfico mundo de las dunas de arena de Erg Chebbi. En una memorable experiencia en la cima de los camellos admirar\u00e1 la espectacular puesta de sol en el medio del Sahara.<br \/>\nFinalmente, el hombre de los camellos le llevar\u00e1 a nuestro tradicional y bien equipado campamento, donde disfrutar\u00e1 de una cena tradicional, mientras escucha un espect\u00e1culo de m\u00fasica bereber, en un ambiente amistoso bajo las estrellas.<br \/>\nPasar\u00e1n la noche en un campamento n\u00f3mada.<\/p>\n<h4>D\u00cdA 3: MERZOUGA &#8211; FAMILIAS BEREBERES &#8211; DESIERTO NEGRO &#8211; MERZOUGA :<\/h4>\n<p>Por la ma\u00f1ana, antes de desayunar, se recomienda levantarse temprano para no perderse el espectacular amanecer de Merzouga en medio del Sahara. Despu\u00e9s vamos a montar en camello de vuelta al pueblo, antes de reanudar nuestro tour, y en el programa de hoy, exploraremos los alrededores de la maravilla del desierto de Erg Chebbi visitando el pueblo de khamlia habitado por m\u00fasicos senegaleses, para disfrutar de las danzas folcl\u00f3ricas, y la m\u00fasica negra gnaoui, siguiendo por el espectacular lago de Merzouga con sus ricas especies de aves, tambi\u00e9n visitaremos una familia n\u00f3mada, donde podr\u00e1 ver algunas artesan\u00edas bereberes, y aprender m\u00e1s sobre su forma de vida.<br \/>\nNoche y cena en el hotel.<\/p>\n<h4>D\u00cdA 4: MERZOUGA &#8211; VALLE DEL ZIZ &#8211; AZROU &#8211; IFRANE &#8211; FES :<\/h4>\n<p>Por la ma\u00f1ana, antes de desayunar, se recomienda levantarse temprano; para no perderse el espectacular amanecer de Merzouga en medio del Sahara. D\u00fachate y desayuna antes, ya sea montando en camello o en un 4&#215;4 hasta el pueblo.<\/p>\n<p>Despu\u00e9s de una estancia tranquila, vamos a continuar hacia Rissani, Erfoud y luego a Midelt, el centro comercial de un gran hinterland agr\u00edcola, pasando por el valle del Ziz, y Errachidia, a los bosques de cedros del hermoso Azrou, y por la Suiza de Marruecos el \u00fanico Ifrane.<\/p>\n<p>Finalmente, llegando a Fez, por la tarde. Donde su maravilloso viaje con nosotros termina desgraciadamente en el lugar deseado, ya sea en un Riad, Hotel o en el aeropuerto.<\/p>\n","protected":false},"excerpt":{"rendered":"<p>Descubre Marruecos en 4 d\u00edas y 3 noches desde Fez a las dunas del desierto \/ Fez a Merzouga en viaje de 4 d\u00edas m\u00e1gicas noches<span class=\"excerpt-hellip\"> [\u2026]<\/span><\/p>\n","protected":false},"author":1,"featured_media":0,"parent":0,"menu_order":0,"comment_status":"closed","ping_status":"closed","template":"","meta":{"ngg_post_thumbnail":0},"yoast_head":"<!-- This site is optimized with the Yoast SEO plugin v17.3 - https:\/\/yoast.com\/wordpress\/plugins\/seo\/ -->\n<title>4 d\u00edas desde Fes a Fes v\u00eda el desierto de Merzouga - Merzouga Fantastic<\/title>\n<meta name=\"robots\" content=\"index, follow, max-snippet:-1, max-image-preview:large, max-video-preview:-1\" \/>\n<link rel=\"canonical\" href=\"https:\/\/merzougafantastic.com\/es\/4-dias-desde-fes-a-fes-via-el-desierto-de-merzouga\/\" \/>\n<meta property=\"og:locale\" content=\"en_US\" \/>\n<meta property=\"og:type\" content=\"article\" \/>\n<meta property=\"og:title\" content=\"4 d\u00edas desde Fes a Fes v\u00eda el desierto de Merzouga - Merzouga Fantastic\" \/>\n<meta property=\"og:description\" content=\"Descubre Marruecos en 4 d\u00edas y 3 noches desde Fez a las dunas del desierto \/ Fez a Merzouga en viaje de 4 d\u00edas m\u00e1gicas noches [\u2026]\" \/>\n<meta property=\"og:url\" content=\"https:\/\/merzougafantastic.com\/es\/4-dias-desde-fes-a-fes-via-el-desierto-de-merzouga\/\" \/>\n<meta property=\"og:site_name\" content=\"Merzouga Fantastic\" \/>\n<meta property=\"article:modified_time\" content=\"2020-04-23T18:48:36+00:00\" \/>\n<meta name=\"twitter:card\" content=\"summary_large_image\" \/>\n<meta name=\"twitter:label1\" content=\"Est. reading time\" \/>\n\t<meta name=\"twitter:data1\" content=\"3 minutes\" \/>\n<script type=\"application\/ld+json\" class=\"yoast-schema-graph\">{\"@context\":\"https:\/\/schema.org\",\"@graph\":[{\"@type\":\"WebSite\",\"@id\":\"https:\/\/merzougafantastic.com\/es\/#website\",\"url\":\"https:\/\/merzougafantastic.com\/es\/\",\"name\":\"Merzouga Fantastic\",\"description\":\"Morocco Private Desert Tours\",\"potentialAction\":[{\"@type\":\"SearchAction\",\"target\":{\"@type\":\"EntryPoint\",\"urlTemplate\":\"https:\/\/merzougafantastic.com\/es\/?s={search_term_string}\"},\"query-input\":\"required name=search_term_string\"}],\"inLanguage\":\"en-US\"},{\"@type\":\"WebPage\",\"@id\":\"https:\/\/merzougafantastic.com\/es\/4-dias-desde-fes-a-fes-via-el-desierto-de-merzouga\/#webpage\",\"url\":\"https:\/\/merzougafantastic.com\/es\/4-dias-desde-fes-a-fes-via-el-desierto-de-merzouga\/\",\"name\":\"4 d\\u00edas desde Fes a Fes v\\u00eda el desierto de Merzouga - Merzouga Fantastic\",\"isPartOf\":{\"@id\":\"https:\/\/merzougafantastic.com\/es\/#website\"},\"datePublished\":\"2020-03-03T10:37:20+00:00\",\"dateModified\":\"2020-04-23T18:48:36+00:00\",\"breadcrumb\":{\"@id\":\"https:\/\/merzougafantastic.com\/es\/4-dias-desde-fes-a-fes-via-el-desierto-de-merzouga\/#breadcrumb\"},\"inLanguage\":\"en-US\",\"potentialAction\":[{\"@type\":\"ReadAction\",\"target\":[\"https:\/\/merzougafantastic.com\/es\/4-dias-desde-fes-a-fes-via-el-desierto-de-merzouga\/\"]}]},{\"@type\":\"BreadcrumbList\",\"@id\":\"https:\/\/merzougafantastic.com\/es\/4-dias-desde-fes-a-fes-via-el-desierto-de-merzouga\/#breadcrumb\",\"itemListElement\":[{\"@type\":\"ListItem\",\"position\":1,\"name\":\"Home\",\"item\":\"https:\/\/merzougafantastic.com\/es\/\"},{\"@type\":\"ListItem\",\"position\":2,\"name\":\"4 d\\u00edas desde Fes a Fes v\\u00eda el desierto de Merzouga\"}]}]}<\/script>\n<!-- \/ Yoast SEO plugin. -->","yoast_head_json":{"title":"4 d\u00edas desde Fes a Fes v\u00eda el desierto de Merzouga - Merzouga Fantastic","robots":{"index":"index","follow":"follow","max-snippet":"max-snippet:-1","max-image-preview":"max-image-preview:large","max-video-preview":"max-video-preview:-1"},"canonical":"https:\/\/merzougafantastic.com\/es\/4-dias-desde-fes-a-fes-via-el-desierto-de-merzouga\/","og_locale":"en_US","og_type":"article","og_title":"4 d\u00edas desde Fes a Fes v\u00eda el desierto de Merzouga - Merzouga Fantastic","og_description":"Descubre Marruecos en 4 d\u00edas y 3 noches desde Fez a las dunas del desierto \/ Fez a Merzouga en viaje de 4 d\u00edas m\u00e1gicas noches [\u2026]","og_url":"https:\/\/merzougafantastic.com\/es\/4-dias-desde-fes-a-fes-via-el-desierto-de-merzouga\/","og_site_name":"Merzouga Fantastic","article_modified_time":"2020-04-23T18:48:36+00:00","twitter_card":"summary_large_image","twitter_misc":{"Est. reading time":"3 minutes"},"schema":{"@context":"https:\/\/schema.org","@graph":[{"@type":"WebSite","@id":"https:\/\/merzougafantastic.com\/es\/#website","url":"https:\/\/merzougafantastic.com\/es\/","name":"Merzouga Fantastic","description":"Morocco Private Desert Tours","potentialAction":[{"@type":"SearchAction","target":{"@type":"EntryPoint","urlTemplate":"https:\/\/merzougafantastic.com\/es\/?s={search_term_string}"},"query-input":"required name=search_term_string"}],"inLanguage":"en-US"},{"@type":"WebPage","@id":"https:\/\/merzougafantastic.com\/es\/4-dias-desde-fes-a-fes-via-el-desierto-de-merzouga\/#webpage","url":"https:\/\/merzougafantastic.com\/es\/4-dias-desde-fes-a-fes-via-el-desierto-de-merzouga\/","name":"4 d\u00edas desde Fes a Fes v\u00eda el desierto de Merzouga - Merzouga Fantastic","isPartOf":{"@id":"https:\/\/merzougafantastic.com\/es\/#website"},"datePublished":"2020-03-03T10:37:20+00:00","dateModified":"2020-04-23T18:48:36+00:00","breadcrumb":{"@id":"https:\/\/merzougafantastic.com\/es\/4-dias-desde-fes-a-fes-via-el-desierto-de-merzouga\/#breadcrumb"},"inLanguage":"en-US","potentialAction":[{"@type":"ReadAction","target":["https:\/\/merzougafantastic.com\/es\/4-dias-desde-fes-a-fes-via-el-desierto-de-merzouga\/"]}]},{"@type":"BreadcrumbList","@id":"https:\/\/merzougafantastic.com\/es\/4-dias-desde-fes-a-fes-via-el-desierto-de-merzouga\/#breadcrumb","itemListElement":[{"@type":"ListItem","position":1,"name":"Home","item":"https:\/\/merzougafantastic.com\/es\/"},{"@type":"ListItem","position":2,"name":"4 d\u00edas desde Fes a Fes v\u00eda el desierto de Merzouga"}]}]}},"_links":{"self":[{"href":"https:\/\/merzougafantastic.com\/es\/wp-json\/wp\/v2\/pages\/223"}],"collection":[{"href":"https:\/\/merzougafantastic.com\/es\/wp-json\/wp\/v2\/pages"}],"about":[{"href":"https:\/\/merzougafantastic.com\/es\/wp-json\/wp\/v2\/types\/page"}],"author":[{"embeddable":true,"href":"https:\/\/merzougafantastic.com\/es\/wp-json\/wp\/v2\/users\/1"}],"replies":[{"embeddable":true,"href":"https:\/\/merzougafantastic.com\/es\/wp-json\/wp\/v2\/comments?post=223"}],"version-history":[{"count":6,"href":"https:\/\/merzougafantastic.com\/es\/wp-json\/wp\/v2\/pages\/223\/revisions"}],"predecessor-version":[{"id":546,"href":"https:\/\/merzougafantastic.com\/es\/wp-json\/wp\/v2\/pages\/223\/revisions\/546"}],"wp:attachment":[{"href":"https:\/\/merzougafantastic.com\/es\/wp-json\/wp\/v2\/media?parent=223"}],"curies":[{"name":"wp","href":"https:\/\/api.w.org\/{rel}","templated":true}]}}