{"id":220,"date":"2020-03-03T10:32:49","date_gmt":"2020-03-03T10:32:49","guid":{"rendered":"https:\/\/merzougafantastic.com\/wp\/?page_id=220"},"modified":"2020-04-23T18:48:28","modified_gmt":"2020-04-23T18:48:28","slug":"4-dias-desde-fez-a-marrakech-via-el-desierto-de-merzouga","status":"publish","type":"page","link":"https:\/\/merzougafantastic.com\/es\/4-dias-desde-fez-a-marrakech-via-el-desierto-de-merzouga\/","title":{"rendered":"4 d\u00edas desde Fez a Marrakech v\u00eda el desierto de Merzouga"},"content":{"rendered":"<h2 style=\"text-align: center;\"><span style=\"color: #993300;\"><strong>Fez a Marrakech en tour de 4 d\u00edas pasando por el desierto Merzouga \/ Tour popular conociendo el sur de Marruecos desde Fez a Marrakech en 4 d\u00edas y 3 noches<\/strong><\/span><\/h2>\n<h4>D\u00eda 1: Fez &#8211; Medio Atlas &#8211; Ifran &#8211; Azrou &#8211; Valle del Ziz &#8211; Erfoud:<\/h4>\n<p>Su tour de 4 d\u00edas comenzar\u00e1 explorando las verdes monta\u00f1as del Medio Atlas y visitando Ifran o la Suiza de Marruecos. Despu\u00e9s continuaremos nuestro viaje a Midelt a trav\u00e9s del bosque de los cedros, donde tendr\u00e1 la oportunidad de alimentar a los monos de Berber\u00eda en su h\u00e1bitat natural. Luego continuaremos tomando fotos para el hermoso valle Ziz de palmeras encerrado entre las monta\u00f1as del alto Atlas. Llegada a Erfoud, alojamiento en el hotel.<\/p>\n<h4>D\u00eda 2: Explorando las regiones del Sahara-Camel trekking &#8211; Merzouga (Campamento del desierto) :<\/h4>\n<p>Despu\u00e9s de desayunar, saldremos de Erfoud disfrutando de las senner\u00edas del dram\u00e1tico desierto de piedra, el cielo azul, las verdes palmeras, luego se realizar\u00e1 una visita a Rissani para bullicio y regateo en su Souk tradicional, visitar algunas de las Kasbah y Ksour de la zona, tomaremos el desv\u00edo a Merzouga mientras nos detenemos para almorzar con una familia bereber. A primera hora de la tarde, prep\u00e1rese y vaya acompa\u00f1ado de un gu\u00eda de camellos para hacer una aut\u00e9ntica excursi\u00f3n en camello de unos 90 minutos en la que podr\u00e1 ver la puesta de sol en el coraz\u00f3n de las dunas de Erg Chebbi y pasar una noche memorable con millones de estrellas brillantes, disfrutar de una cena bereber, de una fiesta de tambores y dormir en una tienda n\u00f3mada tradicional.<\/p>\n<h4>D\u00eda 3: Merzouga &#8211; Valle del Todra &#8211; Todra Goarge &#8211; Valle de las rosas:<\/h4>\n<p>Despu\u00e9s de levantarse temprano para ver el amanecer, montar\u00e1 en sus camellos de vuelta al hotel para ducharse y desayunar, y se dirigir\u00e1 al desfiladero del Todra a trav\u00e9s de Tinghir y el exuberante valle del Todra donde tendr\u00e1 una peque\u00f1a excursi\u00f3n por los estrechos y altos acantilados del Todra. Tambi\u00e9n explorar\u00e1 el asombroso paisaje del valle del Dades con sus inusuales formaciones rocosas, conocido por el valle de las mil Kasbahs. Pasaremos la noche en un hotel en el valle de las rosas.<\/p>\n<h4>D\u00eda 4: Valle de las Rosas &#8211; Ouarzazat &#8211; AitBenhadou &#8211; Marrakech:<\/h4>\n<p>Despu\u00e9s del desayuno en el Valle de las Rosas, continuamos el viaje para visitar el Patrimonio Mundial de la UNESCO de A\u00eft Benhaddou. Situado en una colina a lo largo del r\u00edo Ouarzazate, este bello ejemplo de la arquitectura del sur de Marruecos ha servido de tel\u00f3n de fondo para m\u00e1s de 20 pel\u00edculas famosas como Lawrence de Arabia, Juego de tronos, La momia y Gladiador. Despu\u00e9s dejaremos el aut\u00e9ntico sur de Marruecos y nos dirigiremos a Marraquech a trav\u00e9s del paso m\u00e1s alto de \u00c1frica, Tizi N&#8217; Tichka (2260 m de altitud), mientras disfrutamos de las s\u00faper vistas de las gigantescas monta\u00f1as del Alto Atlas con los panor\u00e1micos pueblos bereberes. Deje su alojamiento en Marrakech a las 05:00 pm apx donde termina el tour.<\/p>\n","protected":false},"excerpt":{"rendered":"<p>Fez a Marrakech en tour de 4 d\u00edas pasando por el desierto Merzouga \/ Tour popular conociendo el sur de Marruecos desde Fez a Marrakech en<span class=\"excerpt-hellip\"> [\u2026]<\/span><\/p>\n","protected":false},"author":1,"featured_media":0,"parent":0,"menu_order":0,"comment_status":"closed","ping_status":"closed","template":"","meta":{"ngg_post_thumbnail":0},"yoast_head":"<!-- This site is optimized with the Yoast SEO plugin v17.3 - https:\/\/yoast.com\/wordpress\/plugins\/seo\/ -->\n<title>4 d\u00edas desde Fez a Marrakech v\u00eda el desierto de Merzouga - Merzouga Fantastic<\/title>\n<meta name=\"robots\" content=\"index, follow, max-snippet:-1, max-image-preview:large, max-video-preview:-1\" \/>\n<link rel=\"canonical\" href=\"https:\/\/merzougafantastic.com\/es\/4-dias-desde-fez-a-marrakech-via-el-desierto-de-merzouga\/\" \/>\n<meta property=\"og:locale\" content=\"en_US\" \/>\n<meta property=\"og:type\" content=\"article\" \/>\n<meta property=\"og:title\" content=\"4 d\u00edas desde Fez a Marrakech v\u00eda el desierto de Merzouga - Merzouga Fantastic\" \/>\n<meta property=\"og:description\" content=\"Fez a Marrakech en tour de 4 d\u00edas pasando por el desierto Merzouga \/ Tour popular conociendo el sur de Marruecos desde Fez a Marrakech en [\u2026]\" \/>\n<meta property=\"og:url\" content=\"https:\/\/merzougafantastic.com\/es\/4-dias-desde-fez-a-marrakech-via-el-desierto-de-merzouga\/\" \/>\n<meta property=\"og:site_name\" content=\"Merzouga Fantastic\" \/>\n<meta property=\"article:modified_time\" content=\"2020-04-23T18:48:28+00:00\" \/>\n<meta name=\"twitter:card\" content=\"summary_large_image\" \/>\n<meta name=\"twitter:label1\" content=\"Est. reading time\" \/>\n\t<meta name=\"twitter:data1\" content=\"3 minutes\" \/>\n<script type=\"application\/ld+json\" class=\"yoast-schema-graph\">{\"@context\":\"https:\/\/schema.org\",\"@graph\":[{\"@type\":\"WebSite\",\"@id\":\"https:\/\/merzougafantastic.com\/es\/#website\",\"url\":\"https:\/\/merzougafantastic.com\/es\/\",\"name\":\"Merzouga Fantastic\",\"description\":\"Morocco Private Desert Tours\",\"potentialAction\":[{\"@type\":\"SearchAction\",\"target\":{\"@type\":\"EntryPoint\",\"urlTemplate\":\"https:\/\/merzougafantastic.com\/es\/?s={search_term_string}\"},\"query-input\":\"required name=search_term_string\"}],\"inLanguage\":\"en-US\"},{\"@type\":\"WebPage\",\"@id\":\"https:\/\/merzougafantastic.com\/es\/4-dias-desde-fez-a-marrakech-via-el-desierto-de-merzouga\/#webpage\",\"url\":\"https:\/\/merzougafantastic.com\/es\/4-dias-desde-fez-a-marrakech-via-el-desierto-de-merzouga\/\",\"name\":\"4 d\\u00edas desde Fez a Marrakech v\\u00eda el desierto de Merzouga - Merzouga Fantastic\",\"isPartOf\":{\"@id\":\"https:\/\/merzougafantastic.com\/es\/#website\"},\"datePublished\":\"2020-03-03T10:32:49+00:00\",\"dateModified\":\"2020-04-23T18:48:28+00:00\",\"breadcrumb\":{\"@id\":\"https:\/\/merzougafantastic.com\/es\/4-dias-desde-fez-a-marrakech-via-el-desierto-de-merzouga\/#breadcrumb\"},\"inLanguage\":\"en-US\",\"potentialAction\":[{\"@type\":\"ReadAction\",\"target\":[\"https:\/\/merzougafantastic.com\/es\/4-dias-desde-fez-a-marrakech-via-el-desierto-de-merzouga\/\"]}]},{\"@type\":\"BreadcrumbList\",\"@id\":\"https:\/\/merzougafantastic.com\/es\/4-dias-desde-fez-a-marrakech-via-el-desierto-de-merzouga\/#breadcrumb\",\"itemListElement\":[{\"@type\":\"ListItem\",\"position\":1,\"name\":\"Home\",\"item\":\"https:\/\/merzougafantastic.com\/es\/\"},{\"@type\":\"ListItem\",\"position\":2,\"name\":\"4 d\\u00edas desde Fez a Marrakech v\\u00eda el desierto de Merzouga\"}]}]}<\/script>\n<!-- \/ Yoast SEO plugin. -->","yoast_head_json":{"title":"4 d\u00edas desde Fez a Marrakech v\u00eda el desierto de Merzouga - Merzouga Fantastic","robots":{"index":"index","follow":"follow","max-snippet":"max-snippet:-1","max-image-preview":"max-image-preview:large","max-video-preview":"max-video-preview:-1"},"canonical":"https:\/\/merzougafantastic.com\/es\/4-dias-desde-fez-a-marrakech-via-el-desierto-de-merzouga\/","og_locale":"en_US","og_type":"article","og_title":"4 d\u00edas desde Fez a Marrakech v\u00eda el desierto de Merzouga - Merzouga Fantastic","og_description":"Fez a Marrakech en tour de 4 d\u00edas pasando por el desierto Merzouga \/ Tour popular conociendo el sur de Marruecos desde Fez a Marrakech en [\u2026]","og_url":"https:\/\/merzougafantastic.com\/es\/4-dias-desde-fez-a-marrakech-via-el-desierto-de-merzouga\/","og_site_name":"Merzouga Fantastic","article_modified_time":"2020-04-23T18:48:28+00:00","twitter_card":"summary_large_image","twitter_misc":{"Est. reading time":"3 minutes"},"schema":{"@context":"https:\/\/schema.org","@graph":[{"@type":"WebSite","@id":"https:\/\/merzougafantastic.com\/es\/#website","url":"https:\/\/merzougafantastic.com\/es\/","name":"Merzouga Fantastic","description":"Morocco Private Desert Tours","potentialAction":[{"@type":"SearchAction","target":{"@type":"EntryPoint","urlTemplate":"https:\/\/merzougafantastic.com\/es\/?s={search_term_string}"},"query-input":"required name=search_term_string"}],"inLanguage":"en-US"},{"@type":"WebPage","@id":"https:\/\/merzougafantastic.com\/es\/4-dias-desde-fez-a-marrakech-via-el-desierto-de-merzouga\/#webpage","url":"https:\/\/merzougafantastic.com\/es\/4-dias-desde-fez-a-marrakech-via-el-desierto-de-merzouga\/","name":"4 d\u00edas desde Fez a Marrakech v\u00eda el desierto de Merzouga - Merzouga Fantastic","isPartOf":{"@id":"https:\/\/merzougafantastic.com\/es\/#website"},"datePublished":"2020-03-03T10:32:49+00:00","dateModified":"2020-04-23T18:48:28+00:00","breadcrumb":{"@id":"https:\/\/merzougafantastic.com\/es\/4-dias-desde-fez-a-marrakech-via-el-desierto-de-merzouga\/#breadcrumb"},"inLanguage":"en-US","potentialAction":[{"@type":"ReadAction","target":["https:\/\/merzougafantastic.com\/es\/4-dias-desde-fez-a-marrakech-via-el-desierto-de-merzouga\/"]}]},{"@type":"BreadcrumbList","@id":"https:\/\/merzougafantastic.com\/es\/4-dias-desde-fez-a-marrakech-via-el-desierto-de-merzouga\/#breadcrumb","itemListElement":[{"@type":"ListItem","position":1,"name":"Home","item":"https:\/\/merzougafantastic.com\/es\/"},{"@type":"ListItem","position":2,"name":"4 d\u00edas desde Fez a Marrakech v\u00eda el desierto de Merzouga"}]}]}},"_links":{"self":[{"href":"https:\/\/merzougafantastic.com\/es\/wp-json\/wp\/v2\/pages\/220"}],"collection":[{"href":"https:\/\/merzougafantastic.com\/es\/wp-json\/wp\/v2\/pages"}],"about":[{"href":"https:\/\/merzougafantastic.com\/es\/wp-json\/wp\/v2\/types\/page"}],"author":[{"embeddable":true,"href":"https:\/\/merzougafantastic.com\/es\/wp-json\/wp\/v2\/users\/1"}],"replies":[{"embeddable":true,"href":"https:\/\/merzougafantastic.com\/es\/wp-json\/wp\/v2\/comments?post=220"}],"version-history":[{"count":5,"href":"https:\/\/merzougafantastic.com\/es\/wp-json\/wp\/v2\/pages\/220\/revisions"}],"predecessor-version":[{"id":545,"href":"https:\/\/merzougafantastic.com\/es\/wp-json\/wp\/v2\/pages\/220\/revisions\/545"}],"wp:attachment":[{"href":"https:\/\/merzougafantastic.com\/es\/wp-json\/wp\/v2\/media?parent=220"}],"curies":[{"name":"wp","href":"https:\/\/api.w.org\/{rel}","templated":true}]}}