{"id":218,"date":"2020-03-03T10:32:14","date_gmt":"2020-03-03T10:32:14","guid":{"rendered":"https:\/\/merzougafantastic.com\/wp\/?page_id=218"},"modified":"2020-04-23T18:39:59","modified_gmt":"2020-04-23T18:39:59","slug":"3-dias-desde-fes-a-marrakech-via-merzouga","status":"publish","type":"page","link":"https:\/\/merzougafantastic.com\/es\/3-dias-desde-fes-a-marrakech-via-merzouga\/","title":{"rendered":"3 d\u00edas desde Fes a Marrakech v\u00eda Merzouga"},"content":{"rendered":"<h2 style=\"text-align: center;\"><span style=\"color: #993300;\"><strong>Viaje desde Fez a Marrakech via el desierto s\u00e1hara Merzouga en 3 d\u00edas \/ Tour de 3 d\u00edas y 2 noches por el desierto erg chebbi desde Fez a Marrakech y noche en campamento<\/strong><\/span><\/h2>\n<h4>D\u00eda 1 : Fes (Fez) &#8221; Ifrane &#8221; Bosque de cedros de Azrou &#8221; Midelt &#8221; Desierto de Merzouga Sahara (Caminata y noche en el campamento del desierto) [468 km]<\/h4>\n<p>El tour de 3 d\u00edas de Fes a Marrakech con salida de Fez al desierto cruzando el Atlas Medio y pasando por el parque nacional conocido por los bosques de cedros donde se encuentran los famosos monos bereberes. Luego pasaremos por el Valle del Ziz que nos llevar\u00e1 a Erfoud, conocido por sus f\u00f3siles.<\/p>\n<p>Llegada al desierto del Sahara de Merzouga donde cambiaremos el 4&#215;4 por camellos con los que daremos un agradable paseo de aproximadamente una hora y media a trav\u00e9s de las dunas de Erg Chebbi hasta llegar al campamento del desierto en el coraz\u00f3n del mismo donde nos recibir\u00e1n (seg\u00fan la tradici\u00f3n del Sahara) con un t\u00e9 bereber. Noche en tienda de campa\u00f1a bajo las estrellas del desierto.<\/p>\n<h4>D\u00eda 2 : Desierto del Sahara de Erg Chebbi &#8221; Gargantas del Todra &#8221; Gargantas del Dades [266 km]<\/h4>\n<p>Hoy veremos el amanecer sobre el mar de dunas. Despu\u00e9s del desayuno regresaremos en camellos a Merzouga y despu\u00e9s de una ducha saldremos en 4&#215;4 hacia Tinghir &#8220;la ciudad de la monta\u00f1a&#8221; en Tamazight, otro hermoso pueblo bereber donde nos deleitaremos con el contraste de sus palmeras y el peculiar color de sus casas. ruta donde el paisaje muestra sus contrastes.<br \/>\nNos encontramos en las gargantas del Todra formadas por paredes de roca de m\u00e1s de 200m y despu\u00e9s de visitarlas, nos dirigiremos al Valle del Dades, un pueblo bereber famoso por sus altas gargantas y sus vistas sobre el Atlas, ahora en el horizonte. Noche en un riad con encanto.<\/p>\n<h4>D\u00eda 3 : Gargantas del Dades &#8221; Valle de las Rosas &#8221; Ouarzazate &#8221; A\u00eft BenHaddou &#8221; Marrakech (Marrakech) [325 km]<\/h4>\n<p>Cruzaremos el Valle del Dades y el Valle de las Rosas, hasta llegar a Ouarzazate, donde visitaremos la Kasbah de Taourirt y despu\u00e9s de 25 km de carretera veremos la Kasbah de Ait Ben Haddou, declarada Patrimonio de la Humanidad por la UNESCO, famosa por ser escenario de \u00e9xitos de taquilla cinematogr\u00e1ficos como el oscarizado &#8220;Lawrence de Arabia&#8221;, &#8220;El cielo protector&#8221; o &#8220;Babel&#8221;.<br \/>\nSeguiremos el camino a trav\u00e9s del puerto de Tichka que nos llevar\u00e1 de nuevo a la &#8220;Ciudad Roja&#8221;, Marrakech y aqu\u00ed podr\u00e1 despedirse de nuestro conductor\/gu\u00eda.<\/p>\n","protected":false},"excerpt":{"rendered":"<p>Viaje desde Fez a Marrakech via el desierto s\u00e1hara Merzouga en 3 d\u00edas \/ Tour de 3 d\u00edas y 2 noches por el desierto erg chebbi<span class=\"excerpt-hellip\"> [\u2026]<\/span><\/p>\n","protected":false},"author":1,"featured_media":0,"parent":0,"menu_order":0,"comment_status":"closed","ping_status":"closed","template":"","meta":{"ngg_post_thumbnail":0},"yoast_head":"<!-- This site is optimized with the Yoast SEO plugin v17.3 - https:\/\/yoast.com\/wordpress\/plugins\/seo\/ -->\n<title>3 d\u00edas desde Fes a Marrakech v\u00eda Merzouga - Merzouga Fantastic<\/title>\n<meta name=\"robots\" content=\"index, follow, max-snippet:-1, max-image-preview:large, max-video-preview:-1\" \/>\n<link rel=\"canonical\" href=\"https:\/\/merzougafantastic.com\/es\/3-dias-desde-fes-a-marrakech-via-merzouga\/\" \/>\n<meta property=\"og:locale\" content=\"en_US\" \/>\n<meta property=\"og:type\" content=\"article\" \/>\n<meta property=\"og:title\" content=\"3 d\u00edas desde Fes a Marrakech v\u00eda Merzouga - Merzouga Fantastic\" \/>\n<meta property=\"og:description\" content=\"Viaje desde Fez a Marrakech via el desierto s\u00e1hara Merzouga en 3 d\u00edas \/ Tour de 3 d\u00edas y 2 noches por el desierto erg chebbi [\u2026]\" \/>\n<meta property=\"og:url\" content=\"https:\/\/merzougafantastic.com\/es\/3-dias-desde-fes-a-marrakech-via-merzouga\/\" \/>\n<meta property=\"og:site_name\" content=\"Merzouga Fantastic\" \/>\n<meta property=\"article:modified_time\" content=\"2020-04-23T18:39:59+00:00\" \/>\n<meta name=\"twitter:card\" content=\"summary_large_image\" \/>\n<meta name=\"twitter:label1\" content=\"Est. reading time\" \/>\n\t<meta name=\"twitter:data1\" content=\"2 minutes\" \/>\n<script type=\"application\/ld+json\" class=\"yoast-schema-graph\">{\"@context\":\"https:\/\/schema.org\",\"@graph\":[{\"@type\":\"WebSite\",\"@id\":\"https:\/\/merzougafantastic.com\/es\/#website\",\"url\":\"https:\/\/merzougafantastic.com\/es\/\",\"name\":\"Merzouga Fantastic\",\"description\":\"Morocco Private Desert Tours\",\"potentialAction\":[{\"@type\":\"SearchAction\",\"target\":{\"@type\":\"EntryPoint\",\"urlTemplate\":\"https:\/\/merzougafantastic.com\/es\/?s={search_term_string}\"},\"query-input\":\"required name=search_term_string\"}],\"inLanguage\":\"en-US\"},{\"@type\":\"WebPage\",\"@id\":\"https:\/\/merzougafantastic.com\/es\/3-dias-desde-fes-a-marrakech-via-merzouga\/#webpage\",\"url\":\"https:\/\/merzougafantastic.com\/es\/3-dias-desde-fes-a-marrakech-via-merzouga\/\",\"name\":\"3 d\\u00edas desde Fes a Marrakech v\\u00eda Merzouga - Merzouga Fantastic\",\"isPartOf\":{\"@id\":\"https:\/\/merzougafantastic.com\/es\/#website\"},\"datePublished\":\"2020-03-03T10:32:14+00:00\",\"dateModified\":\"2020-04-23T18:39:59+00:00\",\"breadcrumb\":{\"@id\":\"https:\/\/merzougafantastic.com\/es\/3-dias-desde-fes-a-marrakech-via-merzouga\/#breadcrumb\"},\"inLanguage\":\"en-US\",\"potentialAction\":[{\"@type\":\"ReadAction\",\"target\":[\"https:\/\/merzougafantastic.com\/es\/3-dias-desde-fes-a-marrakech-via-merzouga\/\"]}]},{\"@type\":\"BreadcrumbList\",\"@id\":\"https:\/\/merzougafantastic.com\/es\/3-dias-desde-fes-a-marrakech-via-merzouga\/#breadcrumb\",\"itemListElement\":[{\"@type\":\"ListItem\",\"position\":1,\"name\":\"Home\",\"item\":\"https:\/\/merzougafantastic.com\/es\/\"},{\"@type\":\"ListItem\",\"position\":2,\"name\":\"3 d\\u00edas desde Fes a Marrakech v\\u00eda Merzouga\"}]}]}<\/script>\n<!-- \/ Yoast SEO plugin. -->","yoast_head_json":{"title":"3 d\u00edas desde Fes a Marrakech v\u00eda Merzouga - Merzouga Fantastic","robots":{"index":"index","follow":"follow","max-snippet":"max-snippet:-1","max-image-preview":"max-image-preview:large","max-video-preview":"max-video-preview:-1"},"canonical":"https:\/\/merzougafantastic.com\/es\/3-dias-desde-fes-a-marrakech-via-merzouga\/","og_locale":"en_US","og_type":"article","og_title":"3 d\u00edas desde Fes a Marrakech v\u00eda Merzouga - Merzouga Fantastic","og_description":"Viaje desde Fez a Marrakech via el desierto s\u00e1hara Merzouga en 3 d\u00edas \/ Tour de 3 d\u00edas y 2 noches por el desierto erg chebbi [\u2026]","og_url":"https:\/\/merzougafantastic.com\/es\/3-dias-desde-fes-a-marrakech-via-merzouga\/","og_site_name":"Merzouga Fantastic","article_modified_time":"2020-04-23T18:39:59+00:00","twitter_card":"summary_large_image","twitter_misc":{"Est. reading time":"2 minutes"},"schema":{"@context":"https:\/\/schema.org","@graph":[{"@type":"WebSite","@id":"https:\/\/merzougafantastic.com\/es\/#website","url":"https:\/\/merzougafantastic.com\/es\/","name":"Merzouga Fantastic","description":"Morocco Private Desert Tours","potentialAction":[{"@type":"SearchAction","target":{"@type":"EntryPoint","urlTemplate":"https:\/\/merzougafantastic.com\/es\/?s={search_term_string}"},"query-input":"required name=search_term_string"}],"inLanguage":"en-US"},{"@type":"WebPage","@id":"https:\/\/merzougafantastic.com\/es\/3-dias-desde-fes-a-marrakech-via-merzouga\/#webpage","url":"https:\/\/merzougafantastic.com\/es\/3-dias-desde-fes-a-marrakech-via-merzouga\/","name":"3 d\u00edas desde Fes a Marrakech v\u00eda Merzouga - Merzouga Fantastic","isPartOf":{"@id":"https:\/\/merzougafantastic.com\/es\/#website"},"datePublished":"2020-03-03T10:32:14+00:00","dateModified":"2020-04-23T18:39:59+00:00","breadcrumb":{"@id":"https:\/\/merzougafantastic.com\/es\/3-dias-desde-fes-a-marrakech-via-merzouga\/#breadcrumb"},"inLanguage":"en-US","potentialAction":[{"@type":"ReadAction","target":["https:\/\/merzougafantastic.com\/es\/3-dias-desde-fes-a-marrakech-via-merzouga\/"]}]},{"@type":"BreadcrumbList","@id":"https:\/\/merzougafantastic.com\/es\/3-dias-desde-fes-a-marrakech-via-merzouga\/#breadcrumb","itemListElement":[{"@type":"ListItem","position":1,"name":"Home","item":"https:\/\/merzougafantastic.com\/es\/"},{"@type":"ListItem","position":2,"name":"3 d\u00edas desde Fes a Marrakech v\u00eda Merzouga"}]}]}},"_links":{"self":[{"href":"https:\/\/merzougafantastic.com\/es\/wp-json\/wp\/v2\/pages\/218"}],"collection":[{"href":"https:\/\/merzougafantastic.com\/es\/wp-json\/wp\/v2\/pages"}],"about":[{"href":"https:\/\/merzougafantastic.com\/es\/wp-json\/wp\/v2\/types\/page"}],"author":[{"embeddable":true,"href":"https:\/\/merzougafantastic.com\/es\/wp-json\/wp\/v2\/users\/1"}],"replies":[{"embeddable":true,"href":"https:\/\/merzougafantastic.com\/es\/wp-json\/wp\/v2\/comments?post=218"}],"version-history":[{"count":6,"href":"https:\/\/merzougafantastic.com\/es\/wp-json\/wp\/v2\/pages\/218\/revisions"}],"predecessor-version":[{"id":547,"href":"https:\/\/merzougafantastic.com\/es\/wp-json\/wp\/v2\/pages\/218\/revisions\/547"}],"wp:attachment":[{"href":"https:\/\/merzougafantastic.com\/es\/wp-json\/wp\/v2\/media?parent=218"}],"curies":[{"name":"wp","href":"https:\/\/api.w.org\/{rel}","templated":true}]}}