{"id":216,"date":"2020-03-03T10:31:38","date_gmt":"2020-03-03T10:31:38","guid":{"rendered":"https:\/\/merzougafantastic.com\/wp\/?page_id=216"},"modified":"2020-04-23T18:40:06","modified_gmt":"2020-04-23T18:40:06","slug":"3-dias-desde-fes-a-fes-via-el-desierto-de-merzouga","status":"publish","type":"page","link":"https:\/\/merzougafantastic.com\/es\/3-dias-desde-fes-a-fes-via-el-desierto-de-merzouga\/","title":{"rendered":"3 d\u00edas desde Fes a Fes v\u00eda el desierto de Merzouga"},"content":{"rendered":"<h2 style=\"text-align: center;\"><span style=\"color: #993300;\"><strong>Tour Fez al desierto 4&#215;4 por las dunas del s\u00e1hara \/ Merzouga desierto tours desde Fez en 3 d\u00edas y 2 noches<\/strong><\/span><\/h2>\n<h4>D\u00eda 1 : Fes (Fez) &#8221; Ifrane &#8221; Bosque de cedros de Azrou &#8221; Midelt &#8221; Desierto de Merzouga Sahara (Caminata y noche en el campamento del desierto) [468 km]<\/h4>\n<p>Por la ma\u00f1ana, comenzaremos nuestro viaje de 3 d\u00edas desde Fez, camino a Merzouga. Disfrutaremos de los espectaculares paisajes del bosque de cedros. Haremos una breve parada en el bosque para alimentar y ver a los monos, tambi\u00e9n visitaremos el hermoso y esc\u00e9nico Midol en el camino hacia el Sahara de Merzouga. Despu\u00e9s, conduciremos a trav\u00e9s del valle del Ziz disfrutando de sus vistas panor\u00e1micas y del oasis de Aouffous. que ofrece incre\u00edbles oportunidades fotogr\u00e1ficas, aqu\u00ed pasaremos por Erfoud, Rissani antes de enfrentarnos a las dunas de Merzouga con la fresca brisa del desierto. A nuestra llegada, nos registraremos en nuestro hotel y cambiaremos nuestro veh\u00edculo por camellos. Luego haremos una excursi\u00f3n en camello a la cima de las dunas de arena dorada. para la puesta de sol y la cena con una noche inolvidable incluida en una tienda bereber. Viaje de 3 d\u00edas desde Fes a Merzouga.<\/p>\n<h4>D\u00eda 2 : Desierto del Sahara de Merzouga &#8221; Explorar el desierto negro y la zona de dunas de Erg Chebbi [50 km]<\/h4>\n<p>Nos despertaremos antes del amanecer para la caminata del Camello del Amanecer, a la cima de las dunas de arena, all\u00ed tomaremos fant\u00e1sticas fotos del amanecer antes de volver para el desayuno en el hotel, prep\u00e1rate para nuestro especial viaje por el desierto.<\/p>\n<p>Empezaremos nuestro viaje de vuelta al lago sesional de Yasmina. Un lago panor\u00e1mico entre las dunas de arena y las rocas negras del desierto. Continuaremos hacia un peque\u00f1o panorama palmero donde un peque\u00f1o pueblo bereber se llama Tissardmine, all\u00ed donde se encuentran los f\u00f3siles de animales marinos de 100 millones de a\u00f1os de antig\u00fcedad, desde all\u00ed nos dirigiremos a Khamlia (pueblo de gente de piel oscura) que se conoce como el pueblo de los Gnawa, donde descubrir\u00e1n la m\u00fasica de su propia cultura, haremos una visita con una taza de t\u00e9 incluida en su casa y disfrutaremos de un descanso musical bailable.<br \/>\nDespu\u00e9s, iremos a almorzar en un peque\u00f1o restaurante tradicional, antes de terminar nuestro viaje con una visita a una familia n\u00f3mada. Noche en el hotel.<\/p>\n<h4>D\u00eda 3 : Merzouga Sahara &#8221; Valle del Ziz &#8221; Fes [468 km]<\/h4>\n<p>Despu\u00e9s del desayuno empezaremos nuestro viaje por el desierto de camino a Fes dejando atr\u00e1s las dunas de Erg Chebbi.<br \/>\nConduciremos a trav\u00e9s de las monta\u00f1as del atlas medio incluyendo una visita al valle del Ziz, medilt, Azrou. Llegaremos a Fes por la tarde donde le llevaremos de vuelta a su alojamiento.<\/p>\n","protected":false},"excerpt":{"rendered":"<p>Tour Fez al desierto 4&#215;4 por las dunas del s\u00e1hara \/ Merzouga desierto tours desde Fez en 3 d\u00edas y 2 noches D\u00eda 1 : Fes<span class=\"excerpt-hellip\"> [\u2026]<\/span><\/p>\n","protected":false},"author":1,"featured_media":0,"parent":0,"menu_order":0,"comment_status":"closed","ping_status":"closed","template":"","meta":{"ngg_post_thumbnail":0},"yoast_head":"<!-- This site is optimized with the Yoast SEO plugin v17.3 - https:\/\/yoast.com\/wordpress\/plugins\/seo\/ -->\n<title>3 d\u00edas desde Fes a Fes v\u00eda el desierto de Merzouga - Merzouga Fantastic<\/title>\n<meta name=\"robots\" content=\"index, follow, max-snippet:-1, max-image-preview:large, max-video-preview:-1\" \/>\n<link rel=\"canonical\" href=\"https:\/\/merzougafantastic.com\/es\/3-dias-desde-fes-a-fes-via-el-desierto-de-merzouga\/\" \/>\n<meta property=\"og:locale\" content=\"en_US\" \/>\n<meta property=\"og:type\" content=\"article\" \/>\n<meta property=\"og:title\" content=\"3 d\u00edas desde Fes a Fes v\u00eda el desierto de Merzouga - Merzouga Fantastic\" \/>\n<meta property=\"og:description\" content=\"Tour Fez al desierto 4&#215;4 por las dunas del s\u00e1hara \/ Merzouga desierto tours desde Fez en 3 d\u00edas y 2 noches D\u00eda 1 : Fes [\u2026]\" \/>\n<meta property=\"og:url\" content=\"https:\/\/merzougafantastic.com\/es\/3-dias-desde-fes-a-fes-via-el-desierto-de-merzouga\/\" \/>\n<meta property=\"og:site_name\" content=\"Merzouga Fantastic\" \/>\n<meta property=\"article:modified_time\" content=\"2020-04-23T18:40:06+00:00\" \/>\n<meta name=\"twitter:card\" content=\"summary_large_image\" \/>\n<meta name=\"twitter:label1\" content=\"Est. reading time\" \/>\n\t<meta name=\"twitter:data1\" content=\"2 minutes\" \/>\n<script type=\"application\/ld+json\" class=\"yoast-schema-graph\">{\"@context\":\"https:\/\/schema.org\",\"@graph\":[{\"@type\":\"WebSite\",\"@id\":\"https:\/\/merzougafantastic.com\/es\/#website\",\"url\":\"https:\/\/merzougafantastic.com\/es\/\",\"name\":\"Merzouga Fantastic\",\"description\":\"Morocco Private Desert Tours\",\"potentialAction\":[{\"@type\":\"SearchAction\",\"target\":{\"@type\":\"EntryPoint\",\"urlTemplate\":\"https:\/\/merzougafantastic.com\/es\/?s={search_term_string}\"},\"query-input\":\"required name=search_term_string\"}],\"inLanguage\":\"en-US\"},{\"@type\":\"WebPage\",\"@id\":\"https:\/\/merzougafantastic.com\/es\/3-dias-desde-fes-a-fes-via-el-desierto-de-merzouga\/#webpage\",\"url\":\"https:\/\/merzougafantastic.com\/es\/3-dias-desde-fes-a-fes-via-el-desierto-de-merzouga\/\",\"name\":\"3 d\\u00edas desde Fes a Fes v\\u00eda el desierto de Merzouga - Merzouga Fantastic\",\"isPartOf\":{\"@id\":\"https:\/\/merzougafantastic.com\/es\/#website\"},\"datePublished\":\"2020-03-03T10:31:38+00:00\",\"dateModified\":\"2020-04-23T18:40:06+00:00\",\"breadcrumb\":{\"@id\":\"https:\/\/merzougafantastic.com\/es\/3-dias-desde-fes-a-fes-via-el-desierto-de-merzouga\/#breadcrumb\"},\"inLanguage\":\"en-US\",\"potentialAction\":[{\"@type\":\"ReadAction\",\"target\":[\"https:\/\/merzougafantastic.com\/es\/3-dias-desde-fes-a-fes-via-el-desierto-de-merzouga\/\"]}]},{\"@type\":\"BreadcrumbList\",\"@id\":\"https:\/\/merzougafantastic.com\/es\/3-dias-desde-fes-a-fes-via-el-desierto-de-merzouga\/#breadcrumb\",\"itemListElement\":[{\"@type\":\"ListItem\",\"position\":1,\"name\":\"Home\",\"item\":\"https:\/\/merzougafantastic.com\/es\/\"},{\"@type\":\"ListItem\",\"position\":2,\"name\":\"3 d\\u00edas desde Fes a Fes v\\u00eda el desierto de Merzouga\"}]}]}<\/script>\n<!-- \/ Yoast SEO plugin. -->","yoast_head_json":{"title":"3 d\u00edas desde Fes a Fes v\u00eda el desierto de Merzouga - Merzouga Fantastic","robots":{"index":"index","follow":"follow","max-snippet":"max-snippet:-1","max-image-preview":"max-image-preview:large","max-video-preview":"max-video-preview:-1"},"canonical":"https:\/\/merzougafantastic.com\/es\/3-dias-desde-fes-a-fes-via-el-desierto-de-merzouga\/","og_locale":"en_US","og_type":"article","og_title":"3 d\u00edas desde Fes a Fes v\u00eda el desierto de Merzouga - Merzouga Fantastic","og_description":"Tour Fez al desierto 4&#215;4 por las dunas del s\u00e1hara \/ Merzouga desierto tours desde Fez en 3 d\u00edas y 2 noches D\u00eda 1 : Fes [\u2026]","og_url":"https:\/\/merzougafantastic.com\/es\/3-dias-desde-fes-a-fes-via-el-desierto-de-merzouga\/","og_site_name":"Merzouga Fantastic","article_modified_time":"2020-04-23T18:40:06+00:00","twitter_card":"summary_large_image","twitter_misc":{"Est. reading time":"2 minutes"},"schema":{"@context":"https:\/\/schema.org","@graph":[{"@type":"WebSite","@id":"https:\/\/merzougafantastic.com\/es\/#website","url":"https:\/\/merzougafantastic.com\/es\/","name":"Merzouga Fantastic","description":"Morocco Private Desert Tours","potentialAction":[{"@type":"SearchAction","target":{"@type":"EntryPoint","urlTemplate":"https:\/\/merzougafantastic.com\/es\/?s={search_term_string}"},"query-input":"required name=search_term_string"}],"inLanguage":"en-US"},{"@type":"WebPage","@id":"https:\/\/merzougafantastic.com\/es\/3-dias-desde-fes-a-fes-via-el-desierto-de-merzouga\/#webpage","url":"https:\/\/merzougafantastic.com\/es\/3-dias-desde-fes-a-fes-via-el-desierto-de-merzouga\/","name":"3 d\u00edas desde Fes a Fes v\u00eda el desierto de Merzouga - Merzouga Fantastic","isPartOf":{"@id":"https:\/\/merzougafantastic.com\/es\/#website"},"datePublished":"2020-03-03T10:31:38+00:00","dateModified":"2020-04-23T18:40:06+00:00","breadcrumb":{"@id":"https:\/\/merzougafantastic.com\/es\/3-dias-desde-fes-a-fes-via-el-desierto-de-merzouga\/#breadcrumb"},"inLanguage":"en-US","potentialAction":[{"@type":"ReadAction","target":["https:\/\/merzougafantastic.com\/es\/3-dias-desde-fes-a-fes-via-el-desierto-de-merzouga\/"]}]},{"@type":"BreadcrumbList","@id":"https:\/\/merzougafantastic.com\/es\/3-dias-desde-fes-a-fes-via-el-desierto-de-merzouga\/#breadcrumb","itemListElement":[{"@type":"ListItem","position":1,"name":"Home","item":"https:\/\/merzougafantastic.com\/es\/"},{"@type":"ListItem","position":2,"name":"3 d\u00edas desde Fes a Fes v\u00eda el desierto de Merzouga"}]}]}},"_links":{"self":[{"href":"https:\/\/merzougafantastic.com\/es\/wp-json\/wp\/v2\/pages\/216"}],"collection":[{"href":"https:\/\/merzougafantastic.com\/es\/wp-json\/wp\/v2\/pages"}],"about":[{"href":"https:\/\/merzougafantastic.com\/es\/wp-json\/wp\/v2\/types\/page"}],"author":[{"embeddable":true,"href":"https:\/\/merzougafantastic.com\/es\/wp-json\/wp\/v2\/users\/1"}],"replies":[{"embeddable":true,"href":"https:\/\/merzougafantastic.com\/es\/wp-json\/wp\/v2\/comments?post=216"}],"version-history":[{"count":6,"href":"https:\/\/merzougafantastic.com\/es\/wp-json\/wp\/v2\/pages\/216\/revisions"}],"predecessor-version":[{"id":548,"href":"https:\/\/merzougafantastic.com\/es\/wp-json\/wp\/v2\/pages\/216\/revisions\/548"}],"wp:attachment":[{"href":"https:\/\/merzougafantastic.com\/es\/wp-json\/wp\/v2\/media?parent=216"}],"curies":[{"name":"wp","href":"https:\/\/api.w.org\/{rel}","templated":true}]}}