{"id":212,"date":"2020-03-03T10:26:29","date_gmt":"2020-03-03T10:26:29","guid":{"rendered":"https:\/\/merzougafantastic.com\/wp\/?page_id=212"},"modified":"2020-04-23T18:53:55","modified_gmt":"2020-04-23T18:53:55","slug":"6-dias-desde-marrakech-a-merzouga-y-marrakech","status":"publish","type":"page","link":"https:\/\/merzougafantastic.com\/es\/6-dias-desde-marrakech-a-merzouga-y-marrakech\/","title":{"rendered":"6 d\u00edas desde Marrakech a Merzouga y Marrakech"},"content":{"rendered":"<h2 style=\"text-align: center;\"><span style=\"color: #993300;\"><strong>6 d\u00edas explorando la zona del sahara comenzando desde Marrakech \/ Sahara tours 4&#215;4 desde Marrakech en 6 d\u00edas y 5 noches<\/strong><\/span><\/h2>\n<h4>D\u00cdA 1: MARRAKECH &#8211; TELOUET &#8211; OUARZAZATE<\/h4>\n<p>Nuestro maravilloso viaje por el encantador sur de Marruecos y su desierto virgen comenzar\u00e1 con la recogida en su alojamiento en Marrakech. Atravesando el puerto de monta\u00f1a m\u00e1s alto del norte de \u00c1frica, el puerto de Tizi N&#8217;Ticka, le ofrecer\u00e1 unas vistas incre\u00edbles desde lo que contienen las monta\u00f1as del Alto Atlas; paisajes y, pueblos bereberes salpicados a lo largo de la naturaleza rocosa. Hasta llegar a la magn\u00edfica kasbah de Telouet, que fue sede en sus d\u00edas de gloria de uno de los hombres m\u00e1s poderosos de Marruecos, entre los siglos XVI y XVII el Pacha El Glaoui. Aqu\u00ed tendr\u00e1 una visita guiada y podr\u00e1 disfrutar de un almuerzo en un restaurante de la zona. Por la tarde, continuaremos nuestro viaje hacia una ciudad conocida como la &#8220;Puerta del desierto&#8221;, la encantadora Ouarzazate; a trav\u00e9s del impresionante valle de Ounila, vislumbrando pueblos bereberes a lo largo de la carretera. Para llegar a Ouarzazate por la tarde, donde disfrutar\u00e1n de una cena y una noche en un hotel.<\/p>\n<h4>D\u00cdA 2: OUARZAZATE &#8211; VALLE DEL DRAA &#8211; ZAGORA<\/h4>\n<p>En el programa de hoy, nuestro gu\u00eda les llevar\u00e1 en un tour, alrededor de uno de los mayores estudios de cine del mundo &#8220;Atlas studios&#8221;, donde disfrutar\u00e1n paseando por siglos mientras cambian de plat\u00f3, tambi\u00e9n visitar\u00e1n lugares donde se emiten algunos de los programas de televisi\u00f3n universales y, pel\u00edculas como &#8220;Juego de Tronos&#8221;. Despu\u00e9s nos dirigiremos hacia la encantadora ciudad de Zagora, a trav\u00e9s del Valle del Draa, cruzando los infinitos palmerales y los peque\u00f1os pueblos bereberes que se encuentran a lo largo de la carretera. Disfrutar\u00e1n del almuerzo a su llegada, un plato tradicional ser\u00e1 servido en un restaurante. A continuaci\u00f3n, le llevaremos a visitar la ciudad \u00fanica de Tamagroute, donde podr\u00e1 explorar el liberador quranico m\u00e1s antiguo de Marruecos, tambi\u00e9n la Kasbah subterr\u00e1nea y, conocer\u00e1 m\u00e1s sobre la fabricaci\u00f3n local de la cer\u00e1mica. Finalmente, volver\u00e1s a Zagora donde pasar\u00e1s la noche en un hotel con cena incluida.<\/p>\n<h4>D\u00cdA 3: ZAGORA &#8211; TAZARINE &#8211; ALNIF &#8211; RISSANI &#8211; MERZOUGA<\/h4>\n<p>Despu\u00e9s del desayuno, reanudaremos nuestro viaje hacia un destino \u00fanico en la actualidad, el espectacular Merzouga; pasando por algunos impresionantes pueblos bereberes del sur, como Taftechna y, Ait Ouaazique que nos llevar\u00e1n al gran Tazarine y Alnif donde disfrutar\u00e1n descubriendo una prisi\u00f3n subterr\u00e1nea que se convirti\u00f3 en un museo y, disfrutar\u00e1n del almuerzo antes de continuar nuestro viaje. Despu\u00e9s, continuaremos hacia Merzouga a trav\u00e9s de la peque\u00f1a ciudad oasis de Rissani; Eventualmente cuando lleguen, ser\u00e1n recibidos por los camellos, que los llevar\u00e1n en una memorable aventura a trav\u00e9s de las dunas de arena dorada de Erg Chebbi. Bajo la espectacular puesta de sol, que disfrutar\u00e1n observando desde la duna m\u00e1s alta del norte de \u00c1frica. Finalmente accederemos a nuestro tradicional y bien equipado campamento, aqu\u00ed disfrutar\u00e1 viendo un espect\u00e1culo musical bereber, antes de saborear una sabrosa cena local alrededor de la fogata; pasar\u00e1 la noche en una tienda n\u00f3mada de pelo de camello, bajo la V\u00eda L\u00e1ctea.<\/p>\n<h4>D\u00cdA 4: MERZOUGA &#8211; ERFOUD &#8211; TOUROUG &#8211; TINJDAD &#8211; TINGHIR<\/h4>\n<p>Temprano en la ma\u00f1ana, te despertar\u00e1s en uno de los amaneceres m\u00e1s desvanecedores que jam\u00e1s hayas presenciado, en medio del encantador Sahara de Erg Chebbi disfrutar\u00e1s de tu desayuno, mientras el sol calienta tu piel. Despu\u00e9s, volveremos en camello a la ciudad de Merzouga; all\u00ed cambiaremos a nuestro 4&#215;4 y nos pondremos en camino hacia la ciudad de Erfoud, conocida en Marruecos como la ciudad de las palmeras; aqu\u00ed tendr\u00e1s la oportunidad de cruzar la impresionante plantaci\u00f3n de palmeras de Touroug y Tinijdad. El almuerzo est\u00e1 programado en el lugar frente a esta belleza antes de reanudar nuestro viaje. A \u00faltima hora de la tarde, llegaremos a las gargantas del Todgha, donde disfrutar\u00e1n de una sabrosa cena en el hotel donde se alojar\u00e1n.<\/p>\n<h4>D\u00cdA 5: TINGHIR &#8211; BOUMALNE &#8211; GARGANTAS DEL DADES &#8211; VALLE DE LAS ROSAS &#8211; KELAA MGOUNA &#8211; SKOURA &#8211; OUARZAZATE<\/h4>\n<p>La ma\u00f1ana de hoy est\u00e1 dedicada a explorar la hermosa zona de Todgha, considerada como uno de los ca\u00f1ones m\u00e1s espectaculares del mundo, con sus acantilados de piedra caliza roja que atrae a escaladores de todo el mundo. A continuaci\u00f3n nos dirigiremos hacia la impresionante zona de las gargantas del Dades donde disfrutar\u00e1 de su almuerzo en un restaurante frente a los encantadores paisajes de la zona. Despu\u00e9s de una tranquila estancia, la carretera le llevar\u00e1 a la ciudad de Kalaat M&#8217;gouna, conocida como la ciudad de las rosas, tendr\u00e1 una parada digna en el Valle de las Rosas, para admirar una alfombra de rosas rosadas y rojas; a continuaci\u00f3n, a trav\u00e9s del Skoura llegaremos a la famosa Kasbah de Amredhil, que fue impresa en el reverso del billete marroqu\u00ed de 50 Dh, aqu\u00ed tendr\u00e1 una visita guiada por la obra maestra. Posteriormente, llegaremos a Ouarzazate donde disfrutar\u00e1n de una cena y, por supuesto, de una noche en un hotel.<\/p>\n<h4>D\u00cdA 6: OUARZAZATE &#8211; MARRAKECH<\/h4>\n<p>Por la ma\u00f1ana, despu\u00e9s del desayuno, partiremos hacia la ciudad roja de Marrakech, abri\u00e9ndonos camino a trav\u00e9s de los hermosos paisajes del sur y, cruzando las monta\u00f1as del Alto Atlas. Al final de la tarde, cuando lleguemos a Marrakech, le trasladaremos a su alojamiento, aqu\u00ed donde terminan nuestros servicios.<\/p>\n","protected":false},"excerpt":{"rendered":"<p>6 d\u00edas explorando la zona del sahara comenzando desde Marrakech \/ Sahara tours 4&#215;4 desde Marrakech en 6 d\u00edas y 5 noches D\u00cdA 1: MARRAKECH &#8211;<span class=\"excerpt-hellip\"> [\u2026]<\/span><\/p>\n","protected":false},"author":1,"featured_media":0,"parent":0,"menu_order":0,"comment_status":"closed","ping_status":"closed","template":"","meta":{"ngg_post_thumbnail":0},"yoast_head":"<!-- This site is optimized with the Yoast SEO plugin v17.3 - https:\/\/yoast.com\/wordpress\/plugins\/seo\/ -->\n<title>6 d\u00edas desde Marrakech a Merzouga y Marrakech - Merzouga Fantastic<\/title>\n<meta name=\"robots\" content=\"index, follow, max-snippet:-1, max-image-preview:large, max-video-preview:-1\" \/>\n<link rel=\"canonical\" href=\"https:\/\/merzougafantastic.com\/es\/6-dias-desde-marrakech-a-merzouga-y-marrakech\/\" \/>\n<meta property=\"og:locale\" content=\"en_US\" \/>\n<meta property=\"og:type\" content=\"article\" \/>\n<meta property=\"og:title\" content=\"6 d\u00edas desde Marrakech a Merzouga y Marrakech - Merzouga Fantastic\" \/>\n<meta property=\"og:description\" content=\"6 d\u00edas explorando la zona del sahara comenzando desde Marrakech \/ Sahara tours 4&#215;4 desde Marrakech en 6 d\u00edas y 5 noches D\u00cdA 1: MARRAKECH &#8211; [\u2026]\" \/>\n<meta property=\"og:url\" content=\"https:\/\/merzougafantastic.com\/es\/6-dias-desde-marrakech-a-merzouga-y-marrakech\/\" \/>\n<meta property=\"og:site_name\" content=\"Merzouga Fantastic\" \/>\n<meta property=\"article:modified_time\" content=\"2020-04-23T18:53:55+00:00\" \/>\n<meta name=\"twitter:card\" content=\"summary_large_image\" \/>\n<meta name=\"twitter:label1\" content=\"Est. reading time\" \/>\n\t<meta name=\"twitter:data1\" content=\"5 minutes\" \/>\n<script type=\"application\/ld+json\" class=\"yoast-schema-graph\">{\"@context\":\"https:\/\/schema.org\",\"@graph\":[{\"@type\":\"WebSite\",\"@id\":\"https:\/\/merzougafantastic.com\/es\/#website\",\"url\":\"https:\/\/merzougafantastic.com\/es\/\",\"name\":\"Merzouga Fantastic\",\"description\":\"Morocco Private Desert Tours\",\"potentialAction\":[{\"@type\":\"SearchAction\",\"target\":{\"@type\":\"EntryPoint\",\"urlTemplate\":\"https:\/\/merzougafantastic.com\/es\/?s={search_term_string}\"},\"query-input\":\"required name=search_term_string\"}],\"inLanguage\":\"en-US\"},{\"@type\":\"WebPage\",\"@id\":\"https:\/\/merzougafantastic.com\/es\/6-dias-desde-marrakech-a-merzouga-y-marrakech\/#webpage\",\"url\":\"https:\/\/merzougafantastic.com\/es\/6-dias-desde-marrakech-a-merzouga-y-marrakech\/\",\"name\":\"6 d\\u00edas desde Marrakech a Merzouga y Marrakech - Merzouga Fantastic\",\"isPartOf\":{\"@id\":\"https:\/\/merzougafantastic.com\/es\/#website\"},\"datePublished\":\"2020-03-03T10:26:29+00:00\",\"dateModified\":\"2020-04-23T18:53:55+00:00\",\"breadcrumb\":{\"@id\":\"https:\/\/merzougafantastic.com\/es\/6-dias-desde-marrakech-a-merzouga-y-marrakech\/#breadcrumb\"},\"inLanguage\":\"en-US\",\"potentialAction\":[{\"@type\":\"ReadAction\",\"target\":[\"https:\/\/merzougafantastic.com\/es\/6-dias-desde-marrakech-a-merzouga-y-marrakech\/\"]}]},{\"@type\":\"BreadcrumbList\",\"@id\":\"https:\/\/merzougafantastic.com\/es\/6-dias-desde-marrakech-a-merzouga-y-marrakech\/#breadcrumb\",\"itemListElement\":[{\"@type\":\"ListItem\",\"position\":1,\"name\":\"Home\",\"item\":\"https:\/\/merzougafantastic.com\/es\/\"},{\"@type\":\"ListItem\",\"position\":2,\"name\":\"6 d\\u00edas desde Marrakech a Merzouga y Marrakech\"}]}]}<\/script>\n<!-- \/ Yoast SEO plugin. -->","yoast_head_json":{"title":"6 d\u00edas desde Marrakech a Merzouga y Marrakech - Merzouga Fantastic","robots":{"index":"index","follow":"follow","max-snippet":"max-snippet:-1","max-image-preview":"max-image-preview:large","max-video-preview":"max-video-preview:-1"},"canonical":"https:\/\/merzougafantastic.com\/es\/6-dias-desde-marrakech-a-merzouga-y-marrakech\/","og_locale":"en_US","og_type":"article","og_title":"6 d\u00edas desde Marrakech a Merzouga y Marrakech - Merzouga Fantastic","og_description":"6 d\u00edas explorando la zona del sahara comenzando desde Marrakech \/ Sahara tours 4&#215;4 desde Marrakech en 6 d\u00edas y 5 noches D\u00cdA 1: MARRAKECH &#8211; [\u2026]","og_url":"https:\/\/merzougafantastic.com\/es\/6-dias-desde-marrakech-a-merzouga-y-marrakech\/","og_site_name":"Merzouga Fantastic","article_modified_time":"2020-04-23T18:53:55+00:00","twitter_card":"summary_large_image","twitter_misc":{"Est. reading time":"5 minutes"},"schema":{"@context":"https:\/\/schema.org","@graph":[{"@type":"WebSite","@id":"https:\/\/merzougafantastic.com\/es\/#website","url":"https:\/\/merzougafantastic.com\/es\/","name":"Merzouga Fantastic","description":"Morocco Private Desert Tours","potentialAction":[{"@type":"SearchAction","target":{"@type":"EntryPoint","urlTemplate":"https:\/\/merzougafantastic.com\/es\/?s={search_term_string}"},"query-input":"required name=search_term_string"}],"inLanguage":"en-US"},{"@type":"WebPage","@id":"https:\/\/merzougafantastic.com\/es\/6-dias-desde-marrakech-a-merzouga-y-marrakech\/#webpage","url":"https:\/\/merzougafantastic.com\/es\/6-dias-desde-marrakech-a-merzouga-y-marrakech\/","name":"6 d\u00edas desde Marrakech a Merzouga y Marrakech - Merzouga Fantastic","isPartOf":{"@id":"https:\/\/merzougafantastic.com\/es\/#website"},"datePublished":"2020-03-03T10:26:29+00:00","dateModified":"2020-04-23T18:53:55+00:00","breadcrumb":{"@id":"https:\/\/merzougafantastic.com\/es\/6-dias-desde-marrakech-a-merzouga-y-marrakech\/#breadcrumb"},"inLanguage":"en-US","potentialAction":[{"@type":"ReadAction","target":["https:\/\/merzougafantastic.com\/es\/6-dias-desde-marrakech-a-merzouga-y-marrakech\/"]}]},{"@type":"BreadcrumbList","@id":"https:\/\/merzougafantastic.com\/es\/6-dias-desde-marrakech-a-merzouga-y-marrakech\/#breadcrumb","itemListElement":[{"@type":"ListItem","position":1,"name":"Home","item":"https:\/\/merzougafantastic.com\/es\/"},{"@type":"ListItem","position":2,"name":"6 d\u00edas desde Marrakech a Merzouga y Marrakech"}]}]}},"_links":{"self":[{"href":"https:\/\/merzougafantastic.com\/es\/wp-json\/wp\/v2\/pages\/212"}],"collection":[{"href":"https:\/\/merzougafantastic.com\/es\/wp-json\/wp\/v2\/pages"}],"about":[{"href":"https:\/\/merzougafantastic.com\/es\/wp-json\/wp\/v2\/types\/page"}],"author":[{"embeddable":true,"href":"https:\/\/merzougafantastic.com\/es\/wp-json\/wp\/v2\/users\/1"}],"replies":[{"embeddable":true,"href":"https:\/\/merzougafantastic.com\/es\/wp-json\/wp\/v2\/comments?post=212"}],"version-history":[{"count":6,"href":"https:\/\/merzougafantastic.com\/es\/wp-json\/wp\/v2\/pages\/212\/revisions"}],"predecessor-version":[{"id":533,"href":"https:\/\/merzougafantastic.com\/es\/wp-json\/wp\/v2\/pages\/212\/revisions\/533"}],"wp:attachment":[{"href":"https:\/\/merzougafantastic.com\/es\/wp-json\/wp\/v2\/media?parent=212"}],"curies":[{"name":"wp","href":"https:\/\/api.w.org\/{rel}","templated":true}]}}