{"id":210,"date":"2020-03-03T10:26:02","date_gmt":"2020-03-03T10:26:02","guid":{"rendered":"https:\/\/merzougafantastic.com\/wp\/?page_id=210"},"modified":"2020-04-23T18:47:49","modified_gmt":"2020-04-23T18:47:49","slug":"5-dias-desde-marrakech-a-merzouga","status":"publish","type":"page","link":"https:\/\/merzougafantastic.com\/es\/5-dias-desde-marrakech-a-merzouga\/","title":{"rendered":"5 d\u00edas desde Marrakech a Merzouga"},"content":{"rendered":"<h2 style=\"text-align: center;\"><span style=\"color: #993300;\"><strong>Disfrutar del desierto desde Marrakech en tour de 5 d\u00edas y 4 noches \/ Vip Marruecos en tour de 5 d\u00edas desde Marrakech descubriendo la magia del sur<\/strong><\/span><\/h2>\n<h4>D\u00eda : 1 Marrakech &#8211; Tizi -n-Tichka &#8211; Ait Benhaddou &#8211; Ouarzazate &#8211; Valle del Dades<\/h4>\n<p>El primer d\u00eda de nuestro viaje de 5 d\u00edas de Marrakech a Merzouga por el desierto del S\u00e1hara comienza a las 8 de la ma\u00f1ana. El conductor le recoger\u00e1 en su alojamiento en Marrakech, conducir\u00e1 hacia Ouarzazate, pasando por el paso de las monta\u00f1as del Alto Atlas (Tizi-N-Tichka) y se detendr\u00e1 all\u00ed para hacer una pausa y tomar algunas fotos encantadoras de este fant\u00e1stico lugar. Luego continuaremos nuestro camino hacia Ouarzazate pasando por los pueblos bereberes hasta llegar a la Kasbah de Ait Benhaddou, un lugar reconocido por la UNESCO como patrimonio de la humanidad en 1987, que es un destino importante para los cineastas. Almorzaremos en Ait Benhaddou y visitaremos la Kasbah\/ksar. Despu\u00e9s continuaremos nuestro tour a Ouarzazate y luego al Valle del Dades donde pasaremos la noche. Este es el final de nuestro primer d\u00eda de viaje de 5 d\u00edas de Marrakech a Merzouga en el desierto del Sahara.<\/p>\n<h4>D\u00eda : 2 Gargantas del Dades &#8211; Gargantas del Todra &#8211; Tinjdad &#8211; Erfoud &#8211; Rissani &#8211; Merzouga<\/h4>\n<p>En el segundo d\u00eda de nuestro tour por el desierto desde Marrakech a Merzouga Sahara y despu\u00e9s del desayuno, conduciremos a lo largo de la carretera de 1000 kasbahs desde el Valle del Dades hasta las Gargantas del Todra. Visitaremos uno de los Oasis m\u00e1s fascinantes de Marruecos; Todra y caminaremos a lo largo de los Ca\u00f1ones de unos 300 m de altura que es el mejor lugar para los escaladores de monta\u00f1a. En nuestro camino pasaremos por muchos pueblos bereberes y Erfoud, lo que nos dar\u00e1 una sensaci\u00f3n del comienzo de la atm\u00f3sfera del Sahara. El \u00faltimo paso del segundo d\u00eda de la gira de Marrakech a Merzouga por el desierto del Sahara durante 5 d\u00edas ser\u00e1 la llegada a Merzouga y la pernoctaci\u00f3n en un hotel.<\/p>\n<h4>D\u00eda: 3 Merzouga &#8211; Desierto de Chebbi &#8211; Tour 4\u00d74<\/h4>\n<p>El tercer d\u00eda de Marrakech a Merzouga 5 d\u00edas de viaje por el desierto; dejaremos el hotel despu\u00e9s de desayunar. Continuaremos nuestro viaje conduciendo entre las dunas doradas del desierto del S\u00e1hara de Erg-Chebbi en 4*4, visitaremos algunas familias n\u00f3madas y exploraremos el coraz\u00f3n del desierto del S\u00e1hara, donde se puede ver de cerca una destacada visi\u00f3n de la puesta de sol, despu\u00e9s nos uniremos al pueblo n\u00f3mada en el coraz\u00f3n del desierto del S\u00e1hara para disfrutar de una buena m\u00fasica. Luego pasaremos la noche en un campamento n\u00f3mada bereber con tiendas privadas, que ser\u00e1 una experiencia extraordinaria para usted. Nuestro tercer d\u00eda de viaje de Marrakech a Merzouga en el desierto del Sahara terminar\u00e1 aqu\u00ed.<\/p>\n<h4>D\u00eda : 4 Caminata de regreso a Merzouga &#8211; Pueblos Bereberes &#8211; Ouarzazate<\/h4>\n<p>El 4\u00ba d\u00eda de nuestra gira de 5 d\u00edas por el desierto desde Marrakech a Merzouga Sahara comenzar\u00e1 m\u00e1s temprano, ya que nos despertaremos para disfrutar del amanecer en Merzouga Sahara. Luego regresaremos en camello al hotel para desayunar y ducharnos. Despu\u00e9s de eso, regresaremos a Ourzazate, a lo largo del camino pasaremos por pueblos bereberes, Tinjdad, Tinghir y Dades. La llegada al hotel en Ouarzazate ser\u00e1 el \u00faltimo destino de nuestro tour por el desierto desde Marrakech a Merzouga Sahara 5 d\u00edas.<\/p>\n<h4>D\u00eda: 4 Ouarzazate &#8211; Tizi-N-Tichka &#8211; Marrakech<\/h4>\n<p>En el \u00faltimo d\u00eda de nuestro tour por el desierto de Marrakech a Merzouga Sahara 5 d\u00edas, conduciremos de vuelta de Ouarzazate a Marrakech a trav\u00e9s de las monta\u00f1as del Alto Atlas y el paso de Tizi-N-Tichka. Disfrutaremos de fant\u00e1sticas y maravillosas vistas y paisajes a lo largo del camino. Cuando lleguemos a Marrakech, el conductor le dejar\u00e1 en su alojamiento y eso pondr\u00e1 fin a nuestro viaje por el desierto del Sahara desde Marrakech a Merzouga.<\/p>\n","protected":false},"excerpt":{"rendered":"<p>Disfrutar del desierto desde Marrakech en tour de 5 d\u00edas y 4 noches \/ Vip Marruecos en tour de 5 d\u00edas desde Marrakech descubriendo la magia<span class=\"excerpt-hellip\"> [\u2026]<\/span><\/p>\n","protected":false},"author":1,"featured_media":0,"parent":0,"menu_order":0,"comment_status":"closed","ping_status":"closed","template":"","meta":{"ngg_post_thumbnail":0},"yoast_head":"<!-- This site is optimized with the Yoast SEO plugin v17.3 - https:\/\/yoast.com\/wordpress\/plugins\/seo\/ -->\n<title>5 d\u00edas desde Marrakech a Merzouga - Merzouga Fantastic<\/title>\n<meta name=\"robots\" content=\"index, follow, max-snippet:-1, max-image-preview:large, max-video-preview:-1\" \/>\n<link rel=\"canonical\" href=\"https:\/\/merzougafantastic.com\/es\/5-dias-desde-marrakech-a-merzouga\/\" \/>\n<meta property=\"og:locale\" content=\"en_US\" \/>\n<meta property=\"og:type\" content=\"article\" \/>\n<meta property=\"og:title\" content=\"5 d\u00edas desde Marrakech a Merzouga - Merzouga Fantastic\" \/>\n<meta property=\"og:description\" content=\"Disfrutar del desierto desde Marrakech en tour de 5 d\u00edas y 4 noches \/ Vip Marruecos en tour de 5 d\u00edas desde Marrakech descubriendo la magia [\u2026]\" \/>\n<meta property=\"og:url\" content=\"https:\/\/merzougafantastic.com\/es\/5-dias-desde-marrakech-a-merzouga\/\" \/>\n<meta property=\"og:site_name\" content=\"Merzouga Fantastic\" \/>\n<meta property=\"article:modified_time\" content=\"2020-04-23T18:47:49+00:00\" \/>\n<meta name=\"twitter:card\" content=\"summary_large_image\" \/>\n<meta name=\"twitter:label1\" content=\"Est. reading time\" \/>\n\t<meta name=\"twitter:data1\" content=\"3 minutes\" \/>\n<script type=\"application\/ld+json\" class=\"yoast-schema-graph\">{\"@context\":\"https:\/\/schema.org\",\"@graph\":[{\"@type\":\"WebSite\",\"@id\":\"https:\/\/merzougafantastic.com\/es\/#website\",\"url\":\"https:\/\/merzougafantastic.com\/es\/\",\"name\":\"Merzouga Fantastic\",\"description\":\"Morocco Private Desert Tours\",\"potentialAction\":[{\"@type\":\"SearchAction\",\"target\":{\"@type\":\"EntryPoint\",\"urlTemplate\":\"https:\/\/merzougafantastic.com\/es\/?s={search_term_string}\"},\"query-input\":\"required name=search_term_string\"}],\"inLanguage\":\"en-US\"},{\"@type\":\"WebPage\",\"@id\":\"https:\/\/merzougafantastic.com\/es\/5-dias-desde-marrakech-a-merzouga\/#webpage\",\"url\":\"https:\/\/merzougafantastic.com\/es\/5-dias-desde-marrakech-a-merzouga\/\",\"name\":\"5 d\\u00edas desde Marrakech a Merzouga - Merzouga Fantastic\",\"isPartOf\":{\"@id\":\"https:\/\/merzougafantastic.com\/es\/#website\"},\"datePublished\":\"2020-03-03T10:26:02+00:00\",\"dateModified\":\"2020-04-23T18:47:49+00:00\",\"breadcrumb\":{\"@id\":\"https:\/\/merzougafantastic.com\/es\/5-dias-desde-marrakech-a-merzouga\/#breadcrumb\"},\"inLanguage\":\"en-US\",\"potentialAction\":[{\"@type\":\"ReadAction\",\"target\":[\"https:\/\/merzougafantastic.com\/es\/5-dias-desde-marrakech-a-merzouga\/\"]}]},{\"@type\":\"BreadcrumbList\",\"@id\":\"https:\/\/merzougafantastic.com\/es\/5-dias-desde-marrakech-a-merzouga\/#breadcrumb\",\"itemListElement\":[{\"@type\":\"ListItem\",\"position\":1,\"name\":\"Home\",\"item\":\"https:\/\/merzougafantastic.com\/es\/\"},{\"@type\":\"ListItem\",\"position\":2,\"name\":\"5 d\\u00edas desde Marrakech a Merzouga\"}]}]}<\/script>\n<!-- \/ Yoast SEO plugin. -->","yoast_head_json":{"title":"5 d\u00edas desde Marrakech a Merzouga - Merzouga Fantastic","robots":{"index":"index","follow":"follow","max-snippet":"max-snippet:-1","max-image-preview":"max-image-preview:large","max-video-preview":"max-video-preview:-1"},"canonical":"https:\/\/merzougafantastic.com\/es\/5-dias-desde-marrakech-a-merzouga\/","og_locale":"en_US","og_type":"article","og_title":"5 d\u00edas desde Marrakech a Merzouga - Merzouga Fantastic","og_description":"Disfrutar del desierto desde Marrakech en tour de 5 d\u00edas y 4 noches \/ Vip Marruecos en tour de 5 d\u00edas desde Marrakech descubriendo la magia [\u2026]","og_url":"https:\/\/merzougafantastic.com\/es\/5-dias-desde-marrakech-a-merzouga\/","og_site_name":"Merzouga Fantastic","article_modified_time":"2020-04-23T18:47:49+00:00","twitter_card":"summary_large_image","twitter_misc":{"Est. reading time":"3 minutes"},"schema":{"@context":"https:\/\/schema.org","@graph":[{"@type":"WebSite","@id":"https:\/\/merzougafantastic.com\/es\/#website","url":"https:\/\/merzougafantastic.com\/es\/","name":"Merzouga Fantastic","description":"Morocco Private Desert Tours","potentialAction":[{"@type":"SearchAction","target":{"@type":"EntryPoint","urlTemplate":"https:\/\/merzougafantastic.com\/es\/?s={search_term_string}"},"query-input":"required name=search_term_string"}],"inLanguage":"en-US"},{"@type":"WebPage","@id":"https:\/\/merzougafantastic.com\/es\/5-dias-desde-marrakech-a-merzouga\/#webpage","url":"https:\/\/merzougafantastic.com\/es\/5-dias-desde-marrakech-a-merzouga\/","name":"5 d\u00edas desde Marrakech a Merzouga - Merzouga Fantastic","isPartOf":{"@id":"https:\/\/merzougafantastic.com\/es\/#website"},"datePublished":"2020-03-03T10:26:02+00:00","dateModified":"2020-04-23T18:47:49+00:00","breadcrumb":{"@id":"https:\/\/merzougafantastic.com\/es\/5-dias-desde-marrakech-a-merzouga\/#breadcrumb"},"inLanguage":"en-US","potentialAction":[{"@type":"ReadAction","target":["https:\/\/merzougafantastic.com\/es\/5-dias-desde-marrakech-a-merzouga\/"]}]},{"@type":"BreadcrumbList","@id":"https:\/\/merzougafantastic.com\/es\/5-dias-desde-marrakech-a-merzouga\/#breadcrumb","itemListElement":[{"@type":"ListItem","position":1,"name":"Home","item":"https:\/\/merzougafantastic.com\/es\/"},{"@type":"ListItem","position":2,"name":"5 d\u00edas desde Marrakech a Merzouga"}]}]}},"_links":{"self":[{"href":"https:\/\/merzougafantastic.com\/es\/wp-json\/wp\/v2\/pages\/210"}],"collection":[{"href":"https:\/\/merzougafantastic.com\/es\/wp-json\/wp\/v2\/pages"}],"about":[{"href":"https:\/\/merzougafantastic.com\/es\/wp-json\/wp\/v2\/types\/page"}],"author":[{"embeddable":true,"href":"https:\/\/merzougafantastic.com\/es\/wp-json\/wp\/v2\/users\/1"}],"replies":[{"embeddable":true,"href":"https:\/\/merzougafantastic.com\/es\/wp-json\/wp\/v2\/comments?post=210"}],"version-history":[{"count":5,"href":"https:\/\/merzougafantastic.com\/es\/wp-json\/wp\/v2\/pages\/210\/revisions"}],"predecessor-version":[{"id":534,"href":"https:\/\/merzougafantastic.com\/es\/wp-json\/wp\/v2\/pages\/210\/revisions\/534"}],"wp:attachment":[{"href":"https:\/\/merzougafantastic.com\/es\/wp-json\/wp\/v2\/media?parent=210"}],"curies":[{"name":"wp","href":"https:\/\/api.w.org\/{rel}","templated":true}]}}