{"id":208,"date":"2020-03-03T10:25:22","date_gmt":"2020-03-03T10:25:22","guid":{"rendered":"https:\/\/merzougafantastic.com\/wp\/?page_id=208"},"modified":"2020-04-23T18:48:13","modified_gmt":"2020-04-23T18:48:13","slug":"4-dias-desde-marrakech-a-merzouga-y-de-vuelta-a-marrakech","status":"publish","type":"page","link":"https:\/\/merzougafantastic.com\/es\/4-dias-desde-marrakech-a-merzouga-y-de-vuelta-a-marrakech\/","title":{"rendered":"4 d\u00edas desde Marrakech a Merzouga y de vuelta a Marrakech"},"content":{"rendered":"<h2 style=\"text-align: center;\"><span style=\"color: #993300;\"><strong>4 d\u00edas tour salvaje en el sur de Marruecos cruzando pueblos bereberes y monta\u00f1as del atlas \/ Explora Marruecos en 4 d\u00edas desde Marrakech al desierto Merzouga y fin de vuelta a Marrakech<\/strong><\/span><\/h2>\n<h4>D\u00eda 1: Marrakech &#8211; Kasbah ait ben haddou &#8211; Ouarzazatte<\/h4>\n<p>Recogida en Marrakech a las 8 de la ma\u00f1ana, 2 horas de viaje a trav\u00e9s del paso de Tizi ntichka, paradas para hacer fotos, visita a Telouet y su antigua kasbah del siglo XVII, almuerzo en un tranquilo oasis con un espect\u00e1culo de folclore bereber, una hora y media de viaje a la kasbah de Aitbenhadou (kasbah del siglo XI, Patrimonio de la Humanidad de la UNESCO), visita al Estudio del Atlas, alojamiento en un hotel de Ourzazat.<\/p>\n<h4>D\u00eda 2: Ourzazatte &#8211; Valle del Draa &#8211; Alnif &#8211; Merzouga ( Erg chebbi )<\/h4>\n<p>Desayuno en el hotel, salida a las 9:00 am, 2 horas de viaje a lo largo del m\u00e1gico r\u00edo Dr\u00e2a, uno de los r\u00edos m\u00e1s largos de Marruecos, paradas en algunas hermosas kasbahs de adobe y pueblos bereberes en el camino, disfrutar del encantador Valle del Draa, almuerzo en Alnif. A dos horas en coche de Merzouga, parada a lo largo de las grandes dunas de arena de Erg Chebbi, visita al pueblo negro de los gnoua, dos horas de paseo en camello por las dunas, noche bajo una tienda bereber.<\/p>\n<h4>D\u00eda 3: Erg chebbi &#8211; Gargantas del Todra &#8211; Gargantas del Dades<\/h4>\n<p>Despu\u00e9s del amanecer y del desayuno, montar\u00e9is en los dromedarios de vuelta al Auberge l estoille des dunes y tendr\u00e9is tiempo para ducharos, dejaremos Merzouga para ir a las gargantas del Todra, conduciremos al valle del Todra y a las gargantas del Todra. almuerzo en el lugar, paradas a lo largo del valle del Dades, el valle de los dedos de mono y las gargantas del Dades, noche de hotel.<\/p>\n<h4>D\u00eda 4: Gargantas del Dades &#8211; Valle de las rosas &#8211; Skoura &#8211; Ouarzazatte &#8211; Marrakech<\/h4>\n<p>Desayuno en el hotel y salida a las 9:00 a.m., viaje a trav\u00e9s de la ruta de las mil kasbahs, el valle de las rosas, visita a Skoura oisis con su aut\u00e9ntica kasbah del siglo XVII, visita a la kasbah de Taourirt (antigua residencia de los Glaoui), almuerzo en Ouarzazate, 4 horas de viaje a trav\u00e9s del paso de Tizi ntichka con paradas a lo largo, regreso a Marrakech.<\/p>\n","protected":false},"excerpt":{"rendered":"<p>4 d\u00edas tour salvaje en el sur de Marruecos cruzando pueblos bereberes y monta\u00f1as del atlas \/ Explora Marruecos en 4 d\u00edas desde Marrakech al desierto<span class=\"excerpt-hellip\"> [\u2026]<\/span><\/p>\n","protected":false},"author":1,"featured_media":0,"parent":0,"menu_order":0,"comment_status":"closed","ping_status":"closed","template":"","meta":{"ngg_post_thumbnail":0},"yoast_head":"<!-- This site is optimized with the Yoast SEO plugin v17.3 - https:\/\/yoast.com\/wordpress\/plugins\/seo\/ -->\n<title>4 d\u00edas desde Marrakech a Merzouga y de vuelta a Marrakech - Merzouga Fantastic<\/title>\n<meta name=\"robots\" content=\"index, follow, max-snippet:-1, max-image-preview:large, max-video-preview:-1\" \/>\n<link rel=\"canonical\" href=\"https:\/\/merzougafantastic.com\/es\/4-dias-desde-marrakech-a-merzouga-y-de-vuelta-a-marrakech\/\" \/>\n<meta property=\"og:locale\" content=\"en_US\" \/>\n<meta property=\"og:type\" content=\"article\" \/>\n<meta property=\"og:title\" content=\"4 d\u00edas desde Marrakech a Merzouga y de vuelta a Marrakech - Merzouga Fantastic\" \/>\n<meta property=\"og:description\" content=\"4 d\u00edas tour salvaje en el sur de Marruecos cruzando pueblos bereberes y monta\u00f1as del atlas \/ Explora Marruecos en 4 d\u00edas desde Marrakech al desierto [\u2026]\" \/>\n<meta property=\"og:url\" content=\"https:\/\/merzougafantastic.com\/es\/4-dias-desde-marrakech-a-merzouga-y-de-vuelta-a-marrakech\/\" \/>\n<meta property=\"og:site_name\" content=\"Merzouga Fantastic\" \/>\n<meta property=\"article:modified_time\" content=\"2020-04-23T18:48:13+00:00\" \/>\n<meta name=\"twitter:card\" content=\"summary_large_image\" \/>\n<meta name=\"twitter:label1\" content=\"Est. reading time\" \/>\n\t<meta name=\"twitter:data1\" content=\"2 minutes\" \/>\n<script type=\"application\/ld+json\" class=\"yoast-schema-graph\">{\"@context\":\"https:\/\/schema.org\",\"@graph\":[{\"@type\":\"WebSite\",\"@id\":\"https:\/\/merzougafantastic.com\/es\/#website\",\"url\":\"https:\/\/merzougafantastic.com\/es\/\",\"name\":\"Merzouga Fantastic\",\"description\":\"Morocco Private Desert Tours\",\"potentialAction\":[{\"@type\":\"SearchAction\",\"target\":{\"@type\":\"EntryPoint\",\"urlTemplate\":\"https:\/\/merzougafantastic.com\/es\/?s={search_term_string}\"},\"query-input\":\"required name=search_term_string\"}],\"inLanguage\":\"en-US\"},{\"@type\":\"WebPage\",\"@id\":\"https:\/\/merzougafantastic.com\/es\/4-dias-desde-marrakech-a-merzouga-y-de-vuelta-a-marrakech\/#webpage\",\"url\":\"https:\/\/merzougafantastic.com\/es\/4-dias-desde-marrakech-a-merzouga-y-de-vuelta-a-marrakech\/\",\"name\":\"4 d\\u00edas desde Marrakech a Merzouga y de vuelta a Marrakech - Merzouga Fantastic\",\"isPartOf\":{\"@id\":\"https:\/\/merzougafantastic.com\/es\/#website\"},\"datePublished\":\"2020-03-03T10:25:22+00:00\",\"dateModified\":\"2020-04-23T18:48:13+00:00\",\"breadcrumb\":{\"@id\":\"https:\/\/merzougafantastic.com\/es\/4-dias-desde-marrakech-a-merzouga-y-de-vuelta-a-marrakech\/#breadcrumb\"},\"inLanguage\":\"en-US\",\"potentialAction\":[{\"@type\":\"ReadAction\",\"target\":[\"https:\/\/merzougafantastic.com\/es\/4-dias-desde-marrakech-a-merzouga-y-de-vuelta-a-marrakech\/\"]}]},{\"@type\":\"BreadcrumbList\",\"@id\":\"https:\/\/merzougafantastic.com\/es\/4-dias-desde-marrakech-a-merzouga-y-de-vuelta-a-marrakech\/#breadcrumb\",\"itemListElement\":[{\"@type\":\"ListItem\",\"position\":1,\"name\":\"Home\",\"item\":\"https:\/\/merzougafantastic.com\/es\/\"},{\"@type\":\"ListItem\",\"position\":2,\"name\":\"4 d\\u00edas desde Marrakech a Merzouga y de vuelta a Marrakech\"}]}]}<\/script>\n<!-- \/ Yoast SEO plugin. -->","yoast_head_json":{"title":"4 d\u00edas desde Marrakech a Merzouga y de vuelta a Marrakech - Merzouga Fantastic","robots":{"index":"index","follow":"follow","max-snippet":"max-snippet:-1","max-image-preview":"max-image-preview:large","max-video-preview":"max-video-preview:-1"},"canonical":"https:\/\/merzougafantastic.com\/es\/4-dias-desde-marrakech-a-merzouga-y-de-vuelta-a-marrakech\/","og_locale":"en_US","og_type":"article","og_title":"4 d\u00edas desde Marrakech a Merzouga y de vuelta a Marrakech - Merzouga Fantastic","og_description":"4 d\u00edas tour salvaje en el sur de Marruecos cruzando pueblos bereberes y monta\u00f1as del atlas \/ Explora Marruecos en 4 d\u00edas desde Marrakech al desierto [\u2026]","og_url":"https:\/\/merzougafantastic.com\/es\/4-dias-desde-marrakech-a-merzouga-y-de-vuelta-a-marrakech\/","og_site_name":"Merzouga Fantastic","article_modified_time":"2020-04-23T18:48:13+00:00","twitter_card":"summary_large_image","twitter_misc":{"Est. reading time":"2 minutes"},"schema":{"@context":"https:\/\/schema.org","@graph":[{"@type":"WebSite","@id":"https:\/\/merzougafantastic.com\/es\/#website","url":"https:\/\/merzougafantastic.com\/es\/","name":"Merzouga Fantastic","description":"Morocco Private Desert Tours","potentialAction":[{"@type":"SearchAction","target":{"@type":"EntryPoint","urlTemplate":"https:\/\/merzougafantastic.com\/es\/?s={search_term_string}"},"query-input":"required name=search_term_string"}],"inLanguage":"en-US"},{"@type":"WebPage","@id":"https:\/\/merzougafantastic.com\/es\/4-dias-desde-marrakech-a-merzouga-y-de-vuelta-a-marrakech\/#webpage","url":"https:\/\/merzougafantastic.com\/es\/4-dias-desde-marrakech-a-merzouga-y-de-vuelta-a-marrakech\/","name":"4 d\u00edas desde Marrakech a Merzouga y de vuelta a Marrakech - Merzouga Fantastic","isPartOf":{"@id":"https:\/\/merzougafantastic.com\/es\/#website"},"datePublished":"2020-03-03T10:25:22+00:00","dateModified":"2020-04-23T18:48:13+00:00","breadcrumb":{"@id":"https:\/\/merzougafantastic.com\/es\/4-dias-desde-marrakech-a-merzouga-y-de-vuelta-a-marrakech\/#breadcrumb"},"inLanguage":"en-US","potentialAction":[{"@type":"ReadAction","target":["https:\/\/merzougafantastic.com\/es\/4-dias-desde-marrakech-a-merzouga-y-de-vuelta-a-marrakech\/"]}]},{"@type":"BreadcrumbList","@id":"https:\/\/merzougafantastic.com\/es\/4-dias-desde-marrakech-a-merzouga-y-de-vuelta-a-marrakech\/#breadcrumb","itemListElement":[{"@type":"ListItem","position":1,"name":"Home","item":"https:\/\/merzougafantastic.com\/es\/"},{"@type":"ListItem","position":2,"name":"4 d\u00edas desde Marrakech a Merzouga y de vuelta a Marrakech"}]}]}},"_links":{"self":[{"href":"https:\/\/merzougafantastic.com\/es\/wp-json\/wp\/v2\/pages\/208"}],"collection":[{"href":"https:\/\/merzougafantastic.com\/es\/wp-json\/wp\/v2\/pages"}],"about":[{"href":"https:\/\/merzougafantastic.com\/es\/wp-json\/wp\/v2\/types\/page"}],"author":[{"embeddable":true,"href":"https:\/\/merzougafantastic.com\/es\/wp-json\/wp\/v2\/users\/1"}],"replies":[{"embeddable":true,"href":"https:\/\/merzougafantastic.com\/es\/wp-json\/wp\/v2\/comments?post=208"}],"version-history":[{"count":6,"href":"https:\/\/merzougafantastic.com\/es\/wp-json\/wp\/v2\/pages\/208\/revisions"}],"predecessor-version":[{"id":536,"href":"https:\/\/merzougafantastic.com\/es\/wp-json\/wp\/v2\/pages\/208\/revisions\/536"}],"wp:attachment":[{"href":"https:\/\/merzougafantastic.com\/es\/wp-json\/wp\/v2\/media?parent=208"}],"curies":[{"name":"wp","href":"https:\/\/api.w.org\/{rel}","templated":true}]}}