{"id":205,"date":"2020-03-03T10:24:28","date_gmt":"2020-03-03T10:24:28","guid":{"rendered":"https:\/\/merzougafantastic.com\/wp\/?page_id=205"},"modified":"2020-04-23T18:48:21","modified_gmt":"2020-04-23T18:48:21","slug":"4-dias-desde-marrakech-a-fez-via-el-desierto","status":"publish","type":"page","link":"https:\/\/merzougafantastic.com\/es\/4-dias-desde-marrakech-a-fez-via-el-desierto\/","title":{"rendered":"4 d\u00edas desde Marrakech a Fez v\u00eda el desierto"},"content":{"rendered":"<h2 style=\"text-align: center;\"><strong><span style=\"color: #993300;\">Marrakech a Fez pasando por las dunas del desierto en 4 d\u00edas \/ Tour al desierto erg chebbi desde Marrakech a Fez en 4 dias y 3 noches<\/span><\/strong><\/h2>\n<h4>D\u00eda 1 MARRAKECH &#8211; AIT BEN HADDOU &#8211; DADES GORGES<\/h4>\n<p>Las excursiones del desierto de Marrakech a Fez comienzan a las 8 de la ma\u00f1ana desde Marrakech al valle del Dades. Conducimos a trav\u00e9s de las monta\u00f1as del Alto Atlas, el paso de Tizi n&#8217;Tichka, las monta\u00f1as del Alto Atlas. Tendremos tiempo para disfrutar de impresionantes paisajes y aldeas bereberes, tambi\u00e9n disfrutaremos de un descanso para tomar un caf\u00e9 o un t\u00e9 de menta en una zona agradable. Por la tarde tendremos la oportunidad de visitar la Kasbah de Ait Benhaddou (como la ha llamado la UNESCO). Esta Kasbah bereber es un lugar muy importante para los cineastas internacionales (m\u00e1s de 20 pel\u00edculas fueron filmadas aqu\u00ed). Tambi\u00e9n fue una de las fortalezas m\u00e1s importantes de la antigua Ruta de la Sal, donde las caravanas tra\u00edan esclavos, oro, marfil y sal. Luego pasaremos por la ciudad de Ouarzazate, que se llama Hollywood de \u00c1frica. Despu\u00e9s de Ouarzazate continuaremos hacia el Valle del Dades, a trav\u00e9s de la Megouna, Skoura (pueblos bereberes alrededor del valle) y pasaremos la noche en el Valle del Dades.<\/p>\n<h4>D\u00eda 2 VALLE DEL DADES &#8211; GARGAS DE TODRA &#8211; MERZOUGA<\/h4>\n<p>Despu\u00e9s de desayunar, atravesaremos el valle para ver la asombrosa formaci\u00f3n rocosa &#8220;los dedos de los monos&#8221; y tambi\u00e9n la todav\u00eda vigente Kasbah del siglo XIX de Ait Yul. Dejaremos el Valle del Dades hacia Tinrghir y el Valle del Todra y ver\u00e1 vistas panor\u00e1micas de los antiguos pueblos bereberes de barro que dominan este valle. En el desfiladero, caminaremos bajo el acantilado rojo de 300 m de altura, donde muchos escaladores de roca vienen a disfrutar de este deporte. Continuaremos hacia Erfoud y Rissani donde almorzaremos antes de salir hacia el pueblo de Merzouga donde se le dar\u00e1 la bienvenida con un vaso de t\u00e9 de menta antes de registrarse en nuestro Hotel\/Riad.<\/p>\n<h4>D\u00eda 3 ZONA DE MERZOUGA Y CAMINO DE CAMELA<\/h4>\n<p>Despu\u00e9s del desayuno empezaremos a explorar la zona, visitaremos la aldea del pueblo Gnawi, originalmente esclavos de Sud\u00e1n, para experimentar su m\u00fasica y estilo de vida (aldea Khamlia). Cerca de esta aldea, se puede ver el lago de Merzouga, con sus flamencos. Tambi\u00e9n puedes visitar la casa de alambre n\u00f3mada donde muchas artesan\u00edas bereberes est\u00e1n vendiendo sus productos a buenos precios. Por la tarde estar\u00e1 listo para su paseo en camello, guiado por un experimentado gu\u00eda de camellos, explorar\u00e1 el mar de arena del Erg-Chebbi durante 2-3 horas antes de pasar la noche bajo las estrellas. Si lo prefiere, puede dormir en una tienda n\u00f3mada bereber tradicional.<\/p>\n<h4>D\u00eda 4 MERZOUGA &#8211; ERFOUD &#8211; MIDELT &#8211; IFRANE &#8211; FEZ<\/h4>\n<p>Tu gu\u00eda de camellos te despertar\u00e1 temprano en la ma\u00f1ana y tendr\u00e1s la oportunidad de ver el mejor amanecer de tu vida. Luego, disfrutar\u00e1 de un paseo en camello de vuelta a su hotel\/riad, cruzando las dunas \u00fanicas de Erg Chebbi &#8211; cambiando con la luz a medida que avanza el d\u00eda. Despu\u00e9s de un sabroso desayuno en la casa de hu\u00e9spedes local, viajaremos a Fes a trav\u00e9s de Erfoud, Aoufous y Errachidia a lo largo de las magn\u00edficas gargantas de Ziz talladas en la roca volc\u00e1nica y a trav\u00e9s del paso de Tizi Ntalghamt a Midelt. Nos detendremos en Zaida para disfrutar de una barbacoa y refrescarnos con un vaso de t\u00e9 de menta, y luego continuaremos hacia Azrou, un pueblo bereber en las monta\u00f1as del Medio Atlas. Aqu\u00ed nos detendremos para ver a los monos b\u00e1rbaros en el famoso bosque de cedros. Luego nos dirigimos a Ifrane &#8211; &#8220;el pueblo franc\u00e9s&#8221;, parando para una foto y una bebida antes de llegar a Fes, donde termina el tour.<\/p>\n","protected":false},"excerpt":{"rendered":"<p>Marrakech a Fez pasando por las dunas del desierto en 4 d\u00edas \/ Tour al desierto erg chebbi desde Marrakech a Fez en 4 dias y<span class=\"excerpt-hellip\"> [\u2026]<\/span><\/p>\n","protected":false},"author":1,"featured_media":0,"parent":0,"menu_order":0,"comment_status":"closed","ping_status":"closed","template":"","meta":{"ngg_post_thumbnail":0},"yoast_head":"<!-- This site is optimized with the Yoast SEO plugin v17.3 - https:\/\/yoast.com\/wordpress\/plugins\/seo\/ -->\n<title>4 d\u00edas desde Marrakech a Fez v\u00eda el desierto - Merzouga Fantastic<\/title>\n<meta name=\"robots\" content=\"index, follow, max-snippet:-1, max-image-preview:large, max-video-preview:-1\" \/>\n<link rel=\"canonical\" href=\"https:\/\/merzougafantastic.com\/es\/4-dias-desde-marrakech-a-fez-via-el-desierto\/\" \/>\n<meta property=\"og:locale\" content=\"en_US\" \/>\n<meta property=\"og:type\" content=\"article\" \/>\n<meta property=\"og:title\" content=\"4 d\u00edas desde Marrakech a Fez v\u00eda el desierto - Merzouga Fantastic\" \/>\n<meta property=\"og:description\" content=\"Marrakech a Fez pasando por las dunas del desierto en 4 d\u00edas \/ Tour al desierto erg chebbi desde Marrakech a Fez en 4 dias y [\u2026]\" \/>\n<meta property=\"og:url\" content=\"https:\/\/merzougafantastic.com\/es\/4-dias-desde-marrakech-a-fez-via-el-desierto\/\" \/>\n<meta property=\"og:site_name\" content=\"Merzouga Fantastic\" \/>\n<meta property=\"article:modified_time\" content=\"2020-04-23T18:48:21+00:00\" \/>\n<meta name=\"twitter:card\" content=\"summary_large_image\" \/>\n<meta name=\"twitter:label1\" content=\"Est. reading time\" \/>\n\t<meta name=\"twitter:data1\" content=\"3 minutes\" \/>\n<script type=\"application\/ld+json\" class=\"yoast-schema-graph\">{\"@context\":\"https:\/\/schema.org\",\"@graph\":[{\"@type\":\"WebSite\",\"@id\":\"https:\/\/merzougafantastic.com\/es\/#website\",\"url\":\"https:\/\/merzougafantastic.com\/es\/\",\"name\":\"Merzouga Fantastic\",\"description\":\"Morocco Private Desert Tours\",\"potentialAction\":[{\"@type\":\"SearchAction\",\"target\":{\"@type\":\"EntryPoint\",\"urlTemplate\":\"https:\/\/merzougafantastic.com\/es\/?s={search_term_string}\"},\"query-input\":\"required name=search_term_string\"}],\"inLanguage\":\"en-US\"},{\"@type\":\"WebPage\",\"@id\":\"https:\/\/merzougafantastic.com\/es\/4-dias-desde-marrakech-a-fez-via-el-desierto\/#webpage\",\"url\":\"https:\/\/merzougafantastic.com\/es\/4-dias-desde-marrakech-a-fez-via-el-desierto\/\",\"name\":\"4 d\\u00edas desde Marrakech a Fez v\\u00eda el desierto - Merzouga Fantastic\",\"isPartOf\":{\"@id\":\"https:\/\/merzougafantastic.com\/es\/#website\"},\"datePublished\":\"2020-03-03T10:24:28+00:00\",\"dateModified\":\"2020-04-23T18:48:21+00:00\",\"breadcrumb\":{\"@id\":\"https:\/\/merzougafantastic.com\/es\/4-dias-desde-marrakech-a-fez-via-el-desierto\/#breadcrumb\"},\"inLanguage\":\"en-US\",\"potentialAction\":[{\"@type\":\"ReadAction\",\"target\":[\"https:\/\/merzougafantastic.com\/es\/4-dias-desde-marrakech-a-fez-via-el-desierto\/\"]}]},{\"@type\":\"BreadcrumbList\",\"@id\":\"https:\/\/merzougafantastic.com\/es\/4-dias-desde-marrakech-a-fez-via-el-desierto\/#breadcrumb\",\"itemListElement\":[{\"@type\":\"ListItem\",\"position\":1,\"name\":\"Home\",\"item\":\"https:\/\/merzougafantastic.com\/es\/\"},{\"@type\":\"ListItem\",\"position\":2,\"name\":\"4 d\\u00edas desde Marrakech a Fez v\\u00eda el desierto\"}]}]}<\/script>\n<!-- \/ Yoast SEO plugin. -->","yoast_head_json":{"title":"4 d\u00edas desde Marrakech a Fez v\u00eda el desierto - Merzouga Fantastic","robots":{"index":"index","follow":"follow","max-snippet":"max-snippet:-1","max-image-preview":"max-image-preview:large","max-video-preview":"max-video-preview:-1"},"canonical":"https:\/\/merzougafantastic.com\/es\/4-dias-desde-marrakech-a-fez-via-el-desierto\/","og_locale":"en_US","og_type":"article","og_title":"4 d\u00edas desde Marrakech a Fez v\u00eda el desierto - Merzouga Fantastic","og_description":"Marrakech a Fez pasando por las dunas del desierto en 4 d\u00edas \/ Tour al desierto erg chebbi desde Marrakech a Fez en 4 dias y [\u2026]","og_url":"https:\/\/merzougafantastic.com\/es\/4-dias-desde-marrakech-a-fez-via-el-desierto\/","og_site_name":"Merzouga Fantastic","article_modified_time":"2020-04-23T18:48:21+00:00","twitter_card":"summary_large_image","twitter_misc":{"Est. reading time":"3 minutes"},"schema":{"@context":"https:\/\/schema.org","@graph":[{"@type":"WebSite","@id":"https:\/\/merzougafantastic.com\/es\/#website","url":"https:\/\/merzougafantastic.com\/es\/","name":"Merzouga Fantastic","description":"Morocco Private Desert Tours","potentialAction":[{"@type":"SearchAction","target":{"@type":"EntryPoint","urlTemplate":"https:\/\/merzougafantastic.com\/es\/?s={search_term_string}"},"query-input":"required name=search_term_string"}],"inLanguage":"en-US"},{"@type":"WebPage","@id":"https:\/\/merzougafantastic.com\/es\/4-dias-desde-marrakech-a-fez-via-el-desierto\/#webpage","url":"https:\/\/merzougafantastic.com\/es\/4-dias-desde-marrakech-a-fez-via-el-desierto\/","name":"4 d\u00edas desde Marrakech a Fez v\u00eda el desierto - Merzouga Fantastic","isPartOf":{"@id":"https:\/\/merzougafantastic.com\/es\/#website"},"datePublished":"2020-03-03T10:24:28+00:00","dateModified":"2020-04-23T18:48:21+00:00","breadcrumb":{"@id":"https:\/\/merzougafantastic.com\/es\/4-dias-desde-marrakech-a-fez-via-el-desierto\/#breadcrumb"},"inLanguage":"en-US","potentialAction":[{"@type":"ReadAction","target":["https:\/\/merzougafantastic.com\/es\/4-dias-desde-marrakech-a-fez-via-el-desierto\/"]}]},{"@type":"BreadcrumbList","@id":"https:\/\/merzougafantastic.com\/es\/4-dias-desde-marrakech-a-fez-via-el-desierto\/#breadcrumb","itemListElement":[{"@type":"ListItem","position":1,"name":"Home","item":"https:\/\/merzougafantastic.com\/es\/"},{"@type":"ListItem","position":2,"name":"4 d\u00edas desde Marrakech a Fez v\u00eda el desierto"}]}]}},"_links":{"self":[{"href":"https:\/\/merzougafantastic.com\/es\/wp-json\/wp\/v2\/pages\/205"}],"collection":[{"href":"https:\/\/merzougafantastic.com\/es\/wp-json\/wp\/v2\/pages"}],"about":[{"href":"https:\/\/merzougafantastic.com\/es\/wp-json\/wp\/v2\/types\/page"}],"author":[{"embeddable":true,"href":"https:\/\/merzougafantastic.com\/es\/wp-json\/wp\/v2\/users\/1"}],"replies":[{"embeddable":true,"href":"https:\/\/merzougafantastic.com\/es\/wp-json\/wp\/v2\/comments?post=205"}],"version-history":[{"count":6,"href":"https:\/\/merzougafantastic.com\/es\/wp-json\/wp\/v2\/pages\/205\/revisions"}],"predecessor-version":[{"id":537,"href":"https:\/\/merzougafantastic.com\/es\/wp-json\/wp\/v2\/pages\/205\/revisions\/537"}],"wp:attachment":[{"href":"https:\/\/merzougafantastic.com\/es\/wp-json\/wp\/v2\/media?parent=205"}],"curies":[{"name":"wp","href":"https:\/\/api.w.org\/{rel}","templated":true}]}}