{"id":203,"date":"2020-03-03T10:21:23","date_gmt":"2020-03-03T10:21:23","guid":{"rendered":"https:\/\/merzougafantastic.com\/wp\/?page_id=203"},"modified":"2020-04-23T18:39:52","modified_gmt":"2020-04-23T18:39:52","slug":"3-dias-desde-marrakech-a-fez-via-merzouga","status":"publish","type":"page","link":"https:\/\/merzougafantastic.com\/es\/3-dias-desde-marrakech-a-fez-via-merzouga\/","title":{"rendered":"3 d\u00edas desde Marrakech a Fez v\u00eda Merzouga"},"content":{"rendered":"<h2 style=\"text-align: center;\"><span style=\"color: #993300;\"><strong>Tour a Fez desde Marrakech cruzando el desierto s\u00e1hara Merzouga \/ 3 d\u00edas y 2 noches viaje desde Marrakech a Fez via desierto Merzouga<\/strong><\/span><\/h2>\n<h4>D\u00eda 1: Marrakech &#8211; Monta\u00f1as del Alto Atlas &#8211; Ait ben Haddou &#8211; Ouarzazate &#8211; Dades.<\/h4>\n<p>Salida de este viaje de 3 d\u00edas por el desierto desde Marrakech a Fes, se cruza el paso de las monta\u00f1as del Alto Atlas, Tizi N Tichka, hasta el pueblo de Ait ben Haddou para una visita guiada a la Kasbah. Est\u00e1 clasificado como Patrimonio de la Humanidad por la UNESCO, un espectacular pueblo fortificado (Ksar). Despu\u00e9s, nos dirigiremos hacia el valle del Dades a trav\u00e9s de la ciudad de Ouarzazate, puerta del desierto, o del Hollywood marroqu\u00ed, y de las palmeras de la palmera de Skoura.<\/p>\n<h4>D\u00eda 2: Dades &#8211; Gargantas de Toudgha &#8211; Merzouga &#8211; Alojamiento con paseo en camello.<\/h4>\n<p>Visite el valle del Dades y Tinerhir para ver las Gargantas del Todra, la garganta m\u00e1s alta de Marruecos con s\u00f3lo 20 metros de ancho y m\u00e1s de 300 metros de alto para hacer una caminata de 20 min. El desfiladero de Todgha es un ca\u00f1\u00f3n en la parte oriental de las monta\u00f1as del Alto Atlas y es famoso por la escalada en roca en Marruecos. Contin\u00faa, el viaje de 3 d\u00edas por el desierto para llegar al borde de las dunas de Merzouga. M\u00e1s tarde, montar\u00e1 en camello cruzando las dunas de Erg chebbi, con un gu\u00eda de camellos, y dormir\u00e1 en una tienda n\u00f3mada en el campamento. Disfrute de una noche bajo las estrellas, experimente el verdadero desierto y la m\u00fasica.<\/p>\n<h4>D\u00eda 3: De Merzouga a Fez a trav\u00e9s del Valle del Ziz y el bosque de cedros.<\/h4>\n<p>Despierte temprano, para ver el amanecer y montar en camello de vuelta al Hotel o Casa de Hu\u00e9spedes para desayunar y ducharse. A continuaci\u00f3n, seguimos conduciendo este viaje de 3 d\u00edas por el desierto a trav\u00e9s del Valle del Ziz o las Gargantas y el bosque de cedros donde viven los monos de Berber\u00eda &#8211; esta es una ruta interesante con una parada para almorzar en Midlet. Deje su alojamiento en el Riad\/Hotel en Fes, fundado por Moulay Idriss I en el a\u00f1o 789, es Patrimonio de la Humanidad.<\/p>\n","protected":false},"excerpt":{"rendered":"<p>Tour a Fez desde Marrakech cruzando el desierto s\u00e1hara Merzouga \/ 3 d\u00edas y 2 noches viaje desde Marrakech a Fez via desierto Merzouga D\u00eda 1:<span class=\"excerpt-hellip\"> [\u2026]<\/span><\/p>\n","protected":false},"author":1,"featured_media":0,"parent":0,"menu_order":0,"comment_status":"closed","ping_status":"closed","template":"","meta":{"ngg_post_thumbnail":0},"yoast_head":"<!-- This site is optimized with the Yoast SEO plugin v17.3 - https:\/\/yoast.com\/wordpress\/plugins\/seo\/ -->\n<title>3 d\u00edas desde Marrakech a Fez v\u00eda Merzouga - Merzouga Fantastic<\/title>\n<meta name=\"robots\" content=\"index, follow, max-snippet:-1, max-image-preview:large, max-video-preview:-1\" \/>\n<link rel=\"canonical\" href=\"https:\/\/merzougafantastic.com\/es\/3-dias-desde-marrakech-a-fez-via-merzouga\/\" \/>\n<meta property=\"og:locale\" content=\"en_US\" \/>\n<meta property=\"og:type\" content=\"article\" \/>\n<meta property=\"og:title\" content=\"3 d\u00edas desde Marrakech a Fez v\u00eda Merzouga - Merzouga Fantastic\" \/>\n<meta property=\"og:description\" content=\"Tour a Fez desde Marrakech cruzando el desierto s\u00e1hara Merzouga \/ 3 d\u00edas y 2 noches viaje desde Marrakech a Fez via desierto Merzouga D\u00eda 1: [\u2026]\" \/>\n<meta property=\"og:url\" content=\"https:\/\/merzougafantastic.com\/es\/3-dias-desde-marrakech-a-fez-via-merzouga\/\" \/>\n<meta property=\"og:site_name\" content=\"Merzouga Fantastic\" \/>\n<meta property=\"article:modified_time\" content=\"2020-04-23T18:39:52+00:00\" \/>\n<meta name=\"twitter:card\" content=\"summary_large_image\" \/>\n<meta name=\"twitter:label1\" content=\"Est. reading time\" \/>\n\t<meta name=\"twitter:data1\" content=\"2 minutes\" \/>\n<script type=\"application\/ld+json\" class=\"yoast-schema-graph\">{\"@context\":\"https:\/\/schema.org\",\"@graph\":[{\"@type\":\"WebSite\",\"@id\":\"https:\/\/merzougafantastic.com\/es\/#website\",\"url\":\"https:\/\/merzougafantastic.com\/es\/\",\"name\":\"Merzouga Fantastic\",\"description\":\"Morocco Private Desert Tours\",\"potentialAction\":[{\"@type\":\"SearchAction\",\"target\":{\"@type\":\"EntryPoint\",\"urlTemplate\":\"https:\/\/merzougafantastic.com\/es\/?s={search_term_string}\"},\"query-input\":\"required name=search_term_string\"}],\"inLanguage\":\"en-US\"},{\"@type\":\"WebPage\",\"@id\":\"https:\/\/merzougafantastic.com\/es\/3-dias-desde-marrakech-a-fez-via-merzouga\/#webpage\",\"url\":\"https:\/\/merzougafantastic.com\/es\/3-dias-desde-marrakech-a-fez-via-merzouga\/\",\"name\":\"3 d\\u00edas desde Marrakech a Fez v\\u00eda Merzouga - Merzouga Fantastic\",\"isPartOf\":{\"@id\":\"https:\/\/merzougafantastic.com\/es\/#website\"},\"datePublished\":\"2020-03-03T10:21:23+00:00\",\"dateModified\":\"2020-04-23T18:39:52+00:00\",\"breadcrumb\":{\"@id\":\"https:\/\/merzougafantastic.com\/es\/3-dias-desde-marrakech-a-fez-via-merzouga\/#breadcrumb\"},\"inLanguage\":\"en-US\",\"potentialAction\":[{\"@type\":\"ReadAction\",\"target\":[\"https:\/\/merzougafantastic.com\/es\/3-dias-desde-marrakech-a-fez-via-merzouga\/\"]}]},{\"@type\":\"BreadcrumbList\",\"@id\":\"https:\/\/merzougafantastic.com\/es\/3-dias-desde-marrakech-a-fez-via-merzouga\/#breadcrumb\",\"itemListElement\":[{\"@type\":\"ListItem\",\"position\":1,\"name\":\"Home\",\"item\":\"https:\/\/merzougafantastic.com\/es\/\"},{\"@type\":\"ListItem\",\"position\":2,\"name\":\"3 d\\u00edas desde Marrakech a Fez v\\u00eda Merzouga\"}]}]}<\/script>\n<!-- \/ Yoast SEO plugin. -->","yoast_head_json":{"title":"3 d\u00edas desde Marrakech a Fez v\u00eda Merzouga - Merzouga Fantastic","robots":{"index":"index","follow":"follow","max-snippet":"max-snippet:-1","max-image-preview":"max-image-preview:large","max-video-preview":"max-video-preview:-1"},"canonical":"https:\/\/merzougafantastic.com\/es\/3-dias-desde-marrakech-a-fez-via-merzouga\/","og_locale":"en_US","og_type":"article","og_title":"3 d\u00edas desde Marrakech a Fez v\u00eda Merzouga - Merzouga Fantastic","og_description":"Tour a Fez desde Marrakech cruzando el desierto s\u00e1hara Merzouga \/ 3 d\u00edas y 2 noches viaje desde Marrakech a Fez via desierto Merzouga D\u00eda 1: [\u2026]","og_url":"https:\/\/merzougafantastic.com\/es\/3-dias-desde-marrakech-a-fez-via-merzouga\/","og_site_name":"Merzouga Fantastic","article_modified_time":"2020-04-23T18:39:52+00:00","twitter_card":"summary_large_image","twitter_misc":{"Est. reading time":"2 minutes"},"schema":{"@context":"https:\/\/schema.org","@graph":[{"@type":"WebSite","@id":"https:\/\/merzougafantastic.com\/es\/#website","url":"https:\/\/merzougafantastic.com\/es\/","name":"Merzouga Fantastic","description":"Morocco Private Desert Tours","potentialAction":[{"@type":"SearchAction","target":{"@type":"EntryPoint","urlTemplate":"https:\/\/merzougafantastic.com\/es\/?s={search_term_string}"},"query-input":"required name=search_term_string"}],"inLanguage":"en-US"},{"@type":"WebPage","@id":"https:\/\/merzougafantastic.com\/es\/3-dias-desde-marrakech-a-fez-via-merzouga\/#webpage","url":"https:\/\/merzougafantastic.com\/es\/3-dias-desde-marrakech-a-fez-via-merzouga\/","name":"3 d\u00edas desde Marrakech a Fez v\u00eda Merzouga - Merzouga Fantastic","isPartOf":{"@id":"https:\/\/merzougafantastic.com\/es\/#website"},"datePublished":"2020-03-03T10:21:23+00:00","dateModified":"2020-04-23T18:39:52+00:00","breadcrumb":{"@id":"https:\/\/merzougafantastic.com\/es\/3-dias-desde-marrakech-a-fez-via-merzouga\/#breadcrumb"},"inLanguage":"en-US","potentialAction":[{"@type":"ReadAction","target":["https:\/\/merzougafantastic.com\/es\/3-dias-desde-marrakech-a-fez-via-merzouga\/"]}]},{"@type":"BreadcrumbList","@id":"https:\/\/merzougafantastic.com\/es\/3-dias-desde-marrakech-a-fez-via-merzouga\/#breadcrumb","itemListElement":[{"@type":"ListItem","position":1,"name":"Home","item":"https:\/\/merzougafantastic.com\/es\/"},{"@type":"ListItem","position":2,"name":"3 d\u00edas desde Marrakech a Fez v\u00eda Merzouga"}]}]}},"_links":{"self":[{"href":"https:\/\/merzougafantastic.com\/es\/wp-json\/wp\/v2\/pages\/203"}],"collection":[{"href":"https:\/\/merzougafantastic.com\/es\/wp-json\/wp\/v2\/pages"}],"about":[{"href":"https:\/\/merzougafantastic.com\/es\/wp-json\/wp\/v2\/types\/page"}],"author":[{"embeddable":true,"href":"https:\/\/merzougafantastic.com\/es\/wp-json\/wp\/v2\/users\/1"}],"replies":[{"embeddable":true,"href":"https:\/\/merzougafantastic.com\/es\/wp-json\/wp\/v2\/comments?post=203"}],"version-history":[{"count":6,"href":"https:\/\/merzougafantastic.com\/es\/wp-json\/wp\/v2\/pages\/203\/revisions"}],"predecessor-version":[{"id":539,"href":"https:\/\/merzougafantastic.com\/es\/wp-json\/wp\/v2\/pages\/203\/revisions\/539"}],"wp:attachment":[{"href":"https:\/\/merzougafantastic.com\/es\/wp-json\/wp\/v2\/media?parent=203"}],"curies":[{"name":"wp","href":"https:\/\/api.w.org\/{rel}","templated":true}]}}