{"id":201,"date":"2020-03-03T10:20:51","date_gmt":"2020-03-03T10:20:51","guid":{"rendered":"https:\/\/merzougafantastic.com\/wp\/?page_id=201"},"modified":"2020-04-23T18:39:36","modified_gmt":"2020-04-23T18:39:36","slug":"3-dias-desde-marrakech-a-merzouga-y-marrakech","status":"publish","type":"page","link":"https:\/\/merzougafantastic.com\/es\/3-dias-desde-marrakech-a-merzouga-y-marrakech\/","title":{"rendered":"3 d\u00edas desde Marrakech a Merzouga y Marrakech"},"content":{"rendered":"<h2 style=\"text-align: center;\"><span style=\"color: #993300;\"><strong>Viaje de 3 d\u00edas desde Marrakech al sur de Marruecos pasando por el desierto \/ Marrakech al desierto Merzouga en excursi\u00f3n de 3 d\u00edas y 2 noches<\/strong><\/span><\/h2>\n<h4>D\u00eda 1 : Marrakech &#8211; Ait Benhaddo &#8211; Ouarzazate &#8211; Skoura &#8211; El Kelaa M&#8217;gouna &#8211; Boumalen Dades<\/h4>\n<p>Despu\u00e9s del desayuno, le recogemos en el hotel de Marrakech, salida v\u00eda Ouarzazate por Tizi-n-Tichka pasando por el col 2260m mientras se disfruta de las atractivas vistas de las monta\u00f1as del Alto Atlas y los pueblos bereberes. Luego visitaremos el ex\u00f3tico Patrimonio de la Humanidad de la UNESCO AIT BEN HADDOU que ha sido utilizado como tel\u00f3n de fondo de muchas pel\u00edculas: &#8220;La Joya del Nilo&#8221;, &#8220;Lawrence de Arabia&#8221;, &#8220;La Momia&#8221;, &#8220;Gladiador&#8221;, Alexander. Luego almorzaremos.<\/p>\n<p>En la entrada de Ouarzazate se puede ver el sitio de los estudios Atlas que albergan los mayores estudios de cine del mundo como Lawrence de Arabia, La momia y El hombre que ser\u00eda rey, pasando por la kasbah de Taourirt, para luego continuar el camino hacia El Kelaa M&#8217;gouna (el valle de las rosas) y el valle del Dad\u00e9s.<\/p>\n<p>Despu\u00e9s de cenar y pasar la noche en el hotel.<\/p>\n<h4>D\u00eda 2 : Boumalen Dades &#8211; Gargantas del Todra &#8211; Tinjdad &#8211; Arfoud &#8211; Merzouga<\/h4>\n<p>Despu\u00e9s de desayunar, dirigirse hacia Merzouga, pasando por las gargantas del Todra que merecen una visita y un paseo, y luego continuar el camino cruzando el valle del Todra hacia Tinjdad, donde se puede almorzar. Despu\u00e9s de eso te llevamos a trav\u00e9s de Arfoud, que es conocido por sus f\u00f3siles y m\u00e1rmoles, luego una visita a un portador. M\u00e1s tarde continuaremos hacia Merzouga donde las caravanas del desierto le esperar\u00e1n para iniciar una nueva aventura montando en camello por las dunas de Erg Chebbi. Le llevar\u00e1n a pasar la noche en un vivac (campamento en el coraz\u00f3n del desierto), disfrutando de la comida bereber, escuchando los tambores en una noche estrellada y durmiendo en una tienda n\u00f3mada tradicional (tienda de pelo de camello) en calma y tranquilidad.<\/p>\n<h4>D\u00eda 3 : Merzouga &#8211; Marrakech<\/h4>\n<p>El hombre camello (caminante) te despertar\u00e1 al amanecer para ver el espectacular amanecer en el desierto, m\u00e1s tarde volver\u00e1s al campamento para desayunar. Despu\u00e9s de que el hombre camello te lleve de vuelta al albergue para ducharte y refrescarte el cuerpo, nos dirigiremos hacia Ourzazate donde te detendr\u00e1s para almorzar y luego continuar\u00e1s hacia Marrakech cruzando la monta\u00f1a del Alto Atlas a trav\u00e9s del paso de Tizi n&#8217;Tichka. Llegada a Marrakech. Cena y alojamiento en el hotel.<\/p>\n","protected":false},"excerpt":{"rendered":"<p>Viaje de 3 d\u00edas desde Marrakech al sur de Marruecos pasando por el desierto \/ Marrakech al desierto Merzouga en excursi\u00f3n de 3 d\u00edas y 2<span class=\"excerpt-hellip\"> [\u2026]<\/span><\/p>\n","protected":false},"author":1,"featured_media":0,"parent":0,"menu_order":0,"comment_status":"closed","ping_status":"closed","template":"","meta":{"ngg_post_thumbnail":0},"yoast_head":"<!-- This site is optimized with the Yoast SEO plugin v17.3 - https:\/\/yoast.com\/wordpress\/plugins\/seo\/ -->\n<title>3 d\u00edas desde Marrakech a Merzouga y Marrakech - Merzouga Fantastic<\/title>\n<meta name=\"robots\" content=\"index, follow, max-snippet:-1, max-image-preview:large, max-video-preview:-1\" \/>\n<link rel=\"canonical\" href=\"https:\/\/merzougafantastic.com\/es\/3-dias-desde-marrakech-a-merzouga-y-marrakech\/\" \/>\n<meta property=\"og:locale\" content=\"en_US\" \/>\n<meta property=\"og:type\" content=\"article\" \/>\n<meta property=\"og:title\" content=\"3 d\u00edas desde Marrakech a Merzouga y Marrakech - Merzouga Fantastic\" \/>\n<meta property=\"og:description\" content=\"Viaje de 3 d\u00edas desde Marrakech al sur de Marruecos pasando por el desierto \/ Marrakech al desierto Merzouga en excursi\u00f3n de 3 d\u00edas y 2 [\u2026]\" \/>\n<meta property=\"og:url\" content=\"https:\/\/merzougafantastic.com\/es\/3-dias-desde-marrakech-a-merzouga-y-marrakech\/\" \/>\n<meta property=\"og:site_name\" content=\"Merzouga Fantastic\" \/>\n<meta property=\"article:modified_time\" content=\"2020-04-23T18:39:36+00:00\" \/>\n<meta name=\"twitter:card\" content=\"summary_large_image\" \/>\n<meta name=\"twitter:label1\" content=\"Est. reading time\" \/>\n\t<meta name=\"twitter:data1\" content=\"2 minutes\" \/>\n<script type=\"application\/ld+json\" class=\"yoast-schema-graph\">{\"@context\":\"https:\/\/schema.org\",\"@graph\":[{\"@type\":\"WebSite\",\"@id\":\"https:\/\/merzougafantastic.com\/es\/#website\",\"url\":\"https:\/\/merzougafantastic.com\/es\/\",\"name\":\"Merzouga Fantastic\",\"description\":\"Morocco Private Desert Tours\",\"potentialAction\":[{\"@type\":\"SearchAction\",\"target\":{\"@type\":\"EntryPoint\",\"urlTemplate\":\"https:\/\/merzougafantastic.com\/es\/?s={search_term_string}\"},\"query-input\":\"required name=search_term_string\"}],\"inLanguage\":\"en-US\"},{\"@type\":\"WebPage\",\"@id\":\"https:\/\/merzougafantastic.com\/es\/3-dias-desde-marrakech-a-merzouga-y-marrakech\/#webpage\",\"url\":\"https:\/\/merzougafantastic.com\/es\/3-dias-desde-marrakech-a-merzouga-y-marrakech\/\",\"name\":\"3 d\\u00edas desde Marrakech a Merzouga y Marrakech - Merzouga Fantastic\",\"isPartOf\":{\"@id\":\"https:\/\/merzougafantastic.com\/es\/#website\"},\"datePublished\":\"2020-03-03T10:20:51+00:00\",\"dateModified\":\"2020-04-23T18:39:36+00:00\",\"breadcrumb\":{\"@id\":\"https:\/\/merzougafantastic.com\/es\/3-dias-desde-marrakech-a-merzouga-y-marrakech\/#breadcrumb\"},\"inLanguage\":\"en-US\",\"potentialAction\":[{\"@type\":\"ReadAction\",\"target\":[\"https:\/\/merzougafantastic.com\/es\/3-dias-desde-marrakech-a-merzouga-y-marrakech\/\"]}]},{\"@type\":\"BreadcrumbList\",\"@id\":\"https:\/\/merzougafantastic.com\/es\/3-dias-desde-marrakech-a-merzouga-y-marrakech\/#breadcrumb\",\"itemListElement\":[{\"@type\":\"ListItem\",\"position\":1,\"name\":\"Home\",\"item\":\"https:\/\/merzougafantastic.com\/es\/\"},{\"@type\":\"ListItem\",\"position\":2,\"name\":\"3 d\\u00edas desde Marrakech a Merzouga y Marrakech\"}]}]}<\/script>\n<!-- \/ Yoast SEO plugin. -->","yoast_head_json":{"title":"3 d\u00edas desde Marrakech a Merzouga y Marrakech - Merzouga Fantastic","robots":{"index":"index","follow":"follow","max-snippet":"max-snippet:-1","max-image-preview":"max-image-preview:large","max-video-preview":"max-video-preview:-1"},"canonical":"https:\/\/merzougafantastic.com\/es\/3-dias-desde-marrakech-a-merzouga-y-marrakech\/","og_locale":"en_US","og_type":"article","og_title":"3 d\u00edas desde Marrakech a Merzouga y Marrakech - Merzouga Fantastic","og_description":"Viaje de 3 d\u00edas desde Marrakech al sur de Marruecos pasando por el desierto \/ Marrakech al desierto Merzouga en excursi\u00f3n de 3 d\u00edas y 2 [\u2026]","og_url":"https:\/\/merzougafantastic.com\/es\/3-dias-desde-marrakech-a-merzouga-y-marrakech\/","og_site_name":"Merzouga Fantastic","article_modified_time":"2020-04-23T18:39:36+00:00","twitter_card":"summary_large_image","twitter_misc":{"Est. reading time":"2 minutes"},"schema":{"@context":"https:\/\/schema.org","@graph":[{"@type":"WebSite","@id":"https:\/\/merzougafantastic.com\/es\/#website","url":"https:\/\/merzougafantastic.com\/es\/","name":"Merzouga Fantastic","description":"Morocco Private Desert Tours","potentialAction":[{"@type":"SearchAction","target":{"@type":"EntryPoint","urlTemplate":"https:\/\/merzougafantastic.com\/es\/?s={search_term_string}"},"query-input":"required name=search_term_string"}],"inLanguage":"en-US"},{"@type":"WebPage","@id":"https:\/\/merzougafantastic.com\/es\/3-dias-desde-marrakech-a-merzouga-y-marrakech\/#webpage","url":"https:\/\/merzougafantastic.com\/es\/3-dias-desde-marrakech-a-merzouga-y-marrakech\/","name":"3 d\u00edas desde Marrakech a Merzouga y Marrakech - Merzouga Fantastic","isPartOf":{"@id":"https:\/\/merzougafantastic.com\/es\/#website"},"datePublished":"2020-03-03T10:20:51+00:00","dateModified":"2020-04-23T18:39:36+00:00","breadcrumb":{"@id":"https:\/\/merzougafantastic.com\/es\/3-dias-desde-marrakech-a-merzouga-y-marrakech\/#breadcrumb"},"inLanguage":"en-US","potentialAction":[{"@type":"ReadAction","target":["https:\/\/merzougafantastic.com\/es\/3-dias-desde-marrakech-a-merzouga-y-marrakech\/"]}]},{"@type":"BreadcrumbList","@id":"https:\/\/merzougafantastic.com\/es\/3-dias-desde-marrakech-a-merzouga-y-marrakech\/#breadcrumb","itemListElement":[{"@type":"ListItem","position":1,"name":"Home","item":"https:\/\/merzougafantastic.com\/es\/"},{"@type":"ListItem","position":2,"name":"3 d\u00edas desde Marrakech a Merzouga y Marrakech"}]}]}},"_links":{"self":[{"href":"https:\/\/merzougafantastic.com\/es\/wp-json\/wp\/v2\/pages\/201"}],"collection":[{"href":"https:\/\/merzougafantastic.com\/es\/wp-json\/wp\/v2\/pages"}],"about":[{"href":"https:\/\/merzougafantastic.com\/es\/wp-json\/wp\/v2\/types\/page"}],"author":[{"embeddable":true,"href":"https:\/\/merzougafantastic.com\/es\/wp-json\/wp\/v2\/users\/1"}],"replies":[{"embeddable":true,"href":"https:\/\/merzougafantastic.com\/es\/wp-json\/wp\/v2\/comments?post=201"}],"version-history":[{"count":6,"href":"https:\/\/merzougafantastic.com\/es\/wp-json\/wp\/v2\/pages\/201\/revisions"}],"predecessor-version":[{"id":538,"href":"https:\/\/merzougafantastic.com\/es\/wp-json\/wp\/v2\/pages\/201\/revisions\/538"}],"wp:attachment":[{"href":"https:\/\/merzougafantastic.com\/es\/wp-json\/wp\/v2\/media?parent=201"}],"curies":[{"name":"wp","href":"https:\/\/api.w.org\/{rel}","templated":true}]}}