{"id":199,"date":"2020-03-03T10:12:17","date_gmt":"2020-03-03T10:12:17","guid":{"rendered":"https:\/\/merzougafantastic.com\/wp\/?page_id=199"},"modified":"2020-04-23T18:40:41","modified_gmt":"2020-04-23T18:40:41","slug":"2-dias-desde-marrakech-a-ouarzazate","status":"publish","type":"page","link":"https:\/\/merzougafantastic.com\/es\/2-dias-desde-marrakech-a-ouarzazate\/","title":{"rendered":"2 d\u00edas desde Marrakech a Ouarzazate"},"content":{"rendered":"<h2 style=\"text-align: center;\"><span style=\"color: #993300;\"><strong>Excursi\u00f3n a Ouarzazate desde Marrakech en 2 d\u00edas y 1 noche \/ Marrakech a Ouarzazate en excursi\u00f3n de 2 d\u00edas via monta\u00f1as del atlas y kasbahs<\/strong><\/span><\/h2>\n<h4>D\u00cdA 1 : MARRAKECH &#8211; ALTO ATLAS &#8211; TELOUET KASBAH &#8211; KASBAH AIT BEN HADDOU &#8211; OUARZAZATE<\/h4>\n<p>Salida por la ma\u00f1ana a las 09:00 am hacia el Alto Atlas a trav\u00e9s del paso de Tizi-n-Tichka (2260 m), con vistas de gran alcance a trav\u00e9s de las monta\u00f1as, a los tradicionales pueblos bereberes del Alto Atlas pasando por el telouete de la kasbah (visitar la kasbah). Seguimos visitando el sitio del Patrimonio Mundial de la UNESCO, la kasbah de Ait Benhaddou, que es la m\u00e1s famosa de todas las kasbahs marroqu\u00edes, en gran parte debido a su aparici\u00f3n en muchos \u00e9xitos de taquilla de Hollywood. Luego iremos a cenar y pasaremos la noche en una kasbah local.<\/p>\n<h4>D\u00cdA 2: OUARZAZATE &#8211; KASBAH TAOURIRT &#8211; OASIS DE FINT &#8211; KASBAH TIFOULTOUT &#8211; ESTUDIO DE CINE &#8211; MARRAKECH<\/h4>\n<p>Despu\u00e9s del desayuno, visita la kasbah de Taourirt y el Museo del Cine, ya que Ouarzazate es un lugar famoso para la realizaci\u00f3n de pel\u00edculas, luego dir\u00edgete al Oasis de Fint: en la cima de un afloramiento rocoso, descubre el oasis enclavado en el cauce del r\u00edo entre las monta\u00f1as, rodeado de cuatro peque\u00f1os pueblos donde el tiempo parece haberse detenido, y donde los habitantes viven tranquilamente. La agricultura es la principal fuente de vida en este maravilloso oasis. Visitar\u00e1n una casa bereber local y ver\u00e1n el modo de vida de la gente de all\u00ed. Finalmente, el almuerzo en el camino de regreso a Marrakech al que llegaremos alrededor de las 17:00.<\/p>\n","protected":false},"excerpt":{"rendered":"<p>Excursi\u00f3n a Ouarzazate desde Marrakech en 2 d\u00edas y 1 noche \/ Marrakech a Ouarzazate en excursi\u00f3n de 2 d\u00edas via monta\u00f1as del atlas y kasbahs<span class=\"excerpt-hellip\"> [\u2026]<\/span><\/p>\n","protected":false},"author":1,"featured_media":0,"parent":0,"menu_order":0,"comment_status":"closed","ping_status":"closed","template":"","meta":{"ngg_post_thumbnail":0},"yoast_head":"<!-- This site is optimized with the Yoast SEO plugin v17.3 - https:\/\/yoast.com\/wordpress\/plugins\/seo\/ -->\n<title>2 d\u00edas desde Marrakech a Ouarzazate - Merzouga Fantastic<\/title>\n<meta name=\"robots\" content=\"index, follow, max-snippet:-1, max-image-preview:large, max-video-preview:-1\" \/>\n<link rel=\"canonical\" href=\"https:\/\/merzougafantastic.com\/es\/2-dias-desde-marrakech-a-ouarzazate\/\" \/>\n<meta property=\"og:locale\" content=\"en_US\" \/>\n<meta property=\"og:type\" content=\"article\" \/>\n<meta property=\"og:title\" content=\"2 d\u00edas desde Marrakech a Ouarzazate - Merzouga Fantastic\" \/>\n<meta property=\"og:description\" content=\"Excursi\u00f3n a Ouarzazate desde Marrakech en 2 d\u00edas y 1 noche \/ Marrakech a Ouarzazate en excursi\u00f3n de 2 d\u00edas via monta\u00f1as del atlas y kasbahs [\u2026]\" \/>\n<meta property=\"og:url\" content=\"https:\/\/merzougafantastic.com\/es\/2-dias-desde-marrakech-a-ouarzazate\/\" \/>\n<meta property=\"og:site_name\" content=\"Merzouga Fantastic\" \/>\n<meta property=\"article:modified_time\" content=\"2020-04-23T18:40:41+00:00\" \/>\n<meta name=\"twitter:card\" content=\"summary_large_image\" \/>\n<meta name=\"twitter:label1\" content=\"Est. reading time\" \/>\n\t<meta name=\"twitter:data1\" content=\"1 minute\" \/>\n<script type=\"application\/ld+json\" class=\"yoast-schema-graph\">{\"@context\":\"https:\/\/schema.org\",\"@graph\":[{\"@type\":\"WebSite\",\"@id\":\"https:\/\/merzougafantastic.com\/es\/#website\",\"url\":\"https:\/\/merzougafantastic.com\/es\/\",\"name\":\"Merzouga Fantastic\",\"description\":\"Morocco Private Desert Tours\",\"potentialAction\":[{\"@type\":\"SearchAction\",\"target\":{\"@type\":\"EntryPoint\",\"urlTemplate\":\"https:\/\/merzougafantastic.com\/es\/?s={search_term_string}\"},\"query-input\":\"required name=search_term_string\"}],\"inLanguage\":\"en-US\"},{\"@type\":\"WebPage\",\"@id\":\"https:\/\/merzougafantastic.com\/es\/2-dias-desde-marrakech-a-ouarzazate\/#webpage\",\"url\":\"https:\/\/merzougafantastic.com\/es\/2-dias-desde-marrakech-a-ouarzazate\/\",\"name\":\"2 d\\u00edas desde Marrakech a Ouarzazate - Merzouga Fantastic\",\"isPartOf\":{\"@id\":\"https:\/\/merzougafantastic.com\/es\/#website\"},\"datePublished\":\"2020-03-03T10:12:17+00:00\",\"dateModified\":\"2020-04-23T18:40:41+00:00\",\"breadcrumb\":{\"@id\":\"https:\/\/merzougafantastic.com\/es\/2-dias-desde-marrakech-a-ouarzazate\/#breadcrumb\"},\"inLanguage\":\"en-US\",\"potentialAction\":[{\"@type\":\"ReadAction\",\"target\":[\"https:\/\/merzougafantastic.com\/es\/2-dias-desde-marrakech-a-ouarzazate\/\"]}]},{\"@type\":\"BreadcrumbList\",\"@id\":\"https:\/\/merzougafantastic.com\/es\/2-dias-desde-marrakech-a-ouarzazate\/#breadcrumb\",\"itemListElement\":[{\"@type\":\"ListItem\",\"position\":1,\"name\":\"Home\",\"item\":\"https:\/\/merzougafantastic.com\/es\/\"},{\"@type\":\"ListItem\",\"position\":2,\"name\":\"2 d\\u00edas desde Marrakech a Ouarzazate\"}]}]}<\/script>\n<!-- \/ Yoast SEO plugin. -->","yoast_head_json":{"title":"2 d\u00edas desde Marrakech a Ouarzazate - Merzouga Fantastic","robots":{"index":"index","follow":"follow","max-snippet":"max-snippet:-1","max-image-preview":"max-image-preview:large","max-video-preview":"max-video-preview:-1"},"canonical":"https:\/\/merzougafantastic.com\/es\/2-dias-desde-marrakech-a-ouarzazate\/","og_locale":"en_US","og_type":"article","og_title":"2 d\u00edas desde Marrakech a Ouarzazate - Merzouga Fantastic","og_description":"Excursi\u00f3n a Ouarzazate desde Marrakech en 2 d\u00edas y 1 noche \/ Marrakech a Ouarzazate en excursi\u00f3n de 2 d\u00edas via monta\u00f1as del atlas y kasbahs [\u2026]","og_url":"https:\/\/merzougafantastic.com\/es\/2-dias-desde-marrakech-a-ouarzazate\/","og_site_name":"Merzouga Fantastic","article_modified_time":"2020-04-23T18:40:41+00:00","twitter_card":"summary_large_image","twitter_misc":{"Est. reading time":"1 minute"},"schema":{"@context":"https:\/\/schema.org","@graph":[{"@type":"WebSite","@id":"https:\/\/merzougafantastic.com\/es\/#website","url":"https:\/\/merzougafantastic.com\/es\/","name":"Merzouga Fantastic","description":"Morocco Private Desert Tours","potentialAction":[{"@type":"SearchAction","target":{"@type":"EntryPoint","urlTemplate":"https:\/\/merzougafantastic.com\/es\/?s={search_term_string}"},"query-input":"required name=search_term_string"}],"inLanguage":"en-US"},{"@type":"WebPage","@id":"https:\/\/merzougafantastic.com\/es\/2-dias-desde-marrakech-a-ouarzazate\/#webpage","url":"https:\/\/merzougafantastic.com\/es\/2-dias-desde-marrakech-a-ouarzazate\/","name":"2 d\u00edas desde Marrakech a Ouarzazate - Merzouga Fantastic","isPartOf":{"@id":"https:\/\/merzougafantastic.com\/es\/#website"},"datePublished":"2020-03-03T10:12:17+00:00","dateModified":"2020-04-23T18:40:41+00:00","breadcrumb":{"@id":"https:\/\/merzougafantastic.com\/es\/2-dias-desde-marrakech-a-ouarzazate\/#breadcrumb"},"inLanguage":"en-US","potentialAction":[{"@type":"ReadAction","target":["https:\/\/merzougafantastic.com\/es\/2-dias-desde-marrakech-a-ouarzazate\/"]}]},{"@type":"BreadcrumbList","@id":"https:\/\/merzougafantastic.com\/es\/2-dias-desde-marrakech-a-ouarzazate\/#breadcrumb","itemListElement":[{"@type":"ListItem","position":1,"name":"Home","item":"https:\/\/merzougafantastic.com\/es\/"},{"@type":"ListItem","position":2,"name":"2 d\u00edas desde Marrakech a Ouarzazate"}]}]}},"_links":{"self":[{"href":"https:\/\/merzougafantastic.com\/es\/wp-json\/wp\/v2\/pages\/199"}],"collection":[{"href":"https:\/\/merzougafantastic.com\/es\/wp-json\/wp\/v2\/pages"}],"about":[{"href":"https:\/\/merzougafantastic.com\/es\/wp-json\/wp\/v2\/types\/page"}],"author":[{"embeddable":true,"href":"https:\/\/merzougafantastic.com\/es\/wp-json\/wp\/v2\/users\/1"}],"replies":[{"embeddable":true,"href":"https:\/\/merzougafantastic.com\/es\/wp-json\/wp\/v2\/comments?post=199"}],"version-history":[{"count":6,"href":"https:\/\/merzougafantastic.com\/es\/wp-json\/wp\/v2\/pages\/199\/revisions"}],"predecessor-version":[{"id":541,"href":"https:\/\/merzougafantastic.com\/es\/wp-json\/wp\/v2\/pages\/199\/revisions\/541"}],"wp:attachment":[{"href":"https:\/\/merzougafantastic.com\/es\/wp-json\/wp\/v2\/media?parent=199"}],"curies":[{"name":"wp","href":"https:\/\/api.w.org\/{rel}","templated":true}]}}