{"id":197,"date":"2020-03-03T10:10:30","date_gmt":"2020-03-03T10:10:30","guid":{"rendered":"https:\/\/merzougafantastic.com\/wp\/?page_id=197"},"modified":"2020-04-23T18:40:32","modified_gmt":"2020-04-23T18:40:32","slug":"2-dias-desde-marrakech-al-desierto-de-zagora","status":"publish","type":"page","link":"https:\/\/merzougafantastic.com\/es\/2-dias-desde-marrakech-al-desierto-de-zagora\/","title":{"rendered":"2 d\u00edas desde Marrakech al desierto de Zagora"},"content":{"rendered":"<h2 style=\"text-align: center;\"><span style=\"color: #993300;\"><strong>Tour de 2 d\u00edas desde Marrakech al desierto Zagora \/ Excursi\u00f3n al desierto Zagora en 2 d\u00edas desde Marrakech via kasbah ait ben haddou y Ouarzazate<\/strong><\/span><\/h2>\n<h4>D\u00eda 1: Marrakech &#8211; Kasbah Ait Benhaddou &#8211; Valle del Draa &#8211; Zagora<\/h4>\n<p>Nuestro gu\u00eda se reunir\u00e1 con usted en su riad para comenzar el tour de 2 d\u00edas desde Marrakech a Zagora pasando por las impresionantes monta\u00f1as del Alto Atlas. adem\u00e1s de, Tizi n&#8217;Tichka (alt 2260 m). En la ladera de las monta\u00f1as, ver\u00e1n granjas y pueblos tradicionales bereberes hasta que lleguemos a Ouarzazate; parada &#8220;Moroccan Hollywood&#8221; para almorzar. Despu\u00e9s visitaremos la Kasbah Taourirt antes de continuar hacia el sur por el paso de Tizi -n- hasta Tnifift , Agdz y el valle del Dra&#8217;a rico en plantaciones de palma de aceite a lo largo del camino y luego nos detendremos en una de las fant\u00e1sticas vistas panor\u00e1micas de palmeras Seguir los camellos de Zagora all\u00ed esperando a que empiece su viaje en camello en unas 2 horas de noche bajo la tienda n\u00f3mada.<\/p>\n<h4>D\u00eda 2: Zagora &#8211; Valle del Draa &#8211; Ouarzazate &#8211; Marrakech<\/h4>\n<p>Despu\u00e9s de ver el amanecer volvimos en camello, despu\u00e9s de desayunar y ducharnos, comenzaremos nuestro viaje de vuelta a Marrakech, para, visitar las tiendas bereberes que contienen f\u00f3siles, alfombras, l\u00e1mparas, cuero. Llegamos a Ouarzazate por la tarde, despu\u00e9s de visitarla as\u00ed que continuaremos a Marrakech donde terminar\u00e1 nuestro tour de 2 d\u00edas por el desierto desde Marrakech a Zagora.<\/p>\n","protected":false},"excerpt":{"rendered":"<p>Tour de 2 d\u00edas desde Marrakech al desierto Zagora \/ Excursi\u00f3n al desierto Zagora en 2 d\u00edas desde Marrakech via kasbah ait ben haddou y Ouarzazate<span class=\"excerpt-hellip\"> [\u2026]<\/span><\/p>\n","protected":false},"author":1,"featured_media":0,"parent":0,"menu_order":0,"comment_status":"closed","ping_status":"closed","template":"","meta":{"ngg_post_thumbnail":0},"yoast_head":"<!-- This site is optimized with the Yoast SEO plugin v17.3 - https:\/\/yoast.com\/wordpress\/plugins\/seo\/ -->\n<title>2 d\u00edas desde Marrakech al desierto de Zagora - Merzouga Fantastic<\/title>\n<meta name=\"robots\" content=\"index, follow, max-snippet:-1, max-image-preview:large, max-video-preview:-1\" \/>\n<link rel=\"canonical\" href=\"https:\/\/merzougafantastic.com\/es\/2-dias-desde-marrakech-al-desierto-de-zagora\/\" \/>\n<meta property=\"og:locale\" content=\"en_US\" \/>\n<meta property=\"og:type\" content=\"article\" \/>\n<meta property=\"og:title\" content=\"2 d\u00edas desde Marrakech al desierto de Zagora - Merzouga Fantastic\" \/>\n<meta property=\"og:description\" content=\"Tour de 2 d\u00edas desde Marrakech al desierto Zagora \/ Excursi\u00f3n al desierto Zagora en 2 d\u00edas desde Marrakech via kasbah ait ben haddou y Ouarzazate [\u2026]\" \/>\n<meta property=\"og:url\" content=\"https:\/\/merzougafantastic.com\/es\/2-dias-desde-marrakech-al-desierto-de-zagora\/\" \/>\n<meta property=\"og:site_name\" content=\"Merzouga Fantastic\" \/>\n<meta property=\"article:modified_time\" content=\"2020-04-23T18:40:32+00:00\" \/>\n<meta name=\"twitter:card\" content=\"summary_large_image\" \/>\n<meta name=\"twitter:label1\" content=\"Est. reading time\" \/>\n\t<meta name=\"twitter:data1\" content=\"1 minute\" \/>\n<script type=\"application\/ld+json\" class=\"yoast-schema-graph\">{\"@context\":\"https:\/\/schema.org\",\"@graph\":[{\"@type\":\"WebSite\",\"@id\":\"https:\/\/merzougafantastic.com\/es\/#website\",\"url\":\"https:\/\/merzougafantastic.com\/es\/\",\"name\":\"Merzouga Fantastic\",\"description\":\"Morocco Private Desert Tours\",\"potentialAction\":[{\"@type\":\"SearchAction\",\"target\":{\"@type\":\"EntryPoint\",\"urlTemplate\":\"https:\/\/merzougafantastic.com\/es\/?s={search_term_string}\"},\"query-input\":\"required name=search_term_string\"}],\"inLanguage\":\"en-US\"},{\"@type\":\"WebPage\",\"@id\":\"https:\/\/merzougafantastic.com\/es\/2-dias-desde-marrakech-al-desierto-de-zagora\/#webpage\",\"url\":\"https:\/\/merzougafantastic.com\/es\/2-dias-desde-marrakech-al-desierto-de-zagora\/\",\"name\":\"2 d\\u00edas desde Marrakech al desierto de Zagora - Merzouga Fantastic\",\"isPartOf\":{\"@id\":\"https:\/\/merzougafantastic.com\/es\/#website\"},\"datePublished\":\"2020-03-03T10:10:30+00:00\",\"dateModified\":\"2020-04-23T18:40:32+00:00\",\"breadcrumb\":{\"@id\":\"https:\/\/merzougafantastic.com\/es\/2-dias-desde-marrakech-al-desierto-de-zagora\/#breadcrumb\"},\"inLanguage\":\"en-US\",\"potentialAction\":[{\"@type\":\"ReadAction\",\"target\":[\"https:\/\/merzougafantastic.com\/es\/2-dias-desde-marrakech-al-desierto-de-zagora\/\"]}]},{\"@type\":\"BreadcrumbList\",\"@id\":\"https:\/\/merzougafantastic.com\/es\/2-dias-desde-marrakech-al-desierto-de-zagora\/#breadcrumb\",\"itemListElement\":[{\"@type\":\"ListItem\",\"position\":1,\"name\":\"Home\",\"item\":\"https:\/\/merzougafantastic.com\/es\/\"},{\"@type\":\"ListItem\",\"position\":2,\"name\":\"2 d\\u00edas desde Marrakech al desierto de Zagora\"}]}]}<\/script>\n<!-- \/ Yoast SEO plugin. -->","yoast_head_json":{"title":"2 d\u00edas desde Marrakech al desierto de Zagora - Merzouga Fantastic","robots":{"index":"index","follow":"follow","max-snippet":"max-snippet:-1","max-image-preview":"max-image-preview:large","max-video-preview":"max-video-preview:-1"},"canonical":"https:\/\/merzougafantastic.com\/es\/2-dias-desde-marrakech-al-desierto-de-zagora\/","og_locale":"en_US","og_type":"article","og_title":"2 d\u00edas desde Marrakech al desierto de Zagora - Merzouga Fantastic","og_description":"Tour de 2 d\u00edas desde Marrakech al desierto Zagora \/ Excursi\u00f3n al desierto Zagora en 2 d\u00edas desde Marrakech via kasbah ait ben haddou y Ouarzazate [\u2026]","og_url":"https:\/\/merzougafantastic.com\/es\/2-dias-desde-marrakech-al-desierto-de-zagora\/","og_site_name":"Merzouga Fantastic","article_modified_time":"2020-04-23T18:40:32+00:00","twitter_card":"summary_large_image","twitter_misc":{"Est. reading time":"1 minute"},"schema":{"@context":"https:\/\/schema.org","@graph":[{"@type":"WebSite","@id":"https:\/\/merzougafantastic.com\/es\/#website","url":"https:\/\/merzougafantastic.com\/es\/","name":"Merzouga Fantastic","description":"Morocco Private Desert Tours","potentialAction":[{"@type":"SearchAction","target":{"@type":"EntryPoint","urlTemplate":"https:\/\/merzougafantastic.com\/es\/?s={search_term_string}"},"query-input":"required name=search_term_string"}],"inLanguage":"en-US"},{"@type":"WebPage","@id":"https:\/\/merzougafantastic.com\/es\/2-dias-desde-marrakech-al-desierto-de-zagora\/#webpage","url":"https:\/\/merzougafantastic.com\/es\/2-dias-desde-marrakech-al-desierto-de-zagora\/","name":"2 d\u00edas desde Marrakech al desierto de Zagora - Merzouga Fantastic","isPartOf":{"@id":"https:\/\/merzougafantastic.com\/es\/#website"},"datePublished":"2020-03-03T10:10:30+00:00","dateModified":"2020-04-23T18:40:32+00:00","breadcrumb":{"@id":"https:\/\/merzougafantastic.com\/es\/2-dias-desde-marrakech-al-desierto-de-zagora\/#breadcrumb"},"inLanguage":"en-US","potentialAction":[{"@type":"ReadAction","target":["https:\/\/merzougafantastic.com\/es\/2-dias-desde-marrakech-al-desierto-de-zagora\/"]}]},{"@type":"BreadcrumbList","@id":"https:\/\/merzougafantastic.com\/es\/2-dias-desde-marrakech-al-desierto-de-zagora\/#breadcrumb","itemListElement":[{"@type":"ListItem","position":1,"name":"Home","item":"https:\/\/merzougafantastic.com\/es\/"},{"@type":"ListItem","position":2,"name":"2 d\u00edas desde Marrakech al desierto de Zagora"}]}]}},"_links":{"self":[{"href":"https:\/\/merzougafantastic.com\/es\/wp-json\/wp\/v2\/pages\/197"}],"collection":[{"href":"https:\/\/merzougafantastic.com\/es\/wp-json\/wp\/v2\/pages"}],"about":[{"href":"https:\/\/merzougafantastic.com\/es\/wp-json\/wp\/v2\/types\/page"}],"author":[{"embeddable":true,"href":"https:\/\/merzougafantastic.com\/es\/wp-json\/wp\/v2\/users\/1"}],"replies":[{"embeddable":true,"href":"https:\/\/merzougafantastic.com\/es\/wp-json\/wp\/v2\/comments?post=197"}],"version-history":[{"count":5,"href":"https:\/\/merzougafantastic.com\/es\/wp-json\/wp\/v2\/pages\/197\/revisions"}],"predecessor-version":[{"id":540,"href":"https:\/\/merzougafantastic.com\/es\/wp-json\/wp\/v2\/pages\/197\/revisions\/540"}],"wp:attachment":[{"href":"https:\/\/merzougafantastic.com\/es\/wp-json\/wp\/v2\/media?parent=197"}],"curies":[{"name":"wp","href":"https:\/\/api.w.org\/{rel}","templated":true}]}}