{"id":180,"date":"2020-03-03T09:50:40","date_gmt":"2020-03-03T09:50:40","guid":{"rendered":"http:\/\/merzougafantastic.com\/wp\/?page_id=180"},"modified":"2020-04-23T19:02:06","modified_gmt":"2020-04-23T19:02:06","slug":"luna-de-miel-en-marruecos","status":"publish","type":"page","link":"https:\/\/merzougafantastic.com\/es\/luna-de-miel-en-marruecos\/","title":{"rendered":"Luna de miel en Marruecos"},"content":{"rendered":"<h2 style=\"text-align: center;\"><span style=\"color: #993300;\"><strong>Marruecos en luna de miel \/ excursiones rom\u00e1nticas en\u00a0 Marruecos \/ Tour por Marruecos como luna de miel<\/strong><\/span><\/h2>\n<p>Disfrute de una luna de miel en Marruecos en el pa\u00eds de los mil contrastes y aqu\u00ed encontrar\u00e1 los condimentos necesarios para pasar un viaje de bodas inolvidable: lugares espectaculares como el desierto del Sahara, playas, monta\u00f1as, historia y una cultura muy viva. Dise\u00f1amos su viaje de luna de miel a la carta, en Marruecos encontrar\u00e1 hermosos y rom\u00e1nticos lugares para disfrutar en compa\u00f1\u00eda de su pareja. Deje que el romanticismo surja caminando por ciudades antiguas, playas de arena fina y un hermoso desierto en la m\u00e1s absoluta paz y silencio.<\/p>\n<p>En Marruecos podr\u00e1 vivir una aventura de ensue\u00f1o en un clima rom\u00e1ntico y m\u00e1gico que har\u00e1 de su luna de miel el mejor de los recuerdos.<\/p>\n<p>* Merzouga Fant\u00e1stico * ofrece diferentes rutas especiales donde podr\u00e1s pasar tus d\u00edas de amor de la mejor manera posible.<\/p>\n","protected":false},"excerpt":{"rendered":"<p>Marruecos en luna de miel \/ excursiones rom\u00e1nticas en\u00a0 Marruecos \/ Tour por Marruecos como luna de miel Disfrute de una luna de miel en Marruecos<span class=\"excerpt-hellip\"> [\u2026]<\/span><\/p>\n","protected":false},"author":1,"featured_media":0,"parent":0,"menu_order":0,"comment_status":"closed","ping_status":"closed","template":"","meta":{"ngg_post_thumbnail":0},"yoast_head":"<!-- This site is optimized with the Yoast SEO plugin v17.3 - https:\/\/yoast.com\/wordpress\/plugins\/seo\/ -->\n<title>Luna de miel en Marruecos - Merzouga Fantastic<\/title>\n<meta name=\"robots\" content=\"index, follow, max-snippet:-1, max-image-preview:large, max-video-preview:-1\" \/>\n<link rel=\"canonical\" href=\"https:\/\/merzougafantastic.com\/es\/luna-de-miel-en-marruecos\/\" \/>\n<meta property=\"og:locale\" content=\"en_US\" \/>\n<meta property=\"og:type\" content=\"article\" \/>\n<meta property=\"og:title\" content=\"Luna de miel en Marruecos - Merzouga Fantastic\" \/>\n<meta property=\"og:description\" content=\"Marruecos en luna de miel \/ excursiones rom\u00e1nticas en\u00a0 Marruecos \/ Tour por Marruecos como luna de miel Disfrute de una luna de miel en Marruecos [\u2026]\" \/>\n<meta property=\"og:url\" content=\"https:\/\/merzougafantastic.com\/es\/luna-de-miel-en-marruecos\/\" \/>\n<meta property=\"og:site_name\" content=\"Merzouga Fantastic\" \/>\n<meta property=\"article:modified_time\" content=\"2020-04-23T19:02:06+00:00\" \/>\n<meta name=\"twitter:card\" content=\"summary_large_image\" \/>\n<meta name=\"twitter:label1\" content=\"Est. reading time\" \/>\n\t<meta name=\"twitter:data1\" content=\"1 minute\" \/>\n<script type=\"application\/ld+json\" class=\"yoast-schema-graph\">{\"@context\":\"https:\/\/schema.org\",\"@graph\":[{\"@type\":\"WebSite\",\"@id\":\"https:\/\/merzougafantastic.com\/es\/#website\",\"url\":\"https:\/\/merzougafantastic.com\/es\/\",\"name\":\"Merzouga Fantastic\",\"description\":\"Morocco Private Desert Tours\",\"potentialAction\":[{\"@type\":\"SearchAction\",\"target\":{\"@type\":\"EntryPoint\",\"urlTemplate\":\"https:\/\/merzougafantastic.com\/es\/?s={search_term_string}\"},\"query-input\":\"required name=search_term_string\"}],\"inLanguage\":\"en-US\"},{\"@type\":\"WebPage\",\"@id\":\"https:\/\/merzougafantastic.com\/es\/luna-de-miel-en-marruecos\/#webpage\",\"url\":\"https:\/\/merzougafantastic.com\/es\/luna-de-miel-en-marruecos\/\",\"name\":\"Luna de miel en Marruecos - Merzouga Fantastic\",\"isPartOf\":{\"@id\":\"https:\/\/merzougafantastic.com\/es\/#website\"},\"datePublished\":\"2020-03-03T09:50:40+00:00\",\"dateModified\":\"2020-04-23T19:02:06+00:00\",\"breadcrumb\":{\"@id\":\"https:\/\/merzougafantastic.com\/es\/luna-de-miel-en-marruecos\/#breadcrumb\"},\"inLanguage\":\"en-US\",\"potentialAction\":[{\"@type\":\"ReadAction\",\"target\":[\"https:\/\/merzougafantastic.com\/es\/luna-de-miel-en-marruecos\/\"]}]},{\"@type\":\"BreadcrumbList\",\"@id\":\"https:\/\/merzougafantastic.com\/es\/luna-de-miel-en-marruecos\/#breadcrumb\",\"itemListElement\":[{\"@type\":\"ListItem\",\"position\":1,\"name\":\"Home\",\"item\":\"https:\/\/merzougafantastic.com\/es\/\"},{\"@type\":\"ListItem\",\"position\":2,\"name\":\"Luna de miel en Marruecos\"}]}]}<\/script>\n<!-- \/ Yoast SEO plugin. -->","yoast_head_json":{"title":"Luna de miel en Marruecos - Merzouga Fantastic","robots":{"index":"index","follow":"follow","max-snippet":"max-snippet:-1","max-image-preview":"max-image-preview:large","max-video-preview":"max-video-preview:-1"},"canonical":"https:\/\/merzougafantastic.com\/es\/luna-de-miel-en-marruecos\/","og_locale":"en_US","og_type":"article","og_title":"Luna de miel en Marruecos - Merzouga Fantastic","og_description":"Marruecos en luna de miel \/ excursiones rom\u00e1nticas en\u00a0 Marruecos \/ Tour por Marruecos como luna de miel Disfrute de una luna de miel en Marruecos [\u2026]","og_url":"https:\/\/merzougafantastic.com\/es\/luna-de-miel-en-marruecos\/","og_site_name":"Merzouga Fantastic","article_modified_time":"2020-04-23T19:02:06+00:00","twitter_card":"summary_large_image","twitter_misc":{"Est. reading time":"1 minute"},"schema":{"@context":"https:\/\/schema.org","@graph":[{"@type":"WebSite","@id":"https:\/\/merzougafantastic.com\/es\/#website","url":"https:\/\/merzougafantastic.com\/es\/","name":"Merzouga Fantastic","description":"Morocco Private Desert Tours","potentialAction":[{"@type":"SearchAction","target":{"@type":"EntryPoint","urlTemplate":"https:\/\/merzougafantastic.com\/es\/?s={search_term_string}"},"query-input":"required name=search_term_string"}],"inLanguage":"en-US"},{"@type":"WebPage","@id":"https:\/\/merzougafantastic.com\/es\/luna-de-miel-en-marruecos\/#webpage","url":"https:\/\/merzougafantastic.com\/es\/luna-de-miel-en-marruecos\/","name":"Luna de miel en Marruecos - Merzouga Fantastic","isPartOf":{"@id":"https:\/\/merzougafantastic.com\/es\/#website"},"datePublished":"2020-03-03T09:50:40+00:00","dateModified":"2020-04-23T19:02:06+00:00","breadcrumb":{"@id":"https:\/\/merzougafantastic.com\/es\/luna-de-miel-en-marruecos\/#breadcrumb"},"inLanguage":"en-US","potentialAction":[{"@type":"ReadAction","target":["https:\/\/merzougafantastic.com\/es\/luna-de-miel-en-marruecos\/"]}]},{"@type":"BreadcrumbList","@id":"https:\/\/merzougafantastic.com\/es\/luna-de-miel-en-marruecos\/#breadcrumb","itemListElement":[{"@type":"ListItem","position":1,"name":"Home","item":"https:\/\/merzougafantastic.com\/es\/"},{"@type":"ListItem","position":2,"name":"Luna de miel en Marruecos"}]}]}},"_links":{"self":[{"href":"https:\/\/merzougafantastic.com\/es\/wp-json\/wp\/v2\/pages\/180"}],"collection":[{"href":"https:\/\/merzougafantastic.com\/es\/wp-json\/wp\/v2\/pages"}],"about":[{"href":"https:\/\/merzougafantastic.com\/es\/wp-json\/wp\/v2\/types\/page"}],"author":[{"embeddable":true,"href":"https:\/\/merzougafantastic.com\/es\/wp-json\/wp\/v2\/users\/1"}],"replies":[{"embeddable":true,"href":"https:\/\/merzougafantastic.com\/es\/wp-json\/wp\/v2\/comments?post=180"}],"version-history":[{"count":3,"href":"https:\/\/merzougafantastic.com\/es\/wp-json\/wp\/v2\/pages\/180\/revisions"}],"predecessor-version":[{"id":567,"href":"https:\/\/merzougafantastic.com\/es\/wp-json\/wp\/v2\/pages\/180\/revisions\/567"}],"wp:attachment":[{"href":"https:\/\/merzougafantastic.com\/es\/wp-json\/wp\/v2\/media?parent=180"}],"curies":[{"name":"wp","href":"https:\/\/api.w.org\/{rel}","templated":true}]}}