{"id":176,"date":"2020-03-03T09:49:57","date_gmt":"2020-03-03T09:49:57","guid":{"rendered":"http:\/\/merzougafantastic.com\/wp\/?page_id=176"},"modified":"2020-05-15T23:13:16","modified_gmt":"2020-05-15T23:13:16","slug":"viajes-para-estudiantes","status":"publish","type":"page","link":"https:\/\/merzougafantastic.com\/es\/viajes-para-estudiantes\/","title":{"rendered":"Viajes para estudiantes en Marruecos"},"content":{"rendered":"<h2 style=\"text-align: center;\"><span style=\"color: #993300;\"><strong>Tours alumnos en Marruecos \/ Viajes a Marruecos en grupos de estudiantes \/ viajes baratos en Marruecos para estudiantes<\/strong><\/span><\/h2>\n<p>\u00bfSois estudiantes y con vuestros amigos est\u00e1is organizando un viaje a Marruecos? Muy bien, bienvenido a la p\u00e1gina.<\/p>\n<p>Organizamos viajes de aventura en grupos en Marruecos para estudiantes y alumnos de todas partes del mundo, nos ajustamos a los presupuestos de los grupos y tambi\u00e9n hacemos un importante descuento si el colegio, instituto o universidad se une a nosotros para futuros viajes.<\/p>\n<p>Nos encargamos de preparar absolutamente todo, desde la ruta personalizada hasta el alojamiento y el transporte y las excursiones por todo Marruecos, tambi\u00e9n disponemos de veh\u00edculos 4 \u00d7 4, minib\u00fas, Autobuses preparados para estudiantes de todas las edades.<\/p>\n<p>Disponemos de alojamientos en el desierto tanto en Jaimas como en casas de adobe y paja, tambi\u00e9n nuestra propia restauraci\u00f3n donde nuestra gastronom\u00eda te marcar\u00e1 para siempre, tenemos nuestro propio grupo de m\u00fasica en la zona donde pasaremos una noche llena de espect\u00e1culo.<\/p>\n","protected":false},"excerpt":{"rendered":"<p>Tours alumnos en Marruecos \/ Viajes a Marruecos en grupos de estudiantes \/ viajes baratos en Marruecos para estudiantes \u00bfSois estudiantes y con vuestros amigos est\u00e1is<span class=\"excerpt-hellip\"> [\u2026]<\/span><\/p>\n","protected":false},"author":1,"featured_media":0,"parent":0,"menu_order":0,"comment_status":"closed","ping_status":"closed","template":"","meta":{"ngg_post_thumbnail":0},"yoast_head":"<!-- This site is optimized with the Yoast SEO plugin v17.3 - https:\/\/yoast.com\/wordpress\/plugins\/seo\/ -->\n<title>Viajes para estudiantes en Marruecos - Merzouga Fantastic<\/title>\n<meta name=\"robots\" content=\"index, follow, max-snippet:-1, max-image-preview:large, max-video-preview:-1\" \/>\n<link rel=\"canonical\" href=\"https:\/\/merzougafantastic.com\/es\/viajes-para-estudiantes\/\" \/>\n<meta property=\"og:locale\" content=\"en_US\" \/>\n<meta property=\"og:type\" content=\"article\" \/>\n<meta property=\"og:title\" content=\"Viajes para estudiantes en Marruecos - Merzouga Fantastic\" \/>\n<meta property=\"og:description\" content=\"Tours alumnos en Marruecos \/ Viajes a Marruecos en grupos de estudiantes \/ viajes baratos en Marruecos para estudiantes \u00bfSois estudiantes y con vuestros amigos est\u00e1is [\u2026]\" \/>\n<meta property=\"og:url\" content=\"https:\/\/merzougafantastic.com\/es\/viajes-para-estudiantes\/\" \/>\n<meta property=\"og:site_name\" content=\"Merzouga Fantastic\" \/>\n<meta property=\"article:modified_time\" content=\"2020-05-15T23:13:16+00:00\" \/>\n<meta name=\"twitter:card\" content=\"summary_large_image\" \/>\n<meta name=\"twitter:label1\" content=\"Est. reading time\" \/>\n\t<meta name=\"twitter:data1\" content=\"1 minute\" \/>\n<script type=\"application\/ld+json\" class=\"yoast-schema-graph\">{\"@context\":\"https:\/\/schema.org\",\"@graph\":[{\"@type\":\"WebSite\",\"@id\":\"https:\/\/merzougafantastic.com\/es\/#website\",\"url\":\"https:\/\/merzougafantastic.com\/es\/\",\"name\":\"Merzouga Fantastic\",\"description\":\"Morocco Private Desert Tours\",\"potentialAction\":[{\"@type\":\"SearchAction\",\"target\":{\"@type\":\"EntryPoint\",\"urlTemplate\":\"https:\/\/merzougafantastic.com\/es\/?s={search_term_string}\"},\"query-input\":\"required name=search_term_string\"}],\"inLanguage\":\"en-US\"},{\"@type\":\"WebPage\",\"@id\":\"https:\/\/merzougafantastic.com\/es\/viajes-para-estudiantes\/#webpage\",\"url\":\"https:\/\/merzougafantastic.com\/es\/viajes-para-estudiantes\/\",\"name\":\"Viajes para estudiantes en Marruecos - Merzouga Fantastic\",\"isPartOf\":{\"@id\":\"https:\/\/merzougafantastic.com\/es\/#website\"},\"datePublished\":\"2020-03-03T09:49:57+00:00\",\"dateModified\":\"2020-05-15T23:13:16+00:00\",\"breadcrumb\":{\"@id\":\"https:\/\/merzougafantastic.com\/es\/viajes-para-estudiantes\/#breadcrumb\"},\"inLanguage\":\"en-US\",\"potentialAction\":[{\"@type\":\"ReadAction\",\"target\":[\"https:\/\/merzougafantastic.com\/es\/viajes-para-estudiantes\/\"]}]},{\"@type\":\"BreadcrumbList\",\"@id\":\"https:\/\/merzougafantastic.com\/es\/viajes-para-estudiantes\/#breadcrumb\",\"itemListElement\":[{\"@type\":\"ListItem\",\"position\":1,\"name\":\"Home\",\"item\":\"https:\/\/merzougafantastic.com\/es\/\"},{\"@type\":\"ListItem\",\"position\":2,\"name\":\"Viajes para estudiantes en Marruecos\"}]}]}<\/script>\n<!-- \/ Yoast SEO plugin. -->","yoast_head_json":{"title":"Viajes para estudiantes en Marruecos - Merzouga Fantastic","robots":{"index":"index","follow":"follow","max-snippet":"max-snippet:-1","max-image-preview":"max-image-preview:large","max-video-preview":"max-video-preview:-1"},"canonical":"https:\/\/merzougafantastic.com\/es\/viajes-para-estudiantes\/","og_locale":"en_US","og_type":"article","og_title":"Viajes para estudiantes en Marruecos - Merzouga Fantastic","og_description":"Tours alumnos en Marruecos \/ Viajes a Marruecos en grupos de estudiantes \/ viajes baratos en Marruecos para estudiantes \u00bfSois estudiantes y con vuestros amigos est\u00e1is [\u2026]","og_url":"https:\/\/merzougafantastic.com\/es\/viajes-para-estudiantes\/","og_site_name":"Merzouga Fantastic","article_modified_time":"2020-05-15T23:13:16+00:00","twitter_card":"summary_large_image","twitter_misc":{"Est. reading time":"1 minute"},"schema":{"@context":"https:\/\/schema.org","@graph":[{"@type":"WebSite","@id":"https:\/\/merzougafantastic.com\/es\/#website","url":"https:\/\/merzougafantastic.com\/es\/","name":"Merzouga Fantastic","description":"Morocco Private Desert Tours","potentialAction":[{"@type":"SearchAction","target":{"@type":"EntryPoint","urlTemplate":"https:\/\/merzougafantastic.com\/es\/?s={search_term_string}"},"query-input":"required name=search_term_string"}],"inLanguage":"en-US"},{"@type":"WebPage","@id":"https:\/\/merzougafantastic.com\/es\/viajes-para-estudiantes\/#webpage","url":"https:\/\/merzougafantastic.com\/es\/viajes-para-estudiantes\/","name":"Viajes para estudiantes en Marruecos - Merzouga Fantastic","isPartOf":{"@id":"https:\/\/merzougafantastic.com\/es\/#website"},"datePublished":"2020-03-03T09:49:57+00:00","dateModified":"2020-05-15T23:13:16+00:00","breadcrumb":{"@id":"https:\/\/merzougafantastic.com\/es\/viajes-para-estudiantes\/#breadcrumb"},"inLanguage":"en-US","potentialAction":[{"@type":"ReadAction","target":["https:\/\/merzougafantastic.com\/es\/viajes-para-estudiantes\/"]}]},{"@type":"BreadcrumbList","@id":"https:\/\/merzougafantastic.com\/es\/viajes-para-estudiantes\/#breadcrumb","itemListElement":[{"@type":"ListItem","position":1,"name":"Home","item":"https:\/\/merzougafantastic.com\/es\/"},{"@type":"ListItem","position":2,"name":"Viajes para estudiantes en Marruecos"}]}]}},"_links":{"self":[{"href":"https:\/\/merzougafantastic.com\/es\/wp-json\/wp\/v2\/pages\/176"}],"collection":[{"href":"https:\/\/merzougafantastic.com\/es\/wp-json\/wp\/v2\/pages"}],"about":[{"href":"https:\/\/merzougafantastic.com\/es\/wp-json\/wp\/v2\/types\/page"}],"author":[{"embeddable":true,"href":"https:\/\/merzougafantastic.com\/es\/wp-json\/wp\/v2\/users\/1"}],"replies":[{"embeddable":true,"href":"https:\/\/merzougafantastic.com\/es\/wp-json\/wp\/v2\/comments?post=176"}],"version-history":[{"count":4,"href":"https:\/\/merzougafantastic.com\/es\/wp-json\/wp\/v2\/pages\/176\/revisions"}],"predecessor-version":[{"id":582,"href":"https:\/\/merzougafantastic.com\/es\/wp-json\/wp\/v2\/pages\/176\/revisions\/582"}],"wp:attachment":[{"href":"https:\/\/merzougafantastic.com\/es\/wp-json\/wp\/v2\/media?parent=176"}],"curies":[{"name":"wp","href":"https:\/\/api.w.org\/{rel}","templated":true}]}}