{"id":174,"date":"2020-03-03T09:49:26","date_gmt":"2020-03-03T09:49:26","guid":{"rendered":"http:\/\/merzougafantastic.com\/wp\/?page_id=174"},"modified":"2020-04-23T19:01:49","modified_gmt":"2020-04-23T19:01:49","slug":"viajes-familiares-a-marruecos","status":"publish","type":"page","link":"https:\/\/merzougafantastic.com\/es\/viajes-familiares-a-marruecos\/","title":{"rendered":"Viajes familiares a Marruecos"},"content":{"rendered":"<h2 style=\"text-align: center;\"><span style=\"color: #993300;\"><strong>Tours para familias en Marruecos \/ viaje a Marruecos con los ni\u00f1os \/ viaje a Marruecos como familia<\/strong><\/span><\/h2>\n<p>\u00bfEst\u00e1s pensando en viajar con la familia a Marruecos? \u00bfNo sabes muy bien qu\u00e9 lugares visitar? \u00bfCrees que no todo el mundo es apto para viajar con ni\u00f1os? En esta gu\u00eda compartimos algunos de los destinos de Marruecos que preferimos para los viajes en familia.<\/p>\n<p>Marruecos es muy amigable con los ni\u00f1os, como la mayor\u00eda de las culturas \u00e1rabes. Las naciones \u00e1rabes valoran mucho a sus ni\u00f1os y por lo tanto apreciamos cualquier valor de otras culturas en los ni\u00f1os. De hecho, los viajes familiares a Marruecos son m\u00e1s a menudo abordados por los marroqu\u00edes y bien tratados cuando traen a sus hijos.<\/p>\n<p>Planifique su itinerario bas\u00e1ndose en las edades de sus hijos y lo que les gusta. El senderismo, la escalada, el rafting, los paseos en camello y las excursiones en 4\u00d74 est\u00e1n disponibles en Marruecos, pero no todas son adecuadas para ni\u00f1os de varias edades. Discuta las edades y preferencias de sus hijos con su gu\u00eda para crear el mejor viaje para toda la familia y no importa en qu\u00e9 lugar del mundo est\u00e9 viajando, la seguridad es siempre una preocupaci\u00f3n.<\/p>\n<p>P\u00f3ngase en contacto con nosotros, nuestro equipo estar\u00e1 a su disposici\u00f3n.<\/p>\n","protected":false},"excerpt":{"rendered":"<p>Tours para familias en Marruecos \/ viaje a Marruecos con los ni\u00f1os \/ viaje a Marruecos como familia \u00bfEst\u00e1s pensando en viajar con la familia a<span class=\"excerpt-hellip\"> [\u2026]<\/span><\/p>\n","protected":false},"author":1,"featured_media":0,"parent":0,"menu_order":0,"comment_status":"closed","ping_status":"closed","template":"","meta":{"ngg_post_thumbnail":0},"yoast_head":"<!-- This site is optimized with the Yoast SEO plugin v17.3 - https:\/\/yoast.com\/wordpress\/plugins\/seo\/ -->\n<title>Viajes familiares a Marruecos - Merzouga Fantastic<\/title>\n<meta name=\"robots\" content=\"index, follow, max-snippet:-1, max-image-preview:large, max-video-preview:-1\" \/>\n<link rel=\"canonical\" href=\"https:\/\/merzougafantastic.com\/es\/viajes-familiares-a-marruecos\/\" \/>\n<meta property=\"og:locale\" content=\"en_US\" \/>\n<meta property=\"og:type\" content=\"article\" \/>\n<meta property=\"og:title\" content=\"Viajes familiares a Marruecos - Merzouga Fantastic\" \/>\n<meta property=\"og:description\" content=\"Tours para familias en Marruecos \/ viaje a Marruecos con los ni\u00f1os \/ viaje a Marruecos como familia \u00bfEst\u00e1s pensando en viajar con la familia a [\u2026]\" \/>\n<meta property=\"og:url\" content=\"https:\/\/merzougafantastic.com\/es\/viajes-familiares-a-marruecos\/\" \/>\n<meta property=\"og:site_name\" content=\"Merzouga Fantastic\" \/>\n<meta property=\"article:modified_time\" content=\"2020-04-23T19:01:49+00:00\" \/>\n<meta name=\"twitter:card\" content=\"summary_large_image\" \/>\n<meta name=\"twitter:label1\" content=\"Est. reading time\" \/>\n\t<meta name=\"twitter:data1\" content=\"1 minute\" \/>\n<script type=\"application\/ld+json\" class=\"yoast-schema-graph\">{\"@context\":\"https:\/\/schema.org\",\"@graph\":[{\"@type\":\"WebSite\",\"@id\":\"https:\/\/merzougafantastic.com\/es\/#website\",\"url\":\"https:\/\/merzougafantastic.com\/es\/\",\"name\":\"Merzouga Fantastic\",\"description\":\"Morocco Private Desert Tours\",\"potentialAction\":[{\"@type\":\"SearchAction\",\"target\":{\"@type\":\"EntryPoint\",\"urlTemplate\":\"https:\/\/merzougafantastic.com\/es\/?s={search_term_string}\"},\"query-input\":\"required name=search_term_string\"}],\"inLanguage\":\"en-US\"},{\"@type\":\"WebPage\",\"@id\":\"https:\/\/merzougafantastic.com\/es\/viajes-familiares-a-marruecos\/#webpage\",\"url\":\"https:\/\/merzougafantastic.com\/es\/viajes-familiares-a-marruecos\/\",\"name\":\"Viajes familiares a Marruecos - Merzouga Fantastic\",\"isPartOf\":{\"@id\":\"https:\/\/merzougafantastic.com\/es\/#website\"},\"datePublished\":\"2020-03-03T09:49:26+00:00\",\"dateModified\":\"2020-04-23T19:01:49+00:00\",\"breadcrumb\":{\"@id\":\"https:\/\/merzougafantastic.com\/es\/viajes-familiares-a-marruecos\/#breadcrumb\"},\"inLanguage\":\"en-US\",\"potentialAction\":[{\"@type\":\"ReadAction\",\"target\":[\"https:\/\/merzougafantastic.com\/es\/viajes-familiares-a-marruecos\/\"]}]},{\"@type\":\"BreadcrumbList\",\"@id\":\"https:\/\/merzougafantastic.com\/es\/viajes-familiares-a-marruecos\/#breadcrumb\",\"itemListElement\":[{\"@type\":\"ListItem\",\"position\":1,\"name\":\"Home\",\"item\":\"https:\/\/merzougafantastic.com\/es\/\"},{\"@type\":\"ListItem\",\"position\":2,\"name\":\"Viajes familiares a Marruecos\"}]}]}<\/script>\n<!-- \/ Yoast SEO plugin. -->","yoast_head_json":{"title":"Viajes familiares a Marruecos - Merzouga Fantastic","robots":{"index":"index","follow":"follow","max-snippet":"max-snippet:-1","max-image-preview":"max-image-preview:large","max-video-preview":"max-video-preview:-1"},"canonical":"https:\/\/merzougafantastic.com\/es\/viajes-familiares-a-marruecos\/","og_locale":"en_US","og_type":"article","og_title":"Viajes familiares a Marruecos - Merzouga Fantastic","og_description":"Tours para familias en Marruecos \/ viaje a Marruecos con los ni\u00f1os \/ viaje a Marruecos como familia \u00bfEst\u00e1s pensando en viajar con la familia a [\u2026]","og_url":"https:\/\/merzougafantastic.com\/es\/viajes-familiares-a-marruecos\/","og_site_name":"Merzouga Fantastic","article_modified_time":"2020-04-23T19:01:49+00:00","twitter_card":"summary_large_image","twitter_misc":{"Est. reading time":"1 minute"},"schema":{"@context":"https:\/\/schema.org","@graph":[{"@type":"WebSite","@id":"https:\/\/merzougafantastic.com\/es\/#website","url":"https:\/\/merzougafantastic.com\/es\/","name":"Merzouga Fantastic","description":"Morocco Private Desert Tours","potentialAction":[{"@type":"SearchAction","target":{"@type":"EntryPoint","urlTemplate":"https:\/\/merzougafantastic.com\/es\/?s={search_term_string}"},"query-input":"required name=search_term_string"}],"inLanguage":"en-US"},{"@type":"WebPage","@id":"https:\/\/merzougafantastic.com\/es\/viajes-familiares-a-marruecos\/#webpage","url":"https:\/\/merzougafantastic.com\/es\/viajes-familiares-a-marruecos\/","name":"Viajes familiares a Marruecos - Merzouga Fantastic","isPartOf":{"@id":"https:\/\/merzougafantastic.com\/es\/#website"},"datePublished":"2020-03-03T09:49:26+00:00","dateModified":"2020-04-23T19:01:49+00:00","breadcrumb":{"@id":"https:\/\/merzougafantastic.com\/es\/viajes-familiares-a-marruecos\/#breadcrumb"},"inLanguage":"en-US","potentialAction":[{"@type":"ReadAction","target":["https:\/\/merzougafantastic.com\/es\/viajes-familiares-a-marruecos\/"]}]},{"@type":"BreadcrumbList","@id":"https:\/\/merzougafantastic.com\/es\/viajes-familiares-a-marruecos\/#breadcrumb","itemListElement":[{"@type":"ListItem","position":1,"name":"Home","item":"https:\/\/merzougafantastic.com\/es\/"},{"@type":"ListItem","position":2,"name":"Viajes familiares a Marruecos"}]}]}},"_links":{"self":[{"href":"https:\/\/merzougafantastic.com\/es\/wp-json\/wp\/v2\/pages\/174"}],"collection":[{"href":"https:\/\/merzougafantastic.com\/es\/wp-json\/wp\/v2\/pages"}],"about":[{"href":"https:\/\/merzougafantastic.com\/es\/wp-json\/wp\/v2\/types\/page"}],"author":[{"embeddable":true,"href":"https:\/\/merzougafantastic.com\/es\/wp-json\/wp\/v2\/users\/1"}],"replies":[{"embeddable":true,"href":"https:\/\/merzougafantastic.com\/es\/wp-json\/wp\/v2\/comments?post=174"}],"version-history":[{"count":4,"href":"https:\/\/merzougafantastic.com\/es\/wp-json\/wp\/v2\/pages\/174\/revisions"}],"predecessor-version":[{"id":566,"href":"https:\/\/merzougafantastic.com\/es\/wp-json\/wp\/v2\/pages\/174\/revisions\/566"}],"wp:attachment":[{"href":"https:\/\/merzougafantastic.com\/es\/wp-json\/wp\/v2\/media?parent=174"}],"curies":[{"name":"wp","href":"https:\/\/api.w.org\/{rel}","templated":true}]}}