{"id":171,"date":"2020-03-03T09:48:28","date_gmt":"2020-03-03T09:48:28","guid":{"rendered":"http:\/\/merzougafantastic.com\/wp\/?page_id=171"},"modified":"2020-04-23T19:57:19","modified_gmt":"2020-04-23T19:57:19","slug":"quienes-somos","status":"publish","type":"page","link":"https:\/\/merzougafantastic.com\/es\/quienes-somos\/","title":{"rendered":"Quienes Somos"},"content":{"rendered":"<p><img loading=\"lazy\" class=\" wp-image-172 alignright\" src=\"http:\/\/merzougafantastic.com\/wp\/wp-content\/uploads\/2020\/03\/about-us-150x300.jpg\" alt=\"\" width=\"230\" height=\"460\" srcset=\"https:\/\/merzougafantastic.com\/es\/wp-content\/uploads\/2020\/03\/about-us-150x300.jpg 150w, https:\/\/merzougafantastic.com\/es\/wp-content\/uploads\/2020\/03\/about-us-513x1024.jpg 513w, https:\/\/merzougafantastic.com\/es\/wp-content\/uploads\/2020\/03\/about-us-768x1532.jpg 768w, https:\/\/merzougafantastic.com\/es\/wp-content\/uploads\/2020\/03\/about-us-770x1536.jpg 770w, https:\/\/merzougafantastic.com\/es\/wp-content\/uploads\/2020\/03\/about-us-1027x2048.jpg 1027w, https:\/\/merzougafantastic.com\/es\/wp-content\/uploads\/2020\/03\/about-us-73x146.jpg 73w, https:\/\/merzougafantastic.com\/es\/wp-content\/uploads\/2020\/03\/about-us-25x50.jpg 25w, https:\/\/merzougafantastic.com\/es\/wp-content\/uploads\/2020\/03\/about-us-38x75.jpg 38w, https:\/\/merzougafantastic.com\/es\/wp-content\/uploads\/2020\/03\/about-us-scaled.jpg 1283w\" sizes=\"(max-width: 230px) 100vw, 230px\" \/><\/p>\n<p>Somos una organizaci\u00f3n de viajes que durante varios a\u00f1os hemos estado organizando viajes en 4&#215;4 en Marruecos. Nacimos en el desierto de Erg Chebbi Merzouga y conocemos profundamente este gran pa\u00eds.<\/p>\n<p>Como profesionales del sector, ofrecemos nuestros servicios, dise\u00f1ando cada viaje adaptado a las necesidades y preferencias de cada cliente. Ofrecemos todas las opciones de viaje y de ocio que pueda imaginar.<\/p>\n<p>Organizamos viajes a la medida del presupuesto de cada persona, tanto individuales como en peque\u00f1os grupos, grupos de estudiantes, parejas privadas, grupos de amigos, empresas, familias con ni\u00f1os. Preparamos nuestras rutas en coches tipo 4\u00d74 o en minib\u00fas totalmente equipados, c\u00f3modos y con aire acondicionado.<\/p>\n<p><strong>\u00bfPOR QU\u00c9 VIAJAR CON *Merzouga Fantastic*?<\/strong><\/p>\n<ul>\n<li>Viajes privados y en grupo<\/li>\n<li>Los gu\u00edas y conductores nativos bereberes<\/li>\n<li>Alta calidad de los servicios<\/li>\n<li>Cumplimos con los programas e itinerarios<\/li>\n<li>Apoyamos el turismo sostenible<\/li>\n<li>10 a\u00f1os de experiencia en turismo<\/li>\n<li>C\u00f3modo transporte z con aire acondicionado<\/li>\n<li>Trabajamos con hoteles y lugares con mejores servicios<\/li>\n<li>Servicio de atenci\u00f3n al cliente personalizado durante el viaje<\/li>\n<li>Conocemos huellas ocultas y sitios encantadores<\/li>\n<li>Expertos en Marruecos de norte a sur<\/li>\n<\/ul>\n","protected":false},"excerpt":{"rendered":"<p>Somos una organizaci\u00f3n de viajes que durante varios a\u00f1os hemos estado organizando viajes en 4&#215;4 en Marruecos. Nacimos en el desierto de Erg Chebbi Merzouga y<span class=\"excerpt-hellip\"> [\u2026]<\/span><\/p>\n","protected":false},"author":1,"featured_media":0,"parent":0,"menu_order":0,"comment_status":"closed","ping_status":"closed","template":"","meta":{"ngg_post_thumbnail":0},"yoast_head":"<!-- This site is optimized with the Yoast SEO plugin v17.3 - https:\/\/yoast.com\/wordpress\/plugins\/seo\/ -->\n<title>viajes majestuosos a marruecos, descubrir marruecos, actividades en marruecos<\/title>\n<meta name=\"description\" content=\"viajes majestuosos a marruecos, descubrir marruecos, actividades en marruecos, marruecos itinerarios\" \/>\n<meta name=\"robots\" content=\"index, follow, max-snippet:-1, max-image-preview:large, max-video-preview:-1\" \/>\n<link rel=\"canonical\" href=\"https:\/\/merzougafantastic.com\/es\/quienes-somos\/\" \/>\n<meta property=\"og:locale\" content=\"en_US\" \/>\n<meta property=\"og:type\" content=\"article\" \/>\n<meta property=\"og:title\" content=\"viajes majestuosos a marruecos, descubrir marruecos, actividades en marruecos\" \/>\n<meta property=\"og:description\" content=\"viajes majestuosos a marruecos, descubrir marruecos, actividades en marruecos, marruecos itinerarios\" \/>\n<meta property=\"og:url\" content=\"https:\/\/merzougafantastic.com\/es\/quienes-somos\/\" \/>\n<meta property=\"og:site_name\" content=\"Merzouga Fantastic\" \/>\n<meta property=\"article:modified_time\" content=\"2020-04-23T19:57:19+00:00\" \/>\n<meta property=\"og:image\" content=\"http:\/\/merzougafantastic.com\/wp\/wp-content\/uploads\/2020\/03\/about-us-150x300.jpg\" \/>\n<meta name=\"twitter:card\" content=\"summary_large_image\" \/>\n<meta name=\"twitter:label1\" content=\"Est. reading time\" \/>\n\t<meta name=\"twitter:data1\" content=\"1 minute\" \/>\n<script type=\"application\/ld+json\" class=\"yoast-schema-graph\">{\"@context\":\"https:\/\/schema.org\",\"@graph\":[{\"@type\":\"WebSite\",\"@id\":\"https:\/\/merzougafantastic.com\/es\/#website\",\"url\":\"https:\/\/merzougafantastic.com\/es\/\",\"name\":\"Merzouga Fantastic\",\"description\":\"Morocco Private Desert Tours\",\"potentialAction\":[{\"@type\":\"SearchAction\",\"target\":{\"@type\":\"EntryPoint\",\"urlTemplate\":\"https:\/\/merzougafantastic.com\/es\/?s={search_term_string}\"},\"query-input\":\"required name=search_term_string\"}],\"inLanguage\":\"en-US\"},{\"@type\":\"ImageObject\",\"@id\":\"https:\/\/merzougafantastic.com\/es\/quienes-somos\/#primaryimage\",\"inLanguage\":\"en-US\",\"url\":\"http:\/\/merzougafantastic.com\/wp\/wp-content\/uploads\/2020\/03\/about-us-150x300.jpg\",\"contentUrl\":\"http:\/\/merzougafantastic.com\/wp\/wp-content\/uploads\/2020\/03\/about-us-150x300.jpg\"},{\"@type\":\"WebPage\",\"@id\":\"https:\/\/merzougafantastic.com\/es\/quienes-somos\/#webpage\",\"url\":\"https:\/\/merzougafantastic.com\/es\/quienes-somos\/\",\"name\":\"viajes majestuosos a marruecos, descubrir marruecos, actividades en marruecos\",\"isPartOf\":{\"@id\":\"https:\/\/merzougafantastic.com\/es\/#website\"},\"primaryImageOfPage\":{\"@id\":\"https:\/\/merzougafantastic.com\/es\/quienes-somos\/#primaryimage\"},\"datePublished\":\"2020-03-03T09:48:28+00:00\",\"dateModified\":\"2020-04-23T19:57:19+00:00\",\"description\":\"viajes majestuosos a marruecos, descubrir marruecos, actividades en marruecos, marruecos itinerarios\",\"breadcrumb\":{\"@id\":\"https:\/\/merzougafantastic.com\/es\/quienes-somos\/#breadcrumb\"},\"inLanguage\":\"en-US\",\"potentialAction\":[{\"@type\":\"ReadAction\",\"target\":[\"https:\/\/merzougafantastic.com\/es\/quienes-somos\/\"]}]},{\"@type\":\"BreadcrumbList\",\"@id\":\"https:\/\/merzougafantastic.com\/es\/quienes-somos\/#breadcrumb\",\"itemListElement\":[{\"@type\":\"ListItem\",\"position\":1,\"name\":\"Home\",\"item\":\"https:\/\/merzougafantastic.com\/es\/\"},{\"@type\":\"ListItem\",\"position\":2,\"name\":\"Quienes Somos\"}]}]}<\/script>\n<!-- \/ Yoast SEO plugin. -->","yoast_head_json":{"title":"viajes majestuosos a marruecos, descubrir marruecos, actividades en marruecos","description":"viajes majestuosos a marruecos, descubrir marruecos, actividades en marruecos, marruecos itinerarios","robots":{"index":"index","follow":"follow","max-snippet":"max-snippet:-1","max-image-preview":"max-image-preview:large","max-video-preview":"max-video-preview:-1"},"canonical":"https:\/\/merzougafantastic.com\/es\/quienes-somos\/","og_locale":"en_US","og_type":"article","og_title":"viajes majestuosos a marruecos, descubrir marruecos, actividades en marruecos","og_description":"viajes majestuosos a marruecos, descubrir marruecos, actividades en marruecos, marruecos itinerarios","og_url":"https:\/\/merzougafantastic.com\/es\/quienes-somos\/","og_site_name":"Merzouga Fantastic","article_modified_time":"2020-04-23T19:57:19+00:00","og_image":[{"url":"http:\/\/merzougafantastic.com\/wp\/wp-content\/uploads\/2020\/03\/about-us-150x300.jpg"}],"twitter_card":"summary_large_image","twitter_misc":{"Est. reading time":"1 minute"},"schema":{"@context":"https:\/\/schema.org","@graph":[{"@type":"WebSite","@id":"https:\/\/merzougafantastic.com\/es\/#website","url":"https:\/\/merzougafantastic.com\/es\/","name":"Merzouga Fantastic","description":"Morocco Private Desert Tours","potentialAction":[{"@type":"SearchAction","target":{"@type":"EntryPoint","urlTemplate":"https:\/\/merzougafantastic.com\/es\/?s={search_term_string}"},"query-input":"required name=search_term_string"}],"inLanguage":"en-US"},{"@type":"ImageObject","@id":"https:\/\/merzougafantastic.com\/es\/quienes-somos\/#primaryimage","inLanguage":"en-US","url":"http:\/\/merzougafantastic.com\/wp\/wp-content\/uploads\/2020\/03\/about-us-150x300.jpg","contentUrl":"http:\/\/merzougafantastic.com\/wp\/wp-content\/uploads\/2020\/03\/about-us-150x300.jpg"},{"@type":"WebPage","@id":"https:\/\/merzougafantastic.com\/es\/quienes-somos\/#webpage","url":"https:\/\/merzougafantastic.com\/es\/quienes-somos\/","name":"viajes majestuosos a marruecos, descubrir marruecos, actividades en marruecos","isPartOf":{"@id":"https:\/\/merzougafantastic.com\/es\/#website"},"primaryImageOfPage":{"@id":"https:\/\/merzougafantastic.com\/es\/quienes-somos\/#primaryimage"},"datePublished":"2020-03-03T09:48:28+00:00","dateModified":"2020-04-23T19:57:19+00:00","description":"viajes majestuosos a marruecos, descubrir marruecos, actividades en marruecos, marruecos itinerarios","breadcrumb":{"@id":"https:\/\/merzougafantastic.com\/es\/quienes-somos\/#breadcrumb"},"inLanguage":"en-US","potentialAction":[{"@type":"ReadAction","target":["https:\/\/merzougafantastic.com\/es\/quienes-somos\/"]}]},{"@type":"BreadcrumbList","@id":"https:\/\/merzougafantastic.com\/es\/quienes-somos\/#breadcrumb","itemListElement":[{"@type":"ListItem","position":1,"name":"Home","item":"https:\/\/merzougafantastic.com\/es\/"},{"@type":"ListItem","position":2,"name":"Quienes Somos"}]}]}},"_links":{"self":[{"href":"https:\/\/merzougafantastic.com\/es\/wp-json\/wp\/v2\/pages\/171"}],"collection":[{"href":"https:\/\/merzougafantastic.com\/es\/wp-json\/wp\/v2\/pages"}],"about":[{"href":"https:\/\/merzougafantastic.com\/es\/wp-json\/wp\/v2\/types\/page"}],"author":[{"embeddable":true,"href":"https:\/\/merzougafantastic.com\/es\/wp-json\/wp\/v2\/users\/1"}],"replies":[{"embeddable":true,"href":"https:\/\/merzougafantastic.com\/es\/wp-json\/wp\/v2\/comments?post=171"}],"version-history":[{"count":5,"href":"https:\/\/merzougafantastic.com\/es\/wp-json\/wp\/v2\/pages\/171\/revisions"}],"predecessor-version":[{"id":516,"href":"https:\/\/merzougafantastic.com\/es\/wp-json\/wp\/v2\/pages\/171\/revisions\/516"}],"wp:attachment":[{"href":"https:\/\/merzougafantastic.com\/es\/wp-json\/wp\/v2\/media?parent=171"}],"curies":[{"name":"wp","href":"https:\/\/api.w.org\/{rel}","templated":true}]}}