{"id":15,"date":"2017-02-03T08:25:54","date_gmt":"2017-02-03T08:25:54","guid":{"rendered":"http:\/\/themes.muffingroup.com\/betheme\/?page_id=15"},"modified":"2020-04-23T19:54:32","modified_gmt":"2020-04-23T19:54:32","slug":"contacto","status":"publish","type":"page","link":"https:\/\/merzougafantastic.com\/es\/contacto\/","title":{"rendered":"Contacto"},"content":{"rendered":"<h4 style=\"text-align: center;\"><span style=\"color: #993300;\"><strong>Contacte con nosotros para reservar su viaje a Marruecos si desea alguna aclaraci\u00f3n o pregunta env\u00edenos un correo electr\u00f3nico y le responderemos lo antes posible. Muchas gracias.<\/strong><\/span><\/h4>\n","protected":false},"excerpt":{"rendered":"<p>Contacte con nosotros para reservar su viaje a Marruecos si desea alguna aclaraci\u00f3n o pregunta env\u00edenos un correo electr\u00f3nico y le responderemos lo antes posible. Muchas<span class=\"excerpt-hellip\"> [\u2026]<\/span><\/p>\n","protected":false},"author":1,"featured_media":0,"parent":0,"menu_order":0,"comment_status":"closed","ping_status":"closed","template":"","meta":{"ngg_post_thumbnail":0},"yoast_head":"<!-- This site is optimized with the Yoast SEO plugin v17.3 - https:\/\/yoast.com\/wordpress\/plugins\/seo\/ -->\n<title>sahara tours 4x4, marruecos en 4x4, viajes en marruecos<\/title>\n<meta name=\"description\" content=\"excursiones en marruecos, descubre marruecos, sahara tours 4x4, marruecos en 4x4, viajes para grupos en marruecos, viajes organizados en marruecos\" \/>\n<meta name=\"robots\" content=\"index, follow, max-snippet:-1, max-image-preview:large, max-video-preview:-1\" \/>\n<link rel=\"canonical\" href=\"https:\/\/merzougafantastic.com\/es\/contacto\/\" \/>\n<meta property=\"og:locale\" content=\"en_US\" \/>\n<meta property=\"og:type\" content=\"article\" \/>\n<meta property=\"og:title\" content=\"sahara tours 4x4, marruecos en 4x4, viajes en marruecos\" \/>\n<meta property=\"og:description\" content=\"excursiones en marruecos, descubre marruecos, sahara tours 4x4, marruecos en 4x4, viajes para grupos en marruecos, viajes organizados en marruecos\" \/>\n<meta property=\"og:url\" content=\"https:\/\/merzougafantastic.com\/es\/contacto\/\" \/>\n<meta property=\"og:site_name\" content=\"Merzouga Fantastic\" \/>\n<meta property=\"article:modified_time\" content=\"2020-04-23T19:54:32+00:00\" \/>\n<meta name=\"twitter:card\" content=\"summary_large_image\" \/>\n<script type=\"application\/ld+json\" class=\"yoast-schema-graph\">{\"@context\":\"https:\/\/schema.org\",\"@graph\":[{\"@type\":\"WebSite\",\"@id\":\"https:\/\/merzougafantastic.com\/es\/#website\",\"url\":\"https:\/\/merzougafantastic.com\/es\/\",\"name\":\"Merzouga Fantastic\",\"description\":\"Morocco Private Desert Tours\",\"potentialAction\":[{\"@type\":\"SearchAction\",\"target\":{\"@type\":\"EntryPoint\",\"urlTemplate\":\"https:\/\/merzougafantastic.com\/es\/?s={search_term_string}\"},\"query-input\":\"required name=search_term_string\"}],\"inLanguage\":\"en-US\"},{\"@type\":\"WebPage\",\"@id\":\"https:\/\/merzougafantastic.com\/es\/contacto\/#webpage\",\"url\":\"https:\/\/merzougafantastic.com\/es\/contacto\/\",\"name\":\"sahara tours 4x4, marruecos en 4x4, viajes en marruecos\",\"isPartOf\":{\"@id\":\"https:\/\/merzougafantastic.com\/es\/#website\"},\"datePublished\":\"2017-02-03T08:25:54+00:00\",\"dateModified\":\"2020-04-23T19:54:32+00:00\",\"description\":\"excursiones en marruecos, descubre marruecos, sahara tours 4x4, marruecos en 4x4, viajes para grupos en marruecos, viajes organizados en marruecos\",\"breadcrumb\":{\"@id\":\"https:\/\/merzougafantastic.com\/es\/contacto\/#breadcrumb\"},\"inLanguage\":\"en-US\",\"potentialAction\":[{\"@type\":\"ReadAction\",\"target\":[\"https:\/\/merzougafantastic.com\/es\/contacto\/\"]}]},{\"@type\":\"BreadcrumbList\",\"@id\":\"https:\/\/merzougafantastic.com\/es\/contacto\/#breadcrumb\",\"itemListElement\":[{\"@type\":\"ListItem\",\"position\":1,\"name\":\"Home\",\"item\":\"https:\/\/merzougafantastic.com\/es\/\"},{\"@type\":\"ListItem\",\"position\":2,\"name\":\"Contacto\"}]}]}<\/script>\n<!-- \/ Yoast SEO plugin. -->","yoast_head_json":{"title":"sahara tours 4x4, marruecos en 4x4, viajes en marruecos","description":"excursiones en marruecos, descubre marruecos, sahara tours 4x4, marruecos en 4x4, viajes para grupos en marruecos, viajes organizados en marruecos","robots":{"index":"index","follow":"follow","max-snippet":"max-snippet:-1","max-image-preview":"max-image-preview:large","max-video-preview":"max-video-preview:-1"},"canonical":"https:\/\/merzougafantastic.com\/es\/contacto\/","og_locale":"en_US","og_type":"article","og_title":"sahara tours 4x4, marruecos en 4x4, viajes en marruecos","og_description":"excursiones en marruecos, descubre marruecos, sahara tours 4x4, marruecos en 4x4, viajes para grupos en marruecos, viajes organizados en marruecos","og_url":"https:\/\/merzougafantastic.com\/es\/contacto\/","og_site_name":"Merzouga Fantastic","article_modified_time":"2020-04-23T19:54:32+00:00","twitter_card":"summary_large_image","schema":{"@context":"https:\/\/schema.org","@graph":[{"@type":"WebSite","@id":"https:\/\/merzougafantastic.com\/es\/#website","url":"https:\/\/merzougafantastic.com\/es\/","name":"Merzouga Fantastic","description":"Morocco Private Desert Tours","potentialAction":[{"@type":"SearchAction","target":{"@type":"EntryPoint","urlTemplate":"https:\/\/merzougafantastic.com\/es\/?s={search_term_string}"},"query-input":"required name=search_term_string"}],"inLanguage":"en-US"},{"@type":"WebPage","@id":"https:\/\/merzougafantastic.com\/es\/contacto\/#webpage","url":"https:\/\/merzougafantastic.com\/es\/contacto\/","name":"sahara tours 4x4, marruecos en 4x4, viajes en marruecos","isPartOf":{"@id":"https:\/\/merzougafantastic.com\/es\/#website"},"datePublished":"2017-02-03T08:25:54+00:00","dateModified":"2020-04-23T19:54:32+00:00","description":"excursiones en marruecos, descubre marruecos, sahara tours 4x4, marruecos en 4x4, viajes para grupos en marruecos, viajes organizados en marruecos","breadcrumb":{"@id":"https:\/\/merzougafantastic.com\/es\/contacto\/#breadcrumb"},"inLanguage":"en-US","potentialAction":[{"@type":"ReadAction","target":["https:\/\/merzougafantastic.com\/es\/contacto\/"]}]},{"@type":"BreadcrumbList","@id":"https:\/\/merzougafantastic.com\/es\/contacto\/#breadcrumb","itemListElement":[{"@type":"ListItem","position":1,"name":"Home","item":"https:\/\/merzougafantastic.com\/es\/"},{"@type":"ListItem","position":2,"name":"Contacto"}]}]}},"_links":{"self":[{"href":"https:\/\/merzougafantastic.com\/es\/wp-json\/wp\/v2\/pages\/15"}],"collection":[{"href":"https:\/\/merzougafantastic.com\/es\/wp-json\/wp\/v2\/pages"}],"about":[{"href":"https:\/\/merzougafantastic.com\/es\/wp-json\/wp\/v2\/types\/page"}],"author":[{"embeddable":true,"href":"https:\/\/merzougafantastic.com\/es\/wp-json\/wp\/v2\/users\/1"}],"replies":[{"embeddable":true,"href":"https:\/\/merzougafantastic.com\/es\/wp-json\/wp\/v2\/comments?post=15"}],"version-history":[{"count":3,"href":"https:\/\/merzougafantastic.com\/es\/wp-json\/wp\/v2\/pages\/15\/revisions"}],"predecessor-version":[{"id":528,"href":"https:\/\/merzougafantastic.com\/es\/wp-json\/wp\/v2\/pages\/15\/revisions\/528"}],"wp:attachment":[{"href":"https:\/\/merzougafantastic.com\/es\/wp-json\/wp\/v2\/media?parent=15"}],"curies":[{"name":"wp","href":"https:\/\/api.w.org\/{rel}","templated":true}]}}